{"id":17080,"date":"2023-04-20T20:23:42","date_gmt":"2023-04-20T18:23:42","guid":{"rendered":"https:\/\/www.plasnor.com\/masterbatch-manufacturing\/"},"modified":"2024-02-05T16:10:19","modified_gmt":"2024-02-05T15:10:19","slug":"fabrication-de-masterbatch","status":"publish","type":"page","link":"https:\/\/wp.plasnor.com\/fr\/extrusion\/fabrication-de-masterbatch\/","title":{"rendered":"Fabrication de masterbatch"},"content":{"rendered":"<p>\u00c0 l\u2019avantage de disposer de notre propre laboratoire vient s\u2019ajouter la capacit\u00e9 \u00e0 fabriquer en interne nos concentr\u00e9s de couleur (masterbatches), qui nous permet de nous positionner comme des sp\u00e9cialistes de la couleur.<\/p>\n<p>Une fois les formules des couleurs d\u00e9finies dans notre laboratoire, nous \u00e9laborons les masterbatches sur des machines adapt\u00e9es au m\u00e9lange de la mati\u00e8re premi\u00e8re plastique avec des additifs et\/ou des pigments, suivant les formules d\u00e9velopp\u00e9es au pr\u00e9alable.<\/p>\n<p>Nous \u00e9laborons ainsi un masterbach qui garantit une fois de plus la pr\u00e9cision de la tonalit\u00e9 et sa distribution optimale dans le processus post\u00e9rieur de co-extrusion multicouches de plaques ou de bobines.<\/p>\n<div id='gallery-1' class='gallery galleryid-17080 gallery-columns-3 gallery-size-full'><figure class='gallery-item'>\n\t\t\t<div class='gallery-icon landscape'>\n\t\t\t\t<a href='https:\/\/wp.plasnor.com\/wp-content\/uploads\/2023\/04\/plasnor-masterbach-01.jpg'><img loading=\"lazy\" decoding=\"async\" width=\"800\" height=\"566\" src=\"https:\/\/wp.plasnor.com\/wp-content\/uploads\/2023\/04\/plasnor-masterbach-01.jpg\" class=\"attachment-full size-full\" alt=\"Nuestro laboratorio\" srcset=\"https:\/\/wp.plasnor.com\/wp-content\/uploads\/2023\/04\/plasnor-masterbach-01.jpg 800w, https:\/\/wp.plasnor.com\/wp-content\/uploads\/2023\/04\/plasnor-masterbach-01-300x212.jpg 300w, https:\/\/wp.plasnor.com\/wp-content\/uploads\/2023\/04\/plasnor-masterbach-01-768x543.jpg 768w\" sizes=\"(max-width: 800px) 100vw, 800px\" \/><\/a>\n\t\t\t<\/div><\/figure><figure class='gallery-item'>\n\t\t\t<div class='gallery-icon landscape'>\n\t\t\t\t<a href='https:\/\/wp.plasnor.com\/wp-content\/uploads\/2023\/04\/plasnor-masterbach-021.jpg'><img loading=\"lazy\" decoding=\"async\" width=\"800\" height=\"566\" src=\"https:\/\/wp.plasnor.com\/wp-content\/uploads\/2023\/04\/plasnor-masterbach-021.jpg\" class=\"attachment-full size-full\" alt=\"\" srcset=\"https:\/\/wp.plasnor.com\/wp-content\/uploads\/2023\/04\/plasnor-masterbach-021.jpg 800w, https:\/\/wp.plasnor.com\/wp-content\/uploads\/2023\/04\/plasnor-masterbach-021-300x212.jpg 300w, https:\/\/wp.plasnor.com\/wp-content\/uploads\/2023\/04\/plasnor-masterbach-021-768x543.jpg 768w\" sizes=\"(max-width: 800px) 100vw, 800px\" \/><\/a>\n\t\t\t<\/div><\/figure><figure class='gallery-item'>\n\t\t\t<div class='gallery-icon landscape'>\n\t\t\t\t<a href='https:\/\/wp.plasnor.com\/wp-content\/uploads\/2023\/04\/plasnor-masterbach-04.jpg'><img loading=\"lazy\" decoding=\"async\" width=\"800\" height=\"566\" src=\"https:\/\/wp.plasnor.com\/wp-content\/uploads\/2023\/04\/plasnor-masterbach-04.jpg\" class=\"attachment-full size-full\" alt=\"\" srcset=\"https:\/\/wp.plasnor.com\/wp-content\/uploads\/2023\/04\/plasnor-masterbach-04.jpg 800w, https:\/\/wp.plasnor.com\/wp-content\/uploads\/2023\/04\/plasnor-masterbach-04-300x212.jpg 300w, https:\/\/wp.plasnor.com\/wp-content\/uploads\/2023\/04\/plasnor-masterbach-04-768x543.jpg 768w\" sizes=\"(max-width: 800px) 100vw, 800px\" \/><\/a>\n\t\t\t<\/div><\/figure>\n\t\t<\/div>\n\n","protected":false},"excerpt":{"rendered":"<p>\u00c0 l\u2019avantage de disposer de notre propre laboratoire vient s\u2019ajouter la capacit\u00e9 \u00e0 fabriquer en interne nos concentr\u00e9s &#8230; <a title=\"Fabrication de masterbatch\" class=\"read-more\" href=\"https:\/\/wp.plasnor.com\/fr\/extrusion\/fabrication-de-masterbatch\/\" aria-label=\"Read more about Fabrication de masterbatch\">[ + info ]<\/a><\/p>\n","protected":false},"author":1,"featured_media":0,"parent":17104,"menu_order":0,"comment_status":"closed","ping_status":"closed","template":"","meta":{"footnotes":""},"categories":[57],"tags":[],"yoast_head":"<!-- This site is optimized with the Yoast SEO plugin v22.4 - https:\/\/yoast.com\/wordpress\/plugins\/seo\/ -->\n<title>Production de Masterbatch | PMMA ABS PC | Sp\u00e9cialistes de la Couleur<\/title>\n<meta name=\"description\" content=\"Nous fabriquons des m\u00e9langes-ma\u00eetres sur des machines adapt\u00e9es pour m\u00e9langer la mati\u00e8re premi\u00e8re plastique avec des additifs et\/ou pigments. Pr\u00e9cision maximale dans la tonalit\u00e9 des couleurs.\" \/>\n<meta name=\"robots\" content=\"index, follow, max-snippet:-1, max-image-preview:large, max-video-preview:-1\" \/>\n<link rel=\"canonical\" href=\"https:\/\/wp.plasnor.com\/es\/extrusion\/fabricacion-de-masterbach\/\" \/>\n<meta property=\"og:locale\" content=\"fr_FR\" \/>\n<meta property=\"og:type\" content=\"article\" \/>\n<meta property=\"og:title\" content=\"Production de Masterbatch | PMMA ABS PC | Sp\u00e9cialistes de la Couleur\" \/>\n<meta property=\"og:description\" content=\"Nous fabriquons des m\u00e9langes-ma\u00eetres sur des machines adapt\u00e9es pour m\u00e9langer la mati\u00e8re premi\u00e8re plastique avec des additifs et\/ou pigments. Pr\u00e9cision maximale dans la tonalit\u00e9 des couleurs.\" \/>\n<meta property=\"og:url\" content=\"https:\/\/wp.plasnor.com\/es\/extrusion\/fabricacion-de-masterbach\/\" \/>\n<meta property=\"og:site_name\" content=\"Plasnor\" \/>\n<meta property=\"article:modified_time\" content=\"2024-02-05T15:10:19+00:00\" \/>\n<meta property=\"og:image\" content=\"https:\/\/wp.plasnor.com\/wp-content\/uploads\/2023\/04\/plasnor-masterbach-01.jpg\" \/>\n<meta name=\"twitter:card\" content=\"summary_large_image\" \/>\n<script type=\"application\/ld+json\" class=\"yoast-schema-graph\">{\"@context\":\"https:\/\/schema.org\",\"@graph\":[{\"@type\":\"WebPage\",\"@id\":\"https:\/\/wp.plasnor.com\/es\/extrusion\/fabricacion-de-masterbach\/\",\"url\":\"https:\/\/wp.plasnor.com\/es\/extrusion\/fabricacion-de-masterbach\/\",\"name\":\"Production de Masterbatch | PMMA ABS PC | Sp\u00e9cialistes de la Couleur\",\"isPartOf\":{\"@id\":\"https:\/\/wp.plasnor.com\/es\/#website\"},\"datePublished\":\"2023-04-20T18:23:42+00:00\",\"dateModified\":\"2024-02-05T15:10:19+00:00\",\"description\":\"Nous fabriquons des m\u00e9langes-ma\u00eetres sur des machines adapt\u00e9es pour m\u00e9langer la mati\u00e8re premi\u00e8re plastique avec des additifs et\/ou pigments. Pr\u00e9cision maximale dans la tonalit\u00e9 des couleurs.\",\"breadcrumb\":{\"@id\":\"https:\/\/wp.plasnor.com\/es\/extrusion\/fabricacion-de-masterbach\/#breadcrumb\"},\"inLanguage\":\"fr-FR\",\"potentialAction\":[{\"@type\":\"ReadAction\",\"target\":[\"https:\/\/wp.plasnor.com\/es\/extrusion\/fabricacion-de-masterbach\/\"]}]},{\"@type\":\"BreadcrumbList\",\"@id\":\"https:\/\/wp.plasnor.com\/es\/extrusion\/fabricacion-de-masterbach\/#breadcrumb\",\"itemListElement\":[{\"@type\":\"ListItem\",\"position\":1,\"name\":\"Home\",\"item\":\"https:\/\/wp.plasnor.com\/fr\/\"},{\"@type\":\"ListItem\",\"position\":2,\"name\":\"Extrusion\",\"item\":\"https:\/\/wp.plasnor.com\/es\/extrusion\/\"},{\"@type\":\"ListItem\",\"position\":3,\"name\":\"Fabrication de masterbatch\"}]},{\"@type\":\"WebSite\",\"@id\":\"https:\/\/wp.plasnor.com\/es\/#website\",\"url\":\"https:\/\/wp.plasnor.com\/es\/\",\"name\":\"Plasnor\",\"description\":\"Especialistas en extrusi\u00f3n y termoconformado\",\"publisher\":{\"@id\":\"https:\/\/wp.plasnor.com\/es\/#organization\"},\"alternateName\":\"Plasnor\",\"potentialAction\":[{\"@type\":\"SearchAction\",\"target\":{\"@type\":\"EntryPoint\",\"urlTemplate\":\"https:\/\/wp.plasnor.com\/es\/?s={search_term_string}\"},\"query-input\":\"required name=search_term_string\"}],\"inLanguage\":\"fr-FR\"},{\"@type\":\"Organization\",\"@id\":\"https:\/\/wp.plasnor.com\/es\/#organization\",\"name\":\"Plasnor\",\"alternateName\":\"Plasnor\",\"url\":\"https:\/\/wp.plasnor.com\/es\/\",\"logo\":{\"@type\":\"ImageObject\",\"inLanguage\":\"fr-FR\",\"@id\":\"https:\/\/wp.plasnor.com\/es\/#\/schema\/logo\/image\/\",\"url\":\"https:\/\/www.plasnor.com\/wp-content\/uploads\/2023\/04\/logotipo-plasnor.jpg\",\"contentUrl\":\"https:\/\/www.plasnor.com\/wp-content\/uploads\/2023\/04\/logotipo-plasnor.jpg\",\"width\":300,\"height\":91,\"caption\":\"Plasnor\"},\"image\":{\"@id\":\"https:\/\/wp.plasnor.com\/es\/#\/schema\/logo\/image\/\"},\"sameAs\":[\"https:\/\/www.linkedin.com\/company\/plasnor-s.a.\"]}]}<\/script>\n<!-- \/ Yoast SEO plugin. -->","yoast_head_json":{"title":"Production de Masterbatch | PMMA ABS PC | Sp\u00e9cialistes de la Couleur","description":"Nous fabriquons des m\u00e9langes-ma\u00eetres sur des machines adapt\u00e9es pour m\u00e9langer la mati\u00e8re premi\u00e8re plastique avec des additifs et\/ou pigments. Pr\u00e9cision maximale dans la tonalit\u00e9 des couleurs.","robots":{"index":"index","follow":"follow","max-snippet":"max-snippet:-1","max-image-preview":"max-image-preview:large","max-video-preview":"max-video-preview:-1"},"canonical":"https:\/\/wp.plasnor.com\/es\/extrusion\/fabricacion-de-masterbach\/","og_locale":"fr_FR","og_type":"article","og_title":"Production de Masterbatch | PMMA ABS PC | Sp\u00e9cialistes de la Couleur","og_description":"Nous fabriquons des m\u00e9langes-ma\u00eetres sur des machines adapt\u00e9es pour m\u00e9langer la mati\u00e8re premi\u00e8re plastique avec des additifs et\/ou pigments. Pr\u00e9cision maximale dans la tonalit\u00e9 des couleurs.","og_url":"https:\/\/wp.plasnor.com\/es\/extrusion\/fabricacion-de-masterbach\/","og_site_name":"Plasnor","article_modified_time":"2024-02-05T15:10:19+00:00","og_image":[{"url":"https:\/\/wp.plasnor.com\/wp-content\/uploads\/2023\/04\/plasnor-masterbach-01.jpg"}],"twitter_card":"summary_large_image","schema":{"@context":"https:\/\/schema.org","@graph":[{"@type":"WebPage","@id":"https:\/\/wp.plasnor.com\/es\/extrusion\/fabricacion-de-masterbach\/","url":"https:\/\/wp.plasnor.com\/es\/extrusion\/fabricacion-de-masterbach\/","name":"Production de Masterbatch | PMMA ABS PC | Sp\u00e9cialistes de la Couleur","isPartOf":{"@id":"https:\/\/wp.plasnor.com\/es\/#website"},"datePublished":"2023-04-20T18:23:42+00:00","dateModified":"2024-02-05T15:10:19+00:00","description":"Nous fabriquons des m\u00e9langes-ma\u00eetres sur des machines adapt\u00e9es pour m\u00e9langer la mati\u00e8re premi\u00e8re plastique avec des additifs et\/ou pigments. Pr\u00e9cision maximale dans la tonalit\u00e9 des couleurs.","breadcrumb":{"@id":"https:\/\/wp.plasnor.com\/es\/extrusion\/fabricacion-de-masterbach\/#breadcrumb"},"inLanguage":"fr-FR","potentialAction":[{"@type":"ReadAction","target":["https:\/\/wp.plasnor.com\/es\/extrusion\/fabricacion-de-masterbach\/"]}]},{"@type":"BreadcrumbList","@id":"https:\/\/wp.plasnor.com\/es\/extrusion\/fabricacion-de-masterbach\/#breadcrumb","itemListElement":[{"@type":"ListItem","position":1,"name":"Home","item":"https:\/\/wp.plasnor.com\/fr\/"},{"@type":"ListItem","position":2,"name":"Extrusion","item":"https:\/\/wp.plasnor.com\/es\/extrusion\/"},{"@type":"ListItem","position":3,"name":"Fabrication de masterbatch"}]},{"@type":"WebSite","@id":"https:\/\/wp.plasnor.com\/es\/#website","url":"https:\/\/wp.plasnor.com\/es\/","name":"Plasnor","description":"Especialistas en extrusi\u00f3n y termoconformado","publisher":{"@id":"https:\/\/wp.plasnor.com\/es\/#organization"},"alternateName":"Plasnor","potentialAction":[{"@type":"SearchAction","target":{"@type":"EntryPoint","urlTemplate":"https:\/\/wp.plasnor.com\/es\/?s={search_term_string}"},"query-input":"required name=search_term_string"}],"inLanguage":"fr-FR"},{"@type":"Organization","@id":"https:\/\/wp.plasnor.com\/es\/#organization","name":"Plasnor","alternateName":"Plasnor","url":"https:\/\/wp.plasnor.com\/es\/","logo":{"@type":"ImageObject","inLanguage":"fr-FR","@id":"https:\/\/wp.plasnor.com\/es\/#\/schema\/logo\/image\/","url":"https:\/\/www.plasnor.com\/wp-content\/uploads\/2023\/04\/logotipo-plasnor.jpg","contentUrl":"https:\/\/www.plasnor.com\/wp-content\/uploads\/2023\/04\/logotipo-plasnor.jpg","width":300,"height":91,"caption":"Plasnor"},"image":{"@id":"https:\/\/wp.plasnor.com\/es\/#\/schema\/logo\/image\/"},"sameAs":["https:\/\/www.linkedin.com\/company\/plasnor-s.a."]}]}},"_links":{"self":[{"href":"https:\/\/wp.plasnor.com\/fr\/wp-json\/wp\/v2\/pages\/17080"}],"collection":[{"href":"https:\/\/wp.plasnor.com\/fr\/wp-json\/wp\/v2\/pages"}],"about":[{"href":"https:\/\/wp.plasnor.com\/fr\/wp-json\/wp\/v2\/types\/page"}],"author":[{"embeddable":true,"href":"https:\/\/wp.plasnor.com\/fr\/wp-json\/wp\/v2\/users\/1"}],"replies":[{"embeddable":true,"href":"https:\/\/wp.plasnor.com\/fr\/wp-json\/wp\/v2\/comments?post=17080"}],"version-history":[{"count":0,"href":"https:\/\/wp.plasnor.com\/fr\/wp-json\/wp\/v2\/pages\/17080\/revisions"}],"up":[{"embeddable":true,"href":"https:\/\/wp.plasnor.com\/fr\/wp-json\/wp\/v2\/pages\/17104"}],"wp:attachment":[{"href":"https:\/\/wp.plasnor.com\/fr\/wp-json\/wp\/v2\/media?parent=17080"}],"wp:term":[{"taxonomy":"category","embeddable":true,"href":"https:\/\/wp.plasnor.com\/fr\/wp-json\/wp\/v2\/categories?post=17080"},{"taxonomy":"post_tag","embeddable":true,"href":"https:\/\/wp.plasnor.com\/fr\/wp-json\/wp\/v2\/tags?post=17080"}],"curies":[{"name":"wp","href":"https:\/\/api.w.org\/{rel}","templated":true}]}}