{"id":17044,"date":"2023-04-24T10:48:57","date_gmt":"2023-04-24T08:48:57","guid":{"rendered":"https:\/\/www.plasnor.com\/others\/"},"modified":"2024-02-05T17:23:57","modified_gmt":"2024-02-05T16:23:57","slug":"autres","status":"publish","type":"page","link":"https:\/\/wp.plasnor.com\/fr\/thermoformage\/secteurs-et-applications\/autres\/","title":{"rendered":"Autres, secteurs et applications"},"content":{"rendered":"<p>Nous fabriquons tout type de pi\u00e8ces thermoform\u00e9es pour les secteurs ou activit\u00e9s suivants\u00a0:<\/p>\n<ul>\n<li>INDUSTRIE<\/li>\n<li>AIR CONDITIONN\u00c9 \/ R\u00c9FRIG\u00c9RATION<\/li>\n<li>DISTRIBUTEURS<\/li>\n<li>APPAREILS \u00c9LECTROM\u00c9NAGERS<\/li>\n<li>MOBILIER D\u2019H\u00d4PITAUX<\/li>\n<li>PLV<\/li>\n<\/ul>\n<p><img loading=\"lazy\" decoding=\"async\" class=\"alignnone wp-image-14966\" src=\"https:\/\/www.plasnor.com\/wp-content\/uploads\/2023\/04\/plasnor-sectores-otros.jpg\" alt=\"\" width=\"600\" height=\"450\" srcset=\"https:\/\/wp.plasnor.com\/wp-content\/uploads\/2023\/04\/plasnor-sectores-otros.jpg 945w, https:\/\/wp.plasnor.com\/wp-content\/uploads\/2023\/04\/plasnor-sectores-otros-300x225.jpg 300w, https:\/\/wp.plasnor.com\/wp-content\/uploads\/2023\/04\/plasnor-sectores-otros-768x576.jpg 768w\" sizes=\"(max-width: 600px) 100vw, 600px\" \/><\/p>\n","protected":false},"excerpt":{"rendered":"<p>Nous fabriquons tout type de pi\u00e8ces thermoform\u00e9es pour les secteurs ou activit\u00e9s suivants\u00a0: INDUSTRIE AIR CONDITIONN\u00c9 \/ R\u00c9FRIG\u00c9RATION &#8230; <a title=\"Autres, secteurs et applications\" class=\"read-more\" href=\"https:\/\/wp.plasnor.com\/fr\/thermoformage\/secteurs-et-applications\/autres\/\" aria-label=\"Read more about Autres, secteurs et applications\">[ + info ]<\/a><\/p>\n","protected":false},"author":1,"featured_media":0,"parent":17058,"menu_order":0,"comment_status":"closed","ping_status":"closed","template":"","meta":{"footnotes":""},"categories":[468],"tags":[],"yoast_head":"<!-- This site is optimized with the Yoast SEO plugin v22.4 - https:\/\/yoast.com\/wordpress\/plugins\/seo\/ -->\n<title>Thermoformage | Carrossage de Bus, Plastiques pour Camping-Cars et plus<\/title>\n<meta name=\"description\" content=\"Le thermoformage permet de multiples applications. Avec des finitions de diff\u00e9rentes textures ou aspects, il s&#039;applique dans de nombreux secteurs.\" \/>\n<meta name=\"robots\" content=\"index, follow, max-snippet:-1, max-image-preview:large, max-video-preview:-1\" \/>\n<link rel=\"canonical\" href=\"https:\/\/wp.plasnor.com\/es\/termoconformado\/sectores-y-aplicaciones\/otros\/\" \/>\n<meta property=\"og:locale\" content=\"fr_FR\" \/>\n<meta property=\"og:type\" content=\"article\" \/>\n<meta property=\"og:title\" content=\"Thermoformage | Carrossage de Bus, Plastiques pour Camping-Cars et plus\" \/>\n<meta property=\"og:description\" content=\"Le thermoformage permet de multiples applications. Avec des finitions de diff\u00e9rentes textures ou aspects, il s&#039;applique dans de nombreux secteurs.\" \/>\n<meta property=\"og:url\" content=\"https:\/\/wp.plasnor.com\/es\/termoconformado\/sectores-y-aplicaciones\/otros\/\" \/>\n<meta property=\"og:site_name\" content=\"Plasnor\" \/>\n<meta property=\"article:modified_time\" content=\"2024-02-05T16:23:57+00:00\" \/>\n<meta property=\"og:image\" content=\"https:\/\/www.plasnor.com\/wp-content\/uploads\/2023\/04\/plasnor-sectores-otros.jpg\" \/>\n<meta name=\"twitter:card\" content=\"summary_large_image\" \/>\n<script type=\"application\/ld+json\" class=\"yoast-schema-graph\">{\"@context\":\"https:\/\/schema.org\",\"@graph\":[{\"@type\":\"WebPage\",\"@id\":\"https:\/\/wp.plasnor.com\/es\/termoconformado\/sectores-y-aplicaciones\/otros\/\",\"url\":\"https:\/\/wp.plasnor.com\/es\/termoconformado\/sectores-y-aplicaciones\/otros\/\",\"name\":\"Thermoformage | Carrossage de Bus, Plastiques pour Camping-Cars et plus\",\"isPartOf\":{\"@id\":\"https:\/\/wp.plasnor.com\/es\/#website\"},\"primaryImageOfPage\":{\"@id\":\"https:\/\/wp.plasnor.com\/es\/termoconformado\/sectores-y-aplicaciones\/otros\/#primaryimage\"},\"image\":{\"@id\":\"https:\/\/wp.plasnor.com\/es\/termoconformado\/sectores-y-aplicaciones\/otros\/#primaryimage\"},\"thumbnailUrl\":\"https:\/\/www.plasnor.com\/wp-content\/uploads\/2023\/04\/plasnor-sectores-otros.jpg\",\"datePublished\":\"2023-04-24T08:48:57+00:00\",\"dateModified\":\"2024-02-05T16:23:57+00:00\",\"description\":\"Le thermoformage permet de multiples applications. Avec des finitions de diff\u00e9rentes textures ou aspects, il s'applique dans de nombreux secteurs.\",\"breadcrumb\":{\"@id\":\"https:\/\/wp.plasnor.com\/es\/termoconformado\/sectores-y-aplicaciones\/otros\/#breadcrumb\"},\"inLanguage\":\"fr-FR\",\"potentialAction\":[{\"@type\":\"ReadAction\",\"target\":[\"https:\/\/wp.plasnor.com\/es\/termoconformado\/sectores-y-aplicaciones\/otros\/\"]}]},{\"@type\":\"ImageObject\",\"inLanguage\":\"fr-FR\",\"@id\":\"https:\/\/wp.plasnor.com\/es\/termoconformado\/sectores-y-aplicaciones\/otros\/#primaryimage\",\"url\":\"https:\/\/www.plasnor.com\/wp-content\/uploads\/2023\/04\/plasnor-sectores-otros.jpg\",\"contentUrl\":\"https:\/\/www.plasnor.com\/wp-content\/uploads\/2023\/04\/plasnor-sectores-otros.jpg\"},{\"@type\":\"BreadcrumbList\",\"@id\":\"https:\/\/wp.plasnor.com\/es\/termoconformado\/sectores-y-aplicaciones\/otros\/#breadcrumb\",\"itemListElement\":[{\"@type\":\"ListItem\",\"position\":1,\"name\":\"Home\",\"item\":\"https:\/\/wp.plasnor.com\/fr\/\"},{\"@type\":\"ListItem\",\"position\":2,\"name\":\"Thermoformage\",\"item\":\"https:\/\/wp.plasnor.com\/es\/termoconformado\/\"},{\"@type\":\"ListItem\",\"position\":3,\"name\":\"Secteurs et applications\",\"item\":\"https:\/\/wp.plasnor.com\/es\/termoconformado\/sectores-y-aplicaciones\/\"},{\"@type\":\"ListItem\",\"position\":4,\"name\":\"Autres, secteurs et applications\"}]},{\"@type\":\"WebSite\",\"@id\":\"https:\/\/wp.plasnor.com\/es\/#website\",\"url\":\"https:\/\/wp.plasnor.com\/es\/\",\"name\":\"Plasnor\",\"description\":\"Especialistas en extrusi\u00f3n y termoconformado\",\"publisher\":{\"@id\":\"https:\/\/wp.plasnor.com\/es\/#organization\"},\"alternateName\":\"Plasnor\",\"potentialAction\":[{\"@type\":\"SearchAction\",\"target\":{\"@type\":\"EntryPoint\",\"urlTemplate\":\"https:\/\/wp.plasnor.com\/es\/?s={search_term_string}\"},\"query-input\":\"required name=search_term_string\"}],\"inLanguage\":\"fr-FR\"},{\"@type\":\"Organization\",\"@id\":\"https:\/\/wp.plasnor.com\/es\/#organization\",\"name\":\"Plasnor\",\"alternateName\":\"Plasnor\",\"url\":\"https:\/\/wp.plasnor.com\/es\/\",\"logo\":{\"@type\":\"ImageObject\",\"inLanguage\":\"fr-FR\",\"@id\":\"https:\/\/wp.plasnor.com\/es\/#\/schema\/logo\/image\/\",\"url\":\"https:\/\/www.plasnor.com\/wp-content\/uploads\/2023\/04\/logotipo-plasnor.jpg\",\"contentUrl\":\"https:\/\/www.plasnor.com\/wp-content\/uploads\/2023\/04\/logotipo-plasnor.jpg\",\"width\":300,\"height\":91,\"caption\":\"Plasnor\"},\"image\":{\"@id\":\"https:\/\/wp.plasnor.com\/es\/#\/schema\/logo\/image\/\"},\"sameAs\":[\"https:\/\/www.linkedin.com\/company\/plasnor-s.a.\"]}]}<\/script>\n<!-- \/ Yoast SEO plugin. -->","yoast_head_json":{"title":"Thermoformage | Carrossage de Bus, Plastiques pour Camping-Cars et plus","description":"Le thermoformage permet de multiples applications. Avec des finitions de diff\u00e9rentes textures ou aspects, il s'applique dans de nombreux secteurs.","robots":{"index":"index","follow":"follow","max-snippet":"max-snippet:-1","max-image-preview":"max-image-preview:large","max-video-preview":"max-video-preview:-1"},"canonical":"https:\/\/wp.plasnor.com\/es\/termoconformado\/sectores-y-aplicaciones\/otros\/","og_locale":"fr_FR","og_type":"article","og_title":"Thermoformage | Carrossage de Bus, Plastiques pour Camping-Cars et plus","og_description":"Le thermoformage permet de multiples applications. Avec des finitions de diff\u00e9rentes textures ou aspects, il s'applique dans de nombreux secteurs.","og_url":"https:\/\/wp.plasnor.com\/es\/termoconformado\/sectores-y-aplicaciones\/otros\/","og_site_name":"Plasnor","article_modified_time":"2024-02-05T16:23:57+00:00","og_image":[{"url":"https:\/\/www.plasnor.com\/wp-content\/uploads\/2023\/04\/plasnor-sectores-otros.jpg"}],"twitter_card":"summary_large_image","schema":{"@context":"https:\/\/schema.org","@graph":[{"@type":"WebPage","@id":"https:\/\/wp.plasnor.com\/es\/termoconformado\/sectores-y-aplicaciones\/otros\/","url":"https:\/\/wp.plasnor.com\/es\/termoconformado\/sectores-y-aplicaciones\/otros\/","name":"Thermoformage | Carrossage de Bus, Plastiques pour Camping-Cars et plus","isPartOf":{"@id":"https:\/\/wp.plasnor.com\/es\/#website"},"primaryImageOfPage":{"@id":"https:\/\/wp.plasnor.com\/es\/termoconformado\/sectores-y-aplicaciones\/otros\/#primaryimage"},"image":{"@id":"https:\/\/wp.plasnor.com\/es\/termoconformado\/sectores-y-aplicaciones\/otros\/#primaryimage"},"thumbnailUrl":"https:\/\/www.plasnor.com\/wp-content\/uploads\/2023\/04\/plasnor-sectores-otros.jpg","datePublished":"2023-04-24T08:48:57+00:00","dateModified":"2024-02-05T16:23:57+00:00","description":"Le thermoformage permet de multiples applications. Avec des finitions de diff\u00e9rentes textures ou aspects, il s'applique dans de nombreux secteurs.","breadcrumb":{"@id":"https:\/\/wp.plasnor.com\/es\/termoconformado\/sectores-y-aplicaciones\/otros\/#breadcrumb"},"inLanguage":"fr-FR","potentialAction":[{"@type":"ReadAction","target":["https:\/\/wp.plasnor.com\/es\/termoconformado\/sectores-y-aplicaciones\/otros\/"]}]},{"@type":"ImageObject","inLanguage":"fr-FR","@id":"https:\/\/wp.plasnor.com\/es\/termoconformado\/sectores-y-aplicaciones\/otros\/#primaryimage","url":"https:\/\/www.plasnor.com\/wp-content\/uploads\/2023\/04\/plasnor-sectores-otros.jpg","contentUrl":"https:\/\/www.plasnor.com\/wp-content\/uploads\/2023\/04\/plasnor-sectores-otros.jpg"},{"@type":"BreadcrumbList","@id":"https:\/\/wp.plasnor.com\/es\/termoconformado\/sectores-y-aplicaciones\/otros\/#breadcrumb","itemListElement":[{"@type":"ListItem","position":1,"name":"Home","item":"https:\/\/wp.plasnor.com\/fr\/"},{"@type":"ListItem","position":2,"name":"Thermoformage","item":"https:\/\/wp.plasnor.com\/es\/termoconformado\/"},{"@type":"ListItem","position":3,"name":"Secteurs et applications","item":"https:\/\/wp.plasnor.com\/es\/termoconformado\/sectores-y-aplicaciones\/"},{"@type":"ListItem","position":4,"name":"Autres, secteurs et applications"}]},{"@type":"WebSite","@id":"https:\/\/wp.plasnor.com\/es\/#website","url":"https:\/\/wp.plasnor.com\/es\/","name":"Plasnor","description":"Especialistas en extrusi\u00f3n y termoconformado","publisher":{"@id":"https:\/\/wp.plasnor.com\/es\/#organization"},"alternateName":"Plasnor","potentialAction":[{"@type":"SearchAction","target":{"@type":"EntryPoint","urlTemplate":"https:\/\/wp.plasnor.com\/es\/?s={search_term_string}"},"query-input":"required name=search_term_string"}],"inLanguage":"fr-FR"},{"@type":"Organization","@id":"https:\/\/wp.plasnor.com\/es\/#organization","name":"Plasnor","alternateName":"Plasnor","url":"https:\/\/wp.plasnor.com\/es\/","logo":{"@type":"ImageObject","inLanguage":"fr-FR","@id":"https:\/\/wp.plasnor.com\/es\/#\/schema\/logo\/image\/","url":"https:\/\/www.plasnor.com\/wp-content\/uploads\/2023\/04\/logotipo-plasnor.jpg","contentUrl":"https:\/\/www.plasnor.com\/wp-content\/uploads\/2023\/04\/logotipo-plasnor.jpg","width":300,"height":91,"caption":"Plasnor"},"image":{"@id":"https:\/\/wp.plasnor.com\/es\/#\/schema\/logo\/image\/"},"sameAs":["https:\/\/www.linkedin.com\/company\/plasnor-s.a."]}]}},"_links":{"self":[{"href":"https:\/\/wp.plasnor.com\/fr\/wp-json\/wp\/v2\/pages\/17044"}],"collection":[{"href":"https:\/\/wp.plasnor.com\/fr\/wp-json\/wp\/v2\/pages"}],"about":[{"href":"https:\/\/wp.plasnor.com\/fr\/wp-json\/wp\/v2\/types\/page"}],"author":[{"embeddable":true,"href":"https:\/\/wp.plasnor.com\/fr\/wp-json\/wp\/v2\/users\/1"}],"replies":[{"embeddable":true,"href":"https:\/\/wp.plasnor.com\/fr\/wp-json\/wp\/v2\/comments?post=17044"}],"version-history":[{"count":0,"href":"https:\/\/wp.plasnor.com\/fr\/wp-json\/wp\/v2\/pages\/17044\/revisions"}],"up":[{"embeddable":true,"href":"https:\/\/wp.plasnor.com\/fr\/wp-json\/wp\/v2\/pages\/17058"}],"wp:attachment":[{"href":"https:\/\/wp.plasnor.com\/fr\/wp-json\/wp\/v2\/media?parent=17044"}],"wp:term":[{"taxonomy":"category","embeddable":true,"href":"https:\/\/wp.plasnor.com\/fr\/wp-json\/wp\/v2\/categories?post=17044"},{"taxonomy":"post_tag","embeddable":true,"href":"https:\/\/wp.plasnor.com\/fr\/wp-json\/wp\/v2\/tags?post=17044"}],"curies":[{"name":"wp","href":"https:\/\/api.w.org\/{rel}","templated":true}]}}