{"id":17042,"date":"2023-04-24T10:50:32","date_gmt":"2023-04-24T08:50:32","guid":{"rendered":"https:\/\/www.plasnor.com\/production-processes-and-complementary-services\/"},"modified":"2024-02-05T17:02:39","modified_gmt":"2024-02-05T16:02:39","slug":"processus-productifs-et-services-complementaires","status":"publish","type":"page","link":"https:\/\/wp.plasnor.com\/fr\/thermoformage\/processus-productifs-et-services-complementaires\/","title":{"rendered":"Processus Productifs et Services Compl\u00e9mentaires"},"content":{"rendered":"<div id=\"pl-17042\"  class=\"panel-layout\" ><div id=\"pg-17042-0\"  class=\"panel-grid panel-no-style\" ><div id=\"pgc-17042-0-0\"  class=\"panel-grid-cell\" ><div id=\"panel-17042-0-0-0\" class=\"so-panel widget widget_sow-image panel-first-child panel-last-child\" data-index=\"0\" ><div\n\t\t\t\n\t\t\tclass=\"so-widget-sow-image so-widget-sow-image-default-8b5b6f678277-17042\"\n\t\t\t\n\t\t>\n\n<div class=\"sow-image-container\">\n\t\t\t<a href=\"https:\/\/wp.plasnor.com\/fr\/thermoformage\/processus-productifs-et-services-complementaires\/conception\/\"\n\t\t\t\t\t>\n\t\t\t<img loading=\"lazy\" decoding=\"async\" src=\"https:\/\/wp.plasnor.com\/wp-content\/uploads\/2023\/04\/plasnor-termoconformado-design.jpg\" width=\"424\" height=\"251\" srcset=\"https:\/\/wp.plasnor.com\/wp-content\/uploads\/2023\/04\/plasnor-termoconformado-design.jpg 424w, https:\/\/wp.plasnor.com\/wp-content\/uploads\/2023\/04\/plasnor-termoconformado-design-300x178.jpg 300w\" sizes=\"(max-width: 424px) 100vw, 424px\" title=\"Conception\" alt=\"Conception\" \t\tclass=\"so-widget-image\"\/>\n\t<\/a><\/div>\n\n<h3 class=\"widget-title\">\t\t<a href=\"https:\/\/wp.plasnor.com\/fr\/thermoformage\/processus-productifs-et-services-complementaires\/conception\/\"\n\t\t\t\t\t>\n\t\tConception<\/a><\/h3><\/div><\/div><\/div><div id=\"pgc-17042-0-1\"  class=\"panel-grid-cell\" ><div id=\"panel-17042-0-1-0\" class=\"so-panel widget widget_sow-image panel-first-child panel-last-child\" data-index=\"1\" ><div\n\t\t\t\n\t\t\tclass=\"so-widget-sow-image so-widget-sow-image-default-8b5b6f678277-17042\"\n\t\t\t\n\t\t>\n\n<div class=\"sow-image-container\">\n\t\t\t<a href=\"https:\/\/wp.plasnor.com\/fr\/thermoformage\/processus-productifs-et-services-complementaires\/tooling-manufacturing\/\"\n\t\t\t\t\t>\n\t\t\t<img loading=\"lazy\" decoding=\"async\" src=\"https:\/\/wp.plasnor.com\/wp-content\/uploads\/2023\/04\/plasnor-tooling-manufacturing.jpg\" width=\"424\" height=\"251\" srcset=\"https:\/\/wp.plasnor.com\/wp-content\/uploads\/2023\/04\/plasnor-tooling-manufacturing.jpg 424w, https:\/\/wp.plasnor.com\/wp-content\/uploads\/2023\/04\/plasnor-tooling-manufacturing-300x178.jpg 300w\" sizes=\"(max-width: 424px) 100vw, 424px\" title=\"Fabrication de moules\" alt=\"Fabrication de moules\" \t\tclass=\"so-widget-image\"\/>\n\t<\/a><\/div>\n\n<h3 class=\"widget-title\">\t\t<a href=\"https:\/\/wp.plasnor.com\/fr\/thermoformage\/processus-productifs-et-services-complementaires\/tooling-manufacturing\/\"\n\t\t\t\t\t>\n\t\tFabrication de moules<\/a><\/h3><\/div><\/div><\/div><div id=\"pgc-17042-0-2\"  class=\"panel-grid-cell\" ><div id=\"panel-17042-0-2-0\" class=\"so-panel widget widget_sow-image panel-first-child panel-last-child\" data-index=\"2\" ><div\n\t\t\t\n\t\t\tclass=\"so-widget-sow-image so-widget-sow-image-default-8b5b6f678277-17042\"\n\t\t\t\n\t\t>\n\n<div class=\"sow-image-container\">\n\t\t\t<a href=\"https:\/\/wp.plasnor.com\/fr\/thermoformage\/processus-productifs-et-services-complementaires\/extrusion\/\"\n\t\t\t\t\t>\n\t\t\t<img loading=\"lazy\" decoding=\"async\" src=\"https:\/\/wp.plasnor.com\/wp-content\/uploads\/2023\/05\/termoconformado-extrusion-plasnor.png\" width=\"424\" height=\"251\" srcset=\"https:\/\/wp.plasnor.com\/wp-content\/uploads\/2023\/05\/termoconformado-extrusion-plasnor.png 424w, https:\/\/wp.plasnor.com\/wp-content\/uploads\/2023\/05\/termoconformado-extrusion-plasnor-300x178.png 300w\" sizes=\"(max-width: 424px) 100vw, 424px\" title=\"Extrusion\" alt=\"Extrusion\" \t\tclass=\"so-widget-image\"\/>\n\t<\/a><\/div>\n\n<h3 class=\"widget-title\">\t\t<a href=\"https:\/\/wp.plasnor.com\/fr\/thermoformage\/processus-productifs-et-services-complementaires\/extrusion\/\"\n\t\t\t\t\t>\n\t\tExtrusion<\/a><\/h3><\/div><\/div><\/div><\/div><div id=\"pg-17042-1\"  class=\"panel-grid panel-no-style\" ><div id=\"pgc-17042-1-0\"  class=\"panel-grid-cell\" ><div id=\"panel-17042-1-0-0\" class=\"so-panel widget widget_sow-image panel-first-child panel-last-child\" data-index=\"3\" ><div\n\t\t\t\n\t\t\tclass=\"so-widget-sow-image so-widget-sow-image-default-6ec9e3772f75-17042\"\n\t\t\t\n\t\t>\n\n<div class=\"sow-image-container\">\n\t\t\t<a href=\"https:\/\/wp.plasnor.com\/fr\/thermoformage\/processus-productifs-et-services-complementaires\/thermoformage\/\"\n\t\t\t\t\t>\n\t\t\t<img loading=\"lazy\" decoding=\"async\" src=\"https:\/\/wp.plasnor.com\/wp-content\/uploads\/2023\/04\/thermoforming-procesos-servicios.jpg\" width=\"424\" height=\"251\" srcset=\"https:\/\/wp.plasnor.com\/wp-content\/uploads\/2023\/04\/thermoforming-procesos-servicios.jpg 424w, https:\/\/wp.plasnor.com\/wp-content\/uploads\/2023\/04\/thermoforming-procesos-servicios-300x178.jpg 300w\" sizes=\"(max-width: 424px) 100vw, 424px\" title=\"Thermoformage\" alt=\"Thermoformage\" \t\tclass=\"so-widget-image\"\/>\n\t<\/a><\/div>\n\n<h3 class=\"widget-title\">\t\t<a href=\"https:\/\/wp.plasnor.com\/fr\/thermoformage\/processus-productifs-et-services-complementaires\/thermoformage\/\"\n\t\t\t\t\t>\n\t\tThermoformage<\/a><\/h3><\/div><\/div><\/div><div id=\"pgc-17042-1-1\"  class=\"panel-grid-cell\" ><div id=\"panel-17042-1-1-0\" class=\"so-panel widget widget_sow-image panel-first-child panel-last-child\" data-index=\"4\" ><div\n\t\t\t\n\t\t\tclass=\"so-widget-sow-image so-widget-sow-image-default-8b5b6f678277-17042\"\n\t\t\t\n\t\t>\n\n<div class=\"sow-image-container\">\n\t\t\t<a href=\"https:\/\/wp.plasnor.com\/fr\/thermoformage\/processus-productifs-et-services-complementaires\/usinage\/\"\n\t\t\t\t\t>\n\t\t\t<img loading=\"lazy\" decoding=\"async\" src=\"https:\/\/wp.plasnor.com\/wp-content\/uploads\/2023\/04\/plasnor-machining.jpg\" width=\"424\" height=\"251\" srcset=\"https:\/\/wp.plasnor.com\/wp-content\/uploads\/2023\/04\/plasnor-machining.jpg 424w, https:\/\/wp.plasnor.com\/wp-content\/uploads\/2023\/04\/plasnor-machining-300x178.jpg 300w\" sizes=\"(max-width: 424px) 100vw, 424px\" title=\"Usinage\" alt=\"Usinage\" \t\tclass=\"so-widget-image\"\/>\n\t<\/a><\/div>\n\n<h3 class=\"widget-title\">\t\t<a href=\"https:\/\/wp.plasnor.com\/fr\/thermoformage\/processus-productifs-et-services-complementaires\/usinage\/\"\n\t\t\t\t\t>\n\t\tUsinage<\/a><\/h3><\/div><\/div><\/div><div id=\"pgc-17042-1-2\"  class=\"panel-grid-cell\" ><div id=\"panel-17042-1-2-0\" class=\"so-panel widget widget_sow-image panel-first-child panel-last-child\" data-index=\"5\" ><div\n\t\t\t\n\t\t\tclass=\"so-widget-sow-image so-widget-sow-image-default-8b5b6f678277-17042\"\n\t\t\t\n\t\t>\n\n<div class=\"sow-image-container\">\n\t\t\t<a href=\"https:\/\/wp.plasnor.com\/fr\/thermoformage\/processus-productifs-et-services-complementaires\/autres\/\"\n\t\t\t\t\t>\n\t\t\t<img loading=\"lazy\" decoding=\"async\" src=\"https:\/\/wp.plasnor.com\/wp-content\/uploads\/2023\/04\/termoconformado-otros-procesos.jpg\" width=\"424\" height=\"251\" srcset=\"https:\/\/wp.plasnor.com\/wp-content\/uploads\/2023\/04\/termoconformado-otros-procesos.jpg 424w, https:\/\/wp.plasnor.com\/wp-content\/uploads\/2023\/04\/termoconformado-otros-procesos-300x178.jpg 300w\" sizes=\"(max-width: 424px) 100vw, 424px\" title=\"Autres, processus productifs et services\" alt=\"Autres, processus productifs et services\" \t\tclass=\"so-widget-image\"\/>\n\t<\/a><\/div>\n\n<h3 class=\"widget-title\">\t\t<a href=\"https:\/\/wp.plasnor.com\/fr\/thermoformage\/processus-productifs-et-services-complementaires\/autres\/\"\n\t\t\t\t\t>\n\t\tAutres, processus productifs et services<\/a><\/h3><\/div><\/div><\/div><\/div><\/div>","protected":false},"excerpt":{"rendered":"<p>Conception Fabrication de moules Extrusion Thermoformage Usinage Autres, processus productifs et services<\/p>\n","protected":false},"author":1,"featured_media":0,"parent":17100,"menu_order":0,"comment_status":"closed","ping_status":"closed","template":"","meta":{"footnotes":""},"categories":[468],"tags":[],"yoast_head":"<!-- This site is optimized with the Yoast SEO plugin v22.4 - https:\/\/yoast.com\/wordpress\/plugins\/seo\/ -->\n<title>Thermoformage | Processus de Production et Services Compl\u00e9mentaires<\/title>\n<meta name=\"description\" content=\"D\u00e9couvrez les processus de production avanc\u00e9s et les services compl\u00e9mentaires de thermoformage chez Plasnor. Efficacit\u00e9 et qualit\u00e9 dans des solutions sur mesure.\" \/>\n<meta name=\"robots\" content=\"index, follow, max-snippet:-1, max-image-preview:large, max-video-preview:-1\" \/>\n<link rel=\"canonical\" href=\"https:\/\/wp.plasnor.com\/es\/termoconformado\/procesos-productivos-y-servicios-complementarios\/\" \/>\n<meta property=\"og:locale\" content=\"fr_FR\" \/>\n<meta property=\"og:type\" content=\"article\" \/>\n<meta property=\"og:title\" content=\"Thermoformage | Processus de Production et Services Compl\u00e9mentaires\" \/>\n<meta property=\"og:description\" content=\"D\u00e9couvrez les processus de production avanc\u00e9s et les services compl\u00e9mentaires de thermoformage chez Plasnor. Efficacit\u00e9 et qualit\u00e9 dans des solutions sur mesure.\" \/>\n<meta property=\"og:url\" content=\"https:\/\/wp.plasnor.com\/es\/termoconformado\/procesos-productivos-y-servicios-complementarios\/\" \/>\n<meta property=\"og:site_name\" content=\"Plasnor\" \/>\n<meta property=\"article:modified_time\" content=\"2024-02-05T16:02:39+00:00\" \/>\n<meta property=\"og:image\" content=\"https:\/\/wp.plasnor.com\/wp-content\/uploads\/2023\/04\/logotipo-plasnor.jpg\" \/>\n\t<meta property=\"og:image:width\" content=\"300\" \/>\n\t<meta property=\"og:image:height\" content=\"91\" \/>\n\t<meta property=\"og:image:type\" content=\"image\/jpeg\" \/>\n<meta name=\"twitter:card\" content=\"summary_large_image\" \/>\n<script type=\"application\/ld+json\" class=\"yoast-schema-graph\">{\"@context\":\"https:\/\/schema.org\",\"@graph\":[{\"@type\":\"WebPage\",\"@id\":\"https:\/\/wp.plasnor.com\/es\/termoconformado\/procesos-productivos-y-servicios-complementarios\/\",\"url\":\"https:\/\/wp.plasnor.com\/es\/termoconformado\/procesos-productivos-y-servicios-complementarios\/\",\"name\":\"Thermoformage | Processus de Production et Services Compl\u00e9mentaires\",\"isPartOf\":{\"@id\":\"https:\/\/wp.plasnor.com\/es\/#website\"},\"datePublished\":\"2023-04-24T08:50:32+00:00\",\"dateModified\":\"2024-02-05T16:02:39+00:00\",\"description\":\"D\u00e9couvrez les processus de production avanc\u00e9s et les services compl\u00e9mentaires de thermoformage chez Plasnor. Efficacit\u00e9 et qualit\u00e9 dans des solutions sur mesure.\",\"breadcrumb\":{\"@id\":\"https:\/\/wp.plasnor.com\/es\/termoconformado\/procesos-productivos-y-servicios-complementarios\/#breadcrumb\"},\"inLanguage\":\"fr-FR\",\"potentialAction\":[{\"@type\":\"ReadAction\",\"target\":[\"https:\/\/wp.plasnor.com\/es\/termoconformado\/procesos-productivos-y-servicios-complementarios\/\"]}]},{\"@type\":\"BreadcrumbList\",\"@id\":\"https:\/\/wp.plasnor.com\/es\/termoconformado\/procesos-productivos-y-servicios-complementarios\/#breadcrumb\",\"itemListElement\":[{\"@type\":\"ListItem\",\"position\":1,\"name\":\"Home\",\"item\":\"https:\/\/wp.plasnor.com\/fr\/\"},{\"@type\":\"ListItem\",\"position\":2,\"name\":\"Thermoformage\",\"item\":\"https:\/\/wp.plasnor.com\/es\/termoconformado\/\"},{\"@type\":\"ListItem\",\"position\":3,\"name\":\"Processus Productifs et Services Compl\u00e9mentaires\"}]},{\"@type\":\"WebSite\",\"@id\":\"https:\/\/wp.plasnor.com\/es\/#website\",\"url\":\"https:\/\/wp.plasnor.com\/es\/\",\"name\":\"Plasnor\",\"description\":\"Especialistas en extrusi\u00f3n y termoconformado\",\"publisher\":{\"@id\":\"https:\/\/wp.plasnor.com\/es\/#organization\"},\"alternateName\":\"Plasnor\",\"potentialAction\":[{\"@type\":\"SearchAction\",\"target\":{\"@type\":\"EntryPoint\",\"urlTemplate\":\"https:\/\/wp.plasnor.com\/es\/?s={search_term_string}\"},\"query-input\":\"required name=search_term_string\"}],\"inLanguage\":\"fr-FR\"},{\"@type\":\"Organization\",\"@id\":\"https:\/\/wp.plasnor.com\/es\/#organization\",\"name\":\"Plasnor\",\"alternateName\":\"Plasnor\",\"url\":\"https:\/\/wp.plasnor.com\/es\/\",\"logo\":{\"@type\":\"ImageObject\",\"inLanguage\":\"fr-FR\",\"@id\":\"https:\/\/wp.plasnor.com\/es\/#\/schema\/logo\/image\/\",\"url\":\"https:\/\/www.plasnor.com\/wp-content\/uploads\/2023\/04\/logotipo-plasnor.jpg\",\"contentUrl\":\"https:\/\/www.plasnor.com\/wp-content\/uploads\/2023\/04\/logotipo-plasnor.jpg\",\"width\":300,\"height\":91,\"caption\":\"Plasnor\"},\"image\":{\"@id\":\"https:\/\/wp.plasnor.com\/es\/#\/schema\/logo\/image\/\"},\"sameAs\":[\"https:\/\/www.linkedin.com\/company\/plasnor-s.a.\"]}]}<\/script>\n<!-- \/ Yoast SEO plugin. -->","yoast_head_json":{"title":"Thermoformage | Processus de Production et Services Compl\u00e9mentaires","description":"D\u00e9couvrez les processus de production avanc\u00e9s et les services compl\u00e9mentaires de thermoformage chez Plasnor. Efficacit\u00e9 et qualit\u00e9 dans des solutions sur mesure.","robots":{"index":"index","follow":"follow","max-snippet":"max-snippet:-1","max-image-preview":"max-image-preview:large","max-video-preview":"max-video-preview:-1"},"canonical":"https:\/\/wp.plasnor.com\/es\/termoconformado\/procesos-productivos-y-servicios-complementarios\/","og_locale":"fr_FR","og_type":"article","og_title":"Thermoformage | Processus de Production et Services Compl\u00e9mentaires","og_description":"D\u00e9couvrez les processus de production avanc\u00e9s et les services compl\u00e9mentaires de thermoformage chez Plasnor. Efficacit\u00e9 et qualit\u00e9 dans des solutions sur mesure.","og_url":"https:\/\/wp.plasnor.com\/es\/termoconformado\/procesos-productivos-y-servicios-complementarios\/","og_site_name":"Plasnor","article_modified_time":"2024-02-05T16:02:39+00:00","og_image":[{"width":300,"height":91,"url":"https:\/\/wp.plasnor.com\/wp-content\/uploads\/2023\/04\/logotipo-plasnor.jpg","type":"image\/jpeg"}],"twitter_card":"summary_large_image","schema":{"@context":"https:\/\/schema.org","@graph":[{"@type":"WebPage","@id":"https:\/\/wp.plasnor.com\/es\/termoconformado\/procesos-productivos-y-servicios-complementarios\/","url":"https:\/\/wp.plasnor.com\/es\/termoconformado\/procesos-productivos-y-servicios-complementarios\/","name":"Thermoformage | Processus de Production et Services Compl\u00e9mentaires","isPartOf":{"@id":"https:\/\/wp.plasnor.com\/es\/#website"},"datePublished":"2023-04-24T08:50:32+00:00","dateModified":"2024-02-05T16:02:39+00:00","description":"D\u00e9couvrez les processus de production avanc\u00e9s et les services compl\u00e9mentaires de thermoformage chez Plasnor. Efficacit\u00e9 et qualit\u00e9 dans des solutions sur mesure.","breadcrumb":{"@id":"https:\/\/wp.plasnor.com\/es\/termoconformado\/procesos-productivos-y-servicios-complementarios\/#breadcrumb"},"inLanguage":"fr-FR","potentialAction":[{"@type":"ReadAction","target":["https:\/\/wp.plasnor.com\/es\/termoconformado\/procesos-productivos-y-servicios-complementarios\/"]}]},{"@type":"BreadcrumbList","@id":"https:\/\/wp.plasnor.com\/es\/termoconformado\/procesos-productivos-y-servicios-complementarios\/#breadcrumb","itemListElement":[{"@type":"ListItem","position":1,"name":"Home","item":"https:\/\/wp.plasnor.com\/fr\/"},{"@type":"ListItem","position":2,"name":"Thermoformage","item":"https:\/\/wp.plasnor.com\/es\/termoconformado\/"},{"@type":"ListItem","position":3,"name":"Processus Productifs et Services Compl\u00e9mentaires"}]},{"@type":"WebSite","@id":"https:\/\/wp.plasnor.com\/es\/#website","url":"https:\/\/wp.plasnor.com\/es\/","name":"Plasnor","description":"Especialistas en extrusi\u00f3n y termoconformado","publisher":{"@id":"https:\/\/wp.plasnor.com\/es\/#organization"},"alternateName":"Plasnor","potentialAction":[{"@type":"SearchAction","target":{"@type":"EntryPoint","urlTemplate":"https:\/\/wp.plasnor.com\/es\/?s={search_term_string}"},"query-input":"required name=search_term_string"}],"inLanguage":"fr-FR"},{"@type":"Organization","@id":"https:\/\/wp.plasnor.com\/es\/#organization","name":"Plasnor","alternateName":"Plasnor","url":"https:\/\/wp.plasnor.com\/es\/","logo":{"@type":"ImageObject","inLanguage":"fr-FR","@id":"https:\/\/wp.plasnor.com\/es\/#\/schema\/logo\/image\/","url":"https:\/\/www.plasnor.com\/wp-content\/uploads\/2023\/04\/logotipo-plasnor.jpg","contentUrl":"https:\/\/www.plasnor.com\/wp-content\/uploads\/2023\/04\/logotipo-plasnor.jpg","width":300,"height":91,"caption":"Plasnor"},"image":{"@id":"https:\/\/wp.plasnor.com\/es\/#\/schema\/logo\/image\/"},"sameAs":["https:\/\/www.linkedin.com\/company\/plasnor-s.a."]}]}},"_links":{"self":[{"href":"https:\/\/wp.plasnor.com\/fr\/wp-json\/wp\/v2\/pages\/17042"}],"collection":[{"href":"https:\/\/wp.plasnor.com\/fr\/wp-json\/wp\/v2\/pages"}],"about":[{"href":"https:\/\/wp.plasnor.com\/fr\/wp-json\/wp\/v2\/types\/page"}],"author":[{"embeddable":true,"href":"https:\/\/wp.plasnor.com\/fr\/wp-json\/wp\/v2\/users\/1"}],"replies":[{"embeddable":true,"href":"https:\/\/wp.plasnor.com\/fr\/wp-json\/wp\/v2\/comments?post=17042"}],"version-history":[{"count":0,"href":"https:\/\/wp.plasnor.com\/fr\/wp-json\/wp\/v2\/pages\/17042\/revisions"}],"up":[{"embeddable":true,"href":"https:\/\/wp.plasnor.com\/fr\/wp-json\/wp\/v2\/pages\/17100"}],"wp:attachment":[{"href":"https:\/\/wp.plasnor.com\/fr\/wp-json\/wp\/v2\/media?parent=17042"}],"wp:term":[{"taxonomy":"category","embeddable":true,"href":"https:\/\/wp.plasnor.com\/fr\/wp-json\/wp\/v2\/categories?post=17042"},{"taxonomy":"post_tag","embeddable":true,"href":"https:\/\/wp.plasnor.com\/fr\/wp-json\/wp\/v2\/tags?post=17042"}],"curies":[{"name":"wp","href":"https:\/\/api.w.org\/{rel}","templated":true}]}}