{"id":17040,"date":"2023-04-24T10:51:00","date_gmt":"2023-04-24T08:51:00","guid":{"rendered":"https:\/\/www.plasnor.com\/design\/"},"modified":"2024-02-05T17:04:17","modified_gmt":"2024-02-05T16:04:17","slug":"conception","status":"publish","type":"page","link":"https:\/\/wp.plasnor.com\/fr\/thermoformage\/processus-productifs-et-services-complementaires\/conception\/","title":{"rendered":"Conception"},"content":{"rendered":"<p>Notre capacit\u00e9 de conseil en conception nous permet de d\u00e9cider si des pi\u00e8ces con\u00e7ues \u00e0 l\u2019origine pour \u00eatre fabriqu\u00e9es au moyen d\u2019autres technologies, peuvent \u00eatre obtenues par thermoformage.<\/p>\n<p><img loading=\"lazy\" decoding=\"async\" class=\"alignnone wp-image-14944\" src=\"https:\/\/www.plasnor.com\/wp-content\/uploads\/2023\/04\/molde-irizar1.jpg\" alt=\"\" width=\"600\" height=\"302\" srcset=\"https:\/\/wp.plasnor.com\/wp-content\/uploads\/2023\/04\/molde-irizar1.jpg 1000w, https:\/\/wp.plasnor.com\/wp-content\/uploads\/2023\/04\/molde-irizar1-300x151.jpg 300w, https:\/\/wp.plasnor.com\/wp-content\/uploads\/2023\/04\/molde-irizar1-768x387.jpg 768w\" sizes=\"(max-width: 600px) 100vw, 600px\" \/><\/p>\n","protected":false},"excerpt":{"rendered":"<p>Notre capacit\u00e9 de conseil en conception nous permet de d\u00e9cider si des pi\u00e8ces con\u00e7ues \u00e0 l\u2019origine pour \u00eatre &#8230; <a title=\"Conception\" class=\"read-more\" href=\"https:\/\/wp.plasnor.com\/fr\/thermoformage\/processus-productifs-et-services-complementaires\/conception\/\" aria-label=\"Read more about Conception\">[ + info ]<\/a><\/p>\n","protected":false},"author":1,"featured_media":0,"parent":17042,"menu_order":0,"comment_status":"closed","ping_status":"closed","template":"","meta":{"footnotes":""},"categories":[468],"tags":[],"yoast_head":"<!-- This site is optimized with the Yoast SEO plugin v22.4 - https:\/\/yoast.com\/wordpress\/plugins\/seo\/ -->\n<title>Thermoformage | Conception et Fabrication de Moules<\/title>\n<meta name=\"description\" content=\"Nous concevons des moules et des pi\u00e8ces et notre d\u00e9partement de design peut adapter des pi\u00e8ces d&#039;autres technologies au thermoformage. Nous r\u00e9alisons des conceptions cl\u00e9 en main.\" \/>\n<meta name=\"robots\" content=\"index, follow, max-snippet:-1, max-image-preview:large, max-video-preview:-1\" \/>\n<link rel=\"canonical\" href=\"https:\/\/wp.plasnor.com\/es\/termoconformado\/procesos-productivos-y-servicios-complementarios\/diseno\/\" \/>\n<meta property=\"og:locale\" content=\"fr_FR\" \/>\n<meta property=\"og:type\" content=\"article\" \/>\n<meta property=\"og:title\" content=\"Thermoformage | Conception et Fabrication de Moules\" \/>\n<meta property=\"og:description\" content=\"Nous concevons des moules et des pi\u00e8ces et notre d\u00e9partement de design peut adapter des pi\u00e8ces d&#039;autres technologies au thermoformage. Nous r\u00e9alisons des conceptions cl\u00e9 en main.\" \/>\n<meta property=\"og:url\" content=\"https:\/\/wp.plasnor.com\/es\/termoconformado\/procesos-productivos-y-servicios-complementarios\/diseno\/\" \/>\n<meta property=\"og:site_name\" content=\"Plasnor\" \/>\n<meta property=\"article:modified_time\" content=\"2024-02-05T16:04:17+00:00\" \/>\n<meta property=\"og:image\" content=\"https:\/\/www.plasnor.com\/wp-content\/uploads\/2023\/04\/molde-irizar1.jpg\" \/>\n<meta name=\"twitter:card\" content=\"summary_large_image\" \/>\n<script type=\"application\/ld+json\" class=\"yoast-schema-graph\">{\"@context\":\"https:\/\/schema.org\",\"@graph\":[{\"@type\":\"WebPage\",\"@id\":\"https:\/\/wp.plasnor.com\/es\/termoconformado\/procesos-productivos-y-servicios-complementarios\/diseno\/\",\"url\":\"https:\/\/wp.plasnor.com\/es\/termoconformado\/procesos-productivos-y-servicios-complementarios\/diseno\/\",\"name\":\"Thermoformage | Conception et Fabrication de Moules\",\"isPartOf\":{\"@id\":\"https:\/\/wp.plasnor.com\/es\/#website\"},\"primaryImageOfPage\":{\"@id\":\"https:\/\/wp.plasnor.com\/es\/termoconformado\/procesos-productivos-y-servicios-complementarios\/diseno\/#primaryimage\"},\"image\":{\"@id\":\"https:\/\/wp.plasnor.com\/es\/termoconformado\/procesos-productivos-y-servicios-complementarios\/diseno\/#primaryimage\"},\"thumbnailUrl\":\"https:\/\/www.plasnor.com\/wp-content\/uploads\/2023\/04\/molde-irizar1.jpg\",\"datePublished\":\"2023-04-24T08:51:00+00:00\",\"dateModified\":\"2024-02-05T16:04:17+00:00\",\"description\":\"Nous concevons des moules et des pi\u00e8ces et notre d\u00e9partement de design peut adapter des pi\u00e8ces d'autres technologies au thermoformage. Nous r\u00e9alisons des conceptions cl\u00e9 en main.\",\"breadcrumb\":{\"@id\":\"https:\/\/wp.plasnor.com\/es\/termoconformado\/procesos-productivos-y-servicios-complementarios\/diseno\/#breadcrumb\"},\"inLanguage\":\"fr-FR\",\"potentialAction\":[{\"@type\":\"ReadAction\",\"target\":[\"https:\/\/wp.plasnor.com\/es\/termoconformado\/procesos-productivos-y-servicios-complementarios\/diseno\/\"]}]},{\"@type\":\"ImageObject\",\"inLanguage\":\"fr-FR\",\"@id\":\"https:\/\/wp.plasnor.com\/es\/termoconformado\/procesos-productivos-y-servicios-complementarios\/diseno\/#primaryimage\",\"url\":\"https:\/\/www.plasnor.com\/wp-content\/uploads\/2023\/04\/molde-irizar1.jpg\",\"contentUrl\":\"https:\/\/www.plasnor.com\/wp-content\/uploads\/2023\/04\/molde-irizar1.jpg\"},{\"@type\":\"BreadcrumbList\",\"@id\":\"https:\/\/wp.plasnor.com\/es\/termoconformado\/procesos-productivos-y-servicios-complementarios\/diseno\/#breadcrumb\",\"itemListElement\":[{\"@type\":\"ListItem\",\"position\":1,\"name\":\"Home\",\"item\":\"https:\/\/wp.plasnor.com\/fr\/\"},{\"@type\":\"ListItem\",\"position\":2,\"name\":\"Thermoformage\",\"item\":\"https:\/\/wp.plasnor.com\/es\/termoconformado\/\"},{\"@type\":\"ListItem\",\"position\":3,\"name\":\"Processus Productifs et Services Compl\u00e9mentaires\",\"item\":\"https:\/\/wp.plasnor.com\/es\/termoconformado\/procesos-productivos-y-servicios-complementarios\/\"},{\"@type\":\"ListItem\",\"position\":4,\"name\":\"Conception\"}]},{\"@type\":\"WebSite\",\"@id\":\"https:\/\/wp.plasnor.com\/es\/#website\",\"url\":\"https:\/\/wp.plasnor.com\/es\/\",\"name\":\"Plasnor\",\"description\":\"Especialistas en extrusi\u00f3n y termoconformado\",\"publisher\":{\"@id\":\"https:\/\/wp.plasnor.com\/es\/#organization\"},\"alternateName\":\"Plasnor\",\"potentialAction\":[{\"@type\":\"SearchAction\",\"target\":{\"@type\":\"EntryPoint\",\"urlTemplate\":\"https:\/\/wp.plasnor.com\/es\/?s={search_term_string}\"},\"query-input\":\"required name=search_term_string\"}],\"inLanguage\":\"fr-FR\"},{\"@type\":\"Organization\",\"@id\":\"https:\/\/wp.plasnor.com\/es\/#organization\",\"name\":\"Plasnor\",\"alternateName\":\"Plasnor\",\"url\":\"https:\/\/wp.plasnor.com\/es\/\",\"logo\":{\"@type\":\"ImageObject\",\"inLanguage\":\"fr-FR\",\"@id\":\"https:\/\/wp.plasnor.com\/es\/#\/schema\/logo\/image\/\",\"url\":\"https:\/\/www.plasnor.com\/wp-content\/uploads\/2023\/04\/logotipo-plasnor.jpg\",\"contentUrl\":\"https:\/\/www.plasnor.com\/wp-content\/uploads\/2023\/04\/logotipo-plasnor.jpg\",\"width\":300,\"height\":91,\"caption\":\"Plasnor\"},\"image\":{\"@id\":\"https:\/\/wp.plasnor.com\/es\/#\/schema\/logo\/image\/\"},\"sameAs\":[\"https:\/\/www.linkedin.com\/company\/plasnor-s.a.\"]}]}<\/script>\n<!-- \/ Yoast SEO plugin. -->","yoast_head_json":{"title":"Thermoformage | Conception et Fabrication de Moules","description":"Nous concevons des moules et des pi\u00e8ces et notre d\u00e9partement de design peut adapter des pi\u00e8ces d'autres technologies au thermoformage. Nous r\u00e9alisons des conceptions cl\u00e9 en main.","robots":{"index":"index","follow":"follow","max-snippet":"max-snippet:-1","max-image-preview":"max-image-preview:large","max-video-preview":"max-video-preview:-1"},"canonical":"https:\/\/wp.plasnor.com\/es\/termoconformado\/procesos-productivos-y-servicios-complementarios\/diseno\/","og_locale":"fr_FR","og_type":"article","og_title":"Thermoformage | Conception et Fabrication de Moules","og_description":"Nous concevons des moules et des pi\u00e8ces et notre d\u00e9partement de design peut adapter des pi\u00e8ces d'autres technologies au thermoformage. Nous r\u00e9alisons des conceptions cl\u00e9 en main.","og_url":"https:\/\/wp.plasnor.com\/es\/termoconformado\/procesos-productivos-y-servicios-complementarios\/diseno\/","og_site_name":"Plasnor","article_modified_time":"2024-02-05T16:04:17+00:00","og_image":[{"url":"https:\/\/www.plasnor.com\/wp-content\/uploads\/2023\/04\/molde-irizar1.jpg"}],"twitter_card":"summary_large_image","schema":{"@context":"https:\/\/schema.org","@graph":[{"@type":"WebPage","@id":"https:\/\/wp.plasnor.com\/es\/termoconformado\/procesos-productivos-y-servicios-complementarios\/diseno\/","url":"https:\/\/wp.plasnor.com\/es\/termoconformado\/procesos-productivos-y-servicios-complementarios\/diseno\/","name":"Thermoformage | Conception et Fabrication de Moules","isPartOf":{"@id":"https:\/\/wp.plasnor.com\/es\/#website"},"primaryImageOfPage":{"@id":"https:\/\/wp.plasnor.com\/es\/termoconformado\/procesos-productivos-y-servicios-complementarios\/diseno\/#primaryimage"},"image":{"@id":"https:\/\/wp.plasnor.com\/es\/termoconformado\/procesos-productivos-y-servicios-complementarios\/diseno\/#primaryimage"},"thumbnailUrl":"https:\/\/www.plasnor.com\/wp-content\/uploads\/2023\/04\/molde-irizar1.jpg","datePublished":"2023-04-24T08:51:00+00:00","dateModified":"2024-02-05T16:04:17+00:00","description":"Nous concevons des moules et des pi\u00e8ces et notre d\u00e9partement de design peut adapter des pi\u00e8ces d'autres technologies au thermoformage. Nous r\u00e9alisons des conceptions cl\u00e9 en main.","breadcrumb":{"@id":"https:\/\/wp.plasnor.com\/es\/termoconformado\/procesos-productivos-y-servicios-complementarios\/diseno\/#breadcrumb"},"inLanguage":"fr-FR","potentialAction":[{"@type":"ReadAction","target":["https:\/\/wp.plasnor.com\/es\/termoconformado\/procesos-productivos-y-servicios-complementarios\/diseno\/"]}]},{"@type":"ImageObject","inLanguage":"fr-FR","@id":"https:\/\/wp.plasnor.com\/es\/termoconformado\/procesos-productivos-y-servicios-complementarios\/diseno\/#primaryimage","url":"https:\/\/www.plasnor.com\/wp-content\/uploads\/2023\/04\/molde-irizar1.jpg","contentUrl":"https:\/\/www.plasnor.com\/wp-content\/uploads\/2023\/04\/molde-irizar1.jpg"},{"@type":"BreadcrumbList","@id":"https:\/\/wp.plasnor.com\/es\/termoconformado\/procesos-productivos-y-servicios-complementarios\/diseno\/#breadcrumb","itemListElement":[{"@type":"ListItem","position":1,"name":"Home","item":"https:\/\/wp.plasnor.com\/fr\/"},{"@type":"ListItem","position":2,"name":"Thermoformage","item":"https:\/\/wp.plasnor.com\/es\/termoconformado\/"},{"@type":"ListItem","position":3,"name":"Processus Productifs et Services Compl\u00e9mentaires","item":"https:\/\/wp.plasnor.com\/es\/termoconformado\/procesos-productivos-y-servicios-complementarios\/"},{"@type":"ListItem","position":4,"name":"Conception"}]},{"@type":"WebSite","@id":"https:\/\/wp.plasnor.com\/es\/#website","url":"https:\/\/wp.plasnor.com\/es\/","name":"Plasnor","description":"Especialistas en extrusi\u00f3n y termoconformado","publisher":{"@id":"https:\/\/wp.plasnor.com\/es\/#organization"},"alternateName":"Plasnor","potentialAction":[{"@type":"SearchAction","target":{"@type":"EntryPoint","urlTemplate":"https:\/\/wp.plasnor.com\/es\/?s={search_term_string}"},"query-input":"required name=search_term_string"}],"inLanguage":"fr-FR"},{"@type":"Organization","@id":"https:\/\/wp.plasnor.com\/es\/#organization","name":"Plasnor","alternateName":"Plasnor","url":"https:\/\/wp.plasnor.com\/es\/","logo":{"@type":"ImageObject","inLanguage":"fr-FR","@id":"https:\/\/wp.plasnor.com\/es\/#\/schema\/logo\/image\/","url":"https:\/\/www.plasnor.com\/wp-content\/uploads\/2023\/04\/logotipo-plasnor.jpg","contentUrl":"https:\/\/www.plasnor.com\/wp-content\/uploads\/2023\/04\/logotipo-plasnor.jpg","width":300,"height":91,"caption":"Plasnor"},"image":{"@id":"https:\/\/wp.plasnor.com\/es\/#\/schema\/logo\/image\/"},"sameAs":["https:\/\/www.linkedin.com\/company\/plasnor-s.a."]}]}},"_links":{"self":[{"href":"https:\/\/wp.plasnor.com\/fr\/wp-json\/wp\/v2\/pages\/17040"}],"collection":[{"href":"https:\/\/wp.plasnor.com\/fr\/wp-json\/wp\/v2\/pages"}],"about":[{"href":"https:\/\/wp.plasnor.com\/fr\/wp-json\/wp\/v2\/types\/page"}],"author":[{"embeddable":true,"href":"https:\/\/wp.plasnor.com\/fr\/wp-json\/wp\/v2\/users\/1"}],"replies":[{"embeddable":true,"href":"https:\/\/wp.plasnor.com\/fr\/wp-json\/wp\/v2\/comments?post=17040"}],"version-history":[{"count":0,"href":"https:\/\/wp.plasnor.com\/fr\/wp-json\/wp\/v2\/pages\/17040\/revisions"}],"up":[{"embeddable":true,"href":"https:\/\/wp.plasnor.com\/fr\/wp-json\/wp\/v2\/pages\/17042"}],"wp:attachment":[{"href":"https:\/\/wp.plasnor.com\/fr\/wp-json\/wp\/v2\/media?parent=17040"}],"wp:term":[{"taxonomy":"category","embeddable":true,"href":"https:\/\/wp.plasnor.com\/fr\/wp-json\/wp\/v2\/categories?post=17040"},{"taxonomy":"post_tag","embeddable":true,"href":"https:\/\/wp.plasnor.com\/fr\/wp-json\/wp\/v2\/tags?post=17040"}],"curies":[{"name":"wp","href":"https:\/\/api.w.org\/{rel}","templated":true}]}}