{"id":17032,"date":"2023-04-24T11:13:12","date_gmt":"2023-04-24T09:13:12","guid":{"rendered":"https:\/\/www.plasnor.com\/machining\/"},"modified":"2024-02-05T17:11:05","modified_gmt":"2024-02-05T16:11:05","slug":"usinage","status":"publish","type":"page","link":"https:\/\/wp.plasnor.com\/fr\/thermoformage\/processus-productifs-et-services-complementaires\/usinage\/","title":{"rendered":"Usinage"},"content":{"rendered":"<p>Plasnor s\u2019est dot\u00e9e de quatre centres d\u2019usinage pour assurer une finition parfaite des pi\u00e8ces.<\/p>\n<div id='gallery-1' class='gallery galleryid-17032 gallery-columns-2 gallery-size-full'><figure class='gallery-item'>\n\t\t\t<div class='gallery-icon landscape'>\n\t\t\t\t<a href='https:\/\/wp.plasnor.com\/wp-content\/uploads\/2023\/04\/mecanizado-molde-chica-1.jpg'><img loading=\"lazy\" decoding=\"async\" width=\"500\" height=\"352\" src=\"https:\/\/wp.plasnor.com\/wp-content\/uploads\/2023\/04\/mecanizado-molde-chica-1.jpg\" class=\"attachment-full size-full\" alt=\"Maquina de mecanizado\" srcset=\"https:\/\/wp.plasnor.com\/wp-content\/uploads\/2023\/04\/mecanizado-molde-chica-1.jpg 500w, https:\/\/wp.plasnor.com\/wp-content\/uploads\/2023\/04\/mecanizado-molde-chica-1-300x211.jpg 300w\" sizes=\"(max-width: 500px) 100vw, 500px\" \/><\/a>\n\t\t\t<\/div><\/figure><figure class='gallery-item'>\n\t\t\t<div class='gallery-icon landscape'>\n\t\t\t\t<a href='https:\/\/wp.plasnor.com\/wp-content\/uploads\/2023\/04\/plasnor-mecanizado-01.jpg'><img loading=\"lazy\" decoding=\"async\" width=\"1000\" height=\"704\" src=\"https:\/\/wp.plasnor.com\/wp-content\/uploads\/2023\/04\/plasnor-mecanizado-01.jpg\" class=\"attachment-full size-full\" alt=\"Maquina de mecanizado\" srcset=\"https:\/\/wp.plasnor.com\/wp-content\/uploads\/2023\/04\/plasnor-mecanizado-01.jpg 1000w, https:\/\/wp.plasnor.com\/wp-content\/uploads\/2023\/04\/plasnor-mecanizado-01-300x211.jpg 300w, https:\/\/wp.plasnor.com\/wp-content\/uploads\/2023\/04\/plasnor-mecanizado-01-768x541.jpg 768w\" sizes=\"(max-width: 1000px) 100vw, 1000px\" \/><\/a>\n\t\t\t<\/div><\/figure>\n\t\t<\/div>\n\n","protected":false},"excerpt":{"rendered":"<p>Plasnor s\u2019est dot\u00e9e de quatre centres d\u2019usinage pour assurer une finition parfaite des pi\u00e8ces.<\/p>\n","protected":false},"author":1,"featured_media":0,"parent":17042,"menu_order":0,"comment_status":"closed","ping_status":"closed","template":"","meta":{"footnotes":""},"categories":[468],"tags":[],"yoast_head":"<!-- This site is optimized with the Yoast SEO plugin v22.4 - https:\/\/yoast.com\/wordpress\/plugins\/seo\/ -->\n<title>Usinage de Plastiques | Sp\u00e9cialistes de la Coupe de Plastique<\/title>\n<meta name=\"description\" content=\"Nos quatre centres d&#039;usinage garantissent une finition parfaite. Livraison de pi\u00e8ces compl\u00e8tement finies et pr\u00eates pour l&#039;assemblage.\" \/>\n<meta name=\"robots\" content=\"index, follow, max-snippet:-1, max-image-preview:large, max-video-preview:-1\" \/>\n<link rel=\"canonical\" href=\"https:\/\/wp.plasnor.com\/es\/termoconformado\/procesos-productivos-y-servicios-complementarios\/mecanizado\/\" \/>\n<meta property=\"og:locale\" content=\"fr_FR\" \/>\n<meta property=\"og:type\" content=\"article\" \/>\n<meta property=\"og:title\" content=\"Usinage de Plastiques | Sp\u00e9cialistes de la Coupe de Plastique\" \/>\n<meta property=\"og:description\" content=\"Nos quatre centres d&#039;usinage garantissent une finition parfaite. Livraison de pi\u00e8ces compl\u00e8tement finies et pr\u00eates pour l&#039;assemblage.\" \/>\n<meta property=\"og:url\" content=\"https:\/\/wp.plasnor.com\/es\/termoconformado\/procesos-productivos-y-servicios-complementarios\/mecanizado\/\" \/>\n<meta property=\"og:site_name\" content=\"Plasnor\" \/>\n<meta property=\"article:modified_time\" content=\"2024-02-05T16:11:05+00:00\" \/>\n<meta property=\"og:image\" content=\"https:\/\/wp.plasnor.com\/wp-content\/uploads\/2023\/04\/mecanizado-molde-chica-1.jpg\" \/>\n<meta name=\"twitter:card\" content=\"summary_large_image\" \/>\n<script type=\"application\/ld+json\" class=\"yoast-schema-graph\">{\"@context\":\"https:\/\/schema.org\",\"@graph\":[{\"@type\":\"WebPage\",\"@id\":\"https:\/\/wp.plasnor.com\/es\/termoconformado\/procesos-productivos-y-servicios-complementarios\/mecanizado\/\",\"url\":\"https:\/\/wp.plasnor.com\/es\/termoconformado\/procesos-productivos-y-servicios-complementarios\/mecanizado\/\",\"name\":\"Usinage de Plastiques | Sp\u00e9cialistes de la Coupe de Plastique\",\"isPartOf\":{\"@id\":\"https:\/\/wp.plasnor.com\/es\/#website\"},\"datePublished\":\"2023-04-24T09:13:12+00:00\",\"dateModified\":\"2024-02-05T16:11:05+00:00\",\"description\":\"Nos quatre centres d'usinage garantissent une finition parfaite. Livraison de pi\u00e8ces compl\u00e8tement finies et pr\u00eates pour l'assemblage.\",\"breadcrumb\":{\"@id\":\"https:\/\/wp.plasnor.com\/es\/termoconformado\/procesos-productivos-y-servicios-complementarios\/mecanizado\/#breadcrumb\"},\"inLanguage\":\"fr-FR\",\"potentialAction\":[{\"@type\":\"ReadAction\",\"target\":[\"https:\/\/wp.plasnor.com\/es\/termoconformado\/procesos-productivos-y-servicios-complementarios\/mecanizado\/\"]}]},{\"@type\":\"BreadcrumbList\",\"@id\":\"https:\/\/wp.plasnor.com\/es\/termoconformado\/procesos-productivos-y-servicios-complementarios\/mecanizado\/#breadcrumb\",\"itemListElement\":[{\"@type\":\"ListItem\",\"position\":1,\"name\":\"Home\",\"item\":\"https:\/\/wp.plasnor.com\/fr\/\"},{\"@type\":\"ListItem\",\"position\":2,\"name\":\"Thermoformage\",\"item\":\"https:\/\/wp.plasnor.com\/es\/termoconformado\/\"},{\"@type\":\"ListItem\",\"position\":3,\"name\":\"Processus Productifs et Services Compl\u00e9mentaires\",\"item\":\"https:\/\/wp.plasnor.com\/es\/termoconformado\/procesos-productivos-y-servicios-complementarios\/\"},{\"@type\":\"ListItem\",\"position\":4,\"name\":\"Usinage\"}]},{\"@type\":\"WebSite\",\"@id\":\"https:\/\/wp.plasnor.com\/es\/#website\",\"url\":\"https:\/\/wp.plasnor.com\/es\/\",\"name\":\"Plasnor\",\"description\":\"Especialistas en extrusi\u00f3n y termoconformado\",\"publisher\":{\"@id\":\"https:\/\/wp.plasnor.com\/es\/#organization\"},\"alternateName\":\"Plasnor\",\"potentialAction\":[{\"@type\":\"SearchAction\",\"target\":{\"@type\":\"EntryPoint\",\"urlTemplate\":\"https:\/\/wp.plasnor.com\/es\/?s={search_term_string}\"},\"query-input\":\"required name=search_term_string\"}],\"inLanguage\":\"fr-FR\"},{\"@type\":\"Organization\",\"@id\":\"https:\/\/wp.plasnor.com\/es\/#organization\",\"name\":\"Plasnor\",\"alternateName\":\"Plasnor\",\"url\":\"https:\/\/wp.plasnor.com\/es\/\",\"logo\":{\"@type\":\"ImageObject\",\"inLanguage\":\"fr-FR\",\"@id\":\"https:\/\/wp.plasnor.com\/es\/#\/schema\/logo\/image\/\",\"url\":\"https:\/\/www.plasnor.com\/wp-content\/uploads\/2023\/04\/logotipo-plasnor.jpg\",\"contentUrl\":\"https:\/\/www.plasnor.com\/wp-content\/uploads\/2023\/04\/logotipo-plasnor.jpg\",\"width\":300,\"height\":91,\"caption\":\"Plasnor\"},\"image\":{\"@id\":\"https:\/\/wp.plasnor.com\/es\/#\/schema\/logo\/image\/\"},\"sameAs\":[\"https:\/\/www.linkedin.com\/company\/plasnor-s.a.\"]}]}<\/script>\n<!-- \/ Yoast SEO plugin. -->","yoast_head_json":{"title":"Usinage de Plastiques | Sp\u00e9cialistes de la Coupe de Plastique","description":"Nos quatre centres d'usinage garantissent une finition parfaite. Livraison de pi\u00e8ces compl\u00e8tement finies et pr\u00eates pour l'assemblage.","robots":{"index":"index","follow":"follow","max-snippet":"max-snippet:-1","max-image-preview":"max-image-preview:large","max-video-preview":"max-video-preview:-1"},"canonical":"https:\/\/wp.plasnor.com\/es\/termoconformado\/procesos-productivos-y-servicios-complementarios\/mecanizado\/","og_locale":"fr_FR","og_type":"article","og_title":"Usinage de Plastiques | Sp\u00e9cialistes de la Coupe de Plastique","og_description":"Nos quatre centres d'usinage garantissent une finition parfaite. Livraison de pi\u00e8ces compl\u00e8tement finies et pr\u00eates pour l'assemblage.","og_url":"https:\/\/wp.plasnor.com\/es\/termoconformado\/procesos-productivos-y-servicios-complementarios\/mecanizado\/","og_site_name":"Plasnor","article_modified_time":"2024-02-05T16:11:05+00:00","og_image":[{"url":"https:\/\/wp.plasnor.com\/wp-content\/uploads\/2023\/04\/mecanizado-molde-chica-1.jpg"}],"twitter_card":"summary_large_image","schema":{"@context":"https:\/\/schema.org","@graph":[{"@type":"WebPage","@id":"https:\/\/wp.plasnor.com\/es\/termoconformado\/procesos-productivos-y-servicios-complementarios\/mecanizado\/","url":"https:\/\/wp.plasnor.com\/es\/termoconformado\/procesos-productivos-y-servicios-complementarios\/mecanizado\/","name":"Usinage de Plastiques | Sp\u00e9cialistes de la Coupe de Plastique","isPartOf":{"@id":"https:\/\/wp.plasnor.com\/es\/#website"},"datePublished":"2023-04-24T09:13:12+00:00","dateModified":"2024-02-05T16:11:05+00:00","description":"Nos quatre centres d'usinage garantissent une finition parfaite. Livraison de pi\u00e8ces compl\u00e8tement finies et pr\u00eates pour l'assemblage.","breadcrumb":{"@id":"https:\/\/wp.plasnor.com\/es\/termoconformado\/procesos-productivos-y-servicios-complementarios\/mecanizado\/#breadcrumb"},"inLanguage":"fr-FR","potentialAction":[{"@type":"ReadAction","target":["https:\/\/wp.plasnor.com\/es\/termoconformado\/procesos-productivos-y-servicios-complementarios\/mecanizado\/"]}]},{"@type":"BreadcrumbList","@id":"https:\/\/wp.plasnor.com\/es\/termoconformado\/procesos-productivos-y-servicios-complementarios\/mecanizado\/#breadcrumb","itemListElement":[{"@type":"ListItem","position":1,"name":"Home","item":"https:\/\/wp.plasnor.com\/fr\/"},{"@type":"ListItem","position":2,"name":"Thermoformage","item":"https:\/\/wp.plasnor.com\/es\/termoconformado\/"},{"@type":"ListItem","position":3,"name":"Processus Productifs et Services Compl\u00e9mentaires","item":"https:\/\/wp.plasnor.com\/es\/termoconformado\/procesos-productivos-y-servicios-complementarios\/"},{"@type":"ListItem","position":4,"name":"Usinage"}]},{"@type":"WebSite","@id":"https:\/\/wp.plasnor.com\/es\/#website","url":"https:\/\/wp.plasnor.com\/es\/","name":"Plasnor","description":"Especialistas en extrusi\u00f3n y termoconformado","publisher":{"@id":"https:\/\/wp.plasnor.com\/es\/#organization"},"alternateName":"Plasnor","potentialAction":[{"@type":"SearchAction","target":{"@type":"EntryPoint","urlTemplate":"https:\/\/wp.plasnor.com\/es\/?s={search_term_string}"},"query-input":"required name=search_term_string"}],"inLanguage":"fr-FR"},{"@type":"Organization","@id":"https:\/\/wp.plasnor.com\/es\/#organization","name":"Plasnor","alternateName":"Plasnor","url":"https:\/\/wp.plasnor.com\/es\/","logo":{"@type":"ImageObject","inLanguage":"fr-FR","@id":"https:\/\/wp.plasnor.com\/es\/#\/schema\/logo\/image\/","url":"https:\/\/www.plasnor.com\/wp-content\/uploads\/2023\/04\/logotipo-plasnor.jpg","contentUrl":"https:\/\/www.plasnor.com\/wp-content\/uploads\/2023\/04\/logotipo-plasnor.jpg","width":300,"height":91,"caption":"Plasnor"},"image":{"@id":"https:\/\/wp.plasnor.com\/es\/#\/schema\/logo\/image\/"},"sameAs":["https:\/\/www.linkedin.com\/company\/plasnor-s.a."]}]}},"_links":{"self":[{"href":"https:\/\/wp.plasnor.com\/fr\/wp-json\/wp\/v2\/pages\/17032"}],"collection":[{"href":"https:\/\/wp.plasnor.com\/fr\/wp-json\/wp\/v2\/pages"}],"about":[{"href":"https:\/\/wp.plasnor.com\/fr\/wp-json\/wp\/v2\/types\/page"}],"author":[{"embeddable":true,"href":"https:\/\/wp.plasnor.com\/fr\/wp-json\/wp\/v2\/users\/1"}],"replies":[{"embeddable":true,"href":"https:\/\/wp.plasnor.com\/fr\/wp-json\/wp\/v2\/comments?post=17032"}],"version-history":[{"count":0,"href":"https:\/\/wp.plasnor.com\/fr\/wp-json\/wp\/v2\/pages\/17032\/revisions"}],"up":[{"embeddable":true,"href":"https:\/\/wp.plasnor.com\/fr\/wp-json\/wp\/v2\/pages\/17042"}],"wp:attachment":[{"href":"https:\/\/wp.plasnor.com\/fr\/wp-json\/wp\/v2\/media?parent=17032"}],"wp:term":[{"taxonomy":"category","embeddable":true,"href":"https:\/\/wp.plasnor.com\/fr\/wp-json\/wp\/v2\/categories?post=17032"},{"taxonomy":"post_tag","embeddable":true,"href":"https:\/\/wp.plasnor.com\/fr\/wp-json\/wp\/v2\/tags?post=17032"}],"curies":[{"name":"wp","href":"https:\/\/api.w.org\/{rel}","templated":true}]}}