{"id":93,"date":"2023-04-20T20:21:40","date_gmt":"2023-04-20T18:21:40","guid":{"rendered":"https:\/\/www.plasnor.com\/?page_id=93"},"modified":"2024-02-05T16:11:10","modified_gmt":"2024-02-05T15:11:10","slug":"laboratorio-propio","status":"publish","type":"page","link":"https:\/\/wp.plasnor.com\/es\/extrusion\/laboratorio-propio\/","title":{"rendered":"Laboratorio propio"},"content":{"rendered":"<p>Disponemos de un laboratorio propio interno dirigido por personal qu\u00edmico experto. Contamos con los equipamientos t\u00e9cnicos suficientes y adecuados (b\u00e1sculas, color\u00edmetros, espectrofot\u00f3metro, e instrumentos para an\u00e1lisis diversos). Asimismo, disponemos de todos los materiales pl\u00e1sticos, colorantes, pigmentos y aditivos necesarios para el an\u00e1lisis, estudio y desarrollo de los colores que suministramos a nuestros clientes.<\/p>\n<p>Esto nos permite hacer contratipos de color con rapidez y precisi\u00f3n a la hora de desarrollar nuevos colores y contratipar cualquier color que puedan demandar. De esta manera, garantizamos la fiabilidad en el mantenimiento de los tonos de color en las sucesivas fabricaciones y a lo largo del tiempo.<\/p>\n<div id='gallery-1' class='gallery galleryid-93 gallery-columns-2 gallery-size-full'><figure class='gallery-item'>\n\t\t\t<div class='gallery-icon landscape'>\n\t\t\t\t<a href='https:\/\/wp.plasnor.com\/wp-content\/uploads\/2023\/04\/plasnor-masterbach-01.jpg'><img loading=\"lazy\" decoding=\"async\" width=\"800\" height=\"566\" src=\"https:\/\/wp.plasnor.com\/wp-content\/uploads\/2023\/04\/plasnor-masterbach-01.jpg\" class=\"attachment-full size-full\" alt=\"Nuestro laboratorio\" srcset=\"https:\/\/wp.plasnor.com\/wp-content\/uploads\/2023\/04\/plasnor-masterbach-01.jpg 800w, https:\/\/wp.plasnor.com\/wp-content\/uploads\/2023\/04\/plasnor-masterbach-01-300x212.jpg 300w, https:\/\/wp.plasnor.com\/wp-content\/uploads\/2023\/04\/plasnor-masterbach-01-768x543.jpg 768w\" sizes=\"(max-width: 800px) 100vw, 800px\" \/><\/a>\n\t\t\t<\/div><\/figure><figure class='gallery-item'>\n\t\t\t<div class='gallery-icon landscape'>\n\t\t\t\t<a href='https:\/\/wp.plasnor.com\/wp-content\/uploads\/2023\/04\/plasnor-masterbach-03.jpg'><img loading=\"lazy\" decoding=\"async\" width=\"800\" height=\"566\" src=\"https:\/\/wp.plasnor.com\/wp-content\/uploads\/2023\/04\/plasnor-masterbach-03.jpg\" class=\"attachment-full size-full\" alt=\"\" srcset=\"https:\/\/wp.plasnor.com\/wp-content\/uploads\/2023\/04\/plasnor-masterbach-03.jpg 800w, https:\/\/wp.plasnor.com\/wp-content\/uploads\/2023\/04\/plasnor-masterbach-03-300x212.jpg 300w, https:\/\/wp.plasnor.com\/wp-content\/uploads\/2023\/04\/plasnor-masterbach-03-768x543.jpg 768w\" sizes=\"(max-width: 800px) 100vw, 800px\" \/><\/a>\n\t\t\t<\/div><\/figure>\n\t\t<\/div>\n\n","protected":false},"excerpt":{"rendered":"<p>Disponemos de un laboratorio propio interno dirigido por personal qu\u00edmico experto. Contamos con los equipamientos t\u00e9cnicos suficientes y &#8230; <a title=\"Laboratorio propio\" class=\"read-more\" href=\"https:\/\/wp.plasnor.com\/es\/extrusion\/laboratorio-propio\/\" aria-label=\"Leer m\u00e1s sobre Laboratorio propio\">[ + info ]<\/a><\/p>\n","protected":false},"author":1,"featured_media":0,"parent":23,"menu_order":0,"comment_status":"closed","ping_status":"closed","template":"","meta":{"footnotes":""},"categories":[7],"tags":[],"yoast_head":"<!-- This site is optimized with the Yoast SEO plugin v22.4 - https:\/\/yoast.com\/wordpress\/plugins\/seo\/ -->\n<title>Pl\u00e1sticos T\u00e9cnicos | Estudio y desarrollo de colores | Plasnor<\/title>\n<meta name=\"description\" content=\"Disponemos de laboratorio propio para el an\u00e1lisis, estudio y desarrollo de los colores que suministramos, en todos los materiales pl\u00e1sticos, colorantes, pigmentos y aditivos.\" \/>\n<meta name=\"robots\" content=\"index, follow, max-snippet:-1, max-image-preview:large, max-video-preview:-1\" \/>\n<link rel=\"canonical\" href=\"https:\/\/wp.plasnor.com\/es\/extrusion\/laboratorio-propio\/\" \/>\n<meta property=\"og:locale\" content=\"es_ES\" \/>\n<meta property=\"og:type\" content=\"article\" \/>\n<meta property=\"og:title\" content=\"Pl\u00e1sticos T\u00e9cnicos | Estudio y desarrollo de colores | Plasnor\" \/>\n<meta property=\"og:description\" content=\"Disponemos de laboratorio propio para el an\u00e1lisis, estudio y desarrollo de los colores que suministramos, en todos los materiales pl\u00e1sticos, colorantes, pigmentos y aditivos.\" \/>\n<meta property=\"og:url\" content=\"https:\/\/wp.plasnor.com\/es\/extrusion\/laboratorio-propio\/\" \/>\n<meta property=\"og:site_name\" content=\"Plasnor\" \/>\n<meta property=\"article:modified_time\" content=\"2024-02-05T15:11:10+00:00\" \/>\n<meta property=\"og:image\" content=\"https:\/\/wp.plasnor.com\/wp-content\/uploads\/2023\/04\/plasnor-masterbach-01.jpg\" \/>\n<meta name=\"twitter:card\" content=\"summary_large_image\" \/>\n<script type=\"application\/ld+json\" class=\"yoast-schema-graph\">{\"@context\":\"https:\/\/schema.org\",\"@graph\":[{\"@type\":\"WebPage\",\"@id\":\"https:\/\/wp.plasnor.com\/es\/extrusion\/laboratorio-propio\/\",\"url\":\"https:\/\/wp.plasnor.com\/es\/extrusion\/laboratorio-propio\/\",\"name\":\"Pl\u00e1sticos T\u00e9cnicos | Estudio y desarrollo de colores | Plasnor\",\"isPartOf\":{\"@id\":\"https:\/\/wp.plasnor.com\/es\/#website\"},\"datePublished\":\"2023-04-20T18:21:40+00:00\",\"dateModified\":\"2024-02-05T15:11:10+00:00\",\"description\":\"Disponemos de laboratorio propio para el an\u00e1lisis, estudio y desarrollo de los colores que suministramos, en todos los materiales pl\u00e1sticos, colorantes, pigmentos y aditivos.\",\"breadcrumb\":{\"@id\":\"https:\/\/wp.plasnor.com\/es\/extrusion\/laboratorio-propio\/#breadcrumb\"},\"inLanguage\":\"es\",\"potentialAction\":[{\"@type\":\"ReadAction\",\"target\":[\"https:\/\/wp.plasnor.com\/es\/extrusion\/laboratorio-propio\/\"]}]},{\"@type\":\"BreadcrumbList\",\"@id\":\"https:\/\/wp.plasnor.com\/es\/extrusion\/laboratorio-propio\/#breadcrumb\",\"itemListElement\":[{\"@type\":\"ListItem\",\"position\":1,\"name\":\"Home\",\"item\":\"https:\/\/wp.plasnor.com\/es\/\"},{\"@type\":\"ListItem\",\"position\":2,\"name\":\"Extrusi\u00f3n\",\"item\":\"https:\/\/wp.plasnor.com\/es\/extrusion\/\"},{\"@type\":\"ListItem\",\"position\":3,\"name\":\"Laboratorio propio\"}]},{\"@type\":\"WebSite\",\"@id\":\"https:\/\/wp.plasnor.com\/es\/#website\",\"url\":\"https:\/\/wp.plasnor.com\/es\/\",\"name\":\"Plasnor\",\"description\":\"Especialistas en extrusi\u00f3n y termoconformado\",\"publisher\":{\"@id\":\"https:\/\/wp.plasnor.com\/es\/#organization\"},\"alternateName\":\"Plasnor\",\"potentialAction\":[{\"@type\":\"SearchAction\",\"target\":{\"@type\":\"EntryPoint\",\"urlTemplate\":\"https:\/\/wp.plasnor.com\/es\/?s={search_term_string}\"},\"query-input\":\"required name=search_term_string\"}],\"inLanguage\":\"es\"},{\"@type\":\"Organization\",\"@id\":\"https:\/\/wp.plasnor.com\/es\/#organization\",\"name\":\"Plasnor\",\"alternateName\":\"Plasnor\",\"url\":\"https:\/\/wp.plasnor.com\/es\/\",\"logo\":{\"@type\":\"ImageObject\",\"inLanguage\":\"es\",\"@id\":\"https:\/\/wp.plasnor.com\/es\/#\/schema\/logo\/image\/\",\"url\":\"https:\/\/www.plasnor.com\/wp-content\/uploads\/2023\/04\/logotipo-plasnor.jpg\",\"contentUrl\":\"https:\/\/www.plasnor.com\/wp-content\/uploads\/2023\/04\/logotipo-plasnor.jpg\",\"width\":300,\"height\":91,\"caption\":\"Plasnor\"},\"image\":{\"@id\":\"https:\/\/wp.plasnor.com\/es\/#\/schema\/logo\/image\/\"},\"sameAs\":[\"https:\/\/www.linkedin.com\/company\/plasnor-s.a.\"]}]}<\/script>\n<!-- \/ Yoast SEO plugin. -->","yoast_head_json":{"title":"Pl\u00e1sticos T\u00e9cnicos | Estudio y desarrollo de colores | Plasnor","description":"Disponemos de laboratorio propio para el an\u00e1lisis, estudio y desarrollo de los colores que suministramos, en todos los materiales pl\u00e1sticos, colorantes, pigmentos y aditivos.","robots":{"index":"index","follow":"follow","max-snippet":"max-snippet:-1","max-image-preview":"max-image-preview:large","max-video-preview":"max-video-preview:-1"},"canonical":"https:\/\/wp.plasnor.com\/es\/extrusion\/laboratorio-propio\/","og_locale":"es_ES","og_type":"article","og_title":"Pl\u00e1sticos T\u00e9cnicos | Estudio y desarrollo de colores | Plasnor","og_description":"Disponemos de laboratorio propio para el an\u00e1lisis, estudio y desarrollo de los colores que suministramos, en todos los materiales pl\u00e1sticos, colorantes, pigmentos y aditivos.","og_url":"https:\/\/wp.plasnor.com\/es\/extrusion\/laboratorio-propio\/","og_site_name":"Plasnor","article_modified_time":"2024-02-05T15:11:10+00:00","og_image":[{"url":"https:\/\/wp.plasnor.com\/wp-content\/uploads\/2023\/04\/plasnor-masterbach-01.jpg"}],"twitter_card":"summary_large_image","schema":{"@context":"https:\/\/schema.org","@graph":[{"@type":"WebPage","@id":"https:\/\/wp.plasnor.com\/es\/extrusion\/laboratorio-propio\/","url":"https:\/\/wp.plasnor.com\/es\/extrusion\/laboratorio-propio\/","name":"Pl\u00e1sticos T\u00e9cnicos | Estudio y desarrollo de colores | Plasnor","isPartOf":{"@id":"https:\/\/wp.plasnor.com\/es\/#website"},"datePublished":"2023-04-20T18:21:40+00:00","dateModified":"2024-02-05T15:11:10+00:00","description":"Disponemos de laboratorio propio para el an\u00e1lisis, estudio y desarrollo de los colores que suministramos, en todos los materiales pl\u00e1sticos, colorantes, pigmentos y aditivos.","breadcrumb":{"@id":"https:\/\/wp.plasnor.com\/es\/extrusion\/laboratorio-propio\/#breadcrumb"},"inLanguage":"es","potentialAction":[{"@type":"ReadAction","target":["https:\/\/wp.plasnor.com\/es\/extrusion\/laboratorio-propio\/"]}]},{"@type":"BreadcrumbList","@id":"https:\/\/wp.plasnor.com\/es\/extrusion\/laboratorio-propio\/#breadcrumb","itemListElement":[{"@type":"ListItem","position":1,"name":"Home","item":"https:\/\/wp.plasnor.com\/es\/"},{"@type":"ListItem","position":2,"name":"Extrusi\u00f3n","item":"https:\/\/wp.plasnor.com\/es\/extrusion\/"},{"@type":"ListItem","position":3,"name":"Laboratorio propio"}]},{"@type":"WebSite","@id":"https:\/\/wp.plasnor.com\/es\/#website","url":"https:\/\/wp.plasnor.com\/es\/","name":"Plasnor","description":"Especialistas en extrusi\u00f3n y termoconformado","publisher":{"@id":"https:\/\/wp.plasnor.com\/es\/#organization"},"alternateName":"Plasnor","potentialAction":[{"@type":"SearchAction","target":{"@type":"EntryPoint","urlTemplate":"https:\/\/wp.plasnor.com\/es\/?s={search_term_string}"},"query-input":"required name=search_term_string"}],"inLanguage":"es"},{"@type":"Organization","@id":"https:\/\/wp.plasnor.com\/es\/#organization","name":"Plasnor","alternateName":"Plasnor","url":"https:\/\/wp.plasnor.com\/es\/","logo":{"@type":"ImageObject","inLanguage":"es","@id":"https:\/\/wp.plasnor.com\/es\/#\/schema\/logo\/image\/","url":"https:\/\/www.plasnor.com\/wp-content\/uploads\/2023\/04\/logotipo-plasnor.jpg","contentUrl":"https:\/\/www.plasnor.com\/wp-content\/uploads\/2023\/04\/logotipo-plasnor.jpg","width":300,"height":91,"caption":"Plasnor"},"image":{"@id":"https:\/\/wp.plasnor.com\/es\/#\/schema\/logo\/image\/"},"sameAs":["https:\/\/www.linkedin.com\/company\/plasnor-s.a."]}]}},"_links":{"self":[{"href":"https:\/\/wp.plasnor.com\/es\/wp-json\/wp\/v2\/pages\/93"}],"collection":[{"href":"https:\/\/wp.plasnor.com\/es\/wp-json\/wp\/v2\/pages"}],"about":[{"href":"https:\/\/wp.plasnor.com\/es\/wp-json\/wp\/v2\/types\/page"}],"author":[{"embeddable":true,"href":"https:\/\/wp.plasnor.com\/es\/wp-json\/wp\/v2\/users\/1"}],"replies":[{"embeddable":true,"href":"https:\/\/wp.plasnor.com\/es\/wp-json\/wp\/v2\/comments?post=93"}],"version-history":[{"count":0,"href":"https:\/\/wp.plasnor.com\/es\/wp-json\/wp\/v2\/pages\/93\/revisions"}],"up":[{"embeddable":true,"href":"https:\/\/wp.plasnor.com\/es\/wp-json\/wp\/v2\/pages\/23"}],"wp:attachment":[{"href":"https:\/\/wp.plasnor.com\/es\/wp-json\/wp\/v2\/media?parent=93"}],"wp:term":[{"taxonomy":"category","embeddable":true,"href":"https:\/\/wp.plasnor.com\/es\/wp-json\/wp\/v2\/categories?post=93"},{"taxonomy":"post_tag","embeddable":true,"href":"https:\/\/wp.plasnor.com\/es\/wp-json\/wp\/v2\/tags?post=93"}],"curies":[{"name":"wp","href":"https:\/\/api.w.org\/{rel}","templated":true}]}}