{"id":85,"date":"2023-04-20T20:06:15","date_gmt":"2023-04-20T18:06:15","guid":{"rendered":"https:\/\/www.plasnor.com\/?page_id=85"},"modified":"2024-04-10T09:07:47","modified_gmt":"2024-04-10T07:07:47","slug":"materiales","status":"publish","type":"page","link":"https:\/\/wp.plasnor.com\/es\/extrusion\/materiales\/","title":{"rendered":"Materiales de extrusi\u00f3n"},"content":{"rendered":"<div style=\"overflow-x:auto;\">\n<table>\n<tbody>\n<tr>\n<th>Material<\/th>\n<th>Contracci\u00f3n<\/th>\n<th>Resistencia a la tracci\u00f3n Mpa*<\/th>\n<th>Resistencia al impacto IZOD Kj\/m\u00b2**<\/th>\n<th>Caracter\u00edsticas<\/th>\n<th>Aplicaciones<\/th>\n<\/tr>\n<tr>\n<td class=\"bold\">PS de alto impacto<\/td>\n<td>0,2-0,5<\/td>\n<td>16-24<\/td>\n<td>10<\/td>\n<td>Gran facilidad de transformaci\u00f3n, buena rigidez, precio econ\u00f3mico<\/td>\n<td>Paneles y expositores publicitarios, bandejas sencillas<\/td>\n<\/tr>\n<tr>\n<td class=\"bold\">PS Antifreon<\/td>\n<td>0,2-0,5<\/td>\n<td>23,5<\/td>\n<td>10<\/td>\n<td>Facilidad de transformaci\u00f3n con resistencia qu\u00edmica mejorada a los aceites, grasas y a la inyecci\u00f3n PU<\/td>\n<td>Piezas para interiores de frigor\u00edficos y barquetas para alimentos grasos.<\/td>\n<\/tr>\n<tr>\n<td class=\"bold\">PS\/PE<\/td>\n<td>0,7-1,2<\/td>\n<td>19-20<\/td>\n<td>33<\/td>\n<td>Facilidad de transformaci\u00f3n con alta resistencia al impacto y buen\u00edsima resistencia a los aceites, alimentos grasos y agentes qu\u00edmicos<\/td>\n<td>Paneles para tractores, revestimientos internos frigor\u00edfico, recipientes y tapas para margarinas, ensaladas, etc<\/td>\n<\/tr>\n<tr>\n<td class=\"bold\">PS autoextinguible<\/td>\n<td>0,2-0,5<\/td>\n<td>22-23<\/td>\n<td>6<\/td>\n<td>Alta resistencia al fuego UL94 V0 a partir de 1,5mm<\/td>\n<td>Carcasas de maquinas de estampaci\u00f3n y fotocopiadoras, m\u00e1quinas de oficina, monitores de ordenador, etc<\/td>\n<\/tr>\n<tr>\n<td class=\"bold\">ABS<\/td>\n<td>0,4-0,9<\/td>\n<td>40-45<\/td>\n<td>25<\/td>\n<td>Gran facilidad de transformaci\u00f3n y resistencia al choque y estabilidad al calor<\/td>\n<td>Carcasas, c\u00e1rteres, bandejas de transporte de piezas<\/td>\n<\/tr>\n<tr>\n<td class=\"bold\">ABS\/PMMA<\/td>\n<td>0,4-0,8<\/td>\n<td>35-40<\/td>\n<td>20<\/td>\n<td>Facilidad de transformaci\u00f3n, buena resistencia a los UV. Bonito aspecto de superficie<\/td>\n<td>Carcasas de piezas exteriores de veh\u00edculos sin permiso de conducir, m\u00e1quinas expendedoras, puertas de muebles<\/td>\n<\/tr>\n<tr>\n<td class=\"bold\">ASA<\/td>\n<td>0,4-0,7<\/td>\n<td>48-52<\/td>\n<td>30<\/td>\n<td>Excelente resistencia a los rayos UV y gran resistencia al choque incluso en fr\u00edo, buena resistencia al rayado<\/td>\n<td>Piezas exteriores con altas exigencias de resistencia a los UV y al impacto<\/td>\n<\/tr>\n<tr>\n<td class=\"bold\">ABS\/PC<\/td>\n<td>0,4-0,8<\/td>\n<td>55-65<\/td>\n<td>50<\/td>\n<td>Extraordinaria resistencia al impacto incluso a -30\u00ba, elevada resistencia a la deformaci\u00f3n por calor.<\/td>\n<td>Cap\u00f3s, guardabarros, parachoques, piezas laterales y\/o revestimientos de veh\u00edculos o maquinaria de construcci\u00f3n<\/td>\n<\/tr>\n<tr>\n<td class=\"bold\">ABS autoextinguible<\/td>\n<td>0,4-0,9<\/td>\n<td>40-46<\/td>\n<td>12<\/td>\n<td>Similares al ABS con una gran resistencia al fuego<\/td>\n<td>Piezas con altas exigencias de resistencia al impacto y al fuego<\/td>\n<\/tr>\n<tr>\n<td class=\"bold\">ABS\/PC autoextinguible<\/td>\n<td>0,4-0,8<\/td>\n<td>53-69<\/td>\n<td>40<\/td>\n<td>Excelente comportamiento al fuego, alta resistencia al impacto, seguridad el\u00e9ctrica, resistencia a los qu\u00edmicos, a la hidr\u00f3lisis y al calor<\/td>\n<td>Asientos, revestimientos de paredes e interiores de autobuses, trenes y metros. Piezas para industria el\u00e9ctrica.<\/td>\n<\/tr>\n<\/tbody>\n<\/table>\n<\/div>\n<p>* ISO 527 D-638 5mm\/min<\/p>\n<p>** ISO 180\/1A a +23\u00baC y 4mm<\/p>\n","protected":false},"excerpt":{"rendered":"<p>Material Contracci\u00f3n Resistencia a la tracci\u00f3n Mpa* Resistencia al impacto IZOD Kj\/m\u00b2** Caracter\u00edsticas Aplicaciones PS de alto impacto &#8230; <a title=\"Materiales de extrusi\u00f3n\" class=\"read-more\" href=\"https:\/\/wp.plasnor.com\/es\/extrusion\/materiales\/\" aria-label=\"Leer m\u00e1s sobre Materiales de extrusi\u00f3n\">[ + info ]<\/a><\/p>\n","protected":false},"author":1,"featured_media":0,"parent":23,"menu_order":0,"comment_status":"closed","ping_status":"closed","template":"","meta":{"footnotes":""},"categories":[7],"tags":[],"yoast_head":"<!-- This site is optimized with the Yoast SEO plugin v22.4 - https:\/\/yoast.com\/wordpress\/plugins\/seo\/ -->\n<title>Materiales de Extrusi\u00f3n | Nuestra gama de producto | Plasnor<\/title>\n<meta name=\"description\" content=\"Descubre todos los materiales de extrusi\u00f3n y sus aplicaciones. Somos especialistas en extrusi\u00f3n de pl\u00e1sticos estir\u00e9nicos.\" \/>\n<meta name=\"robots\" content=\"index, follow, max-snippet:-1, max-image-preview:large, max-video-preview:-1\" \/>\n<link rel=\"canonical\" href=\"https:\/\/wp.plasnor.com\/es\/extrusion\/materiales\/\" \/>\n<meta property=\"og:locale\" content=\"es_ES\" \/>\n<meta property=\"og:type\" content=\"article\" \/>\n<meta property=\"og:title\" content=\"Materiales de Extrusi\u00f3n | Nuestra gama de producto | Plasnor\" \/>\n<meta property=\"og:description\" content=\"Descubre todos los materiales de extrusi\u00f3n y sus aplicaciones. Somos especialistas en extrusi\u00f3n de pl\u00e1sticos estir\u00e9nicos.\" \/>\n<meta property=\"og:url\" content=\"https:\/\/wp.plasnor.com\/es\/extrusion\/materiales\/\" \/>\n<meta property=\"og:site_name\" content=\"Plasnor\" \/>\n<meta property=\"article:modified_time\" content=\"2024-04-10T07:07:47+00:00\" \/>\n<meta property=\"og:image\" content=\"https:\/\/wp.plasnor.com\/wp-content\/uploads\/2023\/04\/logotipo-plasnor.jpg\" \/>\n\t<meta property=\"og:image:width\" content=\"300\" \/>\n\t<meta property=\"og:image:height\" content=\"91\" \/>\n\t<meta property=\"og:image:type\" content=\"image\/jpeg\" \/>\n<meta name=\"twitter:card\" content=\"summary_large_image\" \/>\n<script type=\"application\/ld+json\" class=\"yoast-schema-graph\">{\"@context\":\"https:\/\/schema.org\",\"@graph\":[{\"@type\":\"WebPage\",\"@id\":\"https:\/\/wp.plasnor.com\/es\/extrusion\/materiales\/\",\"url\":\"https:\/\/wp.plasnor.com\/es\/extrusion\/materiales\/\",\"name\":\"Materiales de Extrusi\u00f3n | Nuestra gama de producto | Plasnor\",\"isPartOf\":{\"@id\":\"https:\/\/wp.plasnor.com\/es\/#website\"},\"datePublished\":\"2023-04-20T18:06:15+00:00\",\"dateModified\":\"2024-04-10T07:07:47+00:00\",\"description\":\"Descubre todos los materiales de extrusi\u00f3n y sus aplicaciones. Somos especialistas en extrusi\u00f3n de pl\u00e1sticos estir\u00e9nicos.\",\"breadcrumb\":{\"@id\":\"https:\/\/wp.plasnor.com\/es\/extrusion\/materiales\/#breadcrumb\"},\"inLanguage\":\"es\",\"potentialAction\":[{\"@type\":\"ReadAction\",\"target\":[\"https:\/\/wp.plasnor.com\/es\/extrusion\/materiales\/\"]}]},{\"@type\":\"BreadcrumbList\",\"@id\":\"https:\/\/wp.plasnor.com\/es\/extrusion\/materiales\/#breadcrumb\",\"itemListElement\":[{\"@type\":\"ListItem\",\"position\":1,\"name\":\"Home\",\"item\":\"https:\/\/wp.plasnor.com\/es\/\"},{\"@type\":\"ListItem\",\"position\":2,\"name\":\"Extrusi\u00f3n\",\"item\":\"https:\/\/wp.plasnor.com\/es\/extrusion\/\"},{\"@type\":\"ListItem\",\"position\":3,\"name\":\"Materiales de extrusi\u00f3n\"}]},{\"@type\":\"WebSite\",\"@id\":\"https:\/\/wp.plasnor.com\/es\/#website\",\"url\":\"https:\/\/wp.plasnor.com\/es\/\",\"name\":\"Plasnor\",\"description\":\"Especialistas en extrusi\u00f3n y termoconformado\",\"publisher\":{\"@id\":\"https:\/\/wp.plasnor.com\/es\/#organization\"},\"alternateName\":\"Plasnor\",\"potentialAction\":[{\"@type\":\"SearchAction\",\"target\":{\"@type\":\"EntryPoint\",\"urlTemplate\":\"https:\/\/wp.plasnor.com\/es\/?s={search_term_string}\"},\"query-input\":\"required name=search_term_string\"}],\"inLanguage\":\"es\"},{\"@type\":\"Organization\",\"@id\":\"https:\/\/wp.plasnor.com\/es\/#organization\",\"name\":\"Plasnor\",\"alternateName\":\"Plasnor\",\"url\":\"https:\/\/wp.plasnor.com\/es\/\",\"logo\":{\"@type\":\"ImageObject\",\"inLanguage\":\"es\",\"@id\":\"https:\/\/wp.plasnor.com\/es\/#\/schema\/logo\/image\/\",\"url\":\"https:\/\/www.plasnor.com\/wp-content\/uploads\/2023\/04\/logotipo-plasnor.jpg\",\"contentUrl\":\"https:\/\/www.plasnor.com\/wp-content\/uploads\/2023\/04\/logotipo-plasnor.jpg\",\"width\":300,\"height\":91,\"caption\":\"Plasnor\"},\"image\":{\"@id\":\"https:\/\/wp.plasnor.com\/es\/#\/schema\/logo\/image\/\"},\"sameAs\":[\"https:\/\/www.linkedin.com\/company\/plasnor-s.a.\"]}]}<\/script>\n<!-- \/ Yoast SEO plugin. -->","yoast_head_json":{"title":"Materiales de Extrusi\u00f3n | Nuestra gama de producto | Plasnor","description":"Descubre todos los materiales de extrusi\u00f3n y sus aplicaciones. Somos especialistas en extrusi\u00f3n de pl\u00e1sticos estir\u00e9nicos.","robots":{"index":"index","follow":"follow","max-snippet":"max-snippet:-1","max-image-preview":"max-image-preview:large","max-video-preview":"max-video-preview:-1"},"canonical":"https:\/\/wp.plasnor.com\/es\/extrusion\/materiales\/","og_locale":"es_ES","og_type":"article","og_title":"Materiales de Extrusi\u00f3n | Nuestra gama de producto | Plasnor","og_description":"Descubre todos los materiales de extrusi\u00f3n y sus aplicaciones. Somos especialistas en extrusi\u00f3n de pl\u00e1sticos estir\u00e9nicos.","og_url":"https:\/\/wp.plasnor.com\/es\/extrusion\/materiales\/","og_site_name":"Plasnor","article_modified_time":"2024-04-10T07:07:47+00:00","og_image":[{"width":300,"height":91,"url":"https:\/\/wp.plasnor.com\/wp-content\/uploads\/2023\/04\/logotipo-plasnor.jpg","type":"image\/jpeg"}],"twitter_card":"summary_large_image","schema":{"@context":"https:\/\/schema.org","@graph":[{"@type":"WebPage","@id":"https:\/\/wp.plasnor.com\/es\/extrusion\/materiales\/","url":"https:\/\/wp.plasnor.com\/es\/extrusion\/materiales\/","name":"Materiales de Extrusi\u00f3n | Nuestra gama de producto | Plasnor","isPartOf":{"@id":"https:\/\/wp.plasnor.com\/es\/#website"},"datePublished":"2023-04-20T18:06:15+00:00","dateModified":"2024-04-10T07:07:47+00:00","description":"Descubre todos los materiales de extrusi\u00f3n y sus aplicaciones. Somos especialistas en extrusi\u00f3n de pl\u00e1sticos estir\u00e9nicos.","breadcrumb":{"@id":"https:\/\/wp.plasnor.com\/es\/extrusion\/materiales\/#breadcrumb"},"inLanguage":"es","potentialAction":[{"@type":"ReadAction","target":["https:\/\/wp.plasnor.com\/es\/extrusion\/materiales\/"]}]},{"@type":"BreadcrumbList","@id":"https:\/\/wp.plasnor.com\/es\/extrusion\/materiales\/#breadcrumb","itemListElement":[{"@type":"ListItem","position":1,"name":"Home","item":"https:\/\/wp.plasnor.com\/es\/"},{"@type":"ListItem","position":2,"name":"Extrusi\u00f3n","item":"https:\/\/wp.plasnor.com\/es\/extrusion\/"},{"@type":"ListItem","position":3,"name":"Materiales de extrusi\u00f3n"}]},{"@type":"WebSite","@id":"https:\/\/wp.plasnor.com\/es\/#website","url":"https:\/\/wp.plasnor.com\/es\/","name":"Plasnor","description":"Especialistas en extrusi\u00f3n y termoconformado","publisher":{"@id":"https:\/\/wp.plasnor.com\/es\/#organization"},"alternateName":"Plasnor","potentialAction":[{"@type":"SearchAction","target":{"@type":"EntryPoint","urlTemplate":"https:\/\/wp.plasnor.com\/es\/?s={search_term_string}"},"query-input":"required name=search_term_string"}],"inLanguage":"es"},{"@type":"Organization","@id":"https:\/\/wp.plasnor.com\/es\/#organization","name":"Plasnor","alternateName":"Plasnor","url":"https:\/\/wp.plasnor.com\/es\/","logo":{"@type":"ImageObject","inLanguage":"es","@id":"https:\/\/wp.plasnor.com\/es\/#\/schema\/logo\/image\/","url":"https:\/\/www.plasnor.com\/wp-content\/uploads\/2023\/04\/logotipo-plasnor.jpg","contentUrl":"https:\/\/www.plasnor.com\/wp-content\/uploads\/2023\/04\/logotipo-plasnor.jpg","width":300,"height":91,"caption":"Plasnor"},"image":{"@id":"https:\/\/wp.plasnor.com\/es\/#\/schema\/logo\/image\/"},"sameAs":["https:\/\/www.linkedin.com\/company\/plasnor-s.a."]}]}},"_links":{"self":[{"href":"https:\/\/wp.plasnor.com\/es\/wp-json\/wp\/v2\/pages\/85"}],"collection":[{"href":"https:\/\/wp.plasnor.com\/es\/wp-json\/wp\/v2\/pages"}],"about":[{"href":"https:\/\/wp.plasnor.com\/es\/wp-json\/wp\/v2\/types\/page"}],"author":[{"embeddable":true,"href":"https:\/\/wp.plasnor.com\/es\/wp-json\/wp\/v2\/users\/1"}],"replies":[{"embeddable":true,"href":"https:\/\/wp.plasnor.com\/es\/wp-json\/wp\/v2\/comments?post=85"}],"version-history":[{"count":2,"href":"https:\/\/wp.plasnor.com\/es\/wp-json\/wp\/v2\/pages\/85\/revisions"}],"predecessor-version":[{"id":18520,"href":"https:\/\/wp.plasnor.com\/es\/wp-json\/wp\/v2\/pages\/85\/revisions\/18520"}],"up":[{"embeddable":true,"href":"https:\/\/wp.plasnor.com\/es\/wp-json\/wp\/v2\/pages\/23"}],"wp:attachment":[{"href":"https:\/\/wp.plasnor.com\/es\/wp-json\/wp\/v2\/media?parent=85"}],"wp:term":[{"taxonomy":"category","embeddable":true,"href":"https:\/\/wp.plasnor.com\/es\/wp-json\/wp\/v2\/categories?post=85"},{"taxonomy":"post_tag","embeddable":true,"href":"https:\/\/wp.plasnor.com\/es\/wp-json\/wp\/v2\/tags?post=85"}],"curies":[{"name":"wp","href":"https:\/\/api.w.org\/{rel}","templated":true}]}}