{"id":18695,"date":"2024-05-15T10:43:50","date_gmt":"2024-05-15T08:43:50","guid":{"rendered":"https:\/\/wp.plasnor.com\/?page_id=18695"},"modified":"2024-05-21T11:51:49","modified_gmt":"2024-05-21T09:51:49","slug":"sostenibilidad","status":"publish","type":"page","link":"https:\/\/wp.plasnor.com\/es\/sostenibilidad\/","title":{"rendered":"Sostenibilidad"},"content":{"rendered":"<div id=\"pl-18695\"  class=\"panel-layout\" ><div id=\"pg-18695-0\"  class=\"panel-grid panel-no-style\" ><div id=\"pgc-18695-0-0\"  class=\"panel-grid-cell\" ><div id=\"panel-18695-0-0-0\" class=\"so-panel widget widget_sow-editor panel-first-child\" data-index=\"0\" ><div\n\t\t\t\n\t\t\tclass=\"so-widget-sow-editor so-widget-sow-editor-base\"\n\t\t\t\n\t\t>\n<div class=\"siteorigin-widget-tinymce textwidget\">\n\t<\/div>\n<\/div><\/div><div id=\"panel-18695-0-0-1\" class=\"so-panel widget widget_sow-editor panel-last-child\" data-index=\"1\" ><div\n\t\t\t\n\t\t\tclass=\"so-widget-sow-editor so-widget-sow-editor-base\"\n\t\t\t\n\t\t>\n<div class=\"siteorigin-widget-tinymce textwidget\">\n\t<p style=\"text-align: center;\">Otro de los sectores que cada vez utiliza m\u00e1s materiares termoconformados son las <strong><em>bandejas forestales<\/em><\/strong>. En Plasnor elaboramos bandejas forestales de diferentes dimensiones y soportes para el autorepicado. Contamos con ocho modelos y hacemos todo con material reciclado. Tambi\u00e9n podemos hacer bandejas a medida, seg\u00fan la necesidad y el dise\u00f1o del cliente.<\/p>\n<\/div>\n<\/div><\/div><\/div><\/div><div id=\"pg-18695-1\"  class=\"panel-grid panel-no-style\" ><div id=\"pgc-18695-1-0\"  class=\"panel-grid-cell\" ><div id=\"panel-18695-1-0-0\" class=\"so-panel widget widget_sow-image panel-first-child\" data-index=\"2\" ><div\n\t\t\t\n\t\t\tclass=\"so-widget-sow-image so-widget-sow-image-default-113ccd71f3e6-18695\"\n\t\t\t\n\t\t>\n\n<div class=\"sow-image-container\">\n\t\t<img loading=\"lazy\" decoding=\"async\" src=\"https:\/\/wp.plasnor.com\/wp-content\/uploads\/2024\/05\/g8e5a5c8bbcbdd5bf8c3e6c4efd33677e5b888cd3def2c4a8d1468458a392a9d64ac99f4d725437ab7e4b2b027cca9cd5_1920-150x150.png\" width=\"150\" height=\"150\" srcset=\"https:\/\/wp.plasnor.com\/wp-content\/uploads\/2024\/05\/g8e5a5c8bbcbdd5bf8c3e6c4efd33677e5b888cd3def2c4a8d1468458a392a9d64ac99f4d725437ab7e4b2b027cca9cd5_1920-150x150.png 150w, https:\/\/wp.plasnor.com\/wp-content\/uploads\/2024\/05\/g8e5a5c8bbcbdd5bf8c3e6c4efd33677e5b888cd3def2c4a8d1468458a392a9d64ac99f4d725437ab7e4b2b027cca9cd5_1920-300x300.png 300w, https:\/\/wp.plasnor.com\/wp-content\/uploads\/2024\/05\/g8e5a5c8bbcbdd5bf8c3e6c4efd33677e5b888cd3def2c4a8d1468458a392a9d64ac99f4d725437ab7e4b2b027cca9cd5_1920-1024x1024.png 1024w, https:\/\/wp.plasnor.com\/wp-content\/uploads\/2024\/05\/g8e5a5c8bbcbdd5bf8c3e6c4efd33677e5b888cd3def2c4a8d1468458a392a9d64ac99f4d725437ab7e4b2b027cca9cd5_1920-768x768.png 768w, https:\/\/wp.plasnor.com\/wp-content\/uploads\/2024\/05\/g8e5a5c8bbcbdd5bf8c3e6c4efd33677e5b888cd3def2c4a8d1468458a392a9d64ac99f4d725437ab7e4b2b027cca9cd5_1920-1536x1536.png 1536w, https:\/\/wp.plasnor.com\/wp-content\/uploads\/2024\/05\/g8e5a5c8bbcbdd5bf8c3e6c4efd33677e5b888cd3def2c4a8d1468458a392a9d64ac99f4d725437ab7e4b2b027cca9cd5_1920-375x375.png 375w, https:\/\/wp.plasnor.com\/wp-content\/uploads\/2024\/05\/g8e5a5c8bbcbdd5bf8c3e6c4efd33677e5b888cd3def2c4a8d1468458a392a9d64ac99f4d725437ab7e4b2b027cca9cd5_1920.png 1920w\" sizes=\"(max-width: 150px) 100vw, 150px\" title=\"Paper 2mm\" alt=\"\" \t\tclass=\"so-widget-image\"\/>\n\t<\/div>\n\n<h3 class=\"widget-title\">Paper 2mm<\/h3><\/div><\/div><div id=\"panel-18695-1-0-1\" class=\"so-panel widget widget_sow-features panel-last-child\" data-index=\"3\" ><div\n\t\t\t\n\t\t\tclass=\"so-widget-sow-features so-widget-sow-features-default-bc8041be3f5b-18695\"\n\t\t\t\n\t\t>\n<div class=\"sow-features-list sow-features-responsive\">\n\n\t\t\t\t\n<\/div>\n<\/div><\/div><\/div><div id=\"pgc-18695-1-1\"  class=\"panel-grid-cell panel-grid-cell-empty panel-grid-cell-mobile-last\" ><\/div><div id=\"pgc-18695-1-2\"  class=\"panel-grid-cell panel-grid-cell-empty\" ><\/div><\/div><div id=\"pg-18695-2\"  class=\"panel-grid panel-no-style\" ><div id=\"pgc-18695-2-0\"  class=\"panel-grid-cell\" ><div id=\"panel-18695-2-0-0\" class=\"so-panel widget widget_sow-headline panel-first-child\" data-index=\"4\" ><div\n\t\t\t\n\t\t\tclass=\"so-widget-sow-headline so-widget-sow-headline-default-ec1eb4cebc48-18695\"\n\t\t\t\n\t\t><div class=\"sow-headline-container \">\n\t\t\t\t\t\t\t<h2 class=\"sow-headline\">\n\t\t\t\t\t\tDESCARGABLES\t\t\t\t\t\t<\/h2>\n\t\t\t\t\t\t\t\t\t\t\t<div class=\"decoration\">\n\t\t\t\t\t\t<div class=\"decoration-inside\"><\/div>\n\t\t\t\t\t<\/div>\n\t\t\t\t\t<\/div>\n<\/div><\/div><div id=\"panel-18695-2-0-1\" class=\"so-panel widget widget_siteorigin-panels-builder panel-last-child\" data-index=\"5\" ><div id=\"pl-w664c6eb55a3e5\"  class=\"panel-layout\" ><div id=\"pg-w664c6eb55a3e5-0\"  class=\"panel-grid panel-no-style\" ><div id=\"pgc-w664c6eb55a3e5-0-0\"  class=\"panel-grid-cell\" ><div id=\"panel-w664c6eb55a3e5-0-0-0\" class=\"so-panel widget widget_sow-image panel-first-child\" data-index=\"0\" ><div\n\t\t\t\n\t\t\tclass=\"so-widget-sow-image so-widget-sow-image-default-113ccd71f3e6\"\n\t\t\t\n\t\t>\n\n<div class=\"sow-image-container\">\n\t\t\t<a href=\"https:\/\/wp.plasnor.com\/wp-content\/uploads\/2024\/05\/castellano-CRISTAL-ACRYLIC-2MM.pdf\"\n\t\t\ttarget=\"_blank\" rel=\"noopener noreferrer\" \t\t>\n\t\t\t<img loading=\"lazy\" decoding=\"async\" src=\"https:\/\/wp.plasnor.com\/wp-content\/uploads\/2024\/05\/g8e5a5c8bbcbdd5bf8c3e6c4efd33677e5b888cd3def2c4a8d1468458a392a9d64ac99f4d725437ab7e4b2b027cca9cd5_1920-150x150.png\" width=\"75\" height=\"75\" srcset=\"https:\/\/wp.plasnor.com\/wp-content\/uploads\/2024\/05\/g8e5a5c8bbcbdd5bf8c3e6c4efd33677e5b888cd3def2c4a8d1468458a392a9d64ac99f4d725437ab7e4b2b027cca9cd5_1920-150x150.png 150w, https:\/\/wp.plasnor.com\/wp-content\/uploads\/2024\/05\/g8e5a5c8bbcbdd5bf8c3e6c4efd33677e5b888cd3def2c4a8d1468458a392a9d64ac99f4d725437ab7e4b2b027cca9cd5_1920-300x300.png 300w, https:\/\/wp.plasnor.com\/wp-content\/uploads\/2024\/05\/g8e5a5c8bbcbdd5bf8c3e6c4efd33677e5b888cd3def2c4a8d1468458a392a9d64ac99f4d725437ab7e4b2b027cca9cd5_1920-1024x1024.png 1024w, https:\/\/wp.plasnor.com\/wp-content\/uploads\/2024\/05\/g8e5a5c8bbcbdd5bf8c3e6c4efd33677e5b888cd3def2c4a8d1468458a392a9d64ac99f4d725437ab7e4b2b027cca9cd5_1920-768x768.png 768w, https:\/\/wp.plasnor.com\/wp-content\/uploads\/2024\/05\/g8e5a5c8bbcbdd5bf8c3e6c4efd33677e5b888cd3def2c4a8d1468458a392a9d64ac99f4d725437ab7e4b2b027cca9cd5_1920-1536x1536.png 1536w, https:\/\/wp.plasnor.com\/wp-content\/uploads\/2024\/05\/g8e5a5c8bbcbdd5bf8c3e6c4efd33677e5b888cd3def2c4a8d1468458a392a9d64ac99f4d725437ab7e4b2b027cca9cd5_1920-375x375.png 375w, https:\/\/wp.plasnor.com\/wp-content\/uploads\/2024\/05\/g8e5a5c8bbcbdd5bf8c3e6c4efd33677e5b888cd3def2c4a8d1468458a392a9d64ac99f4d725437ab7e4b2b027cca9cd5_1920.png 1920w\" sizes=\"(max-width: 75px) 100vw, 75px\" alt=\"\" \t\tclass=\"so-widget-image\"\/>\n\t<\/a><\/div>\n\n<\/div><\/div><div id=\"panel-w664c6eb55a3e5-0-0-1\" class=\"so-panel widget widget_sow-headline panel-last-child\" data-index=\"1\" ><div\n\t\t\t\n\t\t\tclass=\"so-widget-sow-headline so-widget-sow-headline-default-7c1c798d2e7f\"\n\t\t\t\n\t\t><div class=\"sow-headline-container \">\n\t\t\t\t\t\t\t<h2 class=\"sow-headline\">\n\t\t\t\t\t\t\t\t\t\t\t\t\t<a href=\"https:\/\/wp.plasnor.com\/wp-content\/uploads\/2024\/05\/castellano-CRISTAL-ACRYLIC-2MM.pdf\" target=\"_blank\" rel=\"noopener noreferrer\">\n\t\t\t\t\t\t\t\tCRYSTAL ACRYLIC 2 MM<\/a>\t\t\t\t\t\t<\/h2>\n\t\t\t\t\t\t<\/div>\n<\/div><\/div><\/div><div id=\"pgc-w664c6eb55a3e5-0-1\"  class=\"panel-grid-cell\" ><div id=\"panel-w664c6eb55a3e5-0-1-0\" class=\"so-panel widget widget_sow-image panel-first-child\" data-index=\"2\" ><div\n\t\t\t\n\t\t\tclass=\"so-widget-sow-image so-widget-sow-image-default-113ccd71f3e6\"\n\t\t\t\n\t\t>\n\n<div class=\"sow-image-container\">\n\t\t\t<a href=\"https:\/\/wp.plasnor.com\/wp-content\/uploads\/2024\/05\/PLASTICPAPERCastellano.pdf\"\n\t\t\ttarget=\"_blank\" rel=\"noopener noreferrer\" \t\t>\n\t\t\t<img loading=\"lazy\" decoding=\"async\" src=\"https:\/\/wp.plasnor.com\/wp-content\/uploads\/2024\/05\/g1ba98fd8f2956be3aa1234c235b3bbfaa883efb4139159dd040f84e5e94b40e6a086d4a51641b7834fbe6f500737c51c_1920-150x150.png\" width=\"75\" height=\"75\" srcset=\"https:\/\/wp.plasnor.com\/wp-content\/uploads\/2024\/05\/g1ba98fd8f2956be3aa1234c235b3bbfaa883efb4139159dd040f84e5e94b40e6a086d4a51641b7834fbe6f500737c51c_1920-150x150.png 150w, https:\/\/wp.plasnor.com\/wp-content\/uploads\/2024\/05\/g1ba98fd8f2956be3aa1234c235b3bbfaa883efb4139159dd040f84e5e94b40e6a086d4a51641b7834fbe6f500737c51c_1920-300x300.png 300w, https:\/\/wp.plasnor.com\/wp-content\/uploads\/2024\/05\/g1ba98fd8f2956be3aa1234c235b3bbfaa883efb4139159dd040f84e5e94b40e6a086d4a51641b7834fbe6f500737c51c_1920-1024x1024.png 1024w, https:\/\/wp.plasnor.com\/wp-content\/uploads\/2024\/05\/g1ba98fd8f2956be3aa1234c235b3bbfaa883efb4139159dd040f84e5e94b40e6a086d4a51641b7834fbe6f500737c51c_1920-768x768.png 768w, https:\/\/wp.plasnor.com\/wp-content\/uploads\/2024\/05\/g1ba98fd8f2956be3aa1234c235b3bbfaa883efb4139159dd040f84e5e94b40e6a086d4a51641b7834fbe6f500737c51c_1920-1536x1536.png 1536w, https:\/\/wp.plasnor.com\/wp-content\/uploads\/2024\/05\/g1ba98fd8f2956be3aa1234c235b3bbfaa883efb4139159dd040f84e5e94b40e6a086d4a51641b7834fbe6f500737c51c_1920-375x375.png 375w, https:\/\/wp.plasnor.com\/wp-content\/uploads\/2024\/05\/g1ba98fd8f2956be3aa1234c235b3bbfaa883efb4139159dd040f84e5e94b40e6a086d4a51641b7834fbe6f500737c51c_1920.png 1920w\" sizes=\"(max-width: 75px) 100vw, 75px\" title=\" GRABADOS\" alt=\"\" \t\tclass=\"so-widget-image\"\/>\n\t<\/a><\/div>\n\n<\/div><\/div><div id=\"panel-w664c6eb55a3e5-0-1-1\" class=\"so-panel widget widget_sow-headline panel-last-child\" data-index=\"3\" ><div\n\t\t\t\n\t\t\tclass=\"so-widget-sow-headline so-widget-sow-headline-default-7c1c798d2e7f\"\n\t\t\t\n\t\t><div class=\"sow-headline-container \">\n\t\t\t\t\t\t\t<h2 class=\"sow-headline\">\n\t\t\t\t\t\t\t\t\t\t\t\t\t<a href=\"https:\/\/wp.plasnor.com\/wp-content\/uploads\/2024\/05\/PLASTICPAPERCastellano.pdf\" target=\"_blank\" rel=\"noopener noreferrer\">\n\t\t\t\t\t\t\t\tGAMA DE GRABADOS<\/a>\t\t\t\t\t\t<\/h2>\n\t\t\t\t\t\t<\/div>\n<\/div><\/div><\/div><div id=\"pgc-w664c6eb55a3e5-0-2\"  class=\"panel-grid-cell\" ><div id=\"panel-w664c6eb55a3e5-0-2-0\" class=\"so-panel widget widget_sow-image panel-first-child\" data-index=\"4\" ><div\n\t\t\t\n\t\t\tclass=\"so-widget-sow-image so-widget-sow-image-default-113ccd71f3e6\"\n\t\t\t\n\t\t>\n\n<div class=\"sow-image-container\">\n\t\t\t<a href=\"https:\/\/wp.plasnor.com\/wp-content\/uploads\/2024\/05\/PAPER-AGRICOLA.jpg\"\n\t\t\ttarget=\"_blank\" rel=\"noopener noreferrer\" \t\t>\n\t\t\t<img loading=\"lazy\" decoding=\"async\" src=\"https:\/\/wp.plasnor.com\/wp-content\/uploads\/2024\/05\/png-clipart-tractor-agricultural-machinery-computer-icons-agriculture-tractor-logo-agriculture-Photoroom.png-Photoroom-150x150.png\" width=\"75\" height=\"75\" srcset=\"https:\/\/wp.plasnor.com\/wp-content\/uploads\/2024\/05\/png-clipart-tractor-agricultural-machinery-computer-icons-agriculture-tractor-logo-agriculture-Photoroom.png-Photoroom-150x150.png 150w, https:\/\/wp.plasnor.com\/wp-content\/uploads\/2024\/05\/png-clipart-tractor-agricultural-machinery-computer-icons-agriculture-tractor-logo-agriculture-Photoroom.png-Photoroom-375x375.png 375w\" sizes=\"(max-width: 75px) 100vw, 75px\" alt=\"\" \t\tclass=\"so-widget-image\"\/>\n\t<\/a><\/div>\n\n<\/div><\/div><div id=\"panel-w664c6eb55a3e5-0-2-1\" class=\"so-panel widget widget_sow-headline panel-last-child\" data-index=\"5\" ><div\n\t\t\t\n\t\t\tclass=\"so-widget-sow-headline so-widget-sow-headline-default-7c1c798d2e7f\"\n\t\t\t\n\t\t><div class=\"sow-headline-container \">\n\t\t\t\t\t\t\t<h2 class=\"sow-headline\">\n\t\t\t\t\t\t\t\t\t\t\t\t\t<a href=\"https:\/\/wp.plasnor.com\/wp-content\/uploads\/2024\/05\/PAPER-AGRICOLA.jpg\" target=\"_blank\" rel=\"noopener noreferrer\">\n\t\t\t\t\t\t\t\tPRODUCTOS PARA AGRICOLA<\/a>\t\t\t\t\t\t<\/h2>\n\t\t\t\t\t\t<\/div>\n<\/div><\/div><\/div><\/div><\/div><\/div><\/div><\/div><\/div>","protected":false},"excerpt":{"rendered":"<p>Otro de los sectores que cada vez utiliza m\u00e1s materiares termoconformados son las bandejas forestales. En Plasnor elaboramos &#8230; <a title=\"Sostenibilidad\" class=\"read-more\" href=\"https:\/\/wp.plasnor.com\/es\/sostenibilidad\/\" aria-label=\"Leer m\u00e1s sobre Sostenibilidad\">[ + info ]<\/a><\/p>\n","protected":false},"author":4,"featured_media":0,"parent":0,"menu_order":0,"comment_status":"closed","ping_status":"closed","template":"","meta":{"footnotes":""},"categories":[],"tags":[],"yoast_head":"<!-- This site is optimized with the Yoast SEO plugin v22.4 - https:\/\/yoast.com\/wordpress\/plugins\/seo\/ -->\n<title>Sostenibilidad - Plasnor<\/title>\n<meta name=\"robots\" content=\"index, follow, max-snippet:-1, max-image-preview:large, max-video-preview:-1\" \/>\n<link rel=\"canonical\" href=\"https:\/\/wp.plasnor.com\/es\/sostenibilidad\/\" \/>\n<meta property=\"og:locale\" content=\"es_ES\" \/>\n<meta property=\"og:type\" content=\"article\" \/>\n<meta property=\"og:title\" content=\"Sostenibilidad - Plasnor\" \/>\n<meta property=\"og:description\" content=\"Otro de los sectores que cada vez utiliza m\u00e1s materiares termoconformados son las bandejas forestales. En Plasnor elaboramos ... [ + info ]\" \/>\n<meta property=\"og:url\" content=\"https:\/\/wp.plasnor.com\/es\/sostenibilidad\/\" \/>\n<meta property=\"og:site_name\" content=\"Plasnor\" \/>\n<meta property=\"article:modified_time\" content=\"2024-05-21T09:51:49+00:00\" \/>\n<meta property=\"og:image\" content=\"https:\/\/wp.plasnor.com\/wp-content\/uploads\/2023\/04\/logotipo-plasnor.jpg\" \/>\n\t<meta property=\"og:image:width\" content=\"300\" \/>\n\t<meta property=\"og:image:height\" content=\"91\" \/>\n\t<meta property=\"og:image:type\" content=\"image\/jpeg\" \/>\n<meta name=\"twitter:card\" content=\"summary_large_image\" \/>\n<script type=\"application\/ld+json\" class=\"yoast-schema-graph\">{\"@context\":\"https:\/\/schema.org\",\"@graph\":[{\"@type\":\"WebPage\",\"@id\":\"https:\/\/wp.plasnor.com\/es\/sostenibilidad\/\",\"url\":\"https:\/\/wp.plasnor.com\/es\/sostenibilidad\/\",\"name\":\"Sostenibilidad - Plasnor\",\"isPartOf\":{\"@id\":\"https:\/\/wp.plasnor.com\/es\/#website\"},\"datePublished\":\"2024-05-15T08:43:50+00:00\",\"dateModified\":\"2024-05-21T09:51:49+00:00\",\"breadcrumb\":{\"@id\":\"https:\/\/wp.plasnor.com\/es\/sostenibilidad\/#breadcrumb\"},\"inLanguage\":\"es\",\"potentialAction\":[{\"@type\":\"ReadAction\",\"target\":[\"https:\/\/wp.plasnor.com\/es\/sostenibilidad\/\"]}]},{\"@type\":\"BreadcrumbList\",\"@id\":\"https:\/\/wp.plasnor.com\/es\/sostenibilidad\/#breadcrumb\",\"itemListElement\":[{\"@type\":\"ListItem\",\"position\":1,\"name\":\"Home\",\"item\":\"https:\/\/wp.plasnor.com\/es\/\"},{\"@type\":\"ListItem\",\"position\":2,\"name\":\"Sostenibilidad\"}]},{\"@type\":\"WebSite\",\"@id\":\"https:\/\/wp.plasnor.com\/es\/#website\",\"url\":\"https:\/\/wp.plasnor.com\/es\/\",\"name\":\"Plasnor\",\"description\":\"Especialistas en extrusi\u00f3n y termoconformado\",\"publisher\":{\"@id\":\"https:\/\/wp.plasnor.com\/es\/#organization\"},\"alternateName\":\"Plasnor\",\"potentialAction\":[{\"@type\":\"SearchAction\",\"target\":{\"@type\":\"EntryPoint\",\"urlTemplate\":\"https:\/\/wp.plasnor.com\/es\/?s={search_term_string}\"},\"query-input\":\"required name=search_term_string\"}],\"inLanguage\":\"es\"},{\"@type\":\"Organization\",\"@id\":\"https:\/\/wp.plasnor.com\/es\/#organization\",\"name\":\"Plasnor\",\"alternateName\":\"Plasnor\",\"url\":\"https:\/\/wp.plasnor.com\/es\/\",\"logo\":{\"@type\":\"ImageObject\",\"inLanguage\":\"es\",\"@id\":\"https:\/\/wp.plasnor.com\/es\/#\/schema\/logo\/image\/\",\"url\":\"https:\/\/www.plasnor.com\/wp-content\/uploads\/2023\/04\/logotipo-plasnor.jpg\",\"contentUrl\":\"https:\/\/www.plasnor.com\/wp-content\/uploads\/2023\/04\/logotipo-plasnor.jpg\",\"width\":300,\"height\":91,\"caption\":\"Plasnor\"},\"image\":{\"@id\":\"https:\/\/wp.plasnor.com\/es\/#\/schema\/logo\/image\/\"},\"sameAs\":[\"https:\/\/www.linkedin.com\/company\/plasnor-s.a.\"]}]}<\/script>\n<!-- \/ Yoast SEO plugin. -->","yoast_head_json":{"title":"Sostenibilidad - Plasnor","robots":{"index":"index","follow":"follow","max-snippet":"max-snippet:-1","max-image-preview":"max-image-preview:large","max-video-preview":"max-video-preview:-1"},"canonical":"https:\/\/wp.plasnor.com\/es\/sostenibilidad\/","og_locale":"es_ES","og_type":"article","og_title":"Sostenibilidad - Plasnor","og_description":"Otro de los sectores que cada vez utiliza m\u00e1s materiares termoconformados son las bandejas forestales. En Plasnor elaboramos ... [ + info ]","og_url":"https:\/\/wp.plasnor.com\/es\/sostenibilidad\/","og_site_name":"Plasnor","article_modified_time":"2024-05-21T09:51:49+00:00","og_image":[{"width":300,"height":91,"url":"https:\/\/wp.plasnor.com\/wp-content\/uploads\/2023\/04\/logotipo-plasnor.jpg","type":"image\/jpeg"}],"twitter_card":"summary_large_image","schema":{"@context":"https:\/\/schema.org","@graph":[{"@type":"WebPage","@id":"https:\/\/wp.plasnor.com\/es\/sostenibilidad\/","url":"https:\/\/wp.plasnor.com\/es\/sostenibilidad\/","name":"Sostenibilidad - Plasnor","isPartOf":{"@id":"https:\/\/wp.plasnor.com\/es\/#website"},"datePublished":"2024-05-15T08:43:50+00:00","dateModified":"2024-05-21T09:51:49+00:00","breadcrumb":{"@id":"https:\/\/wp.plasnor.com\/es\/sostenibilidad\/#breadcrumb"},"inLanguage":"es","potentialAction":[{"@type":"ReadAction","target":["https:\/\/wp.plasnor.com\/es\/sostenibilidad\/"]}]},{"@type":"BreadcrumbList","@id":"https:\/\/wp.plasnor.com\/es\/sostenibilidad\/#breadcrumb","itemListElement":[{"@type":"ListItem","position":1,"name":"Home","item":"https:\/\/wp.plasnor.com\/es\/"},{"@type":"ListItem","position":2,"name":"Sostenibilidad"}]},{"@type":"WebSite","@id":"https:\/\/wp.plasnor.com\/es\/#website","url":"https:\/\/wp.plasnor.com\/es\/","name":"Plasnor","description":"Especialistas en extrusi\u00f3n y termoconformado","publisher":{"@id":"https:\/\/wp.plasnor.com\/es\/#organization"},"alternateName":"Plasnor","potentialAction":[{"@type":"SearchAction","target":{"@type":"EntryPoint","urlTemplate":"https:\/\/wp.plasnor.com\/es\/?s={search_term_string}"},"query-input":"required name=search_term_string"}],"inLanguage":"es"},{"@type":"Organization","@id":"https:\/\/wp.plasnor.com\/es\/#organization","name":"Plasnor","alternateName":"Plasnor","url":"https:\/\/wp.plasnor.com\/es\/","logo":{"@type":"ImageObject","inLanguage":"es","@id":"https:\/\/wp.plasnor.com\/es\/#\/schema\/logo\/image\/","url":"https:\/\/www.plasnor.com\/wp-content\/uploads\/2023\/04\/logotipo-plasnor.jpg","contentUrl":"https:\/\/www.plasnor.com\/wp-content\/uploads\/2023\/04\/logotipo-plasnor.jpg","width":300,"height":91,"caption":"Plasnor"},"image":{"@id":"https:\/\/wp.plasnor.com\/es\/#\/schema\/logo\/image\/"},"sameAs":["https:\/\/www.linkedin.com\/company\/plasnor-s.a."]}]}},"_links":{"self":[{"href":"https:\/\/wp.plasnor.com\/es\/wp-json\/wp\/v2\/pages\/18695"}],"collection":[{"href":"https:\/\/wp.plasnor.com\/es\/wp-json\/wp\/v2\/pages"}],"about":[{"href":"https:\/\/wp.plasnor.com\/es\/wp-json\/wp\/v2\/types\/page"}],"author":[{"embeddable":true,"href":"https:\/\/wp.plasnor.com\/es\/wp-json\/wp\/v2\/users\/4"}],"replies":[{"embeddable":true,"href":"https:\/\/wp.plasnor.com\/es\/wp-json\/wp\/v2\/comments?post=18695"}],"version-history":[{"count":45,"href":"https:\/\/wp.plasnor.com\/es\/wp-json\/wp\/v2\/pages\/18695\/revisions"}],"predecessor-version":[{"id":18861,"href":"https:\/\/wp.plasnor.com\/es\/wp-json\/wp\/v2\/pages\/18695\/revisions\/18861"}],"wp:attachment":[{"href":"https:\/\/wp.plasnor.com\/es\/wp-json\/wp\/v2\/media?parent=18695"}],"wp:term":[{"taxonomy":"category","embeddable":true,"href":"https:\/\/wp.plasnor.com\/es\/wp-json\/wp\/v2\/categories?post=18695"},{"taxonomy":"post_tag","embeddable":true,"href":"https:\/\/wp.plasnor.com\/es\/wp-json\/wp\/v2\/tags?post=18695"}],"curies":[{"name":"wp","href":"https:\/\/api.w.org\/{rel}","templated":true}]}}