{"id":15005,"date":"2023-04-24T11:31:25","date_gmt":"2023-04-24T09:31:25","guid":{"rendered":"https:\/\/www.plasnor.com\/?page_id=15005"},"modified":"2024-02-05T16:59:16","modified_gmt":"2024-02-05T15:59:16","slug":"materiales","status":"publish","type":"page","link":"https:\/\/wp.plasnor.com\/es\/termoconformado\/materiales\/","title":{"rendered":"Materiales de termoconformado"},"content":{"rendered":"<p>Para cada aplicaci\u00f3n y proyecto elaborado con <em><strong>materiales de termoconformado<\/strong><\/em> se define un material espec\u00edfico. Por ello, en Plasnor asesoramos de forma personalizada y directa a cada cliente para as\u00ed cubrir todas sus necesidades.<\/p>\n<p>Damos respuesta a esas necesidades con materiales certificados. Disponemos de diferentes m\u00e1quinas de termoconformado para diferentes tama\u00f1os de piezas. Trabajamos con diferentes materiales y tambi\u00e9n contamos con materiales concretos para aplicaciones especiales: autoextinguibles o ign\u00edfugos, UV Resistant para aplicaciones exteriores, antiest\u00e1ticos, anti vand\u00e1licos\u2026<\/p>\n<p>Materiales utilizados por Plasnor: HIPS, ABS, ABS\/PMMA, PC, HDPE, BLEND ABS\/PC, PP, ABS\/TPU, ABS\/TPE, PE SOFT, BLEND PS-PE, etc. Hay que mencionar que contamos con materiales que cumplen la normativa R118.02 para el sector de la automoci\u00f3n, autocares y autobuses.<\/p>\n<p><img loading=\"lazy\" decoding=\"async\" class=\"alignnone wp-image-15006\" src=\"https:\/\/www.plasnor.com\/wp-content\/uploads\/2023\/04\/plasnor-masterbach1.jpg\" alt=\"\" width=\"600\" height=\"397\" srcset=\"https:\/\/wp.plasnor.com\/wp-content\/uploads\/2023\/04\/plasnor-masterbach1.jpg 1000w, https:\/\/wp.plasnor.com\/wp-content\/uploads\/2023\/04\/plasnor-masterbach1-300x199.jpg 300w, https:\/\/wp.plasnor.com\/wp-content\/uploads\/2023\/04\/plasnor-masterbach1-768x508.jpg 768w, https:\/\/wp.plasnor.com\/wp-content\/uploads\/2023\/04\/plasnor-masterbach1-950x630.jpg 950w\" sizes=\"(max-width: 600px) 100vw, 600px\" \/><\/p>\n","protected":false},"excerpt":{"rendered":"<p>Para cada aplicaci\u00f3n y proyecto elaborado con materiales de termoconformado se define un material espec\u00edfico. Por ello, en &#8230; <a title=\"Materiales de termoconformado\" class=\"read-more\" href=\"https:\/\/wp.plasnor.com\/es\/termoconformado\/materiales\/\" aria-label=\"Leer m\u00e1s sobre Materiales de termoconformado\">[ + info ]<\/a><\/p>\n","protected":false},"author":1,"featured_media":0,"parent":27,"menu_order":0,"comment_status":"closed","ping_status":"closed","template":"","meta":{"footnotes":""},"categories":[436],"tags":[],"yoast_head":"<!-- This site is optimized with the Yoast SEO plugin v22.4 - https:\/\/yoast.com\/wordpress\/plugins\/seo\/ -->\n<title>Materiales de Termoconformado | Asesoriamiento en Pl\u00e1sticos<\/title>\n<meta name=\"description\" content=\"Para cada aplicaci\u00f3n y proyecto elaborado con materiales de termoconformado se define un material espec\u00edfico. Ofrecemos asesoramiento de forma personalizada y directa.\" \/>\n<meta name=\"robots\" content=\"index, follow, max-snippet:-1, max-image-preview:large, max-video-preview:-1\" \/>\n<link rel=\"canonical\" href=\"https:\/\/wp.plasnor.com\/es\/termoconformado\/materiales\/\" \/>\n<meta property=\"og:locale\" content=\"es_ES\" \/>\n<meta property=\"og:type\" content=\"article\" \/>\n<meta property=\"og:title\" content=\"Materiales de Termoconformado | Asesoriamiento en Pl\u00e1sticos\" \/>\n<meta property=\"og:description\" content=\"Para cada aplicaci\u00f3n y proyecto elaborado con materiales de termoconformado se define un material espec\u00edfico. Ofrecemos asesoramiento de forma personalizada y directa.\" \/>\n<meta property=\"og:url\" content=\"https:\/\/wp.plasnor.com\/es\/termoconformado\/materiales\/\" \/>\n<meta property=\"og:site_name\" content=\"Plasnor\" \/>\n<meta property=\"article:modified_time\" content=\"2024-02-05T15:59:16+00:00\" \/>\n<meta property=\"og:image\" content=\"https:\/\/www.plasnor.com\/wp-content\/uploads\/2023\/04\/plasnor-masterbach1.jpg\" \/>\n<meta name=\"twitter:card\" content=\"summary_large_image\" \/>\n<script type=\"application\/ld+json\" class=\"yoast-schema-graph\">{\"@context\":\"https:\/\/schema.org\",\"@graph\":[{\"@type\":\"WebPage\",\"@id\":\"https:\/\/wp.plasnor.com\/es\/termoconformado\/materiales\/\",\"url\":\"https:\/\/wp.plasnor.com\/es\/termoconformado\/materiales\/\",\"name\":\"Materiales de Termoconformado | Asesoriamiento en Pl\u00e1sticos\",\"isPartOf\":{\"@id\":\"https:\/\/wp.plasnor.com\/es\/#website\"},\"primaryImageOfPage\":{\"@id\":\"https:\/\/wp.plasnor.com\/es\/termoconformado\/materiales\/#primaryimage\"},\"image\":{\"@id\":\"https:\/\/wp.plasnor.com\/es\/termoconformado\/materiales\/#primaryimage\"},\"thumbnailUrl\":\"https:\/\/www.plasnor.com\/wp-content\/uploads\/2023\/04\/plasnor-masterbach1.jpg\",\"datePublished\":\"2023-04-24T09:31:25+00:00\",\"dateModified\":\"2024-02-05T15:59:16+00:00\",\"description\":\"Para cada aplicaci\u00f3n y proyecto elaborado con materiales de termoconformado se define un material espec\u00edfico. Ofrecemos asesoramiento de forma personalizada y directa.\",\"breadcrumb\":{\"@id\":\"https:\/\/wp.plasnor.com\/es\/termoconformado\/materiales\/#breadcrumb\"},\"inLanguage\":\"es\",\"potentialAction\":[{\"@type\":\"ReadAction\",\"target\":[\"https:\/\/wp.plasnor.com\/es\/termoconformado\/materiales\/\"]}]},{\"@type\":\"ImageObject\",\"inLanguage\":\"es\",\"@id\":\"https:\/\/wp.plasnor.com\/es\/termoconformado\/materiales\/#primaryimage\",\"url\":\"https:\/\/www.plasnor.com\/wp-content\/uploads\/2023\/04\/plasnor-masterbach1.jpg\",\"contentUrl\":\"https:\/\/www.plasnor.com\/wp-content\/uploads\/2023\/04\/plasnor-masterbach1.jpg\"},{\"@type\":\"BreadcrumbList\",\"@id\":\"https:\/\/wp.plasnor.com\/es\/termoconformado\/materiales\/#breadcrumb\",\"itemListElement\":[{\"@type\":\"ListItem\",\"position\":1,\"name\":\"Home\",\"item\":\"https:\/\/wp.plasnor.com\/es\/\"},{\"@type\":\"ListItem\",\"position\":2,\"name\":\"Termoconformado\",\"item\":\"https:\/\/wp.plasnor.com\/es\/termoconformado\/\"},{\"@type\":\"ListItem\",\"position\":3,\"name\":\"Materiales de termoconformado\"}]},{\"@type\":\"WebSite\",\"@id\":\"https:\/\/wp.plasnor.com\/es\/#website\",\"url\":\"https:\/\/wp.plasnor.com\/es\/\",\"name\":\"Plasnor\",\"description\":\"Especialistas en extrusi\u00f3n y termoconformado\",\"publisher\":{\"@id\":\"https:\/\/wp.plasnor.com\/es\/#organization\"},\"alternateName\":\"Plasnor\",\"potentialAction\":[{\"@type\":\"SearchAction\",\"target\":{\"@type\":\"EntryPoint\",\"urlTemplate\":\"https:\/\/wp.plasnor.com\/es\/?s={search_term_string}\"},\"query-input\":\"required name=search_term_string\"}],\"inLanguage\":\"es\"},{\"@type\":\"Organization\",\"@id\":\"https:\/\/wp.plasnor.com\/es\/#organization\",\"name\":\"Plasnor\",\"alternateName\":\"Plasnor\",\"url\":\"https:\/\/wp.plasnor.com\/es\/\",\"logo\":{\"@type\":\"ImageObject\",\"inLanguage\":\"es\",\"@id\":\"https:\/\/wp.plasnor.com\/es\/#\/schema\/logo\/image\/\",\"url\":\"https:\/\/www.plasnor.com\/wp-content\/uploads\/2023\/04\/logotipo-plasnor.jpg\",\"contentUrl\":\"https:\/\/www.plasnor.com\/wp-content\/uploads\/2023\/04\/logotipo-plasnor.jpg\",\"width\":300,\"height\":91,\"caption\":\"Plasnor\"},\"image\":{\"@id\":\"https:\/\/wp.plasnor.com\/es\/#\/schema\/logo\/image\/\"},\"sameAs\":[\"https:\/\/www.linkedin.com\/company\/plasnor-s.a.\"]}]}<\/script>\n<!-- \/ Yoast SEO plugin. -->","yoast_head_json":{"title":"Materiales de Termoconformado | Asesoriamiento en Pl\u00e1sticos","description":"Para cada aplicaci\u00f3n y proyecto elaborado con materiales de termoconformado se define un material espec\u00edfico. Ofrecemos asesoramiento de forma personalizada y directa.","robots":{"index":"index","follow":"follow","max-snippet":"max-snippet:-1","max-image-preview":"max-image-preview:large","max-video-preview":"max-video-preview:-1"},"canonical":"https:\/\/wp.plasnor.com\/es\/termoconformado\/materiales\/","og_locale":"es_ES","og_type":"article","og_title":"Materiales de Termoconformado | Asesoriamiento en Pl\u00e1sticos","og_description":"Para cada aplicaci\u00f3n y proyecto elaborado con materiales de termoconformado se define un material espec\u00edfico. Ofrecemos asesoramiento de forma personalizada y directa.","og_url":"https:\/\/wp.plasnor.com\/es\/termoconformado\/materiales\/","og_site_name":"Plasnor","article_modified_time":"2024-02-05T15:59:16+00:00","og_image":[{"url":"https:\/\/www.plasnor.com\/wp-content\/uploads\/2023\/04\/plasnor-masterbach1.jpg"}],"twitter_card":"summary_large_image","schema":{"@context":"https:\/\/schema.org","@graph":[{"@type":"WebPage","@id":"https:\/\/wp.plasnor.com\/es\/termoconformado\/materiales\/","url":"https:\/\/wp.plasnor.com\/es\/termoconformado\/materiales\/","name":"Materiales de Termoconformado | Asesoriamiento en Pl\u00e1sticos","isPartOf":{"@id":"https:\/\/wp.plasnor.com\/es\/#website"},"primaryImageOfPage":{"@id":"https:\/\/wp.plasnor.com\/es\/termoconformado\/materiales\/#primaryimage"},"image":{"@id":"https:\/\/wp.plasnor.com\/es\/termoconformado\/materiales\/#primaryimage"},"thumbnailUrl":"https:\/\/www.plasnor.com\/wp-content\/uploads\/2023\/04\/plasnor-masterbach1.jpg","datePublished":"2023-04-24T09:31:25+00:00","dateModified":"2024-02-05T15:59:16+00:00","description":"Para cada aplicaci\u00f3n y proyecto elaborado con materiales de termoconformado se define un material espec\u00edfico. Ofrecemos asesoramiento de forma personalizada y directa.","breadcrumb":{"@id":"https:\/\/wp.plasnor.com\/es\/termoconformado\/materiales\/#breadcrumb"},"inLanguage":"es","potentialAction":[{"@type":"ReadAction","target":["https:\/\/wp.plasnor.com\/es\/termoconformado\/materiales\/"]}]},{"@type":"ImageObject","inLanguage":"es","@id":"https:\/\/wp.plasnor.com\/es\/termoconformado\/materiales\/#primaryimage","url":"https:\/\/www.plasnor.com\/wp-content\/uploads\/2023\/04\/plasnor-masterbach1.jpg","contentUrl":"https:\/\/www.plasnor.com\/wp-content\/uploads\/2023\/04\/plasnor-masterbach1.jpg"},{"@type":"BreadcrumbList","@id":"https:\/\/wp.plasnor.com\/es\/termoconformado\/materiales\/#breadcrumb","itemListElement":[{"@type":"ListItem","position":1,"name":"Home","item":"https:\/\/wp.plasnor.com\/es\/"},{"@type":"ListItem","position":2,"name":"Termoconformado","item":"https:\/\/wp.plasnor.com\/es\/termoconformado\/"},{"@type":"ListItem","position":3,"name":"Materiales de termoconformado"}]},{"@type":"WebSite","@id":"https:\/\/wp.plasnor.com\/es\/#website","url":"https:\/\/wp.plasnor.com\/es\/","name":"Plasnor","description":"Especialistas en extrusi\u00f3n y termoconformado","publisher":{"@id":"https:\/\/wp.plasnor.com\/es\/#organization"},"alternateName":"Plasnor","potentialAction":[{"@type":"SearchAction","target":{"@type":"EntryPoint","urlTemplate":"https:\/\/wp.plasnor.com\/es\/?s={search_term_string}"},"query-input":"required name=search_term_string"}],"inLanguage":"es"},{"@type":"Organization","@id":"https:\/\/wp.plasnor.com\/es\/#organization","name":"Plasnor","alternateName":"Plasnor","url":"https:\/\/wp.plasnor.com\/es\/","logo":{"@type":"ImageObject","inLanguage":"es","@id":"https:\/\/wp.plasnor.com\/es\/#\/schema\/logo\/image\/","url":"https:\/\/www.plasnor.com\/wp-content\/uploads\/2023\/04\/logotipo-plasnor.jpg","contentUrl":"https:\/\/www.plasnor.com\/wp-content\/uploads\/2023\/04\/logotipo-plasnor.jpg","width":300,"height":91,"caption":"Plasnor"},"image":{"@id":"https:\/\/wp.plasnor.com\/es\/#\/schema\/logo\/image\/"},"sameAs":["https:\/\/www.linkedin.com\/company\/plasnor-s.a."]}]}},"_links":{"self":[{"href":"https:\/\/wp.plasnor.com\/es\/wp-json\/wp\/v2\/pages\/15005"}],"collection":[{"href":"https:\/\/wp.plasnor.com\/es\/wp-json\/wp\/v2\/pages"}],"about":[{"href":"https:\/\/wp.plasnor.com\/es\/wp-json\/wp\/v2\/types\/page"}],"author":[{"embeddable":true,"href":"https:\/\/wp.plasnor.com\/es\/wp-json\/wp\/v2\/users\/1"}],"replies":[{"embeddable":true,"href":"https:\/\/wp.plasnor.com\/es\/wp-json\/wp\/v2\/comments?post=15005"}],"version-history":[{"count":0,"href":"https:\/\/wp.plasnor.com\/es\/wp-json\/wp\/v2\/pages\/15005\/revisions"}],"up":[{"embeddable":true,"href":"https:\/\/wp.plasnor.com\/es\/wp-json\/wp\/v2\/pages\/27"}],"wp:attachment":[{"href":"https:\/\/wp.plasnor.com\/es\/wp-json\/wp\/v2\/media?parent=15005"}],"wp:term":[{"taxonomy":"category","embeddable":true,"href":"https:\/\/wp.plasnor.com\/es\/wp-json\/wp\/v2\/categories?post=15005"},{"taxonomy":"post_tag","embeddable":true,"href":"https:\/\/wp.plasnor.com\/es\/wp-json\/wp\/v2\/tags?post=15005"}],"curies":[{"name":"wp","href":"https:\/\/api.w.org\/{rel}","templated":true}]}}