{"id":14927,"date":"2023-04-24T10:51:00","date_gmt":"2023-04-24T08:51:00","guid":{"rendered":"https:\/\/www.plasnor.com\/?page_id=14927"},"modified":"2024-02-05T17:03:31","modified_gmt":"2024-02-05T16:03:31","slug":"diseno","status":"publish","type":"page","link":"https:\/\/wp.plasnor.com\/es\/termoconformado\/procesos-productivos-y-servicios-complementarios\/diseno\/","title":{"rendered":"Dise\u00f1o"},"content":{"rendered":"<p>Dise\u00f1amos moldes y piezas y nuestro departamento de <em><strong>dise\u00f1o<\/strong> <\/em>tiene la capacidad de adaptar piezas de otras tecnolog\u00edas al termoconformado. Realizamos dise\u00f1os llave en mano.<\/p>\n<p><img loading=\"lazy\" decoding=\"async\" class=\"alignnone wp-image-14944 size-full\" src=\"https:\/\/www.plasnor.com\/wp-content\/uploads\/2023\/04\/molde-irizar1.jpg\" alt=\"\" width=\"1000\" height=\"504\" srcset=\"https:\/\/wp.plasnor.com\/wp-content\/uploads\/2023\/04\/molde-irizar1.jpg 1000w, https:\/\/wp.plasnor.com\/wp-content\/uploads\/2023\/04\/molde-irizar1-300x151.jpg 300w, https:\/\/wp.plasnor.com\/wp-content\/uploads\/2023\/04\/molde-irizar1-768x387.jpg 768w\" sizes=\"(max-width: 1000px) 100vw, 1000px\" \/><\/p>\n","protected":false},"excerpt":{"rendered":"<p>Dise\u00f1amos moldes y piezas y nuestro departamento de dise\u00f1o tiene la capacidad de adaptar piezas de otras tecnolog\u00edas &#8230; <a title=\"Dise\u00f1o\" class=\"read-more\" href=\"https:\/\/wp.plasnor.com\/es\/termoconformado\/procesos-productivos-y-servicios-complementarios\/diseno\/\" aria-label=\"Leer m\u00e1s sobre Dise\u00f1o\">[ + info ]<\/a><\/p>\n","protected":false},"author":1,"featured_media":0,"parent":14925,"menu_order":0,"comment_status":"closed","ping_status":"closed","template":"","meta":{"footnotes":""},"categories":[436],"tags":[],"yoast_head":"<!-- This site is optimized with the Yoast SEO plugin v22.4 - https:\/\/yoast.com\/wordpress\/plugins\/seo\/ -->\n<title>Termoconformado | Dise\u00f1o y Fabricaci\u00f3n de Moldes | Plasnor<\/title>\n<meta name=\"description\" content=\"Dise\u00f1amos moldes y piezas y nuestro departamento de dise\u00f1o tiene la capacidad de adaptar piezas de otras tecnolog\u00edas al termoconformado. Realizamos dise\u00f1os llave en mano.\" \/>\n<meta name=\"robots\" content=\"index, follow, max-snippet:-1, max-image-preview:large, max-video-preview:-1\" \/>\n<link rel=\"canonical\" href=\"https:\/\/wp.plasnor.com\/es\/termoconformado\/procesos-productivos-y-servicios-complementarios\/diseno\/\" \/>\n<meta property=\"og:locale\" content=\"es_ES\" \/>\n<meta property=\"og:type\" content=\"article\" \/>\n<meta property=\"og:title\" content=\"Termoconformado | Dise\u00f1o y Fabricaci\u00f3n de Moldes | Plasnor\" \/>\n<meta property=\"og:description\" content=\"Dise\u00f1amos moldes y piezas y nuestro departamento de dise\u00f1o tiene la capacidad de adaptar piezas de otras tecnolog\u00edas al termoconformado. Realizamos dise\u00f1os llave en mano.\" \/>\n<meta property=\"og:url\" content=\"https:\/\/wp.plasnor.com\/es\/termoconformado\/procesos-productivos-y-servicios-complementarios\/diseno\/\" \/>\n<meta property=\"og:site_name\" content=\"Plasnor\" \/>\n<meta property=\"article:modified_time\" content=\"2024-02-05T16:03:31+00:00\" \/>\n<meta property=\"og:image\" content=\"https:\/\/www.plasnor.com\/wp-content\/uploads\/2023\/04\/molde-irizar1.jpg\" \/>\n<meta name=\"twitter:card\" content=\"summary_large_image\" \/>\n<script type=\"application\/ld+json\" class=\"yoast-schema-graph\">{\"@context\":\"https:\/\/schema.org\",\"@graph\":[{\"@type\":\"WebPage\",\"@id\":\"https:\/\/wp.plasnor.com\/es\/termoconformado\/procesos-productivos-y-servicios-complementarios\/diseno\/\",\"url\":\"https:\/\/wp.plasnor.com\/es\/termoconformado\/procesos-productivos-y-servicios-complementarios\/diseno\/\",\"name\":\"Termoconformado | Dise\u00f1o y Fabricaci\u00f3n de Moldes | Plasnor\",\"isPartOf\":{\"@id\":\"https:\/\/wp.plasnor.com\/es\/#website\"},\"primaryImageOfPage\":{\"@id\":\"https:\/\/wp.plasnor.com\/es\/termoconformado\/procesos-productivos-y-servicios-complementarios\/diseno\/#primaryimage\"},\"image\":{\"@id\":\"https:\/\/wp.plasnor.com\/es\/termoconformado\/procesos-productivos-y-servicios-complementarios\/diseno\/#primaryimage\"},\"thumbnailUrl\":\"https:\/\/www.plasnor.com\/wp-content\/uploads\/2023\/04\/molde-irizar1.jpg\",\"datePublished\":\"2023-04-24T08:51:00+00:00\",\"dateModified\":\"2024-02-05T16:03:31+00:00\",\"description\":\"Dise\u00f1amos moldes y piezas y nuestro departamento de dise\u00f1o tiene la capacidad de adaptar piezas de otras tecnolog\u00edas al termoconformado. Realizamos dise\u00f1os llave en mano.\",\"breadcrumb\":{\"@id\":\"https:\/\/wp.plasnor.com\/es\/termoconformado\/procesos-productivos-y-servicios-complementarios\/diseno\/#breadcrumb\"},\"inLanguage\":\"es\",\"potentialAction\":[{\"@type\":\"ReadAction\",\"target\":[\"https:\/\/wp.plasnor.com\/es\/termoconformado\/procesos-productivos-y-servicios-complementarios\/diseno\/\"]}]},{\"@type\":\"ImageObject\",\"inLanguage\":\"es\",\"@id\":\"https:\/\/wp.plasnor.com\/es\/termoconformado\/procesos-productivos-y-servicios-complementarios\/diseno\/#primaryimage\",\"url\":\"https:\/\/www.plasnor.com\/wp-content\/uploads\/2023\/04\/molde-irizar1.jpg\",\"contentUrl\":\"https:\/\/www.plasnor.com\/wp-content\/uploads\/2023\/04\/molde-irizar1.jpg\"},{\"@type\":\"BreadcrumbList\",\"@id\":\"https:\/\/wp.plasnor.com\/es\/termoconformado\/procesos-productivos-y-servicios-complementarios\/diseno\/#breadcrumb\",\"itemListElement\":[{\"@type\":\"ListItem\",\"position\":1,\"name\":\"Home\",\"item\":\"https:\/\/wp.plasnor.com\/es\/\"},{\"@type\":\"ListItem\",\"position\":2,\"name\":\"Termoconformado\",\"item\":\"https:\/\/wp.plasnor.com\/es\/termoconformado\/\"},{\"@type\":\"ListItem\",\"position\":3,\"name\":\"Procesos productivos y servicios complementarios\",\"item\":\"https:\/\/wp.plasnor.com\/es\/termoconformado\/procesos-productivos-y-servicios-complementarios\/\"},{\"@type\":\"ListItem\",\"position\":4,\"name\":\"Dise\u00f1o\"}]},{\"@type\":\"WebSite\",\"@id\":\"https:\/\/wp.plasnor.com\/es\/#website\",\"url\":\"https:\/\/wp.plasnor.com\/es\/\",\"name\":\"Plasnor\",\"description\":\"Especialistas en extrusi\u00f3n y termoconformado\",\"publisher\":{\"@id\":\"https:\/\/wp.plasnor.com\/es\/#organization\"},\"alternateName\":\"Plasnor\",\"potentialAction\":[{\"@type\":\"SearchAction\",\"target\":{\"@type\":\"EntryPoint\",\"urlTemplate\":\"https:\/\/wp.plasnor.com\/es\/?s={search_term_string}\"},\"query-input\":\"required name=search_term_string\"}],\"inLanguage\":\"es\"},{\"@type\":\"Organization\",\"@id\":\"https:\/\/wp.plasnor.com\/es\/#organization\",\"name\":\"Plasnor\",\"alternateName\":\"Plasnor\",\"url\":\"https:\/\/wp.plasnor.com\/es\/\",\"logo\":{\"@type\":\"ImageObject\",\"inLanguage\":\"es\",\"@id\":\"https:\/\/wp.plasnor.com\/es\/#\/schema\/logo\/image\/\",\"url\":\"https:\/\/www.plasnor.com\/wp-content\/uploads\/2023\/04\/logotipo-plasnor.jpg\",\"contentUrl\":\"https:\/\/www.plasnor.com\/wp-content\/uploads\/2023\/04\/logotipo-plasnor.jpg\",\"width\":300,\"height\":91,\"caption\":\"Plasnor\"},\"image\":{\"@id\":\"https:\/\/wp.plasnor.com\/es\/#\/schema\/logo\/image\/\"},\"sameAs\":[\"https:\/\/www.linkedin.com\/company\/plasnor-s.a.\"]}]}<\/script>\n<!-- \/ Yoast SEO plugin. -->","yoast_head_json":{"title":"Termoconformado | Dise\u00f1o y Fabricaci\u00f3n de Moldes | Plasnor","description":"Dise\u00f1amos moldes y piezas y nuestro departamento de dise\u00f1o tiene la capacidad de adaptar piezas de otras tecnolog\u00edas al termoconformado. Realizamos dise\u00f1os llave en mano.","robots":{"index":"index","follow":"follow","max-snippet":"max-snippet:-1","max-image-preview":"max-image-preview:large","max-video-preview":"max-video-preview:-1"},"canonical":"https:\/\/wp.plasnor.com\/es\/termoconformado\/procesos-productivos-y-servicios-complementarios\/diseno\/","og_locale":"es_ES","og_type":"article","og_title":"Termoconformado | Dise\u00f1o y Fabricaci\u00f3n de Moldes | Plasnor","og_description":"Dise\u00f1amos moldes y piezas y nuestro departamento de dise\u00f1o tiene la capacidad de adaptar piezas de otras tecnolog\u00edas al termoconformado. Realizamos dise\u00f1os llave en mano.","og_url":"https:\/\/wp.plasnor.com\/es\/termoconformado\/procesos-productivos-y-servicios-complementarios\/diseno\/","og_site_name":"Plasnor","article_modified_time":"2024-02-05T16:03:31+00:00","og_image":[{"url":"https:\/\/www.plasnor.com\/wp-content\/uploads\/2023\/04\/molde-irizar1.jpg"}],"twitter_card":"summary_large_image","schema":{"@context":"https:\/\/schema.org","@graph":[{"@type":"WebPage","@id":"https:\/\/wp.plasnor.com\/es\/termoconformado\/procesos-productivos-y-servicios-complementarios\/diseno\/","url":"https:\/\/wp.plasnor.com\/es\/termoconformado\/procesos-productivos-y-servicios-complementarios\/diseno\/","name":"Termoconformado | Dise\u00f1o y Fabricaci\u00f3n de Moldes | Plasnor","isPartOf":{"@id":"https:\/\/wp.plasnor.com\/es\/#website"},"primaryImageOfPage":{"@id":"https:\/\/wp.plasnor.com\/es\/termoconformado\/procesos-productivos-y-servicios-complementarios\/diseno\/#primaryimage"},"image":{"@id":"https:\/\/wp.plasnor.com\/es\/termoconformado\/procesos-productivos-y-servicios-complementarios\/diseno\/#primaryimage"},"thumbnailUrl":"https:\/\/www.plasnor.com\/wp-content\/uploads\/2023\/04\/molde-irizar1.jpg","datePublished":"2023-04-24T08:51:00+00:00","dateModified":"2024-02-05T16:03:31+00:00","description":"Dise\u00f1amos moldes y piezas y nuestro departamento de dise\u00f1o tiene la capacidad de adaptar piezas de otras tecnolog\u00edas al termoconformado. Realizamos dise\u00f1os llave en mano.","breadcrumb":{"@id":"https:\/\/wp.plasnor.com\/es\/termoconformado\/procesos-productivos-y-servicios-complementarios\/diseno\/#breadcrumb"},"inLanguage":"es","potentialAction":[{"@type":"ReadAction","target":["https:\/\/wp.plasnor.com\/es\/termoconformado\/procesos-productivos-y-servicios-complementarios\/diseno\/"]}]},{"@type":"ImageObject","inLanguage":"es","@id":"https:\/\/wp.plasnor.com\/es\/termoconformado\/procesos-productivos-y-servicios-complementarios\/diseno\/#primaryimage","url":"https:\/\/www.plasnor.com\/wp-content\/uploads\/2023\/04\/molde-irizar1.jpg","contentUrl":"https:\/\/www.plasnor.com\/wp-content\/uploads\/2023\/04\/molde-irizar1.jpg"},{"@type":"BreadcrumbList","@id":"https:\/\/wp.plasnor.com\/es\/termoconformado\/procesos-productivos-y-servicios-complementarios\/diseno\/#breadcrumb","itemListElement":[{"@type":"ListItem","position":1,"name":"Home","item":"https:\/\/wp.plasnor.com\/es\/"},{"@type":"ListItem","position":2,"name":"Termoconformado","item":"https:\/\/wp.plasnor.com\/es\/termoconformado\/"},{"@type":"ListItem","position":3,"name":"Procesos productivos y servicios complementarios","item":"https:\/\/wp.plasnor.com\/es\/termoconformado\/procesos-productivos-y-servicios-complementarios\/"},{"@type":"ListItem","position":4,"name":"Dise\u00f1o"}]},{"@type":"WebSite","@id":"https:\/\/wp.plasnor.com\/es\/#website","url":"https:\/\/wp.plasnor.com\/es\/","name":"Plasnor","description":"Especialistas en extrusi\u00f3n y termoconformado","publisher":{"@id":"https:\/\/wp.plasnor.com\/es\/#organization"},"alternateName":"Plasnor","potentialAction":[{"@type":"SearchAction","target":{"@type":"EntryPoint","urlTemplate":"https:\/\/wp.plasnor.com\/es\/?s={search_term_string}"},"query-input":"required name=search_term_string"}],"inLanguage":"es"},{"@type":"Organization","@id":"https:\/\/wp.plasnor.com\/es\/#organization","name":"Plasnor","alternateName":"Plasnor","url":"https:\/\/wp.plasnor.com\/es\/","logo":{"@type":"ImageObject","inLanguage":"es","@id":"https:\/\/wp.plasnor.com\/es\/#\/schema\/logo\/image\/","url":"https:\/\/www.plasnor.com\/wp-content\/uploads\/2023\/04\/logotipo-plasnor.jpg","contentUrl":"https:\/\/www.plasnor.com\/wp-content\/uploads\/2023\/04\/logotipo-plasnor.jpg","width":300,"height":91,"caption":"Plasnor"},"image":{"@id":"https:\/\/wp.plasnor.com\/es\/#\/schema\/logo\/image\/"},"sameAs":["https:\/\/www.linkedin.com\/company\/plasnor-s.a."]}]}},"_links":{"self":[{"href":"https:\/\/wp.plasnor.com\/es\/wp-json\/wp\/v2\/pages\/14927"}],"collection":[{"href":"https:\/\/wp.plasnor.com\/es\/wp-json\/wp\/v2\/pages"}],"about":[{"href":"https:\/\/wp.plasnor.com\/es\/wp-json\/wp\/v2\/types\/page"}],"author":[{"embeddable":true,"href":"https:\/\/wp.plasnor.com\/es\/wp-json\/wp\/v2\/users\/1"}],"replies":[{"embeddable":true,"href":"https:\/\/wp.plasnor.com\/es\/wp-json\/wp\/v2\/comments?post=14927"}],"version-history":[{"count":0,"href":"https:\/\/wp.plasnor.com\/es\/wp-json\/wp\/v2\/pages\/14927\/revisions"}],"up":[{"embeddable":true,"href":"https:\/\/wp.plasnor.com\/es\/wp-json\/wp\/v2\/pages\/14925"}],"wp:attachment":[{"href":"https:\/\/wp.plasnor.com\/es\/wp-json\/wp\/v2\/media?parent=14927"}],"wp:term":[{"taxonomy":"category","embeddable":true,"href":"https:\/\/wp.plasnor.com\/es\/wp-json\/wp\/v2\/categories?post=14927"},{"taxonomy":"post_tag","embeddable":true,"href":"https:\/\/wp.plasnor.com\/es\/wp-json\/wp\/v2\/tags?post=14927"}],"curies":[{"name":"wp","href":"https:\/\/api.w.org\/{rel}","templated":true}]}}