{"id":14881,"date":"2023-04-24T09:45:31","date_gmt":"2023-04-24T07:45:31","guid":{"rendered":"https:\/\/www.plasnor.com\/?page_id=14881"},"modified":"2024-02-05T17:25:05","modified_gmt":"2024-02-05T16:25:05","slug":"packing-a-medida","status":"publish","type":"page","link":"https:\/\/wp.plasnor.com\/es\/termoconformado\/sectores-y-aplicaciones\/packing-a-medida\/","title":{"rendered":"Packing a medida"},"content":{"rendered":"<p>Dise\u00f1amos la mejor soluci\u00f3n para el transporte o almacenaje de piezas, tanto para producto en curso como para producto terminado. La elaboraci\u00f3n del <em><strong>packaging <\/strong><\/em><em><strong>a medida<\/strong><\/em> ofrece a nuestros clientes una soluci\u00f3n a cada necesidad.<\/p>\n<p>Conscientes de que el packaging es una soluci\u00f3n rentable y eficaz para nuestros clientes, aportamos soluciones espec\u00edficas en base a cada proyecto:<\/p>\n<h2 class=\"red\">APORTAMOS SOLUCIONES<\/h2>\n<ul>\n<li>Soluciones para hacer m\u00e1s eficientes los procesos internos de fabricaci\u00f3n.<\/li>\n<li>Soluci\u00f3n para optimizar el espacio.<\/li>\n<li>Soluciones para proteger las piezas de la suciedad, impactos, rayado, etc.<\/li>\n<li>Soluciones ergon\u00f3micas para la manipulaci\u00f3n de piezas.<\/li>\n<li>Soluciones para automatizaci\u00f3n y manipulaciones de robots.<\/li>\n<li>Soluciones en diversos materiales ESD, antiest\u00e1tico\u2026<\/li>\n<li>Soluciones en bandejas retornables y no retornables.<\/li>\n<\/ul>\n<p>El embalaje reutilizable ofrece incontables ventajas log\u00edsticas y una gran protecci\u00f3n del producto a transportar; por lo que en Plasnor ofrecemos una soluci\u00f3n integral desde el dise\u00f1o de prototipos a la fabricaci\u00f3n de moldes o la fabricaci\u00f3n en serie.<\/p>\n<p>Tenemos control total sobre todo el proceso de fabricaci\u00f3n de cada proyecto. Adem\u00e1s, con nuestras ofertas realizamos estudios de capacidad.<\/p>\n<p><img loading=\"lazy\" decoding=\"async\" class=\"alignnone wp-image-14974\" src=\"https:\/\/www.plasnor.com\/wp-content\/uploads\/2023\/04\/04-plasnor-packaging.jpg\" alt=\"\" width=\"600\" height=\"391\" srcset=\"https:\/\/wp.plasnor.com\/wp-content\/uploads\/2023\/04\/04-plasnor-packaging.jpg 862w, https:\/\/wp.plasnor.com\/wp-content\/uploads\/2023\/04\/04-plasnor-packaging-300x196.jpg 300w, https:\/\/wp.plasnor.com\/wp-content\/uploads\/2023\/04\/04-plasnor-packaging-768x501.jpg 768w\" sizes=\"(max-width: 600px) 100vw, 600px\" \/><\/p>\n","protected":false},"excerpt":{"rendered":"<p>Dise\u00f1amos la mejor soluci\u00f3n para el transporte o almacenaje de piezas, tanto para producto en curso como para &#8230; <a title=\"Packing a medida\" class=\"read-more\" href=\"https:\/\/wp.plasnor.com\/es\/termoconformado\/sectores-y-aplicaciones\/packing-a-medida\/\" aria-label=\"Leer m\u00e1s sobre Packing a medida\">[ + info ]<\/a><\/p>\n","protected":false},"author":1,"featured_media":0,"parent":14873,"menu_order":0,"comment_status":"closed","ping_status":"closed","template":"","meta":{"footnotes":""},"categories":[436],"tags":[],"yoast_head":"<!-- This site is optimized with the Yoast SEO plugin v22.4 - https:\/\/yoast.com\/wordpress\/plugins\/seo\/ -->\n<title>Termoconformado | Packing a Medida | Plasnor<\/title>\n<meta name=\"description\" content=\"La mejor soluci\u00f3n para el transporte o almacenaje de piezas, tanto para producto en curso como para producto terminado. Soluci\u00f3n rentable y eficaz.\" \/>\n<meta name=\"robots\" content=\"index, follow, max-snippet:-1, max-image-preview:large, max-video-preview:-1\" \/>\n<link rel=\"canonical\" href=\"https:\/\/wp.plasnor.com\/es\/termoconformado\/sectores-y-aplicaciones\/packing-a-medida\/\" \/>\n<meta property=\"og:locale\" content=\"es_ES\" \/>\n<meta property=\"og:type\" content=\"article\" \/>\n<meta property=\"og:title\" content=\"Termoconformado | Packing a Medida | Plasnor\" \/>\n<meta property=\"og:description\" content=\"La mejor soluci\u00f3n para el transporte o almacenaje de piezas, tanto para producto en curso como para producto terminado. Soluci\u00f3n rentable y eficaz.\" \/>\n<meta property=\"og:url\" content=\"https:\/\/wp.plasnor.com\/es\/termoconformado\/sectores-y-aplicaciones\/packing-a-medida\/\" \/>\n<meta property=\"og:site_name\" content=\"Plasnor\" \/>\n<meta property=\"article:modified_time\" content=\"2024-02-05T16:25:05+00:00\" \/>\n<meta property=\"og:image\" content=\"https:\/\/www.plasnor.com\/wp-content\/uploads\/2023\/04\/04-plasnor-packaging.jpg\" \/>\n<meta name=\"twitter:card\" content=\"summary_large_image\" \/>\n<script type=\"application\/ld+json\" class=\"yoast-schema-graph\">{\"@context\":\"https:\/\/schema.org\",\"@graph\":[{\"@type\":\"WebPage\",\"@id\":\"https:\/\/wp.plasnor.com\/es\/termoconformado\/sectores-y-aplicaciones\/packing-a-medida\/\",\"url\":\"https:\/\/wp.plasnor.com\/es\/termoconformado\/sectores-y-aplicaciones\/packing-a-medida\/\",\"name\":\"Termoconformado | Packing a Medida | Plasnor\",\"isPartOf\":{\"@id\":\"https:\/\/wp.plasnor.com\/es\/#website\"},\"primaryImageOfPage\":{\"@id\":\"https:\/\/wp.plasnor.com\/es\/termoconformado\/sectores-y-aplicaciones\/packing-a-medida\/#primaryimage\"},\"image\":{\"@id\":\"https:\/\/wp.plasnor.com\/es\/termoconformado\/sectores-y-aplicaciones\/packing-a-medida\/#primaryimage\"},\"thumbnailUrl\":\"https:\/\/www.plasnor.com\/wp-content\/uploads\/2023\/04\/04-plasnor-packaging.jpg\",\"datePublished\":\"2023-04-24T07:45:31+00:00\",\"dateModified\":\"2024-02-05T16:25:05+00:00\",\"description\":\"La mejor soluci\u00f3n para el transporte o almacenaje de piezas, tanto para producto en curso como para producto terminado. Soluci\u00f3n rentable y eficaz.\",\"breadcrumb\":{\"@id\":\"https:\/\/wp.plasnor.com\/es\/termoconformado\/sectores-y-aplicaciones\/packing-a-medida\/#breadcrumb\"},\"inLanguage\":\"es\",\"potentialAction\":[{\"@type\":\"ReadAction\",\"target\":[\"https:\/\/wp.plasnor.com\/es\/termoconformado\/sectores-y-aplicaciones\/packing-a-medida\/\"]}]},{\"@type\":\"ImageObject\",\"inLanguage\":\"es\",\"@id\":\"https:\/\/wp.plasnor.com\/es\/termoconformado\/sectores-y-aplicaciones\/packing-a-medida\/#primaryimage\",\"url\":\"https:\/\/www.plasnor.com\/wp-content\/uploads\/2023\/04\/04-plasnor-packaging.jpg\",\"contentUrl\":\"https:\/\/www.plasnor.com\/wp-content\/uploads\/2023\/04\/04-plasnor-packaging.jpg\"},{\"@type\":\"BreadcrumbList\",\"@id\":\"https:\/\/wp.plasnor.com\/es\/termoconformado\/sectores-y-aplicaciones\/packing-a-medida\/#breadcrumb\",\"itemListElement\":[{\"@type\":\"ListItem\",\"position\":1,\"name\":\"Home\",\"item\":\"https:\/\/wp.plasnor.com\/es\/\"},{\"@type\":\"ListItem\",\"position\":2,\"name\":\"Termoconformado\",\"item\":\"https:\/\/wp.plasnor.com\/es\/termoconformado\/\"},{\"@type\":\"ListItem\",\"position\":3,\"name\":\"Sectores y aplicaciones\",\"item\":\"https:\/\/wp.plasnor.com\/es\/termoconformado\/sectores-y-aplicaciones\/\"},{\"@type\":\"ListItem\",\"position\":4,\"name\":\"Packing a medida\"}]},{\"@type\":\"WebSite\",\"@id\":\"https:\/\/wp.plasnor.com\/es\/#website\",\"url\":\"https:\/\/wp.plasnor.com\/es\/\",\"name\":\"Plasnor\",\"description\":\"Especialistas en extrusi\u00f3n y termoconformado\",\"publisher\":{\"@id\":\"https:\/\/wp.plasnor.com\/es\/#organization\"},\"alternateName\":\"Plasnor\",\"potentialAction\":[{\"@type\":\"SearchAction\",\"target\":{\"@type\":\"EntryPoint\",\"urlTemplate\":\"https:\/\/wp.plasnor.com\/es\/?s={search_term_string}\"},\"query-input\":\"required name=search_term_string\"}],\"inLanguage\":\"es\"},{\"@type\":\"Organization\",\"@id\":\"https:\/\/wp.plasnor.com\/es\/#organization\",\"name\":\"Plasnor\",\"alternateName\":\"Plasnor\",\"url\":\"https:\/\/wp.plasnor.com\/es\/\",\"logo\":{\"@type\":\"ImageObject\",\"inLanguage\":\"es\",\"@id\":\"https:\/\/wp.plasnor.com\/es\/#\/schema\/logo\/image\/\",\"url\":\"https:\/\/www.plasnor.com\/wp-content\/uploads\/2023\/04\/logotipo-plasnor.jpg\",\"contentUrl\":\"https:\/\/www.plasnor.com\/wp-content\/uploads\/2023\/04\/logotipo-plasnor.jpg\",\"width\":300,\"height\":91,\"caption\":\"Plasnor\"},\"image\":{\"@id\":\"https:\/\/wp.plasnor.com\/es\/#\/schema\/logo\/image\/\"},\"sameAs\":[\"https:\/\/www.linkedin.com\/company\/plasnor-s.a.\"]}]}<\/script>\n<!-- \/ Yoast SEO plugin. -->","yoast_head_json":{"title":"Termoconformado | Packing a Medida | Plasnor","description":"La mejor soluci\u00f3n para el transporte o almacenaje de piezas, tanto para producto en curso como para producto terminado. Soluci\u00f3n rentable y eficaz.","robots":{"index":"index","follow":"follow","max-snippet":"max-snippet:-1","max-image-preview":"max-image-preview:large","max-video-preview":"max-video-preview:-1"},"canonical":"https:\/\/wp.plasnor.com\/es\/termoconformado\/sectores-y-aplicaciones\/packing-a-medida\/","og_locale":"es_ES","og_type":"article","og_title":"Termoconformado | Packing a Medida | Plasnor","og_description":"La mejor soluci\u00f3n para el transporte o almacenaje de piezas, tanto para producto en curso como para producto terminado. Soluci\u00f3n rentable y eficaz.","og_url":"https:\/\/wp.plasnor.com\/es\/termoconformado\/sectores-y-aplicaciones\/packing-a-medida\/","og_site_name":"Plasnor","article_modified_time":"2024-02-05T16:25:05+00:00","og_image":[{"url":"https:\/\/www.plasnor.com\/wp-content\/uploads\/2023\/04\/04-plasnor-packaging.jpg"}],"twitter_card":"summary_large_image","schema":{"@context":"https:\/\/schema.org","@graph":[{"@type":"WebPage","@id":"https:\/\/wp.plasnor.com\/es\/termoconformado\/sectores-y-aplicaciones\/packing-a-medida\/","url":"https:\/\/wp.plasnor.com\/es\/termoconformado\/sectores-y-aplicaciones\/packing-a-medida\/","name":"Termoconformado | Packing a Medida | Plasnor","isPartOf":{"@id":"https:\/\/wp.plasnor.com\/es\/#website"},"primaryImageOfPage":{"@id":"https:\/\/wp.plasnor.com\/es\/termoconformado\/sectores-y-aplicaciones\/packing-a-medida\/#primaryimage"},"image":{"@id":"https:\/\/wp.plasnor.com\/es\/termoconformado\/sectores-y-aplicaciones\/packing-a-medida\/#primaryimage"},"thumbnailUrl":"https:\/\/www.plasnor.com\/wp-content\/uploads\/2023\/04\/04-plasnor-packaging.jpg","datePublished":"2023-04-24T07:45:31+00:00","dateModified":"2024-02-05T16:25:05+00:00","description":"La mejor soluci\u00f3n para el transporte o almacenaje de piezas, tanto para producto en curso como para producto terminado. Soluci\u00f3n rentable y eficaz.","breadcrumb":{"@id":"https:\/\/wp.plasnor.com\/es\/termoconformado\/sectores-y-aplicaciones\/packing-a-medida\/#breadcrumb"},"inLanguage":"es","potentialAction":[{"@type":"ReadAction","target":["https:\/\/wp.plasnor.com\/es\/termoconformado\/sectores-y-aplicaciones\/packing-a-medida\/"]}]},{"@type":"ImageObject","inLanguage":"es","@id":"https:\/\/wp.plasnor.com\/es\/termoconformado\/sectores-y-aplicaciones\/packing-a-medida\/#primaryimage","url":"https:\/\/www.plasnor.com\/wp-content\/uploads\/2023\/04\/04-plasnor-packaging.jpg","contentUrl":"https:\/\/www.plasnor.com\/wp-content\/uploads\/2023\/04\/04-plasnor-packaging.jpg"},{"@type":"BreadcrumbList","@id":"https:\/\/wp.plasnor.com\/es\/termoconformado\/sectores-y-aplicaciones\/packing-a-medida\/#breadcrumb","itemListElement":[{"@type":"ListItem","position":1,"name":"Home","item":"https:\/\/wp.plasnor.com\/es\/"},{"@type":"ListItem","position":2,"name":"Termoconformado","item":"https:\/\/wp.plasnor.com\/es\/termoconformado\/"},{"@type":"ListItem","position":3,"name":"Sectores y aplicaciones","item":"https:\/\/wp.plasnor.com\/es\/termoconformado\/sectores-y-aplicaciones\/"},{"@type":"ListItem","position":4,"name":"Packing a medida"}]},{"@type":"WebSite","@id":"https:\/\/wp.plasnor.com\/es\/#website","url":"https:\/\/wp.plasnor.com\/es\/","name":"Plasnor","description":"Especialistas en extrusi\u00f3n y termoconformado","publisher":{"@id":"https:\/\/wp.plasnor.com\/es\/#organization"},"alternateName":"Plasnor","potentialAction":[{"@type":"SearchAction","target":{"@type":"EntryPoint","urlTemplate":"https:\/\/wp.plasnor.com\/es\/?s={search_term_string}"},"query-input":"required name=search_term_string"}],"inLanguage":"es"},{"@type":"Organization","@id":"https:\/\/wp.plasnor.com\/es\/#organization","name":"Plasnor","alternateName":"Plasnor","url":"https:\/\/wp.plasnor.com\/es\/","logo":{"@type":"ImageObject","inLanguage":"es","@id":"https:\/\/wp.plasnor.com\/es\/#\/schema\/logo\/image\/","url":"https:\/\/www.plasnor.com\/wp-content\/uploads\/2023\/04\/logotipo-plasnor.jpg","contentUrl":"https:\/\/www.plasnor.com\/wp-content\/uploads\/2023\/04\/logotipo-plasnor.jpg","width":300,"height":91,"caption":"Plasnor"},"image":{"@id":"https:\/\/wp.plasnor.com\/es\/#\/schema\/logo\/image\/"},"sameAs":["https:\/\/www.linkedin.com\/company\/plasnor-s.a."]}]}},"_links":{"self":[{"href":"https:\/\/wp.plasnor.com\/es\/wp-json\/wp\/v2\/pages\/14881"}],"collection":[{"href":"https:\/\/wp.plasnor.com\/es\/wp-json\/wp\/v2\/pages"}],"about":[{"href":"https:\/\/wp.plasnor.com\/es\/wp-json\/wp\/v2\/types\/page"}],"author":[{"embeddable":true,"href":"https:\/\/wp.plasnor.com\/es\/wp-json\/wp\/v2\/users\/1"}],"replies":[{"embeddable":true,"href":"https:\/\/wp.plasnor.com\/es\/wp-json\/wp\/v2\/comments?post=14881"}],"version-history":[{"count":0,"href":"https:\/\/wp.plasnor.com\/es\/wp-json\/wp\/v2\/pages\/14881\/revisions"}],"up":[{"embeddable":true,"href":"https:\/\/wp.plasnor.com\/es\/wp-json\/wp\/v2\/pages\/14873"}],"wp:attachment":[{"href":"https:\/\/wp.plasnor.com\/es\/wp-json\/wp\/v2\/media?parent=14881"}],"wp:term":[{"taxonomy":"category","embeddable":true,"href":"https:\/\/wp.plasnor.com\/es\/wp-json\/wp\/v2\/categories?post=14881"},{"taxonomy":"post_tag","embeddable":true,"href":"https:\/\/wp.plasnor.com\/es\/wp-json\/wp\/v2\/tags?post=14881"}],"curies":[{"name":"wp","href":"https:\/\/api.w.org\/{rel}","templated":true}]}}