{"id":14879,"date":"2023-04-24T09:44:59","date_gmt":"2023-04-24T07:44:59","guid":{"rendered":"https:\/\/www.plasnor.com\/?page_id=14879"},"modified":"2024-05-16T09:06:21","modified_gmt":"2024-05-16T07:06:21","slug":"energias-renovables","status":"publish","type":"page","link":"https:\/\/wp.plasnor.com\/es\/termoconformado\/sectores-y-aplicaciones\/energias-renovables\/","title":{"rendered":"Energ\u00edas renovables"},"content":{"rendered":"<div id=\"pl-14879\"  class=\"panel-layout\" ><div id=\"pg-14879-0\"  class=\"panel-grid panel-no-style\" ><div id=\"pgc-14879-0-0\"  class=\"panel-grid-cell\" ><div id=\"panel-14879-0-0-0\" class=\"so-panel widget widget_sow-editor panel-first-child panel-last-child\" data-index=\"0\" ><div\n\t\t\t\n\t\t\tclass=\"so-widget-sow-editor so-widget-sow-editor-base\"\n\t\t\t\n\t\t>\n<div class=\"siteorigin-widget-tinymce textwidget\">\n\t<p>El sector de las <em><strong>energ\u00edas renovables<\/strong><\/em> cada vez cuenta con m\u00e1s piezas termoconformadas.<\/p>\n<p>En Plasnor elaboramos piezas para equipos generadores de energ\u00eda e\u00f3lica, energ\u00eda solar\u2026 Elaboramos piezas de grandes dimensiones (de hasta 3000x2000x900mm) que forman parte de molinos e\u00f3licos, acumuladores, captadores solares, generadores\u2026 Disponemos de una gran gama de materiales.<\/p>\n<p><img loading=\"lazy\" decoding=\"async\" class=\"alignnone wp-image-15380 size-full\" src=\"https:\/\/www.plasnor.com\/wp-content\/uploads\/2023\/04\/09-plasnor-Eolico.jpg\" alt=\"\" width=\"424\" height=\"251\" srcset=\"https:\/\/wp.plasnor.com\/wp-content\/uploads\/2023\/04\/09-plasnor-Eolico.jpg 424w, https:\/\/wp.plasnor.com\/wp-content\/uploads\/2023\/04\/09-plasnor-Eolico-300x178.jpg 300w\" sizes=\"(max-width: 424px) 100vw, 424px\" \/><\/p>\n<\/div>\n<\/div><\/div><\/div><\/div><\/div>","protected":false},"excerpt":{"rendered":"<p>El sector de las energ\u00edas renovables cada vez cuenta con m\u00e1s piezas termoconformadas. En Plasnor elaboramos piezas para &#8230; <a title=\"Energ\u00edas renovables\" class=\"read-more\" href=\"https:\/\/wp.plasnor.com\/es\/termoconformado\/sectores-y-aplicaciones\/energias-renovables\/\" aria-label=\"Leer m\u00e1s sobre Energ\u00edas renovables\">[ + info ]<\/a><\/p>\n","protected":false},"author":1,"featured_media":0,"parent":14873,"menu_order":0,"comment_status":"closed","ping_status":"closed","template":"","meta":{"footnotes":""},"categories":[436],"tags":[],"yoast_head":"<!-- This site is optimized with the Yoast SEO plugin v22.4 - https:\/\/yoast.com\/wordpress\/plugins\/seo\/ -->\n<title>Collecteurs d&#039;Huile, Couvercles d&#039;\u00c9oliennes, Portes de Passage, etc.<\/title>\n<meta name=\"description\" content=\"Nous fabriquons des pi\u00e8ces pour les g\u00e9n\u00e9rateurs d&#039;\u00e9nergie \u00e9olienne et solaire. De grandes pi\u00e8ces int\u00e9gr\u00e9es aux \u00e9oliennes, accumulateurs, etc.\" \/>\n<meta name=\"robots\" content=\"index, follow, max-snippet:-1, max-image-preview:large, max-video-preview:-1\" \/>\n<link rel=\"canonical\" href=\"https:\/\/wp.plasnor.com\/es\/termoconformado\/sectores-y-aplicaciones\/energias-renovables\/\" \/>\n<meta property=\"og:locale\" content=\"es_ES\" \/>\n<meta property=\"og:type\" content=\"article\" \/>\n<meta property=\"og:title\" content=\"Collecteurs d&#039;Huile, Couvercles d&#039;\u00c9oliennes, Portes de Passage, etc.\" \/>\n<meta property=\"og:description\" content=\"Nous fabriquons des pi\u00e8ces pour les g\u00e9n\u00e9rateurs d&#039;\u00e9nergie \u00e9olienne et solaire. De grandes pi\u00e8ces int\u00e9gr\u00e9es aux \u00e9oliennes, accumulateurs, etc.\" \/>\n<meta property=\"og:url\" content=\"https:\/\/wp.plasnor.com\/es\/termoconformado\/sectores-y-aplicaciones\/energias-renovables\/\" \/>\n<meta property=\"og:site_name\" content=\"Plasnor\" \/>\n<meta property=\"article:modified_time\" content=\"2024-05-16T07:06:21+00:00\" \/>\n<meta property=\"og:image\" content=\"https:\/\/www.plasnor.com\/wp-content\/uploads\/2023\/04\/09-plasnor-Eolico.jpg\" \/>\n<meta name=\"twitter:card\" content=\"summary_large_image\" \/>\n<script type=\"application\/ld+json\" class=\"yoast-schema-graph\">{\"@context\":\"https:\/\/schema.org\",\"@graph\":[{\"@type\":\"WebPage\",\"@id\":\"https:\/\/wp.plasnor.com\/es\/termoconformado\/sectores-y-aplicaciones\/energias-renovables\/\",\"url\":\"https:\/\/wp.plasnor.com\/es\/termoconformado\/sectores-y-aplicaciones\/energias-renovables\/\",\"name\":\"Collecteurs d'Huile, Couvercles d'\u00c9oliennes, Portes de Passage, etc.\",\"isPartOf\":{\"@id\":\"https:\/\/wp.plasnor.com\/es\/#website\"},\"primaryImageOfPage\":{\"@id\":\"https:\/\/wp.plasnor.com\/es\/termoconformado\/sectores-y-aplicaciones\/energias-renovables\/#primaryimage\"},\"image\":{\"@id\":\"https:\/\/wp.plasnor.com\/es\/termoconformado\/sectores-y-aplicaciones\/energias-renovables\/#primaryimage\"},\"thumbnailUrl\":\"https:\/\/www.plasnor.com\/wp-content\/uploads\/2023\/04\/09-plasnor-Eolico.jpg\",\"datePublished\":\"2023-04-24T07:44:59+00:00\",\"dateModified\":\"2024-05-16T07:06:21+00:00\",\"description\":\"Nous fabriquons des pi\u00e8ces pour les g\u00e9n\u00e9rateurs d'\u00e9nergie \u00e9olienne et solaire. De grandes pi\u00e8ces int\u00e9gr\u00e9es aux \u00e9oliennes, accumulateurs, etc.\",\"breadcrumb\":{\"@id\":\"https:\/\/wp.plasnor.com\/es\/termoconformado\/sectores-y-aplicaciones\/energias-renovables\/#breadcrumb\"},\"inLanguage\":\"es\",\"potentialAction\":[{\"@type\":\"ReadAction\",\"target\":[\"https:\/\/wp.plasnor.com\/es\/termoconformado\/sectores-y-aplicaciones\/energias-renovables\/\"]}]},{\"@type\":\"ImageObject\",\"inLanguage\":\"es\",\"@id\":\"https:\/\/wp.plasnor.com\/es\/termoconformado\/sectores-y-aplicaciones\/energias-renovables\/#primaryimage\",\"url\":\"https:\/\/www.plasnor.com\/wp-content\/uploads\/2023\/04\/09-plasnor-Eolico.jpg\",\"contentUrl\":\"https:\/\/www.plasnor.com\/wp-content\/uploads\/2023\/04\/09-plasnor-Eolico.jpg\"},{\"@type\":\"BreadcrumbList\",\"@id\":\"https:\/\/wp.plasnor.com\/es\/termoconformado\/sectores-y-aplicaciones\/energias-renovables\/#breadcrumb\",\"itemListElement\":[{\"@type\":\"ListItem\",\"position\":1,\"name\":\"Home\",\"item\":\"https:\/\/wp.plasnor.com\/es\/\"},{\"@type\":\"ListItem\",\"position\":2,\"name\":\"Termoconformado\",\"item\":\"https:\/\/wp.plasnor.com\/es\/termoconformado\/\"},{\"@type\":\"ListItem\",\"position\":3,\"name\":\"Sectores y aplicaciones\",\"item\":\"https:\/\/wp.plasnor.com\/es\/termoconformado\/sectores-y-aplicaciones\/\"},{\"@type\":\"ListItem\",\"position\":4,\"name\":\"Energ\u00edas renovables\"}]},{\"@type\":\"WebSite\",\"@id\":\"https:\/\/wp.plasnor.com\/es\/#website\",\"url\":\"https:\/\/wp.plasnor.com\/es\/\",\"name\":\"Plasnor\",\"description\":\"Especialistas en extrusi\u00f3n y termoconformado\",\"publisher\":{\"@id\":\"https:\/\/wp.plasnor.com\/es\/#organization\"},\"alternateName\":\"Plasnor\",\"potentialAction\":[{\"@type\":\"SearchAction\",\"target\":{\"@type\":\"EntryPoint\",\"urlTemplate\":\"https:\/\/wp.plasnor.com\/es\/?s={search_term_string}\"},\"query-input\":\"required name=search_term_string\"}],\"inLanguage\":\"es\"},{\"@type\":\"Organization\",\"@id\":\"https:\/\/wp.plasnor.com\/es\/#organization\",\"name\":\"Plasnor\",\"alternateName\":\"Plasnor\",\"url\":\"https:\/\/wp.plasnor.com\/es\/\",\"logo\":{\"@type\":\"ImageObject\",\"inLanguage\":\"es\",\"@id\":\"https:\/\/wp.plasnor.com\/es\/#\/schema\/logo\/image\/\",\"url\":\"https:\/\/www.plasnor.com\/wp-content\/uploads\/2023\/04\/logotipo-plasnor.jpg\",\"contentUrl\":\"https:\/\/www.plasnor.com\/wp-content\/uploads\/2023\/04\/logotipo-plasnor.jpg\",\"width\":300,\"height\":91,\"caption\":\"Plasnor\"},\"image\":{\"@id\":\"https:\/\/wp.plasnor.com\/es\/#\/schema\/logo\/image\/\"},\"sameAs\":[\"https:\/\/www.linkedin.com\/company\/plasnor-s.a.\"]}]}<\/script>\n<!-- \/ Yoast SEO plugin. -->","yoast_head_json":{"title":"Collecteurs d'Huile, Couvercles d'\u00c9oliennes, Portes de Passage, etc.","description":"Nous fabriquons des pi\u00e8ces pour les g\u00e9n\u00e9rateurs d'\u00e9nergie \u00e9olienne et solaire. De grandes pi\u00e8ces int\u00e9gr\u00e9es aux \u00e9oliennes, accumulateurs, etc.","robots":{"index":"index","follow":"follow","max-snippet":"max-snippet:-1","max-image-preview":"max-image-preview:large","max-video-preview":"max-video-preview:-1"},"canonical":"https:\/\/wp.plasnor.com\/es\/termoconformado\/sectores-y-aplicaciones\/energias-renovables\/","og_locale":"es_ES","og_type":"article","og_title":"Collecteurs d'Huile, Couvercles d'\u00c9oliennes, Portes de Passage, etc.","og_description":"Nous fabriquons des pi\u00e8ces pour les g\u00e9n\u00e9rateurs d'\u00e9nergie \u00e9olienne et solaire. De grandes pi\u00e8ces int\u00e9gr\u00e9es aux \u00e9oliennes, accumulateurs, etc.","og_url":"https:\/\/wp.plasnor.com\/es\/termoconformado\/sectores-y-aplicaciones\/energias-renovables\/","og_site_name":"Plasnor","article_modified_time":"2024-05-16T07:06:21+00:00","og_image":[{"url":"https:\/\/www.plasnor.com\/wp-content\/uploads\/2023\/04\/09-plasnor-Eolico.jpg"}],"twitter_card":"summary_large_image","schema":{"@context":"https:\/\/schema.org","@graph":[{"@type":"WebPage","@id":"https:\/\/wp.plasnor.com\/es\/termoconformado\/sectores-y-aplicaciones\/energias-renovables\/","url":"https:\/\/wp.plasnor.com\/es\/termoconformado\/sectores-y-aplicaciones\/energias-renovables\/","name":"Collecteurs d'Huile, Couvercles d'\u00c9oliennes, Portes de Passage, etc.","isPartOf":{"@id":"https:\/\/wp.plasnor.com\/es\/#website"},"primaryImageOfPage":{"@id":"https:\/\/wp.plasnor.com\/es\/termoconformado\/sectores-y-aplicaciones\/energias-renovables\/#primaryimage"},"image":{"@id":"https:\/\/wp.plasnor.com\/es\/termoconformado\/sectores-y-aplicaciones\/energias-renovables\/#primaryimage"},"thumbnailUrl":"https:\/\/www.plasnor.com\/wp-content\/uploads\/2023\/04\/09-plasnor-Eolico.jpg","datePublished":"2023-04-24T07:44:59+00:00","dateModified":"2024-05-16T07:06:21+00:00","description":"Nous fabriquons des pi\u00e8ces pour les g\u00e9n\u00e9rateurs d'\u00e9nergie \u00e9olienne et solaire. De grandes pi\u00e8ces int\u00e9gr\u00e9es aux \u00e9oliennes, accumulateurs, etc.","breadcrumb":{"@id":"https:\/\/wp.plasnor.com\/es\/termoconformado\/sectores-y-aplicaciones\/energias-renovables\/#breadcrumb"},"inLanguage":"es","potentialAction":[{"@type":"ReadAction","target":["https:\/\/wp.plasnor.com\/es\/termoconformado\/sectores-y-aplicaciones\/energias-renovables\/"]}]},{"@type":"ImageObject","inLanguage":"es","@id":"https:\/\/wp.plasnor.com\/es\/termoconformado\/sectores-y-aplicaciones\/energias-renovables\/#primaryimage","url":"https:\/\/www.plasnor.com\/wp-content\/uploads\/2023\/04\/09-plasnor-Eolico.jpg","contentUrl":"https:\/\/www.plasnor.com\/wp-content\/uploads\/2023\/04\/09-plasnor-Eolico.jpg"},{"@type":"BreadcrumbList","@id":"https:\/\/wp.plasnor.com\/es\/termoconformado\/sectores-y-aplicaciones\/energias-renovables\/#breadcrumb","itemListElement":[{"@type":"ListItem","position":1,"name":"Home","item":"https:\/\/wp.plasnor.com\/es\/"},{"@type":"ListItem","position":2,"name":"Termoconformado","item":"https:\/\/wp.plasnor.com\/es\/termoconformado\/"},{"@type":"ListItem","position":3,"name":"Sectores y aplicaciones","item":"https:\/\/wp.plasnor.com\/es\/termoconformado\/sectores-y-aplicaciones\/"},{"@type":"ListItem","position":4,"name":"Energ\u00edas renovables"}]},{"@type":"WebSite","@id":"https:\/\/wp.plasnor.com\/es\/#website","url":"https:\/\/wp.plasnor.com\/es\/","name":"Plasnor","description":"Especialistas en extrusi\u00f3n y termoconformado","publisher":{"@id":"https:\/\/wp.plasnor.com\/es\/#organization"},"alternateName":"Plasnor","potentialAction":[{"@type":"SearchAction","target":{"@type":"EntryPoint","urlTemplate":"https:\/\/wp.plasnor.com\/es\/?s={search_term_string}"},"query-input":"required name=search_term_string"}],"inLanguage":"es"},{"@type":"Organization","@id":"https:\/\/wp.plasnor.com\/es\/#organization","name":"Plasnor","alternateName":"Plasnor","url":"https:\/\/wp.plasnor.com\/es\/","logo":{"@type":"ImageObject","inLanguage":"es","@id":"https:\/\/wp.plasnor.com\/es\/#\/schema\/logo\/image\/","url":"https:\/\/www.plasnor.com\/wp-content\/uploads\/2023\/04\/logotipo-plasnor.jpg","contentUrl":"https:\/\/www.plasnor.com\/wp-content\/uploads\/2023\/04\/logotipo-plasnor.jpg","width":300,"height":91,"caption":"Plasnor"},"image":{"@id":"https:\/\/wp.plasnor.com\/es\/#\/schema\/logo\/image\/"},"sameAs":["https:\/\/www.linkedin.com\/company\/plasnor-s.a."]}]}},"_links":{"self":[{"href":"https:\/\/wp.plasnor.com\/es\/wp-json\/wp\/v2\/pages\/14879"}],"collection":[{"href":"https:\/\/wp.plasnor.com\/es\/wp-json\/wp\/v2\/pages"}],"about":[{"href":"https:\/\/wp.plasnor.com\/es\/wp-json\/wp\/v2\/types\/page"}],"author":[{"embeddable":true,"href":"https:\/\/wp.plasnor.com\/es\/wp-json\/wp\/v2\/users\/1"}],"replies":[{"embeddable":true,"href":"https:\/\/wp.plasnor.com\/es\/wp-json\/wp\/v2\/comments?post=14879"}],"version-history":[{"count":2,"href":"https:\/\/wp.plasnor.com\/es\/wp-json\/wp\/v2\/pages\/14879\/revisions"}],"predecessor-version":[{"id":18731,"href":"https:\/\/wp.plasnor.com\/es\/wp-json\/wp\/v2\/pages\/14879\/revisions\/18731"}],"up":[{"embeddable":true,"href":"https:\/\/wp.plasnor.com\/es\/wp-json\/wp\/v2\/pages\/14873"}],"wp:attachment":[{"href":"https:\/\/wp.plasnor.com\/es\/wp-json\/wp\/v2\/media?parent=14879"}],"wp:term":[{"taxonomy":"category","embeddable":true,"href":"https:\/\/wp.plasnor.com\/es\/wp-json\/wp\/v2\/categories?post=14879"},{"taxonomy":"post_tag","embeddable":true,"href":"https:\/\/wp.plasnor.com\/es\/wp-json\/wp\/v2\/tags?post=14879"}],"curies":[{"name":"wp","href":"https:\/\/api.w.org\/{rel}","templated":true}]}}