{"id":14877,"date":"2023-04-24T09:44:15","date_gmt":"2023-04-24T07:44:15","guid":{"rendered":"https:\/\/www.plasnor.com\/?page_id=14877"},"modified":"2024-02-05T17:20:13","modified_gmt":"2024-02-05T16:20:13","slug":"ferrocarril","status":"publish","type":"page","link":"https:\/\/wp.plasnor.com\/es\/termoconformado\/sectores-y-aplicaciones\/ferrocarril\/","title":{"rendered":"Ferrocarril"},"content":{"rendered":"<p>La incorporaci\u00f3n de piezas fabricadas en termoconformado ha tra\u00eddo consigo una gran transformaci\u00f3n al sector del <em><strong>ferrocarril<\/strong><\/em>. Cada vez se utiliza m\u00e1s el termoconformado en este sector, y cada vez hay m\u00e1s materiales que cumplen con los requisitos que se necesitan en el sector del ferrocarril para sustituir el pliester, la fibra de vidrio y el composite.<\/p>\n<p>El termoconformado agiliza el proceso de fabricaci\u00f3n de las piezas y abarata el proceso de producci\u00f3n; adem\u00e1s, permite ofrecer materiales espec\u00edficos para la industria del ferrocarril, que cumplen con la normativa de resistencia al fuego especificada por cada pa\u00eds.<\/p>\n<p>Respondiendo a las necesidades de cada cliente, y en constante contacto con las tendencias del mercado, nuestro abanico de elaboraciones va desde piezas peque\u00f1as que forman parte de subconjuntos en fibra, hasta piezas de interior de mayor tama\u00f1o. Todas las piezas elaboradas en Plasnor responden a las exigencias en seguridad, calidad y confort exigidas por el sector del ferrocarril. Ejemplo de ello es la norma EN45545-2. Contamos con cada vez m\u00e1s materiales que cumplen con esta norma, siguiendo de cerca los avances en el mercado.<\/p>\n<p><img loading=\"lazy\" decoding=\"async\" class=\"alignnone wp-image-14958 size-full\" src=\"https:\/\/www.plasnor.com\/wp-content\/uploads\/2023\/04\/02-plasnor-sector-railway.jpg\" alt=\"\" width=\"449\" height=\"300\" srcset=\"https:\/\/wp.plasnor.com\/wp-content\/uploads\/2023\/04\/02-plasnor-sector-railway.jpg 449w, https:\/\/wp.plasnor.com\/wp-content\/uploads\/2023\/04\/02-plasnor-sector-railway-300x200.jpg 300w\" sizes=\"(max-width: 449px) 100vw, 449px\" \/><\/p>\n","protected":false},"excerpt":{"rendered":"<p>La incorporaci\u00f3n de piezas fabricadas en termoconformado ha tra\u00eddo consigo una gran transformaci\u00f3n al sector del ferrocarril. Cada &#8230; <a title=\"Ferrocarril\" class=\"read-more\" href=\"https:\/\/wp.plasnor.com\/es\/termoconformado\/sectores-y-aplicaciones\/ferrocarril\/\" aria-label=\"Leer m\u00e1s sobre Ferrocarril\">[ + info ]<\/a><\/p>\n","protected":false},"author":1,"featured_media":0,"parent":14873,"menu_order":0,"comment_status":"closed","ping_status":"closed","template":"","meta":{"footnotes":""},"categories":[436],"tags":[],"yoast_head":"<!-- This site is optimized with the Yoast SEO plugin v22.4 - https:\/\/yoast.com\/wordpress\/plugins\/seo\/ -->\n<title>Pl\u00e1stico para Trenes y sector ferroviario | EN 45545<\/title>\n<meta name=\"description\" content=\"El termoconformado agiliza el proceso de fabricaci\u00f3n de las piezas y abarata el proceso de producci\u00f3n en el sector del ferrocarril.\" \/>\n<meta name=\"robots\" content=\"index, follow, max-snippet:-1, max-image-preview:large, max-video-preview:-1\" \/>\n<link rel=\"canonical\" href=\"https:\/\/wp.plasnor.com\/es\/termoconformado\/sectores-y-aplicaciones\/ferrocarril\/\" \/>\n<meta property=\"og:locale\" content=\"es_ES\" \/>\n<meta property=\"og:type\" content=\"article\" \/>\n<meta property=\"og:title\" content=\"Pl\u00e1stico para Trenes y sector ferroviario | EN 45545\" \/>\n<meta property=\"og:description\" content=\"El termoconformado agiliza el proceso de fabricaci\u00f3n de las piezas y abarata el proceso de producci\u00f3n en el sector del ferrocarril.\" \/>\n<meta property=\"og:url\" content=\"https:\/\/wp.plasnor.com\/es\/termoconformado\/sectores-y-aplicaciones\/ferrocarril\/\" \/>\n<meta property=\"og:site_name\" content=\"Plasnor\" \/>\n<meta property=\"article:modified_time\" content=\"2024-02-05T16:20:13+00:00\" \/>\n<meta property=\"og:image\" content=\"https:\/\/www.plasnor.com\/wp-content\/uploads\/2023\/04\/02-plasnor-sector-railway.jpg\" \/>\n<meta name=\"twitter:card\" content=\"summary_large_image\" \/>\n<script type=\"application\/ld+json\" class=\"yoast-schema-graph\">{\"@context\":\"https:\/\/schema.org\",\"@graph\":[{\"@type\":\"WebPage\",\"@id\":\"https:\/\/wp.plasnor.com\/es\/termoconformado\/sectores-y-aplicaciones\/ferrocarril\/\",\"url\":\"https:\/\/wp.plasnor.com\/es\/termoconformado\/sectores-y-aplicaciones\/ferrocarril\/\",\"name\":\"Pl\u00e1stico para Trenes y sector ferroviario | EN 45545\",\"isPartOf\":{\"@id\":\"https:\/\/wp.plasnor.com\/es\/#website\"},\"primaryImageOfPage\":{\"@id\":\"https:\/\/wp.plasnor.com\/es\/termoconformado\/sectores-y-aplicaciones\/ferrocarril\/#primaryimage\"},\"image\":{\"@id\":\"https:\/\/wp.plasnor.com\/es\/termoconformado\/sectores-y-aplicaciones\/ferrocarril\/#primaryimage\"},\"thumbnailUrl\":\"https:\/\/www.plasnor.com\/wp-content\/uploads\/2023\/04\/02-plasnor-sector-railway.jpg\",\"datePublished\":\"2023-04-24T07:44:15+00:00\",\"dateModified\":\"2024-02-05T16:20:13+00:00\",\"description\":\"El termoconformado agiliza el proceso de fabricaci\u00f3n de las piezas y abarata el proceso de producci\u00f3n en el sector del ferrocarril.\",\"breadcrumb\":{\"@id\":\"https:\/\/wp.plasnor.com\/es\/termoconformado\/sectores-y-aplicaciones\/ferrocarril\/#breadcrumb\"},\"inLanguage\":\"es\",\"potentialAction\":[{\"@type\":\"ReadAction\",\"target\":[\"https:\/\/wp.plasnor.com\/es\/termoconformado\/sectores-y-aplicaciones\/ferrocarril\/\"]}]},{\"@type\":\"ImageObject\",\"inLanguage\":\"es\",\"@id\":\"https:\/\/wp.plasnor.com\/es\/termoconformado\/sectores-y-aplicaciones\/ferrocarril\/#primaryimage\",\"url\":\"https:\/\/www.plasnor.com\/wp-content\/uploads\/2023\/04\/02-plasnor-sector-railway.jpg\",\"contentUrl\":\"https:\/\/www.plasnor.com\/wp-content\/uploads\/2023\/04\/02-plasnor-sector-railway.jpg\"},{\"@type\":\"BreadcrumbList\",\"@id\":\"https:\/\/wp.plasnor.com\/es\/termoconformado\/sectores-y-aplicaciones\/ferrocarril\/#breadcrumb\",\"itemListElement\":[{\"@type\":\"ListItem\",\"position\":1,\"name\":\"Home\",\"item\":\"https:\/\/wp.plasnor.com\/es\/\"},{\"@type\":\"ListItem\",\"position\":2,\"name\":\"Termoconformado\",\"item\":\"https:\/\/wp.plasnor.com\/es\/termoconformado\/\"},{\"@type\":\"ListItem\",\"position\":3,\"name\":\"Sectores y aplicaciones\",\"item\":\"https:\/\/wp.plasnor.com\/es\/termoconformado\/sectores-y-aplicaciones\/\"},{\"@type\":\"ListItem\",\"position\":4,\"name\":\"Ferrocarril\"}]},{\"@type\":\"WebSite\",\"@id\":\"https:\/\/wp.plasnor.com\/es\/#website\",\"url\":\"https:\/\/wp.plasnor.com\/es\/\",\"name\":\"Plasnor\",\"description\":\"Especialistas en extrusi\u00f3n y termoconformado\",\"publisher\":{\"@id\":\"https:\/\/wp.plasnor.com\/es\/#organization\"},\"alternateName\":\"Plasnor\",\"potentialAction\":[{\"@type\":\"SearchAction\",\"target\":{\"@type\":\"EntryPoint\",\"urlTemplate\":\"https:\/\/wp.plasnor.com\/es\/?s={search_term_string}\"},\"query-input\":\"required name=search_term_string\"}],\"inLanguage\":\"es\"},{\"@type\":\"Organization\",\"@id\":\"https:\/\/wp.plasnor.com\/es\/#organization\",\"name\":\"Plasnor\",\"alternateName\":\"Plasnor\",\"url\":\"https:\/\/wp.plasnor.com\/es\/\",\"logo\":{\"@type\":\"ImageObject\",\"inLanguage\":\"es\",\"@id\":\"https:\/\/wp.plasnor.com\/es\/#\/schema\/logo\/image\/\",\"url\":\"https:\/\/www.plasnor.com\/wp-content\/uploads\/2023\/04\/logotipo-plasnor.jpg\",\"contentUrl\":\"https:\/\/www.plasnor.com\/wp-content\/uploads\/2023\/04\/logotipo-plasnor.jpg\",\"width\":300,\"height\":91,\"caption\":\"Plasnor\"},\"image\":{\"@id\":\"https:\/\/wp.plasnor.com\/es\/#\/schema\/logo\/image\/\"},\"sameAs\":[\"https:\/\/www.linkedin.com\/company\/plasnor-s.a.\"]}]}<\/script>\n<!-- \/ Yoast SEO plugin. -->","yoast_head_json":{"title":"Pl\u00e1stico para Trenes y sector ferroviario | EN 45545","description":"El termoconformado agiliza el proceso de fabricaci\u00f3n de las piezas y abarata el proceso de producci\u00f3n en el sector del ferrocarril.","robots":{"index":"index","follow":"follow","max-snippet":"max-snippet:-1","max-image-preview":"max-image-preview:large","max-video-preview":"max-video-preview:-1"},"canonical":"https:\/\/wp.plasnor.com\/es\/termoconformado\/sectores-y-aplicaciones\/ferrocarril\/","og_locale":"es_ES","og_type":"article","og_title":"Pl\u00e1stico para Trenes y sector ferroviario | EN 45545","og_description":"El termoconformado agiliza el proceso de fabricaci\u00f3n de las piezas y abarata el proceso de producci\u00f3n en el sector del ferrocarril.","og_url":"https:\/\/wp.plasnor.com\/es\/termoconformado\/sectores-y-aplicaciones\/ferrocarril\/","og_site_name":"Plasnor","article_modified_time":"2024-02-05T16:20:13+00:00","og_image":[{"url":"https:\/\/www.plasnor.com\/wp-content\/uploads\/2023\/04\/02-plasnor-sector-railway.jpg"}],"twitter_card":"summary_large_image","schema":{"@context":"https:\/\/schema.org","@graph":[{"@type":"WebPage","@id":"https:\/\/wp.plasnor.com\/es\/termoconformado\/sectores-y-aplicaciones\/ferrocarril\/","url":"https:\/\/wp.plasnor.com\/es\/termoconformado\/sectores-y-aplicaciones\/ferrocarril\/","name":"Pl\u00e1stico para Trenes y sector ferroviario | EN 45545","isPartOf":{"@id":"https:\/\/wp.plasnor.com\/es\/#website"},"primaryImageOfPage":{"@id":"https:\/\/wp.plasnor.com\/es\/termoconformado\/sectores-y-aplicaciones\/ferrocarril\/#primaryimage"},"image":{"@id":"https:\/\/wp.plasnor.com\/es\/termoconformado\/sectores-y-aplicaciones\/ferrocarril\/#primaryimage"},"thumbnailUrl":"https:\/\/www.plasnor.com\/wp-content\/uploads\/2023\/04\/02-plasnor-sector-railway.jpg","datePublished":"2023-04-24T07:44:15+00:00","dateModified":"2024-02-05T16:20:13+00:00","description":"El termoconformado agiliza el proceso de fabricaci\u00f3n de las piezas y abarata el proceso de producci\u00f3n en el sector del ferrocarril.","breadcrumb":{"@id":"https:\/\/wp.plasnor.com\/es\/termoconformado\/sectores-y-aplicaciones\/ferrocarril\/#breadcrumb"},"inLanguage":"es","potentialAction":[{"@type":"ReadAction","target":["https:\/\/wp.plasnor.com\/es\/termoconformado\/sectores-y-aplicaciones\/ferrocarril\/"]}]},{"@type":"ImageObject","inLanguage":"es","@id":"https:\/\/wp.plasnor.com\/es\/termoconformado\/sectores-y-aplicaciones\/ferrocarril\/#primaryimage","url":"https:\/\/www.plasnor.com\/wp-content\/uploads\/2023\/04\/02-plasnor-sector-railway.jpg","contentUrl":"https:\/\/www.plasnor.com\/wp-content\/uploads\/2023\/04\/02-plasnor-sector-railway.jpg"},{"@type":"BreadcrumbList","@id":"https:\/\/wp.plasnor.com\/es\/termoconformado\/sectores-y-aplicaciones\/ferrocarril\/#breadcrumb","itemListElement":[{"@type":"ListItem","position":1,"name":"Home","item":"https:\/\/wp.plasnor.com\/es\/"},{"@type":"ListItem","position":2,"name":"Termoconformado","item":"https:\/\/wp.plasnor.com\/es\/termoconformado\/"},{"@type":"ListItem","position":3,"name":"Sectores y aplicaciones","item":"https:\/\/wp.plasnor.com\/es\/termoconformado\/sectores-y-aplicaciones\/"},{"@type":"ListItem","position":4,"name":"Ferrocarril"}]},{"@type":"WebSite","@id":"https:\/\/wp.plasnor.com\/es\/#website","url":"https:\/\/wp.plasnor.com\/es\/","name":"Plasnor","description":"Especialistas en extrusi\u00f3n y termoconformado","publisher":{"@id":"https:\/\/wp.plasnor.com\/es\/#organization"},"alternateName":"Plasnor","potentialAction":[{"@type":"SearchAction","target":{"@type":"EntryPoint","urlTemplate":"https:\/\/wp.plasnor.com\/es\/?s={search_term_string}"},"query-input":"required name=search_term_string"}],"inLanguage":"es"},{"@type":"Organization","@id":"https:\/\/wp.plasnor.com\/es\/#organization","name":"Plasnor","alternateName":"Plasnor","url":"https:\/\/wp.plasnor.com\/es\/","logo":{"@type":"ImageObject","inLanguage":"es","@id":"https:\/\/wp.plasnor.com\/es\/#\/schema\/logo\/image\/","url":"https:\/\/www.plasnor.com\/wp-content\/uploads\/2023\/04\/logotipo-plasnor.jpg","contentUrl":"https:\/\/www.plasnor.com\/wp-content\/uploads\/2023\/04\/logotipo-plasnor.jpg","width":300,"height":91,"caption":"Plasnor"},"image":{"@id":"https:\/\/wp.plasnor.com\/es\/#\/schema\/logo\/image\/"},"sameAs":["https:\/\/www.linkedin.com\/company\/plasnor-s.a."]}]}},"_links":{"self":[{"href":"https:\/\/wp.plasnor.com\/es\/wp-json\/wp\/v2\/pages\/14877"}],"collection":[{"href":"https:\/\/wp.plasnor.com\/es\/wp-json\/wp\/v2\/pages"}],"about":[{"href":"https:\/\/wp.plasnor.com\/es\/wp-json\/wp\/v2\/types\/page"}],"author":[{"embeddable":true,"href":"https:\/\/wp.plasnor.com\/es\/wp-json\/wp\/v2\/users\/1"}],"replies":[{"embeddable":true,"href":"https:\/\/wp.plasnor.com\/es\/wp-json\/wp\/v2\/comments?post=14877"}],"version-history":[{"count":0,"href":"https:\/\/wp.plasnor.com\/es\/wp-json\/wp\/v2\/pages\/14877\/revisions"}],"up":[{"embeddable":true,"href":"https:\/\/wp.plasnor.com\/es\/wp-json\/wp\/v2\/pages\/14873"}],"wp:attachment":[{"href":"https:\/\/wp.plasnor.com\/es\/wp-json\/wp\/v2\/media?parent=14877"}],"wp:term":[{"taxonomy":"category","embeddable":true,"href":"https:\/\/wp.plasnor.com\/es\/wp-json\/wp\/v2\/categories?post=14877"},{"taxonomy":"post_tag","embeddable":true,"href":"https:\/\/wp.plasnor.com\/es\/wp-json\/wp\/v2\/tags?post=14877"}],"curies":[{"name":"wp","href":"https:\/\/api.w.org\/{rel}","templated":true}]}}