{"id":144,"date":"2023-04-20T22:44:22","date_gmt":"2023-04-20T20:44:22","guid":{"rendered":"https:\/\/www.plasnor.com\/?page_id=144"},"modified":"2024-02-05T16:46:03","modified_gmt":"2024-02-05T15:46:03","slug":"fichas-tecnicas-de-producto","status":"publish","type":"page","link":"https:\/\/wp.plasnor.com\/es\/mueble-norsan-high-gloss\/fichas-tecnicas-de-producto\/","title":{"rendered":"Fichas t\u00e9cnicas de producto"},"content":{"rendered":"<table>\n<tbody>\n<tr>\n<th>CHARACTERISTICS<\/th>\n<th>Test Method<\/th>\n<th>Units<\/th>\n<th>Value<\/th>\n<\/tr>\n<tr>\n<td style=\"background-color: #e1e1e1;\"><strong>PHYSICAL PROPERTIES<\/strong><\/td>\n<td style=\"background-color: #e1e1e1;\"><\/td>\n<td style=\"background-color: #e1e1e1;\"><\/td>\n<td style=\"background-color: #e1e1e1;\"><\/td>\n<\/tr>\n<tr>\n<td style=\"border-bottom: 2px solid;\">Density*<\/td>\n<td style=\"border-bottom: 2px solid;\">ISO 1183-1<\/td>\n<td style=\"border-bottom: 2px solid;\">g\/cm3<\/td>\n<td style=\"border-bottom: 2px solid;\">1,07-1,11<\/td>\n<\/tr>\n<tr>\n<td style=\"background-color: #e1e1e1;\"><strong>MECHANICAL PROPERTIES<\/strong><\/td>\n<td style=\"background-color: #e1e1e1;\"><\/td>\n<td style=\"background-color: #e1e1e1;\"><\/td>\n<td style=\"background-color: #e1e1e1;\"><\/td>\n<\/tr>\n<tr>\n<td>Scratch resistance<\/td>\n<td>DIN 68861\/T4<\/td>\n<td>N<\/td>\n<td>1,2<\/td>\n<\/tr>\n<tr>\n<td>Scratch resistance<\/td>\n<td>Pencil test<\/td>\n<td>Visual<\/td>\n<td>6H<\/td>\n<\/tr>\n<tr>\n<td>Abrasion resistance<\/td>\n<td>DIN 53754<\/td>\n<td>mg\/100U\/min<\/td>\n<td>6<\/td>\n<\/tr>\n<tr>\n<td style=\"border-bottom: 2px solid;\">Resistance of surface to mechanical damage<\/td>\n<td style=\"border-bottom: 2px solid;\">DIN 53799\/T4.4.2<\/td>\n<td style=\"border-bottom: 2px solid;\">mm<\/td>\n<td style=\"border-bottom: 2px solid;\">7<\/td>\n<\/tr>\n<tr>\n<td style=\"background-color: #e1e1e1;\"><strong>THERMAL PROPERTIES<\/strong><\/td>\n<td style=\"background-color: #e1e1e1;\"><\/td>\n<td style=\"background-color: #e1e1e1;\"><\/td>\n<td style=\"background-color: #e1e1e1;\"><\/td>\n<\/tr>\n<tr>\n<td>Resistance to dry heat<\/td>\n<td>DIN 68861\/T7<\/td>\n<td>\u00baC<\/td>\n<td>100<\/td>\n<\/tr>\n<tr>\n<td style=\"border-bottom: 2px solid;\">Resistance to wet hea<\/td>\n<td style=\"border-bottom: 2px solid;\">DIN 68861\/T8<\/td>\n<td style=\"border-bottom: 2px solid;\">\u00baC<\/td>\n<td style=\"border-bottom: 2px solid;\">100<\/td>\n<\/tr>\n<tr>\n<td style=\"background-color: #e1e1e1;\"><strong>OPTICAL PROPERTIES<\/strong><\/td>\n<td style=\"background-color: #e1e1e1;\"><\/td>\n<td style=\"background-color: #e1e1e1;\"><\/td>\n<td style=\"background-color: #e1e1e1;\"><\/td>\n<\/tr>\n<tr>\n<td>Top surface gloss<\/td>\n<td>DIN 67530<\/td>\n<td>GLE<\/td>\n<td>&gt;85<\/td>\n<\/tr>\n<tr>\n<td style=\"border-bottom: 2px solid;\">Color fastness *<\/td>\n<td style=\"border-bottom: 2px solid;\">ISO 4892-2<\/td>\n<td style=\"border-bottom: 2px solid;\"><\/td>\n<td style=\"border-bottom: 2px solid;\">1,7<\/td>\n<\/tr>\n<tr>\n<td style=\"background-color: #e1e1e1;\"><strong>BURNING BEHAVIOR<\/strong><\/td>\n<td style=\"background-color: #e1e1e1;\"><\/td>\n<td style=\"background-color: #e1e1e1;\"><\/td>\n<td style=\"background-color: #e1e1e1;\"><\/td>\n<\/tr>\n<tr>\n<td style=\"border-bottom: 2px solid;\">Flammability **<\/td>\n<td style=\"border-bottom: 2px solid;\">UL94<\/td>\n<td style=\"border-bottom: 2px solid;\"><\/td>\n<td style=\"border-bottom: 2px solid;\">HB<\/td>\n<\/tr>\n<tr>\n<td style=\"background-color: #e1e1e1;\"><strong>OTHER PROPERTIES<\/strong><\/td>\n<td style=\"background-color: #e1e1e1;\"><\/td>\n<td style=\"background-color: #e1e1e1;\"><\/td>\n<td style=\"background-color: #e1e1e1;\"><\/td>\n<\/tr>\n<tr>\n<td>Chemical resistance<\/td>\n<td>DIN 68861\/T1<\/td>\n<td><\/td>\n<td>&gt;No changes<\/td>\n<\/tr>\n<tr>\n<td>Thermoforming temperature range<\/td>\n<td><\/td>\n<td>\u00baC<\/td>\n<td>&gt;180-190<\/td>\n<\/tr>\n<tr>\n<td>Behaviour to water vapour<\/td>\n<td>DIN 53799\/T4.11<\/td>\n<td><\/td>\n<td>&gt;No changes<\/td>\n<\/tr>\n<\/tbody>\n<\/table>\n<p><em>* Total colour difference after 200h Xenon test<br \/>\n** Flamability is rated on raw material data (&gt;1,6mm.)<\/em><\/p>\n","protected":false},"excerpt":{"rendered":"<p>CHARACTERISTICS Test Method Units Value PHYSICAL PROPERTIES Density* ISO 1183-1 g\/cm3 1,07-1,11 MECHANICAL PROPERTIES Scratch resistance DIN 68861\/T4 &#8230; <a title=\"Fichas t\u00e9cnicas de producto\" class=\"read-more\" href=\"https:\/\/wp.plasnor.com\/es\/mueble-norsan-high-gloss\/fichas-tecnicas-de-producto\/\" aria-label=\"Leer m\u00e1s sobre Fichas t\u00e9cnicas de producto\">[ + info ]<\/a><\/p>\n","protected":false},"author":1,"featured_media":0,"parent":25,"menu_order":0,"comment_status":"closed","ping_status":"closed","template":"","meta":{"footnotes":""},"categories":[8],"tags":[],"yoast_head":"<!-- This site is optimized with the Yoast SEO plugin v22.4 - https:\/\/yoast.com\/wordpress\/plugins\/seo\/ -->\n<title>Fichas T\u00e9nicas de Productos| Propiedades PMMA y Acr\u00edlico | Plasnor<\/title>\n<meta name=\"description\" content=\"Conoce las caracter\u00edsticas t\u00e9cnicas de Muebles Norsan High Gloss de Plasnor. M\u00e1xima resistencia en puertas de cocina y muebles.\" \/>\n<meta name=\"robots\" content=\"index, follow, max-snippet:-1, max-image-preview:large, max-video-preview:-1\" \/>\n<link rel=\"canonical\" href=\"https:\/\/wp.plasnor.com\/es\/mueble-norsan-high-gloss\/fichas-tecnicas-de-producto\/\" \/>\n<meta property=\"og:locale\" content=\"es_ES\" \/>\n<meta property=\"og:type\" content=\"article\" \/>\n<meta property=\"og:title\" content=\"Fichas T\u00e9nicas de Productos| Propiedades PMMA y Acr\u00edlico | Plasnor\" \/>\n<meta property=\"og:description\" content=\"Conoce las caracter\u00edsticas t\u00e9cnicas de Muebles Norsan High Gloss de Plasnor. M\u00e1xima resistencia en puertas de cocina y muebles.\" \/>\n<meta property=\"og:url\" content=\"https:\/\/wp.plasnor.com\/es\/mueble-norsan-high-gloss\/fichas-tecnicas-de-producto\/\" \/>\n<meta property=\"og:site_name\" content=\"Plasnor\" \/>\n<meta property=\"article:modified_time\" content=\"2024-02-05T15:46:03+00:00\" \/>\n<meta property=\"og:image\" content=\"https:\/\/wp.plasnor.com\/wp-content\/uploads\/2023\/04\/logotipo-plasnor.jpg\" \/>\n\t<meta property=\"og:image:width\" content=\"300\" \/>\n\t<meta property=\"og:image:height\" content=\"91\" \/>\n\t<meta property=\"og:image:type\" content=\"image\/jpeg\" \/>\n<meta name=\"twitter:card\" content=\"summary_large_image\" \/>\n<script type=\"application\/ld+json\" class=\"yoast-schema-graph\">{\"@context\":\"https:\/\/schema.org\",\"@graph\":[{\"@type\":\"WebPage\",\"@id\":\"https:\/\/wp.plasnor.com\/es\/mueble-norsan-high-gloss\/fichas-tecnicas-de-producto\/\",\"url\":\"https:\/\/wp.plasnor.com\/es\/mueble-norsan-high-gloss\/fichas-tecnicas-de-producto\/\",\"name\":\"Fichas T\u00e9nicas de Productos| Propiedades PMMA y Acr\u00edlico | Plasnor\",\"isPartOf\":{\"@id\":\"https:\/\/wp.plasnor.com\/es\/#website\"},\"datePublished\":\"2023-04-20T20:44:22+00:00\",\"dateModified\":\"2024-02-05T15:46:03+00:00\",\"description\":\"Conoce las caracter\u00edsticas t\u00e9cnicas de Muebles Norsan High Gloss de Plasnor. M\u00e1xima resistencia en puertas de cocina y muebles.\",\"breadcrumb\":{\"@id\":\"https:\/\/wp.plasnor.com\/es\/mueble-norsan-high-gloss\/fichas-tecnicas-de-producto\/#breadcrumb\"},\"inLanguage\":\"es\",\"potentialAction\":[{\"@type\":\"ReadAction\",\"target\":[\"https:\/\/wp.plasnor.com\/es\/mueble-norsan-high-gloss\/fichas-tecnicas-de-producto\/\"]}]},{\"@type\":\"BreadcrumbList\",\"@id\":\"https:\/\/wp.plasnor.com\/es\/mueble-norsan-high-gloss\/fichas-tecnicas-de-producto\/#breadcrumb\",\"itemListElement\":[{\"@type\":\"ListItem\",\"position\":1,\"name\":\"Home\",\"item\":\"https:\/\/wp.plasnor.com\/es\/\"},{\"@type\":\"ListItem\",\"position\":2,\"name\":\"Mueble-Norsan High Gloss\",\"item\":\"https:\/\/wp.plasnor.com\/es\/mueble-norsan-high-gloss\/\"},{\"@type\":\"ListItem\",\"position\":3,\"name\":\"Fichas t\u00e9cnicas de producto\"}]},{\"@type\":\"WebSite\",\"@id\":\"https:\/\/wp.plasnor.com\/es\/#website\",\"url\":\"https:\/\/wp.plasnor.com\/es\/\",\"name\":\"Plasnor\",\"description\":\"Especialistas en extrusi\u00f3n y termoconformado\",\"publisher\":{\"@id\":\"https:\/\/wp.plasnor.com\/es\/#organization\"},\"alternateName\":\"Plasnor\",\"potentialAction\":[{\"@type\":\"SearchAction\",\"target\":{\"@type\":\"EntryPoint\",\"urlTemplate\":\"https:\/\/wp.plasnor.com\/es\/?s={search_term_string}\"},\"query-input\":\"required name=search_term_string\"}],\"inLanguage\":\"es\"},{\"@type\":\"Organization\",\"@id\":\"https:\/\/wp.plasnor.com\/es\/#organization\",\"name\":\"Plasnor\",\"alternateName\":\"Plasnor\",\"url\":\"https:\/\/wp.plasnor.com\/es\/\",\"logo\":{\"@type\":\"ImageObject\",\"inLanguage\":\"es\",\"@id\":\"https:\/\/wp.plasnor.com\/es\/#\/schema\/logo\/image\/\",\"url\":\"https:\/\/www.plasnor.com\/wp-content\/uploads\/2023\/04\/logotipo-plasnor.jpg\",\"contentUrl\":\"https:\/\/www.plasnor.com\/wp-content\/uploads\/2023\/04\/logotipo-plasnor.jpg\",\"width\":300,\"height\":91,\"caption\":\"Plasnor\"},\"image\":{\"@id\":\"https:\/\/wp.plasnor.com\/es\/#\/schema\/logo\/image\/\"},\"sameAs\":[\"https:\/\/www.linkedin.com\/company\/plasnor-s.a.\"]}]}<\/script>\n<!-- \/ Yoast SEO plugin. -->","yoast_head_json":{"title":"Fichas T\u00e9nicas de Productos| Propiedades PMMA y Acr\u00edlico | Plasnor","description":"Conoce las caracter\u00edsticas t\u00e9cnicas de Muebles Norsan High Gloss de Plasnor. M\u00e1xima resistencia en puertas de cocina y muebles.","robots":{"index":"index","follow":"follow","max-snippet":"max-snippet:-1","max-image-preview":"max-image-preview:large","max-video-preview":"max-video-preview:-1"},"canonical":"https:\/\/wp.plasnor.com\/es\/mueble-norsan-high-gloss\/fichas-tecnicas-de-producto\/","og_locale":"es_ES","og_type":"article","og_title":"Fichas T\u00e9nicas de Productos| Propiedades PMMA y Acr\u00edlico | Plasnor","og_description":"Conoce las caracter\u00edsticas t\u00e9cnicas de Muebles Norsan High Gloss de Plasnor. M\u00e1xima resistencia en puertas de cocina y muebles.","og_url":"https:\/\/wp.plasnor.com\/es\/mueble-norsan-high-gloss\/fichas-tecnicas-de-producto\/","og_site_name":"Plasnor","article_modified_time":"2024-02-05T15:46:03+00:00","og_image":[{"width":300,"height":91,"url":"https:\/\/wp.plasnor.com\/wp-content\/uploads\/2023\/04\/logotipo-plasnor.jpg","type":"image\/jpeg"}],"twitter_card":"summary_large_image","schema":{"@context":"https:\/\/schema.org","@graph":[{"@type":"WebPage","@id":"https:\/\/wp.plasnor.com\/es\/mueble-norsan-high-gloss\/fichas-tecnicas-de-producto\/","url":"https:\/\/wp.plasnor.com\/es\/mueble-norsan-high-gloss\/fichas-tecnicas-de-producto\/","name":"Fichas T\u00e9nicas de Productos| Propiedades PMMA y Acr\u00edlico | Plasnor","isPartOf":{"@id":"https:\/\/wp.plasnor.com\/es\/#website"},"datePublished":"2023-04-20T20:44:22+00:00","dateModified":"2024-02-05T15:46:03+00:00","description":"Conoce las caracter\u00edsticas t\u00e9cnicas de Muebles Norsan High Gloss de Plasnor. M\u00e1xima resistencia en puertas de cocina y muebles.","breadcrumb":{"@id":"https:\/\/wp.plasnor.com\/es\/mueble-norsan-high-gloss\/fichas-tecnicas-de-producto\/#breadcrumb"},"inLanguage":"es","potentialAction":[{"@type":"ReadAction","target":["https:\/\/wp.plasnor.com\/es\/mueble-norsan-high-gloss\/fichas-tecnicas-de-producto\/"]}]},{"@type":"BreadcrumbList","@id":"https:\/\/wp.plasnor.com\/es\/mueble-norsan-high-gloss\/fichas-tecnicas-de-producto\/#breadcrumb","itemListElement":[{"@type":"ListItem","position":1,"name":"Home","item":"https:\/\/wp.plasnor.com\/es\/"},{"@type":"ListItem","position":2,"name":"Mueble-Norsan High Gloss","item":"https:\/\/wp.plasnor.com\/es\/mueble-norsan-high-gloss\/"},{"@type":"ListItem","position":3,"name":"Fichas t\u00e9cnicas de producto"}]},{"@type":"WebSite","@id":"https:\/\/wp.plasnor.com\/es\/#website","url":"https:\/\/wp.plasnor.com\/es\/","name":"Plasnor","description":"Especialistas en extrusi\u00f3n y termoconformado","publisher":{"@id":"https:\/\/wp.plasnor.com\/es\/#organization"},"alternateName":"Plasnor","potentialAction":[{"@type":"SearchAction","target":{"@type":"EntryPoint","urlTemplate":"https:\/\/wp.plasnor.com\/es\/?s={search_term_string}"},"query-input":"required name=search_term_string"}],"inLanguage":"es"},{"@type":"Organization","@id":"https:\/\/wp.plasnor.com\/es\/#organization","name":"Plasnor","alternateName":"Plasnor","url":"https:\/\/wp.plasnor.com\/es\/","logo":{"@type":"ImageObject","inLanguage":"es","@id":"https:\/\/wp.plasnor.com\/es\/#\/schema\/logo\/image\/","url":"https:\/\/www.plasnor.com\/wp-content\/uploads\/2023\/04\/logotipo-plasnor.jpg","contentUrl":"https:\/\/www.plasnor.com\/wp-content\/uploads\/2023\/04\/logotipo-plasnor.jpg","width":300,"height":91,"caption":"Plasnor"},"image":{"@id":"https:\/\/wp.plasnor.com\/es\/#\/schema\/logo\/image\/"},"sameAs":["https:\/\/www.linkedin.com\/company\/plasnor-s.a."]}]}},"_links":{"self":[{"href":"https:\/\/wp.plasnor.com\/es\/wp-json\/wp\/v2\/pages\/144"}],"collection":[{"href":"https:\/\/wp.plasnor.com\/es\/wp-json\/wp\/v2\/pages"}],"about":[{"href":"https:\/\/wp.plasnor.com\/es\/wp-json\/wp\/v2\/types\/page"}],"author":[{"embeddable":true,"href":"https:\/\/wp.plasnor.com\/es\/wp-json\/wp\/v2\/users\/1"}],"replies":[{"embeddable":true,"href":"https:\/\/wp.plasnor.com\/es\/wp-json\/wp\/v2\/comments?post=144"}],"version-history":[{"count":0,"href":"https:\/\/wp.plasnor.com\/es\/wp-json\/wp\/v2\/pages\/144\/revisions"}],"up":[{"embeddable":true,"href":"https:\/\/wp.plasnor.com\/es\/wp-json\/wp\/v2\/pages\/25"}],"wp:attachment":[{"href":"https:\/\/wp.plasnor.com\/es\/wp-json\/wp\/v2\/media?parent=144"}],"wp:term":[{"taxonomy":"category","embeddable":true,"href":"https:\/\/wp.plasnor.com\/es\/wp-json\/wp\/v2\/categories?post=144"},{"taxonomy":"post_tag","embeddable":true,"href":"https:\/\/wp.plasnor.com\/es\/wp-json\/wp\/v2\/tags?post=144"}],"curies":[{"name":"wp","href":"https:\/\/api.w.org\/{rel}","templated":true}]}}