{"id":101,"date":"2023-04-20T20:29:36","date_gmt":"2023-04-20T18:29:36","guid":{"rendered":"https:\/\/www.plasnor.com\/?page_id=101"},"modified":"2024-02-05T16:06:54","modified_gmt":"2024-02-05T15:06:54","slug":"equipamientos-e-instalaciones","status":"publish","type":"page","link":"https:\/\/wp.plasnor.com\/es\/extrusion\/equipamientos-e-instalaciones\/","title":{"rendered":"Equipamientos e instalaciones"},"content":{"rendered":"<div id=\"pl-101\"  class=\"panel-layout\" ><div id=\"pg-101-0\"  class=\"panel-grid panel-no-style\" ><div id=\"pgc-101-0-0\"  class=\"panel-grid-cell\" ><div id=\"panel-101-0-0-0\" class=\"so-panel widget widget_sow-image panel-first-child panel-last-child\" data-index=\"0\" ><div\n\t\t\t\n\t\t\tclass=\"so-widget-sow-image so-widget-sow-image-default-113ccd71f3e6-101\"\n\t\t\t\n\t\t>\n\n<div class=\"sow-image-container\">\n\t\t<img loading=\"lazy\" decoding=\"async\" src=\"https:\/\/wp.plasnor.com\/wp-content\/uploads\/2023\/04\/plasnor-extrusion-044.jpg\" width=\"1000\" height=\"654\" srcset=\"https:\/\/wp.plasnor.com\/wp-content\/uploads\/2023\/04\/plasnor-extrusion-044.jpg 1000w, https:\/\/wp.plasnor.com\/wp-content\/uploads\/2023\/04\/plasnor-extrusion-044-300x196.jpg 300w, https:\/\/wp.plasnor.com\/wp-content\/uploads\/2023\/04\/plasnor-extrusion-044-768x502.jpg 768w\" sizes=\"(max-width: 1000px) 100vw, 1000px\" title=\"Extrusoras\" alt=\"Extrusoras\" \t\tclass=\"so-widget-image\"\/>\n\t<\/div>\n\n<\/div><\/div><\/div><div id=\"pgc-101-0-1\"  class=\"panel-grid-cell\" ><div id=\"panel-101-0-1-0\" class=\"so-panel widget widget_sow-editor panel-first-child panel-last-child\" data-index=\"1\" ><div\n\t\t\t\n\t\t\tclass=\"so-widget-sow-editor so-widget-sow-editor-base\"\n\t\t\t\n\t\t><h3 class=\"widget-title\">Extrusoras<\/h3>\n<div class=\"siteorigin-widget-tinymce textwidget\">\n\t<div class=\"siteorigin-widget-tinymce textwidget\">\n<p>Contamos con la m\u00e1s moderna maquinaria de coextrusi\u00f3n multicapa. Nuestras l\u00edneas de extrusi\u00f3n nos permiten transformar diferentes tipos de termopl\u00e1sticos en planchas y bobinas de distintos aspectos. Contamos para ello con unos operarios de m\u00e1quina perfectamente cualificados y con una larga experiencia en el oficio de la extrusi\u00f3n.<\/p>\n<\/div>\n<\/div>\n<\/div><\/div><\/div><\/div><div id=\"pg-101-1\"  class=\"panel-grid panel-no-style\" ><div id=\"pgc-101-1-0\"  class=\"panel-grid-cell\" ><div id=\"panel-101-1-0-0\" class=\"so-panel widget widget_sow-image panel-first-child panel-last-child\" data-index=\"2\" ><div\n\t\t\t\n\t\t\tclass=\"so-widget-sow-image so-widget-sow-image-default-113ccd71f3e6-101\"\n\t\t\t\n\t\t>\n\n<div class=\"sow-image-container\">\n\t\t<img loading=\"lazy\" decoding=\"async\" src=\"https:\/\/wp.plasnor.com\/wp-content\/uploads\/2023\/04\/plasnor-extrusion-021.jpg\" width=\"1000\" height=\"667\" srcset=\"https:\/\/wp.plasnor.com\/wp-content\/uploads\/2023\/04\/plasnor-extrusion-021.jpg 1000w, https:\/\/wp.plasnor.com\/wp-content\/uploads\/2023\/04\/plasnor-extrusion-021-300x200.jpg 300w, https:\/\/wp.plasnor.com\/wp-content\/uploads\/2023\/04\/plasnor-extrusion-021-768x512.jpg 768w, https:\/\/wp.plasnor.com\/wp-content\/uploads\/2023\/04\/plasnor-extrusion-021-720x480.jpg 720w\" sizes=\"(max-width: 1000px) 100vw, 1000px\" title=\"Instalaciones\" alt=\"Instalaciones\" \t\tclass=\"so-widget-image\"\/>\n\t<\/div>\n\n<\/div><\/div><\/div><div id=\"pgc-101-1-1\"  class=\"panel-grid-cell\" ><div id=\"panel-101-1-1-0\" class=\"so-panel widget widget_sow-editor panel-first-child panel-last-child\" data-index=\"3\" ><div\n\t\t\t\n\t\t\tclass=\"so-widget-sow-editor so-widget-sow-editor-base\"\n\t\t\t\n\t\t><h3 class=\"widget-title\">Instalaciones<\/h3>\n<div class=\"siteorigin-widget-tinymce textwidget\">\n\t<div class=\"siteorigin-widget-tinymce textwidget\">\n<p>Disponemos de unas instalaciones de 11.000m\u00b2 repartidas entre la sede social (donde reside el grueso de la fabricaci\u00f3n) en el pueblo de Legazpi y otro centro productivo a 5 km en el pueblo de Urretxu.<br \/>Oficinas, maquinaria, laboratorio, instrumental, silos y almac\u00e9n, dan cuerpo a nuestras instalaciones. As\u00ed contamos con un espacio amplio y suficiente para el ejercicio de nuestra actividad principal: la transformaci\u00f3n de pl\u00e1sticos.<\/p>\n<\/div>\n<\/div>\n<\/div><\/div><\/div><\/div><div id=\"pg-101-2\"  class=\"panel-grid panel-no-style\" ><div id=\"pgc-101-2-0\"  class=\"panel-grid-cell\" ><div id=\"panel-101-2-0-0\" class=\"so-panel widget widget_sow-editor panel-first-child panel-last-child\" data-index=\"4\" ><div\n\t\t\t\n\t\t\tclass=\"so-widget-sow-editor so-widget-sow-editor-base\"\n\t\t\t\n\t\t><h3 class=\"widget-title\">Silos, Almac\u00e9n<\/h3>\n<div class=\"siteorigin-widget-tinymce textwidget\">\n\t<div class=\"siteorigin-widget-tinymce textwidget\">\n<p>Disponemos de un equipamiento totalmente adaptado y acondicionado que mantenemos en en condiciones de limpieza, orden y seguridad.<br \/>Tanto nuestros medios de producci\u00f3n como nuestros productos se encuentran dispuestos y\/o almacenados con objeto de garantizar al m\u00e1ximo la calidad del producto que entregamos a nuestro cliente. Optimizamos y delimitamos los espacios de trabajo y almacenamiento para garantizar adem\u00e1s la seguridad a la hora del trabajo un objetivo a\u00f1adido que no perdemos de vista en nuestra organizaci\u00f3n interna .<\/p>\n<p><img loading=\"lazy\" decoding=\"async\" class=\"alignnone wp-image-16566\" src=\"https:\/\/www.plasnor.com\/wp-content\/uploads\/2023\/04\/plasnor-edificio-300x200.jpg\" alt=\"\" width=\"348\" height=\"232\" srcset=\"https:\/\/wp.plasnor.com\/wp-content\/uploads\/2023\/04\/plasnor-edificio-300x200.jpg 300w, https:\/\/wp.plasnor.com\/wp-content\/uploads\/2023\/04\/plasnor-edificio-768x513.jpg 768w, https:\/\/wp.plasnor.com\/wp-content\/uploads\/2023\/04\/plasnor-edificio-720x480.jpg 720w, https:\/\/wp.plasnor.com\/wp-content\/uploads\/2023\/04\/plasnor-edificio.jpg 800w\" sizes=\"(max-width: 348px) 100vw, 348px\" \/>&nbsp; <img loading=\"lazy\" decoding=\"async\" class=\"alignnone wp-image-16569\" src=\"https:\/\/www.plasnor.com\/wp-content\/uploads\/2023\/04\/edificio-plasnor-02-300x200.jpg\" alt=\"\" width=\"348\" height=\"232\" srcset=\"https:\/\/wp.plasnor.com\/wp-content\/uploads\/2023\/04\/edificio-plasnor-02-300x200.jpg 300w, https:\/\/wp.plasnor.com\/wp-content\/uploads\/2023\/04\/edificio-plasnor-02-768x512.jpg 768w, https:\/\/wp.plasnor.com\/wp-content\/uploads\/2023\/04\/edificio-plasnor-02-720x480.jpg 720w, https:\/\/wp.plasnor.com\/wp-content\/uploads\/2023\/04\/edificio-plasnor-02-950x630.jpg 950w, https:\/\/wp.plasnor.com\/wp-content\/uploads\/2023\/04\/edificio-plasnor-02.jpg 1000w\" sizes=\"(max-width: 348px) 100vw, 348px\" \/><\/p>\n<p>&nbsp;<\/p>\n<\/div>\n<\/div>\n<\/div><\/div><\/div><\/div><\/div>","protected":false},"excerpt":{"rendered":"<p>Contamos con la m\u00e1s moderna maquinaria de coextrusi\u00f3n multicapa. Nuestras l\u00edneas de extrusi\u00f3n nos permiten transformar diferentes tipos &#8230; <a title=\"Equipamientos e instalaciones\" class=\"read-more\" href=\"https:\/\/wp.plasnor.com\/es\/extrusion\/equipamientos-e-instalaciones\/\" aria-label=\"Leer m\u00e1s sobre Equipamientos e instalaciones\">[ + info ]<\/a><\/p>\n","protected":false},"author":1,"featured_media":0,"parent":23,"menu_order":0,"comment_status":"closed","ping_status":"closed","template":"","meta":{"footnotes":""},"categories":[7],"tags":[],"yoast_head":"<!-- This site is optimized with the Yoast SEO plugin v22.4 - https:\/\/yoast.com\/wordpress\/plugins\/seo\/ -->\n<title>Transformaci\u00f3n de Pl\u00e1sticos y Laminaci\u00f3n Multicapa | Equipamiento<\/title>\n<meta name=\"description\" content=\"Contamos con la m\u00e1s moderna maquinaria de coextrusi\u00f3n multicapa que nos permiten transformar diferentes tipos de termopl\u00e1sticos en planchas y bobinas.\" \/>\n<meta name=\"robots\" content=\"index, follow, max-snippet:-1, max-image-preview:large, max-video-preview:-1\" \/>\n<link rel=\"canonical\" href=\"https:\/\/wp.plasnor.com\/es\/extrusion\/equipamientos-e-instalaciones\/\" \/>\n<meta property=\"og:locale\" content=\"es_ES\" \/>\n<meta property=\"og:type\" content=\"article\" \/>\n<meta property=\"og:title\" content=\"Transformaci\u00f3n de Pl\u00e1sticos y Laminaci\u00f3n Multicapa | Equipamiento\" \/>\n<meta property=\"og:description\" content=\"Contamos con la m\u00e1s moderna maquinaria de coextrusi\u00f3n multicapa que nos permiten transformar diferentes tipos de termopl\u00e1sticos en planchas y bobinas.\" \/>\n<meta property=\"og:url\" content=\"https:\/\/wp.plasnor.com\/es\/extrusion\/equipamientos-e-instalaciones\/\" \/>\n<meta property=\"og:site_name\" content=\"Plasnor\" \/>\n<meta property=\"article:modified_time\" content=\"2024-02-05T15:06:54+00:00\" \/>\n<meta property=\"og:image\" content=\"https:\/\/www.plasnor.com\/wp-content\/uploads\/2023\/04\/plasnor-edificio-300x200.jpg\" \/>\n<meta name=\"twitter:card\" content=\"summary_large_image\" \/>\n<script type=\"application\/ld+json\" class=\"yoast-schema-graph\">{\"@context\":\"https:\/\/schema.org\",\"@graph\":[{\"@type\":\"WebPage\",\"@id\":\"https:\/\/wp.plasnor.com\/es\/extrusion\/equipamientos-e-instalaciones\/\",\"url\":\"https:\/\/wp.plasnor.com\/es\/extrusion\/equipamientos-e-instalaciones\/\",\"name\":\"Transformaci\u00f3n de Pl\u00e1sticos y Laminaci\u00f3n Multicapa | Equipamiento\",\"isPartOf\":{\"@id\":\"https:\/\/wp.plasnor.com\/es\/#website\"},\"primaryImageOfPage\":{\"@id\":\"https:\/\/wp.plasnor.com\/es\/extrusion\/equipamientos-e-instalaciones\/#primaryimage\"},\"image\":{\"@id\":\"https:\/\/wp.plasnor.com\/es\/extrusion\/equipamientos-e-instalaciones\/#primaryimage\"},\"thumbnailUrl\":\"https:\/\/www.plasnor.com\/wp-content\/uploads\/2023\/04\/plasnor-edificio-300x200.jpg\",\"datePublished\":\"2023-04-20T18:29:36+00:00\",\"dateModified\":\"2024-02-05T15:06:54+00:00\",\"description\":\"Contamos con la m\u00e1s moderna maquinaria de coextrusi\u00f3n multicapa que nos permiten transformar diferentes tipos de termopl\u00e1sticos en planchas y bobinas.\",\"breadcrumb\":{\"@id\":\"https:\/\/wp.plasnor.com\/es\/extrusion\/equipamientos-e-instalaciones\/#breadcrumb\"},\"inLanguage\":\"es\",\"potentialAction\":[{\"@type\":\"ReadAction\",\"target\":[\"https:\/\/wp.plasnor.com\/es\/extrusion\/equipamientos-e-instalaciones\/\"]}]},{\"@type\":\"ImageObject\",\"inLanguage\":\"es\",\"@id\":\"https:\/\/wp.plasnor.com\/es\/extrusion\/equipamientos-e-instalaciones\/#primaryimage\",\"url\":\"https:\/\/www.plasnor.com\/wp-content\/uploads\/2023\/04\/plasnor-edificio-300x200.jpg\",\"contentUrl\":\"https:\/\/www.plasnor.com\/wp-content\/uploads\/2023\/04\/plasnor-edificio-300x200.jpg\"},{\"@type\":\"BreadcrumbList\",\"@id\":\"https:\/\/wp.plasnor.com\/es\/extrusion\/equipamientos-e-instalaciones\/#breadcrumb\",\"itemListElement\":[{\"@type\":\"ListItem\",\"position\":1,\"name\":\"Home\",\"item\":\"https:\/\/wp.plasnor.com\/es\/\"},{\"@type\":\"ListItem\",\"position\":2,\"name\":\"Extrusi\u00f3n\",\"item\":\"https:\/\/wp.plasnor.com\/es\/extrusion\/\"},{\"@type\":\"ListItem\",\"position\":3,\"name\":\"Equipamientos e instalaciones\"}]},{\"@type\":\"WebSite\",\"@id\":\"https:\/\/wp.plasnor.com\/es\/#website\",\"url\":\"https:\/\/wp.plasnor.com\/es\/\",\"name\":\"Plasnor\",\"description\":\"Especialistas en extrusi\u00f3n y termoconformado\",\"publisher\":{\"@id\":\"https:\/\/wp.plasnor.com\/es\/#organization\"},\"alternateName\":\"Plasnor\",\"potentialAction\":[{\"@type\":\"SearchAction\",\"target\":{\"@type\":\"EntryPoint\",\"urlTemplate\":\"https:\/\/wp.plasnor.com\/es\/?s={search_term_string}\"},\"query-input\":\"required name=search_term_string\"}],\"inLanguage\":\"es\"},{\"@type\":\"Organization\",\"@id\":\"https:\/\/wp.plasnor.com\/es\/#organization\",\"name\":\"Plasnor\",\"alternateName\":\"Plasnor\",\"url\":\"https:\/\/wp.plasnor.com\/es\/\",\"logo\":{\"@type\":\"ImageObject\",\"inLanguage\":\"es\",\"@id\":\"https:\/\/wp.plasnor.com\/es\/#\/schema\/logo\/image\/\",\"url\":\"https:\/\/www.plasnor.com\/wp-content\/uploads\/2023\/04\/logotipo-plasnor.jpg\",\"contentUrl\":\"https:\/\/www.plasnor.com\/wp-content\/uploads\/2023\/04\/logotipo-plasnor.jpg\",\"width\":300,\"height\":91,\"caption\":\"Plasnor\"},\"image\":{\"@id\":\"https:\/\/wp.plasnor.com\/es\/#\/schema\/logo\/image\/\"},\"sameAs\":[\"https:\/\/www.linkedin.com\/company\/plasnor-s.a.\"]}]}<\/script>\n<!-- \/ Yoast SEO plugin. -->","yoast_head_json":{"title":"Transformaci\u00f3n de Pl\u00e1sticos y Laminaci\u00f3n Multicapa | Equipamiento","description":"Contamos con la m\u00e1s moderna maquinaria de coextrusi\u00f3n multicapa que nos permiten transformar diferentes tipos de termopl\u00e1sticos en planchas y bobinas.","robots":{"index":"index","follow":"follow","max-snippet":"max-snippet:-1","max-image-preview":"max-image-preview:large","max-video-preview":"max-video-preview:-1"},"canonical":"https:\/\/wp.plasnor.com\/es\/extrusion\/equipamientos-e-instalaciones\/","og_locale":"es_ES","og_type":"article","og_title":"Transformaci\u00f3n de Pl\u00e1sticos y Laminaci\u00f3n Multicapa | Equipamiento","og_description":"Contamos con la m\u00e1s moderna maquinaria de coextrusi\u00f3n multicapa que nos permiten transformar diferentes tipos de termopl\u00e1sticos en planchas y bobinas.","og_url":"https:\/\/wp.plasnor.com\/es\/extrusion\/equipamientos-e-instalaciones\/","og_site_name":"Plasnor","article_modified_time":"2024-02-05T15:06:54+00:00","og_image":[{"url":"https:\/\/www.plasnor.com\/wp-content\/uploads\/2023\/04\/plasnor-edificio-300x200.jpg"}],"twitter_card":"summary_large_image","schema":{"@context":"https:\/\/schema.org","@graph":[{"@type":"WebPage","@id":"https:\/\/wp.plasnor.com\/es\/extrusion\/equipamientos-e-instalaciones\/","url":"https:\/\/wp.plasnor.com\/es\/extrusion\/equipamientos-e-instalaciones\/","name":"Transformaci\u00f3n de Pl\u00e1sticos y Laminaci\u00f3n Multicapa | Equipamiento","isPartOf":{"@id":"https:\/\/wp.plasnor.com\/es\/#website"},"primaryImageOfPage":{"@id":"https:\/\/wp.plasnor.com\/es\/extrusion\/equipamientos-e-instalaciones\/#primaryimage"},"image":{"@id":"https:\/\/wp.plasnor.com\/es\/extrusion\/equipamientos-e-instalaciones\/#primaryimage"},"thumbnailUrl":"https:\/\/www.plasnor.com\/wp-content\/uploads\/2023\/04\/plasnor-edificio-300x200.jpg","datePublished":"2023-04-20T18:29:36+00:00","dateModified":"2024-02-05T15:06:54+00:00","description":"Contamos con la m\u00e1s moderna maquinaria de coextrusi\u00f3n multicapa que nos permiten transformar diferentes tipos de termopl\u00e1sticos en planchas y bobinas.","breadcrumb":{"@id":"https:\/\/wp.plasnor.com\/es\/extrusion\/equipamientos-e-instalaciones\/#breadcrumb"},"inLanguage":"es","potentialAction":[{"@type":"ReadAction","target":["https:\/\/wp.plasnor.com\/es\/extrusion\/equipamientos-e-instalaciones\/"]}]},{"@type":"ImageObject","inLanguage":"es","@id":"https:\/\/wp.plasnor.com\/es\/extrusion\/equipamientos-e-instalaciones\/#primaryimage","url":"https:\/\/www.plasnor.com\/wp-content\/uploads\/2023\/04\/plasnor-edificio-300x200.jpg","contentUrl":"https:\/\/www.plasnor.com\/wp-content\/uploads\/2023\/04\/plasnor-edificio-300x200.jpg"},{"@type":"BreadcrumbList","@id":"https:\/\/wp.plasnor.com\/es\/extrusion\/equipamientos-e-instalaciones\/#breadcrumb","itemListElement":[{"@type":"ListItem","position":1,"name":"Home","item":"https:\/\/wp.plasnor.com\/es\/"},{"@type":"ListItem","position":2,"name":"Extrusi\u00f3n","item":"https:\/\/wp.plasnor.com\/es\/extrusion\/"},{"@type":"ListItem","position":3,"name":"Equipamientos e instalaciones"}]},{"@type":"WebSite","@id":"https:\/\/wp.plasnor.com\/es\/#website","url":"https:\/\/wp.plasnor.com\/es\/","name":"Plasnor","description":"Especialistas en extrusi\u00f3n y termoconformado","publisher":{"@id":"https:\/\/wp.plasnor.com\/es\/#organization"},"alternateName":"Plasnor","potentialAction":[{"@type":"SearchAction","target":{"@type":"EntryPoint","urlTemplate":"https:\/\/wp.plasnor.com\/es\/?s={search_term_string}"},"query-input":"required name=search_term_string"}],"inLanguage":"es"},{"@type":"Organization","@id":"https:\/\/wp.plasnor.com\/es\/#organization","name":"Plasnor","alternateName":"Plasnor","url":"https:\/\/wp.plasnor.com\/es\/","logo":{"@type":"ImageObject","inLanguage":"es","@id":"https:\/\/wp.plasnor.com\/es\/#\/schema\/logo\/image\/","url":"https:\/\/www.plasnor.com\/wp-content\/uploads\/2023\/04\/logotipo-plasnor.jpg","contentUrl":"https:\/\/www.plasnor.com\/wp-content\/uploads\/2023\/04\/logotipo-plasnor.jpg","width":300,"height":91,"caption":"Plasnor"},"image":{"@id":"https:\/\/wp.plasnor.com\/es\/#\/schema\/logo\/image\/"},"sameAs":["https:\/\/www.linkedin.com\/company\/plasnor-s.a."]}]}},"_links":{"self":[{"href":"https:\/\/wp.plasnor.com\/es\/wp-json\/wp\/v2\/pages\/101"}],"collection":[{"href":"https:\/\/wp.plasnor.com\/es\/wp-json\/wp\/v2\/pages"}],"about":[{"href":"https:\/\/wp.plasnor.com\/es\/wp-json\/wp\/v2\/types\/page"}],"author":[{"embeddable":true,"href":"https:\/\/wp.plasnor.com\/es\/wp-json\/wp\/v2\/users\/1"}],"replies":[{"embeddable":true,"href":"https:\/\/wp.plasnor.com\/es\/wp-json\/wp\/v2\/comments?post=101"}],"version-history":[{"count":0,"href":"https:\/\/wp.plasnor.com\/es\/wp-json\/wp\/v2\/pages\/101\/revisions"}],"up":[{"embeddable":true,"href":"https:\/\/wp.plasnor.com\/es\/wp-json\/wp\/v2\/pages\/23"}],"wp:attachment":[{"href":"https:\/\/wp.plasnor.com\/es\/wp-json\/wp\/v2\/media?parent=101"}],"wp:term":[{"taxonomy":"category","embeddable":true,"href":"https:\/\/wp.plasnor.com\/es\/wp-json\/wp\/v2\/categories?post=101"},{"taxonomy":"post_tag","embeddable":true,"href":"https:\/\/wp.plasnor.com\/es\/wp-json\/wp\/v2\/tags?post=101"}],"curies":[{"name":"wp","href":"https:\/\/api.w.org\/{rel}","templated":true}]}}