{"id":17109,"date":"2023-04-20T16:18:32","date_gmt":"2023-04-20T14:18:32","guid":{"rendered":"https:\/\/www.plasnor.com\/contact\/"},"modified":"2023-05-03T21:13:59","modified_gmt":"2023-05-03T19:13:59","slug":"kontakt","status":"publish","type":"page","link":"https:\/\/wp.plasnor.com\/de\/kontakt\/","title":{"rendered":"Kontakt"},"content":{"rendered":"<div id=\"pl-17109\"  class=\"panel-layout\" ><div id=\"pg-17109-0\"  class=\"panel-grid panel-no-style\" ><div id=\"pgc-17109-0-0\"  class=\"panel-grid-cell\" ><div id=\"panel-17109-0-0-0\" class=\"so-panel widget widget_sow-editor panel-first-child panel-last-child\" data-index=\"0\" ><div\n\t\t\t\n\t\t\tclass=\"so-widget-sow-editor so-widget-sow-editor-base\"\n\t\t\t\n\t\t>\n<div class=\"siteorigin-widget-tinymce textwidget\">\n\t\n<div class=\"wpcf7 no-js\" id=\"wpcf7-f17578-o1\" lang=\"es-ES\" dir=\"ltr\">\n<div class=\"screen-reader-response\"><p role=\"status\" aria-live=\"polite\" aria-atomic=\"true\"><\/p> <ul><\/ul><\/div>\n<form action=\"\/de\/wp-json\/wp\/v2\/pages\/17109#wpcf7-f17578-o1\" method=\"post\" class=\"wpcf7-form init wpcf7-acceptance-as-validation\" aria-label=\"Formulario de contacto\" novalidate=\"novalidate\" data-status=\"init\">\n<div style=\"display: none;\">\n<input type=\"hidden\" name=\"_wpcf7\" value=\"17578\" \/>\n<input type=\"hidden\" name=\"_wpcf7_version\" value=\"5.9.3\" \/>\n<input type=\"hidden\" name=\"_wpcf7_locale\" value=\"es_ES\" \/>\n<input type=\"hidden\" name=\"_wpcf7_unit_tag\" value=\"wpcf7-f17578-o1\" \/>\n<input type=\"hidden\" name=\"_wpcf7_container_post\" value=\"0\" \/>\n<input type=\"hidden\" name=\"_wpcf7_posted_data_hash\" value=\"\" \/>\n<input type=\"hidden\" name=\"_wpcf7_recaptcha_response\" value=\"\" \/>\n<\/div>\n<div id=\"responsive-form\" class=\"clearfix\">\n\t<div class=\"form-row\">\n\t\t<div class=\"column-half\">\n\t\t\t<p>Name (*)<br \/>\n<span class=\"wpcf7-form-control-wrap\" data-name=\"your-name\"><input size=\"40\" class=\"wpcf7-form-control wpcf7-text wpcf7-validates-as-required\" aria-required=\"true\" aria-invalid=\"false\" value=\"\" type=\"text\" name=\"your-name\" \/><\/span>\n\t\t\t<\/p>\n\t\t<\/div>\n\t\t<div class=\"column-half\">\n\t\t\t<p>Firma (*)<br \/>\n<span class=\"wpcf7-form-control-wrap\" data-name=\"empresa\"><input size=\"40\" class=\"wpcf7-form-control wpcf7-text wpcf7-validates-as-required\" aria-required=\"true\" aria-invalid=\"false\" value=\"\" type=\"text\" name=\"empresa\" \/><\/span>\n\t\t\t<\/p>\n\t\t<\/div>\n\t<\/div>\n\t<div class=\"form-row\">\n\t\t<div class=\"column-half\">\n\t\t\t<p>Email (*)<br \/>\n<span class=\"wpcf7-form-control-wrap\" data-name=\"your-email\"><input size=\"40\" class=\"wpcf7-form-control wpcf7-email wpcf7-validates-as-required wpcf7-text wpcf7-validates-as-email\" aria-required=\"true\" aria-invalid=\"false\" value=\"\" type=\"email\" name=\"your-email\" \/><\/span>\n\t\t\t<\/p>\n\t\t<\/div>\n\t\t<div class=\"column-half\">\n\t\t\t<p>Telefon<br \/>\n<span class=\"wpcf7-form-control-wrap\" data-name=\"your-tel\"><input size=\"40\" class=\"wpcf7-form-control wpcf7-tel wpcf7-text wpcf7-validates-as-tel\" aria-invalid=\"false\" value=\"\" type=\"tel\" name=\"your-tel\" \/><\/span>\n\t\t\t<\/p>\n\t\t<\/div>\n\t<\/div>\n\t<div class=\"form-row\">\n\t\t<div class=\"column-half\">\n\t\t\t<p>Thema (*)<br \/>\n<span class=\"wpcf7-form-control-wrap\" data-name=\"your-issue\"><input size=\"40\" class=\"wpcf7-form-control wpcf7-text wpcf7-validates-as-required\" aria-required=\"true\" aria-invalid=\"false\" value=\"\" type=\"text\" name=\"your-issue\" \/><\/span>\n\t\t\t<\/p>\n\t\t<\/div>\n\t\t<div class=\"form-row\">\n\t\t\t<div class=\"column-full\">\n\t\t\t\t<p>Anfrage<br \/>\n<span class=\"wpcf7-form-control-wrap\" data-name=\"your-message\"><textarea cols=\"40\" rows=\"4\" class=\"wpcf7-form-control wpcf7-textarea\" aria-invalid=\"false\" name=\"your-message\"><\/textarea><\/span>\n\t\t\t\t<\/p>\n\t\t\t<\/div>\n\t\t<\/div>\n\t\t<div class=\"form-row\">\n\t\t\t<div class=\"column-full\">\n\t\t\t\t<p><span class=\"wpcf7-form-control-wrap\" data-name=\"acceptance-687\"><span class=\"wpcf7-form-control wpcf7-acceptance\"><span class=\"wpcf7-list-item\"><input type=\"checkbox\" name=\"acceptance-687\" value=\"1\" aria-invalid=\"false\" \/><\/span><\/span><\/span> (*) Ich akzeptiere die <a href=\"\/de\/datenschutzerklaerung\/\" target=\"_blank\" rel=\"nofollow\"><u>Privacy Policy.<\/u><\/a>\n\t\t\t\t<\/p>\n\t\t\t\t<p>(*) Compulsory fields\n\t\t\t\t<\/p>\n\t\t\t<\/div>\n\t\t<\/div>\n\t\t<div class=\"form-row\">\n\t\t\t<div class=\"column-full\">\n\t\t\t\t<p><input class=\"wpcf7-form-control wpcf7-submit has-spinner\" type=\"submit\" value=\"Schicken\" \/>\n\t\t\t\t<\/p>\n\t\t\t<\/div>\n\t\t<\/div>\n\t\t<div class=\"form-row\">\n\t\t\t<div class=\"column-full\">\n\t\t\t\t<p>PLASNOR S.L., als der f\u00fcr die Datenverarbeitung Verantwortliche, informiert Sie, dass Ihre Daten zu folgenden Zwecken erhoben werden Erfassung von personenbezogenen Daten, die \u00fcber die auf der Website des Unternehmens verf\u00fcgbaren Kontaktformulare erhoben werden, um mit dem Antragsteller in Kontakt zu treten und Werbe-Newsletter zu versenden. Die Rechtsgrundlage f\u00fcr die Verarbeitung ist die Einwilligung der betroffenen Person. Ihre Daten werden nicht an Dritte weitergegeben, es sei denn, Sie sind gesetzlich dazu verpflichtet. Jede Person hat das Recht, Auskunft, Berichtigung, L\u00f6schung, Einschr\u00e4nkung der Verarbeitung, Widerspruch oder das Recht auf \u00dcbertragbarkeit ihrer personenbezogenen Daten zu verlangen, indem sie sich schriftlich an unsere B\u00fcroadresse wendet oder eine E-Mail an naguirreurreta@plasnor.com schickt und das Recht angibt, das sie aus\u00fcben m\u00f6chte <a href=\"\/Datenschutzerkl\u00e4rung\/\">Datenschutzerkl\u00e4rung.<\/a>\n\t\t\t\t<\/p>\n\t\t\t<\/div>\n\t\t<\/div>\n\t<\/div>\n<\/div><p style=\"display: none !important;\" class=\"akismet-fields-container\" data-prefix=\"_wpcf7_ak_\"><label>&#916;<textarea name=\"_wpcf7_ak_hp_textarea\" cols=\"45\" rows=\"8\" maxlength=\"100\"><\/textarea><\/label><input type=\"hidden\" id=\"ak_js_1\" name=\"_wpcf7_ak_js\" value=\"6\"\/><script>document.getElementById( \"ak_js_1\" ).setAttribute( \"value\", ( new Date() ).getTime() );<\/script><\/p><div class=\"wpcf7-response-output\" aria-hidden=\"true\"><\/div>\n<\/form>\n<\/div>\n\n<\/div>\n<\/div><\/div><\/div><div id=\"pgc-17109-0-1\"  class=\"panel-grid-cell\" ><div id=\"panel-17109-0-1-0\" class=\"so-panel widget widget_sow-headline panel-first-child\" data-index=\"1\" ><div\n\t\t\t\n\t\t\tclass=\"so-widget-sow-headline so-widget-sow-headline-default-35b463bfcf00-17109 so-widget-fittext-wrapper\"\n\t\t\t data-fit-text-compressor=\"0.85\"\n\t\t><div class=\"sow-headline-container \">\n\t\t\t\t\t\t\t<h2 class=\"sow-headline\">\n\t\t\t\t\t\tInformation\t\t\t\t\t\t<\/h2>\n\t\t\t\t\t\t\t\t\t\t\t<div class=\"decoration\">\n\t\t\t\t\t\t<div class=\"decoration-inside\"><\/div>\n\t\t\t\t\t<\/div>\n\t\t\t\t\t<\/div>\n<\/div><\/div><div id=\"panel-17109-0-1-1\" class=\"so-panel widget widget_sow-features\" data-index=\"2\" ><div\n\t\t\t\n\t\t\tclass=\"so-widget-sow-features so-widget-sow-features-default-97f1efa31a2f-17109\"\n\t\t\t\n\t\t>\n<div class=\"sow-features-list sow-features-responsive\">\n\n\t\t\t\t\t\t\t\t\t<div\n\t\t\t\tclass=\"sow-features-feature sow-icon-container-position-right\"\n\t\t\t\tstyle=\"display: flex; flex-direction: row; width: calc(100% - 25px);\"\n\t\t\t>\n\t\t\t\n\t\t\t\t\t\t\t\t<div\n\t\t\t\t\tclass=\"sow-icon-container sow-container-none\"\n\t\t\t\t\tstyle=\"color: #ffffff; \"\n\t\t\t\t\t\t\t\t\t>\n\t\t\t\t\t<span class=\"sow-icon-icomoon\" data-sow-icon=\"&#xe903;\"\n\t\tstyle=\"font-size: 22px; color: #999999\" \n\t\taria-hidden=\"true\"><\/span>\t\t\t\t<\/div>\n\t\t\t\t\n\t\t\t\t<div class=\"textwidget\">\n\t\t\t\t\t\n\t\t\t\t\t\n\t\t\t\t\t\t\t\t\t\t\t<p>B.\u00ba Motxorro, s\/n.<br \/>\n20230 Legazpi, Gipuzkoa<\/p>\n\t\t\t\t\t\n\t\t\t\t\t\t\t\t\t<\/div>\n\t\t\t\t\t\t\t\t\n\t\t\t\t\t\t\t<\/div>\n\n\t\t\t\t\t\t\t\t<div\n\t\t\t\tclass=\"sow-features-feature sow-icon-container-position-right\"\n\t\t\t\tstyle=\"display: flex; flex-direction: row; width: calc(100% - 25px);\"\n\t\t\t>\n\t\t\t\t\t\t\t<div class=\"sow-features-feature-right-left-container\" style=\"display: flex; flex-direction: inherit;\">\n\t\t\t\n\t\t\t\t\t\t\t\t\t<a\n\t\t\t\t\t\thref=\"mailto:plasnor@plasnor.com\"\n\t\t\t\t\t\t\t\t\t\t\t>\n\t\t\t\t\t\t\t\t<div\n\t\t\t\t\tclass=\"sow-icon-container sow-container-none\"\n\t\t\t\t\tstyle=\"color: #ffffff; \"\n\t\t\t\t\t\t\t\t\t>\n\t\t\t\t\t<span class=\"sow-icon-icomoon\" data-sow-icon=\"&#xea85;\"\n\t\tstyle=\"font-size: 22px; color: #999999\" \n\t\taria-hidden=\"true\"><\/span>\t\t\t\t<\/div>\n\t\t\t\t\t\t\t\t\t<\/a>\n\t\t\t\t\t\n\t\t\t\t<div class=\"textwidget\">\n\t\t\t\t\t\t\t\t\t\t\t<div class=\"sow-features-feature-content\">\n\t\t\t\t\t\n\t\t\t\t\t\n\t\t\t\t\t\n\t\t\t\t\t\t\t\t\t\t\t<\/div>\n\t\t\t\t\t\t<p class=\"sow-more-text\">\n\t\t\t\t\t\t\t<a href=\"mailto:plasnor@plasnor.com\" >\t\t\t\t\t\t\tplasnor@plasnor.com\t\t\t\t\t\t\t<\/a>\t\t\t\t\t\t<\/p>\n\t\t\t\t\t\t\t\t\t<\/div>\n\t\t\t\t\t\t\t\t\t<\/div>\n\t\t\t\t\t\t\t\t\n\t\t\t\t\t\t\t<\/div>\n\n\t\t\t\t\t\t\t\t<div\n\t\t\t\tclass=\"sow-features-feature sow-icon-container-position-right\"\n\t\t\t\tstyle=\"display: flex; flex-direction: row; width: calc(100% - 25px);\"\n\t\t\t>\n\t\t\t\t\t\t\t<div class=\"sow-features-feature-right-left-container\" style=\"display: flex; flex-direction: inherit;\">\n\t\t\t\n\t\t\t\t\t\t\t\t\t<a\n\t\t\t\t\t\thref=\"tel:+34943730451\"\n\t\t\t\t\t\t\t\t\t\t\t>\n\t\t\t\t\t\t\t\t<div\n\t\t\t\t\tclass=\"sow-icon-container sow-container-none\"\n\t\t\t\t\tstyle=\"color: #ffffff; \"\n\t\t\t\t\t\t\t\t\t>\n\t\t\t\t\t<span class=\"sow-icon-icomoon\" data-sow-icon=\"&#xe958;\"\n\t\tstyle=\"font-size: 22px; color: #999999\" \n\t\taria-hidden=\"true\"><\/span>\t\t\t\t<\/div>\n\t\t\t\t\t\t\t\t\t<\/a>\n\t\t\t\t\t\n\t\t\t\t<div class=\"textwidget\">\n\t\t\t\t\t\t\t\t\t\t\t<div class=\"sow-features-feature-content\">\n\t\t\t\t\t\n\t\t\t\t\t\n\t\t\t\t\t\n\t\t\t\t\t\t\t\t\t\t\t<\/div>\n\t\t\t\t\t\t<p class=\"sow-more-text\">\n\t\t\t\t\t\t\t<a href=\"tel:+34943730451\" >\t\t\t\t\t\t\t(+34) 943 73 04 51\t\t\t\t\t\t\t<\/a>\t\t\t\t\t\t<\/p>\n\t\t\t\t\t\t\t\t\t<\/div>\n\t\t\t\t\t\t\t\t\t<\/div>\n\t\t\t\t\t\t\t\t\n\t\t\t\t\t\t\t<\/div>\n\n\t\t\t\t\t\t\t\t<div\n\t\t\t\tclass=\"sow-features-feature sow-icon-container-position-right\"\n\t\t\t\tstyle=\"display: flex; flex-direction: row; width: calc(100% - 25px);\"\n\t\t\t>\n\t\t\t\t\t\t\t<div class=\"sow-features-feature-right-left-container\" style=\"display: flex; flex-direction: inherit;\">\n\t\t\t\n\t\t\t\t\t\t\t\t\t<a\n\t\t\t\t\t\thref=\"https:\/\/www.google.com\/maps\/dir\/\/Plasnor+-+Especialistas+en+Extrusi%C3%B3n+y+Termoconformado,+Telleriarte+Auzoa,+s%2Fn,+20230+Legazpi,+Gipuzkoa,+Espa%C3%B1a\/@43.03822,-2.336683,1568m\/data=!3m1!1e3!4m9!4m8!1m0!1m5!1m1!1s0xd502e53f4ad79d1:0x8ddab1e7b72258e5!2m2!1d-2.3366739!2d43.0382167!3e0?hl=es\"\n\t\t\t\t\t\t\t\t\t\t\t>\n\t\t\t\t\t\t\t\t<div\n\t\t\t\t\tclass=\"sow-icon-container sow-container-none\"\n\t\t\t\t\tstyle=\"color: #ffffff; \"\n\t\t\t\t\t\t\t\t\t>\n\t\t\t\t\t<span class=\"sow-icon-icomoon\" data-sow-icon=\"&#xe947;\"\n\t\tstyle=\"font-size: 22px; color: #999999\" \n\t\taria-hidden=\"true\"><\/span>\t\t\t\t<\/div>\n\t\t\t\t\t\t\t\t\t<\/a>\n\t\t\t\t\t\n\t\t\t\t<div class=\"textwidget\">\n\t\t\t\t\t\t\t\t\t\t\t<div class=\"sow-features-feature-content\">\n\t\t\t\t\t\n\t\t\t\t\t\n\t\t\t\t\t\t\t\t\t\t\t<p>43\u00b002\u201916.9\u2033N2\u00b020\u201913.0\u2033W<\/p>\n\t\t\t\t\t\n\t\t\t\t\t\t\t\t\t\t\t<\/div>\n\t\t\t\t\t\t<p class=\"sow-more-text\">\n\t\t\t\t\t\t\t<a href=\"https:\/\/www.google.com\/maps\/dir\/\/Plasnor+-+Especialistas+en+Extrusi%C3%B3n+y+Termoconformado,+Telleriarte+Auzoa,+s%2Fn,+20230+Legazpi,+Gipuzkoa,+Espa%C3%B1a\/@43.03822,-2.336683,1568m\/data=!3m1!1e3!4m9!4m8!1m0!1m5!1m1!1s0xd502e53f4ad79d1:0x8ddab1e7b72258e5!2m2!1d-2.3366739!2d43.0382167!3e0?hl=es\" >\t\t\t\t\t\t\tObtenir des directions: (google map)\t\t\t\t\t\t\t<\/a>\t\t\t\t\t\t<\/p>\n\t\t\t\t\t\t\t\t\t<\/div>\n\t\t\t\t\t\t\t\t\t<\/div>\n\t\t\t\t\t\t\t\t\n\t\t\t\t\t\t\t<\/div>\n\n\t\t\t\n<\/div>\n<\/div><\/div><div id=\"panel-17109-0-1-2\" class=\"widget_text so-panel widget widget_custom_html panel-last-child\" data-index=\"3\" ><div class=\"textwidget custom-html-widget\"><iframe src=\"https:\/\/www.google.com\/maps\/embed?pb=!1m14!1m8!1m3!1d3041.175461296244!2d-2.3387178918816884!3d43.0375971170174!3m2!1i1024!2i768!4f13.1!3m3!1m2!1s0xd502e53f4ad79d1%3A0x8ddab1e7b72258e5!2sPlasnor%20-%20Especialistas%20en%20Extrusi%C3%B3n%20y%20Termoconformado!5e1!3m2!1ses!2sus!4v1682413417760!5m2!1ses!2sus\" width=\"400\" height=\"300\" style=\"border:0;\" allowfullscreen=\"\" loading=\"lazy\" referrerpolicy=\"no-referrer-when-downgrade\"><\/iframe><\/div><\/div><\/div><\/div><\/div>","protected":false},"excerpt":{"rendered":"<p>Name (*) Firma (*) Email (*) Telefon Thema (*) Anfrage (*) Ich akzeptiere die Privacy Policy. (*) Compulsory &#8230; <a title=\"Kontakt\" class=\"read-more\" href=\"https:\/\/wp.plasnor.com\/de\/kontakt\/\" aria-label=\"Mehr Informationen \u00fcber Kontakt\">[ + info ]<\/a><\/p>\n","protected":false},"author":1,"featured_media":0,"parent":0,"menu_order":0,"comment_status":"closed","ping_status":"closed","template":"","meta":{"footnotes":""},"yoast_head":"<!-- This site is optimized with the Yoast SEO plugin v22.4 - https:\/\/yoast.com\/wordpress\/plugins\/seo\/ -->\n<title>Kontakt - Plasnor<\/title>\n<meta name=\"robots\" content=\"index, follow, max-snippet:-1, max-image-preview:large, max-video-preview:-1\" \/>\n<link rel=\"canonical\" href=\"https:\/\/wp.plasnor.com\/es\/contacto\/\" \/>\n<meta property=\"og:locale\" content=\"de_DE\" \/>\n<meta property=\"og:type\" content=\"article\" \/>\n<meta property=\"og:title\" content=\"Kontakt - Plasnor\" \/>\n<meta property=\"og:description\" content=\"Name (*) Firma (*) Email (*) Telefon Thema (*) Anfrage (*) Ich akzeptiere die Privacy Policy. (*) Compulsory ... [ + info ]\" \/>\n<meta property=\"og:url\" content=\"https:\/\/wp.plasnor.com\/es\/contacto\/\" \/>\n<meta property=\"og:site_name\" content=\"Plasnor\" \/>\n<meta property=\"article:modified_time\" content=\"2023-05-03T19:13:59+00:00\" \/>\n<meta property=\"og:image\" content=\"https:\/\/wp.plasnor.com\/wp-content\/uploads\/2023\/04\/logotipo-plasnor.jpg\" \/>\n\t<meta property=\"og:image:width\" content=\"300\" \/>\n\t<meta property=\"og:image:height\" content=\"91\" \/>\n\t<meta property=\"og:image:type\" content=\"image\/jpeg\" \/>\n<meta name=\"twitter:card\" content=\"summary_large_image\" \/>\n<script type=\"application\/ld+json\" class=\"yoast-schema-graph\">{\"@context\":\"https:\/\/schema.org\",\"@graph\":[{\"@type\":\"WebPage\",\"@id\":\"https:\/\/wp.plasnor.com\/es\/contacto\/\",\"url\":\"https:\/\/wp.plasnor.com\/es\/contacto\/\",\"name\":\"Kontakt - Plasnor\",\"isPartOf\":{\"@id\":\"https:\/\/wp.plasnor.com\/es\/#website\"},\"datePublished\":\"2023-04-20T14:18:32+00:00\",\"dateModified\":\"2023-05-03T19:13:59+00:00\",\"breadcrumb\":{\"@id\":\"https:\/\/wp.plasnor.com\/es\/contacto\/#breadcrumb\"},\"inLanguage\":\"de-DE\",\"potentialAction\":[{\"@type\":\"ReadAction\",\"target\":[\"https:\/\/wp.plasnor.com\/es\/contacto\/\"]}]},{\"@type\":\"BreadcrumbList\",\"@id\":\"https:\/\/wp.plasnor.com\/es\/contacto\/#breadcrumb\",\"itemListElement\":[{\"@type\":\"ListItem\",\"position\":1,\"name\":\"Home\",\"item\":\"https:\/\/wp.plasnor.com\/de\/inicio\/\"},{\"@type\":\"ListItem\",\"position\":2,\"name\":\"Kontakt\"}]},{\"@type\":\"WebSite\",\"@id\":\"https:\/\/wp.plasnor.com\/es\/#website\",\"url\":\"https:\/\/wp.plasnor.com\/es\/\",\"name\":\"Plasnor\",\"description\":\"Especialistas en extrusi\u00f3n y termoconformado\",\"publisher\":{\"@id\":\"https:\/\/wp.plasnor.com\/es\/#organization\"},\"alternateName\":\"Plasnor\",\"potentialAction\":[{\"@type\":\"SearchAction\",\"target\":{\"@type\":\"EntryPoint\",\"urlTemplate\":\"https:\/\/wp.plasnor.com\/es\/?s={search_term_string}\"},\"query-input\":\"required name=search_term_string\"}],\"inLanguage\":\"de-DE\"},{\"@type\":\"Organization\",\"@id\":\"https:\/\/wp.plasnor.com\/es\/#organization\",\"name\":\"Plasnor\",\"alternateName\":\"Plasnor\",\"url\":\"https:\/\/wp.plasnor.com\/es\/\",\"logo\":{\"@type\":\"ImageObject\",\"inLanguage\":\"de-DE\",\"@id\":\"https:\/\/wp.plasnor.com\/es\/#\/schema\/logo\/image\/\",\"url\":\"https:\/\/www.plasnor.com\/wp-content\/uploads\/2023\/04\/logotipo-plasnor.jpg\",\"contentUrl\":\"https:\/\/www.plasnor.com\/wp-content\/uploads\/2023\/04\/logotipo-plasnor.jpg\",\"width\":300,\"height\":91,\"caption\":\"Plasnor\"},\"image\":{\"@id\":\"https:\/\/wp.plasnor.com\/es\/#\/schema\/logo\/image\/\"},\"sameAs\":[\"https:\/\/www.linkedin.com\/company\/plasnor-s.a.\"]}]}<\/script>\n<!-- \/ Yoast SEO plugin. -->","yoast_head_json":{"title":"Kontakt - Plasnor","robots":{"index":"index","follow":"follow","max-snippet":"max-snippet:-1","max-image-preview":"max-image-preview:large","max-video-preview":"max-video-preview:-1"},"canonical":"https:\/\/wp.plasnor.com\/es\/contacto\/","og_locale":"de_DE","og_type":"article","og_title":"Kontakt - Plasnor","og_description":"Name (*) Firma (*) Email (*) Telefon Thema (*) Anfrage (*) Ich akzeptiere die Privacy Policy. (*) Compulsory ... [ + info ]","og_url":"https:\/\/wp.plasnor.com\/es\/contacto\/","og_site_name":"Plasnor","article_modified_time":"2023-05-03T19:13:59+00:00","og_image":[{"width":300,"height":91,"url":"https:\/\/wp.plasnor.com\/wp-content\/uploads\/2023\/04\/logotipo-plasnor.jpg","type":"image\/jpeg"}],"twitter_card":"summary_large_image","schema":{"@context":"https:\/\/schema.org","@graph":[{"@type":"WebPage","@id":"https:\/\/wp.plasnor.com\/es\/contacto\/","url":"https:\/\/wp.plasnor.com\/es\/contacto\/","name":"Kontakt - Plasnor","isPartOf":{"@id":"https:\/\/wp.plasnor.com\/es\/#website"},"datePublished":"2023-04-20T14:18:32+00:00","dateModified":"2023-05-03T19:13:59+00:00","breadcrumb":{"@id":"https:\/\/wp.plasnor.com\/es\/contacto\/#breadcrumb"},"inLanguage":"de-DE","potentialAction":[{"@type":"ReadAction","target":["https:\/\/wp.plasnor.com\/es\/contacto\/"]}]},{"@type":"BreadcrumbList","@id":"https:\/\/wp.plasnor.com\/es\/contacto\/#breadcrumb","itemListElement":[{"@type":"ListItem","position":1,"name":"Home","item":"https:\/\/wp.plasnor.com\/de\/inicio\/"},{"@type":"ListItem","position":2,"name":"Kontakt"}]},{"@type":"WebSite","@id":"https:\/\/wp.plasnor.com\/es\/#website","url":"https:\/\/wp.plasnor.com\/es\/","name":"Plasnor","description":"Especialistas en extrusi\u00f3n y termoconformado","publisher":{"@id":"https:\/\/wp.plasnor.com\/es\/#organization"},"alternateName":"Plasnor","potentialAction":[{"@type":"SearchAction","target":{"@type":"EntryPoint","urlTemplate":"https:\/\/wp.plasnor.com\/es\/?s={search_term_string}"},"query-input":"required name=search_term_string"}],"inLanguage":"de-DE"},{"@type":"Organization","@id":"https:\/\/wp.plasnor.com\/es\/#organization","name":"Plasnor","alternateName":"Plasnor","url":"https:\/\/wp.plasnor.com\/es\/","logo":{"@type":"ImageObject","inLanguage":"de-DE","@id":"https:\/\/wp.plasnor.com\/es\/#\/schema\/logo\/image\/","url":"https:\/\/www.plasnor.com\/wp-content\/uploads\/2023\/04\/logotipo-plasnor.jpg","contentUrl":"https:\/\/www.plasnor.com\/wp-content\/uploads\/2023\/04\/logotipo-plasnor.jpg","width":300,"height":91,"caption":"Plasnor"},"image":{"@id":"https:\/\/wp.plasnor.com\/es\/#\/schema\/logo\/image\/"},"sameAs":["https:\/\/www.linkedin.com\/company\/plasnor-s.a."]}]}},"_links":{"self":[{"href":"https:\/\/wp.plasnor.com\/de\/wp-json\/wp\/v2\/pages\/17109"}],"collection":[{"href":"https:\/\/wp.plasnor.com\/de\/wp-json\/wp\/v2\/pages"}],"about":[{"href":"https:\/\/wp.plasnor.com\/de\/wp-json\/wp\/v2\/types\/page"}],"author":[{"embeddable":true,"href":"https:\/\/wp.plasnor.com\/de\/wp-json\/wp\/v2\/users\/1"}],"replies":[{"embeddable":true,"href":"https:\/\/wp.plasnor.com\/de\/wp-json\/wp\/v2\/comments?post=17109"}],"version-history":[{"count":0,"href":"https:\/\/wp.plasnor.com\/de\/wp-json\/wp\/v2\/pages\/17109\/revisions"}],"wp:attachment":[{"href":"https:\/\/wp.plasnor.com\/de\/wp-json\/wp\/v2\/media?parent=17109"}],"curies":[{"name":"wp","href":"https:\/\/api.w.org\/{rel}","templated":true}]}}