{"id":17107,"date":"2023-04-20T16:18:45","date_gmt":"2023-04-20T14:18:45","guid":{"rendered":"https:\/\/www.plasnor.com\/about-us\/"},"modified":"2024-03-12T12:50:50","modified_gmt":"2024-03-12T11:50:50","slug":"uber-uns","status":"publish","type":"page","link":"https:\/\/wp.plasnor.com\/de\/uber-uns\/","title":{"rendered":"Firma"},"content":{"rendered":"<div id=\"pl-17107\"  class=\"panel-layout\" ><div id=\"pg-17107-0\"  class=\"panel-grid panel-has-style\" ><div class=\"section-interior panel-row-style panel-row-style-for-17107-0\" ><div id=\"pgc-17107-0-0\"  class=\"panel-grid-cell\" ><div id=\"panel-17107-0-0-0\" class=\"so-panel widget widget_sow-image panel-first-child panel-last-child\" data-index=\"0\" ><div\n\t\t\t\n\t\t\tclass=\"so-widget-sow-image so-widget-sow-image-default-8b5b6f678277-17107\"\n\t\t\t\n\t\t>\n\n<div class=\"sow-image-container\">\n\t\t<img loading=\"lazy\" decoding=\"async\" src=\"https:\/\/wp.plasnor.com\/wp-content\/uploads\/2023\/04\/plasnor-quienes-somos.jpg\" width=\"370\" height=\"130\" srcset=\"https:\/\/wp.plasnor.com\/wp-content\/uploads\/2023\/04\/plasnor-quienes-somos.jpg 370w, https:\/\/wp.plasnor.com\/wp-content\/uploads\/2023\/04\/plasnor-quienes-somos-300x105.jpg 300w\" sizes=\"(max-width: 370px) 100vw, 370px\" title=\"Plasnor\" alt=\"Plasnor\" \t\tclass=\"so-widget-image\"\/>\n\t<\/div>\n\n<\/div><\/div><\/div><div id=\"pgc-17107-0-1\"  class=\"panel-grid-cell\" ><div id=\"panel-17107-0-1-0\" class=\"so-panel widget widget_sow-headline panel-first-child panel-last-child\" data-index=\"1\" ><div\n\t\t\t\n\t\t\tclass=\"so-widget-sow-headline so-widget-sow-headline-default-d382a4f31426-17107 so-widget-fittext-wrapper\"\n\t\t\t data-fit-text-compressor=\"0.85\"\n\t\t><div class=\"sow-headline-container \">\n\t\t\t\t\t\t\t<h2 class=\"sow-headline\">\n\t\t\t\t\t\t\u00dcBER UNS\t\t\t\t\t\t<\/h2>\n\t\t\t\t\t\t\t\t\t\t\t\t<p class=\"sow-sub-headline\">\n\t\t\t\t\t\tDie wichtigsten Elemente der Unternehmensidentit\u00e4t von PLASNOR sind:\t\t\t\t\t\t<\/p>\n\t\t\t\t\t\t<\/div>\n<\/div><\/div><\/div><\/div><\/div><div id=\"pg-17107-1\"  class=\"panel-grid panel-has-style\" ><div class=\"section-interior panel-row-style panel-row-style-for-17107-1\" ><div id=\"pgc-17107-1-0\"  class=\"panel-grid-cell\" ><div id=\"panel-17107-1-0-0\" class=\"so-panel widget widget_sow-image panel-first-child panel-last-child\" data-index=\"2\" ><div\n\t\t\t\n\t\t\tclass=\"so-widget-sow-image so-widget-sow-image-default-8b5b6f678277-17107\"\n\t\t\t\n\t\t>\n\n<div class=\"sow-image-container\">\n\t\t<img loading=\"lazy\" decoding=\"async\" src=\"https:\/\/wp.plasnor.com\/wp-content\/uploads\/2023\/04\/equipo-humano-quienes-somos.jpg\" width=\"500\" height=\"333\" srcset=\"https:\/\/wp.plasnor.com\/wp-content\/uploads\/2023\/04\/equipo-humano-quienes-somos.jpg 500w, https:\/\/wp.plasnor.com\/wp-content\/uploads\/2023\/04\/equipo-humano-quienes-somos-300x200.jpg 300w\" sizes=\"(max-width: 500px) 100vw, 500px\" title=\"UNSER TEAM\" alt=\"UNSER TEAM\" \t\tclass=\"so-widget-image\"\/>\n\t<\/div>\n\n<\/div><\/div><\/div><div id=\"pgc-17107-1-1\"  class=\"panel-grid-cell\" ><div id=\"panel-17107-1-1-0\" class=\"so-panel widget widget_sow-editor panel-first-child panel-last-child\" data-index=\"3\" ><div\n\t\t\t\n\t\t\tclass=\"so-widget-sow-editor so-widget-sow-editor-base\"\n\t\t\t\n\t\t>\n<div class=\"siteorigin-widget-tinymce textwidget\">\n\t<p><img decoding=\"async\" class=\"alignnone wp-image-15452 size-full\" src=\"https:\/\/www.plasnor.com\/wp-content\/uploads\/2023\/04\/1staff.svg\" alt=\"UNSER TEAM\" \/><\/p>\n<h3>UNSER TEAM<\/h3>\n<p>Bei PLASNOR sch\u00e4tzen wir UNSER TEAM und das KNOW-HOW unserer Mitarbeiter als wesentlichen Faktor unserer WETTBEWERBSF\u00c4HIGKEIT.<br \/>\nWir arbeiten gemeinsam an der Umsetzung unserer AUFGABE und STRATEGIE.<br \/>\nAUFGABE: Ma\u00dfst\u00e4be zu setzen in den Produktbereichen, in denen wir t\u00e4tig sind: EXTRUSION und THERMOFORMEN<\/p>\n<\/div>\n<\/div><\/div><\/div><\/div><\/div><div id=\"pg-17107-2\"  class=\"panel-grid panel-has-style\" ><div class=\"section-interior panel-row-style panel-row-style-for-17107-2\" ><div id=\"pgc-17107-2-0\"  class=\"panel-grid-cell\" ><div id=\"panel-17107-2-0-0\" class=\"so-panel widget widget_sow-image panel-first-child panel-last-child\" data-index=\"4\" ><div\n\t\t\t\n\t\t\tclass=\"so-widget-sow-image so-widget-sow-image-default-8b5b6f678277-17107\"\n\t\t\t\n\t\t>\n\n<div class=\"sow-image-container\">\n\t\t<img loading=\"lazy\" decoding=\"async\" src=\"https:\/\/wp.plasnor.com\/wp-content\/uploads\/2023\/04\/fachada-plasnor-quienes-somos2.jpg\" width=\"370\" height=\"237\" srcset=\"https:\/\/wp.plasnor.com\/wp-content\/uploads\/2023\/04\/fachada-plasnor-quienes-somos2.jpg 370w, https:\/\/wp.plasnor.com\/wp-content\/uploads\/2023\/04\/fachada-plasnor-quienes-somos2-300x192.jpg 300w\" sizes=\"(max-width: 370px) 100vw, 370px\" title=\"ERFAHRUNG\" alt=\"ERFAHRUNG\" \t\tclass=\"so-widget-image\"\/>\n\t<\/div>\n\n<\/div><\/div><\/div><div id=\"pgc-17107-2-1\"  class=\"panel-grid-cell\" ><div id=\"panel-17107-2-1-0\" class=\"so-panel widget widget_sow-editor panel-first-child panel-last-child\" data-index=\"5\" ><div\n\t\t\t\n\t\t\tclass=\"so-widget-sow-editor so-widget-sow-editor-base\"\n\t\t\t\n\t\t>\n<div class=\"siteorigin-widget-tinymce textwidget\">\n\t<p><img decoding=\"async\" class=\"alignnone wp-image-15460\" src=\"https:\/\/www.plasnor.com\/wp-content\/uploads\/2024\/03\/50years-cortado.png\" alt=\"\" width=\"200\" \/><\/p>\n<h3>ERFAHRUNG<\/h3>\n<p>Wir haben 50 JAHRE Erfahrung in der Kunststoffherstellung. Im Laufe seiner Entwicklung hat PLASNOR eine Strategie der Branchendiversifizierung verfolgt, dank der es sich jederzeit an die jeweiligen Anforderungen anpassen konnte.<\/p>\n<p>DAUERHAFTIGKEIT: unser Ziel ist die Kontinuit\u00e4t des Projektes PLASNOR, wof\u00fcr wir auf die ZUKUNFT setzen.<\/p>\n<\/div>\n<\/div><\/div><\/div><\/div><\/div><div id=\"pg-17107-3\"  class=\"panel-grid panel-has-style\" ><div class=\"section-interior panel-row-style panel-row-style-for-17107-3\" ><div id=\"pgc-17107-3-0\"  class=\"panel-grid-cell\" ><div id=\"panel-17107-3-0-0\" class=\"so-panel widget widget_sow-image panel-first-child panel-last-child\" data-index=\"6\" ><div\n\t\t\t\n\t\t\tclass=\"so-widget-sow-image so-widget-sow-image-default-8b5b6f678277-17107\"\n\t\t\t\n\t\t>\n\n<div class=\"sow-image-container\">\n\t\t<img loading=\"lazy\" decoding=\"async\" src=\"https:\/\/wp.plasnor.com\/wp-content\/uploads\/2023\/04\/plasnor-mecanizado-02-2.jpg\" width=\"500\" height=\"352\" srcset=\"https:\/\/wp.plasnor.com\/wp-content\/uploads\/2023\/04\/plasnor-mecanizado-02-2.jpg 500w, https:\/\/wp.plasnor.com\/wp-content\/uploads\/2023\/04\/plasnor-mecanizado-02-2-300x211.jpg 300w\" sizes=\"(max-width: 500px) 100vw, 500px\" title=\"TECHNOLOGIE &amp; EINRICHTUNGEN\" alt=\"TECHNOLOGIE &amp; EINRICHTUNGEN\" \t\tclass=\"so-widget-image\"\/>\n\t<\/div>\n\n<\/div><\/div><\/div><div id=\"pgc-17107-3-1\"  class=\"panel-grid-cell\" ><div id=\"panel-17107-3-1-0\" class=\"so-panel widget widget_sow-editor panel-first-child panel-last-child\" data-index=\"7\" ><div\n\t\t\t\n\t\t\tclass=\"so-widget-sow-editor so-widget-sow-editor-base\"\n\t\t\t\n\t\t>\n<div class=\"siteorigin-widget-tinymce textwidget\">\n\t<p><img decoding=\"async\" class=\"alignnone wp-image-15472 size-full\" src=\"https:\/\/www.plasnor.com\/wp-content\/uploads\/2023\/04\/2technologies-1.svg\" alt=\"TECHNOLOGIE &amp; EINRICHTUNGEN\" \/><\/p>\n<h3>TECHNOLOGIE &amp; EINRICHTUNGEN<\/h3>\n<p>Wir verf\u00fcgen \u00fcber zwei Produktionsst\u00e4tten in Legazpi und Urretxu, mit mehr als 11000 m2 ausgezeichnet ausgestatteter Hallenfl\u00e4chen zur Durchf\u00fchrung der Produktionsprozesse der EXTRUSION und THERMOFORMUNG sowie einer Reihe ERG\u00c4NZENDER VERFAHREN.<\/p>\n<\/div>\n<\/div><\/div><\/div><\/div><\/div><div id=\"pg-17107-4\"  class=\"panel-grid panel-has-style\" ><div class=\"section-interior panel-row-style panel-row-style-for-17107-4\" ><div id=\"pgc-17107-4-0\"  class=\"panel-grid-cell\" ><div id=\"panel-17107-4-0-0\" class=\"so-panel widget widget_sow-image panel-first-child panel-last-child\" data-index=\"8\" ><div\n\t\t\t\n\t\t\tclass=\"so-widget-sow-image so-widget-sow-image-default-8b5b6f678277-17107\"\n\t\t\t\n\t\t>\n\n<div class=\"sow-image-container\">\n\t\t<img loading=\"lazy\" decoding=\"async\" src=\"https:\/\/wp.plasnor.com\/wp-content\/uploads\/2023\/04\/mapa-internacionalizacion-quienes-somos.jpg\" width=\"370\" height=\"237\" srcset=\"https:\/\/wp.plasnor.com\/wp-content\/uploads\/2023\/04\/mapa-internacionalizacion-quienes-somos.jpg 370w, https:\/\/wp.plasnor.com\/wp-content\/uploads\/2023\/04\/mapa-internacionalizacion-quienes-somos-300x192.jpg 300w\" sizes=\"(max-width: 370px) 100vw, 370px\" title=\"INTERNATIONALISIERUNG\" alt=\"INTERNATIONALISIERUNG\" \t\tclass=\"so-widget-image\"\/>\n\t<\/div>\n\n<\/div><\/div><\/div><div id=\"pgc-17107-4-1\"  class=\"panel-grid-cell\" ><div id=\"panel-17107-4-1-0\" class=\"so-panel widget widget_sow-editor panel-first-child panel-last-child\" data-index=\"9\" ><div\n\t\t\t\n\t\t\tclass=\"so-widget-sow-editor so-widget-sow-editor-base\"\n\t\t\t\n\t\t>\n<div class=\"siteorigin-widget-tinymce textwidget\">\n\t<p><img decoding=\"async\" class=\"alignnone wp-image-15456\" src=\"https:\/\/www.plasnor.com\/wp-content\/uploads\/2023\/04\/3inter.svg\" alt=\"INTERNATIONALISIERUNG\" width=\"200\" \/><\/p>\n<h3>INTERNATIONALISIERUNG<\/h3>\n<p>Heutzutage EXPORTIERT PLASNOR \u00dcBER 70% SEINES UMSATZES in alle F\u00dcNF KONTINENTE. Seit Jahren setzt PLASNOR auf eine Strategie der INTERNATIONALISIERUNG und DIVERSIFIZIERUNG DER ABSATZM\u00c4RKTE, sodass unsere Produkte weltweit pr\u00e4sent und wettbewerbsf\u00e4hig sind.<\/p>\n<\/div>\n<\/div><\/div><\/div><\/div><\/div><div id=\"pg-17107-5\"  class=\"panel-grid panel-has-style\" ><div class=\"section-interior panel-row-style panel-row-style-for-17107-5\" ><div id=\"pgc-17107-5-0\"  class=\"panel-grid-cell\" ><div id=\"panel-17107-5-0-0\" class=\"so-panel widget widget_sow-image panel-first-child panel-last-child\" data-index=\"10\" ><div\n\t\t\t\n\t\t\tclass=\"so-widget-sow-image so-widget-sow-image-default-8b5b6f678277-17107\"\n\t\t\t\n\t\t>\n\n<div class=\"sow-image-container\">\n\t\t<img loading=\"lazy\" decoding=\"async\" src=\"https:\/\/wp.plasnor.com\/wp-content\/uploads\/2023\/04\/tecno-instal1-quienes-somos-1.jpg\" width=\"370\" height=\"237\" srcset=\"https:\/\/wp.plasnor.com\/wp-content\/uploads\/2023\/04\/tecno-instal1-quienes-somos-1.jpg 370w, https:\/\/wp.plasnor.com\/wp-content\/uploads\/2023\/04\/tecno-instal1-quienes-somos-1-300x192.jpg 300w\" sizes=\"(max-width: 370px) 100vw, 370px\" title=\"UNSERE KUNDEN\" alt=\"UNSERE KUNDEN\" \t\tclass=\"so-widget-image\"\/>\n\t<\/div>\n\n<\/div><\/div><\/div><div id=\"pgc-17107-5-1\"  class=\"panel-grid-cell\" ><div id=\"panel-17107-5-1-0\" class=\"so-panel widget widget_sow-editor panel-first-child panel-last-child\" data-index=\"11\" ><div\n\t\t\t\n\t\t\tclass=\"so-widget-sow-editor so-widget-sow-editor-base\"\n\t\t\t\n\t\t>\n<div class=\"siteorigin-widget-tinymce textwidget\">\n\t<h3>\nUNSERE KUNDEN<\/h3>\n<p>Zu unseren Kunden z\u00e4hlen F\u00dcHRENDE UNTERNEHMEN in den SPITZENBRANCHEN.<\/p>\n<p>Unser Ziel ist es, LANGFRISTIGE BEZIEHUNGEN zu unseren Kunden aufzubauen, um gemeinsam Projekte voranzutreiben, die es uns erm\u00f6glichen, PARTNER anstatt Kunde und Lieferant zu sein.<\/p>\n<\/div>\n<\/div><\/div><\/div><\/div><\/div><div id=\"pg-17107-6\"  class=\"panel-grid panel-has-style\" ><div class=\"section-interior panel-row-style panel-row-style-for-17107-6\" ><div id=\"pgc-17107-6-0\"  class=\"panel-grid-cell\" ><div id=\"panel-17107-6-0-0\" class=\"so-panel widget widget_sow-image panel-first-child panel-last-child\" data-index=\"12\" ><div\n\t\t\t\n\t\t\tclass=\"so-widget-sow-image so-widget-sow-image-default-8b5b6f678277-17107\"\n\t\t\t\n\t\t>\n\n<div class=\"sow-image-container\">\n\t\t<img loading=\"lazy\" decoding=\"async\" src=\"https:\/\/wp.plasnor.com\/wp-content\/uploads\/2023\/04\/servicio-quienes-somos.jpg\" width=\"370\" height=\"237\" srcset=\"https:\/\/wp.plasnor.com\/wp-content\/uploads\/2023\/04\/servicio-quienes-somos.jpg 370w, https:\/\/wp.plasnor.com\/wp-content\/uploads\/2023\/04\/servicio-quienes-somos-300x192.jpg 300w\" sizes=\"(max-width: 370px) 100vw, 370px\" title=\"SERVICE &amp; FELXIBILIT\u00c4T\" alt=\"SERVICE &amp; FELXIBILIT\u00c4T\" \t\tclass=\"so-widget-image\"\/>\n\t<\/div>\n\n<\/div><\/div><\/div><div id=\"pgc-17107-6-1\"  class=\"panel-grid-cell\" ><div id=\"panel-17107-6-1-0\" class=\"so-panel widget widget_sow-editor panel-first-child panel-last-child\" data-index=\"13\" ><div\n\t\t\t\n\t\t\tclass=\"so-widget-sow-editor so-widget-sow-editor-base\"\n\t\t\t\n\t\t>\n<div class=\"siteorigin-widget-tinymce textwidget\">\n\t<p>&nbsp;<\/p>\n<h3>SERVICE &amp; FELXIBILIT\u00c4T<\/h3>\n<p>Wir glauben an eine KLARE KUNDENORIENTIERUNG. Wir zeichnen uns durch unsere FLEXIBILIT\u00c4T und UNSEREN KUNDENSERVICE aus.<\/p>\n<p>UNSER ZIEL ist es, einen QUALITATIV HOCHWERTIGEN SERVICE zu liefern und die ANFORDERUNGEN UNSERER KUNDEN ZU ERF\u00dcLLEN.<\/p>\n<\/div>\n<\/div><\/div><\/div><\/div><\/div><div id=\"pg-17107-7\"  class=\"panel-grid panel-has-style\" ><div class=\"section-interior panel-row-style panel-row-style-for-17107-7\" ><div id=\"pgc-17107-7-0\"  class=\"panel-grid-cell\" ><div id=\"panel-17107-7-0-0\" class=\"so-panel widget widget_sow-image panel-first-child panel-last-child\" data-index=\"14\" ><div\n\t\t\t\n\t\t\tclass=\"so-widget-sow-image so-widget-sow-image-default-8b5b6f678277-17107\"\n\t\t\t\n\t\t>\n\n<div class=\"sow-image-container\">\n\t\t<img loading=\"lazy\" decoding=\"async\" src=\"https:\/\/wp.plasnor.com\/wp-content\/uploads\/2023\/04\/idi-quienes-somos.jpg\" width=\"370\" height=\"237\" srcset=\"https:\/\/wp.plasnor.com\/wp-content\/uploads\/2023\/04\/idi-quienes-somos.jpg 370w, https:\/\/wp.plasnor.com\/wp-content\/uploads\/2023\/04\/idi-quienes-somos-300x192.jpg 300w\" sizes=\"(max-width: 370px) 100vw, 370px\" title=\"F+E+I\" alt=\"F+E+I\" \t\tclass=\"so-widget-image\"\/>\n\t<\/div>\n\n<\/div><\/div><\/div><div id=\"pgc-17107-7-1\"  class=\"panel-grid-cell\" ><div id=\"panel-17107-7-1-0\" class=\"so-panel widget widget_sow-editor panel-first-child panel-last-child\" data-index=\"15\" ><div\n\t\t\t\n\t\t\tclass=\"so-widget-sow-editor so-widget-sow-editor-base\"\n\t\t\t\n\t\t>\n<div class=\"siteorigin-widget-tinymce textwidget\">\n\t<p><img loading=\"lazy\" decoding=\"async\" class=\"alignnone wp-image-15464\" src=\"https:\/\/www.plasnor.com\/wp-content\/uploads\/2023\/04\/5rdi.svg\" alt=\"F+E+I\" width=\"167\" height=\"30\" \/><\/p>\n<h3>F+E+I<\/h3>\n<p>Bei PLASNOR betrachten wir F+ E + I als einen WESENTLICHEN BESTANDTEIL UNSERER GESCH\u00c4FTSSTRATEGIE, als Engagement f\u00fcr die Zukunft und unabdingbaren Faktor f\u00fcr eine kontinuierliche Verbesserung.<\/p>\n<p>Wir verf\u00fcgen \u00fcber eine EIGENE F & E- ABTEILUNG und arbeiten mit TECHNOLOGIEZENTREN in VERSCHIEDENEN EUROP\u00c4ISCHEN PROJEKTEN zur Projektentwicklung zusammen.<\/p>\n<\/div>\n<\/div><\/div><\/div><\/div><\/div><div id=\"pg-17107-8\"  class=\"panel-grid panel-has-style\" ><div class=\"section-interior panel-row-style panel-row-style-for-17107-8\" ><div id=\"pgc-17107-8-0\"  class=\"panel-grid-cell\" ><div id=\"panel-17107-8-0-0\" class=\"so-panel widget widget_sow-image panel-first-child panel-last-child\" data-index=\"16\" ><div\n\t\t\t\n\t\t\tclass=\"so-widget-sow-image so-widget-sow-image-default-8b5b6f678277-17107\"\n\t\t\t\n\t\t>\n\n<div class=\"sow-image-container\">\n\t\t<img loading=\"lazy\" decoding=\"async\" src=\"https:\/\/wp.plasnor.com\/wp-content\/uploads\/2023\/04\/calidad-quienes-somos.jpg\" width=\"370\" height=\"237\" srcset=\"https:\/\/wp.plasnor.com\/wp-content\/uploads\/2023\/04\/calidad-quienes-somos.jpg 370w, https:\/\/wp.plasnor.com\/wp-content\/uploads\/2023\/04\/calidad-quienes-somos-300x192.jpg 300w\" sizes=\"(max-width: 370px) 100vw, 370px\" title=\"Quality\" alt=\"Quality\" \t\tclass=\"so-widget-image\"\/>\n\t<\/div>\n\n<\/div><\/div><\/div><div id=\"pgc-17107-8-1\"  class=\"panel-grid-cell\" ><div id=\"panel-17107-8-1-0\" class=\"so-panel widget widget_sow-editor panel-first-child panel-last-child\" data-index=\"17\" ><div\n\t\t\t\n\t\t\tclass=\"so-widget-sow-editor so-widget-sow-editor-base\"\n\t\t\t\n\t\t>\n<div class=\"siteorigin-widget-tinymce textwidget\">\n\t<p><img loading=\"lazy\" decoding=\"async\" class=\"alignnone wp-image-15544 size-full\" src=\"https:\/\/www.plasnor.com\/wp-content\/uploads\/2023\/04\/icono-calidad.png\" alt=\"Calidad\" width=\"167\" height=\"30\" \/><\/p>\n<h3>Quality<\/h3>\n<p>Die Qualit\u00e4tsrichtlinie unseres Unternehmens steht Ihnen zur Verf\u00fcgung:<\/p>\n<p><a class=\"pdf\" href=\"\/documents\/ISO9001-2015-Certificate-SPANISH-ENGLISH-expirate-date-2021-11-08.pdf\" target=\"_blank\" rel=\"noopener noreferrer\"><img decoding=\"async\" class=\"alignnone size-full\" src=\"\/wp-content\/uploads\/2023\/04\/icono-pdf2.png\" \/><u>  ISO Certificate 9001:2015<\/u><\/a><\/p>\n<\/div>\n<\/div><\/div><\/div><\/div><\/div><\/div>","protected":false},"excerpt":{"rendered":"<p>UNSER TEAM Bei PLASNOR sch\u00e4tzen wir UNSER TEAM und das KNOW-HOW unserer Mitarbeiter als wesentlichen Faktor unserer WETTBEWERBSF\u00c4HIGKEIT. &#8230; <a title=\"Firma\" class=\"read-more\" href=\"https:\/\/wp.plasnor.com\/de\/uber-uns\/\" aria-label=\"Mehr Informationen \u00fcber Firma\">[ + info ]<\/a><\/p>\n","protected":false},"author":1,"featured_media":0,"parent":0,"menu_order":0,"comment_status":"closed","ping_status":"closed","template":"","meta":{"footnotes":""},"categories":[],"tags":[],"yoast_head":"<!-- This site is optimized with the Yoast SEO plugin v22.4 - https:\/\/yoast.com\/wordpress\/plugins\/seo\/ -->\n<title>Firma - Plasnor<\/title>\n<meta name=\"robots\" content=\"index, follow, max-snippet:-1, max-image-preview:large, max-video-preview:-1\" \/>\n<link rel=\"canonical\" href=\"https:\/\/wp.plasnor.com\/es\/empresa\/\" \/>\n<meta property=\"og:locale\" content=\"de_DE\" \/>\n<meta property=\"og:type\" content=\"article\" \/>\n<meta property=\"og:title\" content=\"Firma - Plasnor\" \/>\n<meta property=\"og:description\" content=\"UNSER TEAM Bei PLASNOR sch\u00e4tzen wir UNSER TEAM und das KNOW-HOW unserer Mitarbeiter als wesentlichen Faktor unserer WETTBEWERBSF\u00c4HIGKEIT. ... [ + info ]\" \/>\n<meta property=\"og:url\" content=\"https:\/\/wp.plasnor.com\/es\/empresa\/\" \/>\n<meta property=\"og:site_name\" content=\"Plasnor\" \/>\n<meta property=\"article:modified_time\" content=\"2024-03-12T11:50:50+00:00\" \/>\n<meta property=\"og:image\" content=\"https:\/\/www.plasnor.com\/wp-content\/uploads\/2023\/04\/1staff.svg\" \/>\n<meta name=\"twitter:card\" content=\"summary_large_image\" \/>\n<script type=\"application\/ld+json\" class=\"yoast-schema-graph\">{\"@context\":\"https:\/\/schema.org\",\"@graph\":[{\"@type\":\"WebPage\",\"@id\":\"https:\/\/wp.plasnor.com\/es\/empresa\/\",\"url\":\"https:\/\/wp.plasnor.com\/es\/empresa\/\",\"name\":\"Firma - Plasnor\",\"isPartOf\":{\"@id\":\"https:\/\/wp.plasnor.com\/es\/#website\"},\"primaryImageOfPage\":{\"@id\":\"https:\/\/wp.plasnor.com\/es\/empresa\/#primaryimage\"},\"image\":{\"@id\":\"https:\/\/wp.plasnor.com\/es\/empresa\/#primaryimage\"},\"thumbnailUrl\":\"https:\/\/www.plasnor.com\/wp-content\/uploads\/2023\/04\/1staff.svg\",\"datePublished\":\"2023-04-20T14:18:45+00:00\",\"dateModified\":\"2024-03-12T11:50:50+00:00\",\"breadcrumb\":{\"@id\":\"https:\/\/wp.plasnor.com\/es\/empresa\/#breadcrumb\"},\"inLanguage\":\"de-DE\",\"potentialAction\":[{\"@type\":\"ReadAction\",\"target\":[\"https:\/\/wp.plasnor.com\/es\/empresa\/\"]}]},{\"@type\":\"ImageObject\",\"inLanguage\":\"de-DE\",\"@id\":\"https:\/\/wp.plasnor.com\/es\/empresa\/#primaryimage\",\"url\":\"https:\/\/www.plasnor.com\/wp-content\/uploads\/2023\/04\/1staff.svg\",\"contentUrl\":\"https:\/\/www.plasnor.com\/wp-content\/uploads\/2023\/04\/1staff.svg\"},{\"@type\":\"BreadcrumbList\",\"@id\":\"https:\/\/wp.plasnor.com\/es\/empresa\/#breadcrumb\",\"itemListElement\":[{\"@type\":\"ListItem\",\"position\":1,\"name\":\"Home\",\"item\":\"https:\/\/wp.plasnor.com\/de\/inicio\/\"},{\"@type\":\"ListItem\",\"position\":2,\"name\":\"Firma\"}]},{\"@type\":\"WebSite\",\"@id\":\"https:\/\/wp.plasnor.com\/es\/#website\",\"url\":\"https:\/\/wp.plasnor.com\/es\/\",\"name\":\"Plasnor\",\"description\":\"Especialistas en extrusi\u00f3n y termoconformado\",\"publisher\":{\"@id\":\"https:\/\/wp.plasnor.com\/es\/#organization\"},\"alternateName\":\"Plasnor\",\"potentialAction\":[{\"@type\":\"SearchAction\",\"target\":{\"@type\":\"EntryPoint\",\"urlTemplate\":\"https:\/\/wp.plasnor.com\/es\/?s={search_term_string}\"},\"query-input\":\"required name=search_term_string\"}],\"inLanguage\":\"de-DE\"},{\"@type\":\"Organization\",\"@id\":\"https:\/\/wp.plasnor.com\/es\/#organization\",\"name\":\"Plasnor\",\"alternateName\":\"Plasnor\",\"url\":\"https:\/\/wp.plasnor.com\/es\/\",\"logo\":{\"@type\":\"ImageObject\",\"inLanguage\":\"de-DE\",\"@id\":\"https:\/\/wp.plasnor.com\/es\/#\/schema\/logo\/image\/\",\"url\":\"https:\/\/www.plasnor.com\/wp-content\/uploads\/2023\/04\/logotipo-plasnor.jpg\",\"contentUrl\":\"https:\/\/www.plasnor.com\/wp-content\/uploads\/2023\/04\/logotipo-plasnor.jpg\",\"width\":300,\"height\":91,\"caption\":\"Plasnor\"},\"image\":{\"@id\":\"https:\/\/wp.plasnor.com\/es\/#\/schema\/logo\/image\/\"},\"sameAs\":[\"https:\/\/www.linkedin.com\/company\/plasnor-s.a.\"]}]}<\/script>\n<!-- \/ Yoast SEO plugin. -->","yoast_head_json":{"title":"Firma - Plasnor","robots":{"index":"index","follow":"follow","max-snippet":"max-snippet:-1","max-image-preview":"max-image-preview:large","max-video-preview":"max-video-preview:-1"},"canonical":"https:\/\/wp.plasnor.com\/es\/empresa\/","og_locale":"de_DE","og_type":"article","og_title":"Firma - Plasnor","og_description":"UNSER TEAM Bei PLASNOR sch\u00e4tzen wir UNSER TEAM und das KNOW-HOW unserer Mitarbeiter als wesentlichen Faktor unserer WETTBEWERBSF\u00c4HIGKEIT. ... [ + info ]","og_url":"https:\/\/wp.plasnor.com\/es\/empresa\/","og_site_name":"Plasnor","article_modified_time":"2024-03-12T11:50:50+00:00","og_image":[{"url":"https:\/\/www.plasnor.com\/wp-content\/uploads\/2023\/04\/1staff.svg"}],"twitter_card":"summary_large_image","schema":{"@context":"https:\/\/schema.org","@graph":[{"@type":"WebPage","@id":"https:\/\/wp.plasnor.com\/es\/empresa\/","url":"https:\/\/wp.plasnor.com\/es\/empresa\/","name":"Firma - Plasnor","isPartOf":{"@id":"https:\/\/wp.plasnor.com\/es\/#website"},"primaryImageOfPage":{"@id":"https:\/\/wp.plasnor.com\/es\/empresa\/#primaryimage"},"image":{"@id":"https:\/\/wp.plasnor.com\/es\/empresa\/#primaryimage"},"thumbnailUrl":"https:\/\/www.plasnor.com\/wp-content\/uploads\/2023\/04\/1staff.svg","datePublished":"2023-04-20T14:18:45+00:00","dateModified":"2024-03-12T11:50:50+00:00","breadcrumb":{"@id":"https:\/\/wp.plasnor.com\/es\/empresa\/#breadcrumb"},"inLanguage":"de-DE","potentialAction":[{"@type":"ReadAction","target":["https:\/\/wp.plasnor.com\/es\/empresa\/"]}]},{"@type":"ImageObject","inLanguage":"de-DE","@id":"https:\/\/wp.plasnor.com\/es\/empresa\/#primaryimage","url":"https:\/\/www.plasnor.com\/wp-content\/uploads\/2023\/04\/1staff.svg","contentUrl":"https:\/\/www.plasnor.com\/wp-content\/uploads\/2023\/04\/1staff.svg"},{"@type":"BreadcrumbList","@id":"https:\/\/wp.plasnor.com\/es\/empresa\/#breadcrumb","itemListElement":[{"@type":"ListItem","position":1,"name":"Home","item":"https:\/\/wp.plasnor.com\/de\/inicio\/"},{"@type":"ListItem","position":2,"name":"Firma"}]},{"@type":"WebSite","@id":"https:\/\/wp.plasnor.com\/es\/#website","url":"https:\/\/wp.plasnor.com\/es\/","name":"Plasnor","description":"Especialistas en extrusi\u00f3n y termoconformado","publisher":{"@id":"https:\/\/wp.plasnor.com\/es\/#organization"},"alternateName":"Plasnor","potentialAction":[{"@type":"SearchAction","target":{"@type":"EntryPoint","urlTemplate":"https:\/\/wp.plasnor.com\/es\/?s={search_term_string}"},"query-input":"required name=search_term_string"}],"inLanguage":"de-DE"},{"@type":"Organization","@id":"https:\/\/wp.plasnor.com\/es\/#organization","name":"Plasnor","alternateName":"Plasnor","url":"https:\/\/wp.plasnor.com\/es\/","logo":{"@type":"ImageObject","inLanguage":"de-DE","@id":"https:\/\/wp.plasnor.com\/es\/#\/schema\/logo\/image\/","url":"https:\/\/www.plasnor.com\/wp-content\/uploads\/2023\/04\/logotipo-plasnor.jpg","contentUrl":"https:\/\/www.plasnor.com\/wp-content\/uploads\/2023\/04\/logotipo-plasnor.jpg","width":300,"height":91,"caption":"Plasnor"},"image":{"@id":"https:\/\/wp.plasnor.com\/es\/#\/schema\/logo\/image\/"},"sameAs":["https:\/\/www.linkedin.com\/company\/plasnor-s.a."]}]}},"_links":{"self":[{"href":"https:\/\/wp.plasnor.com\/de\/wp-json\/wp\/v2\/pages\/17107"}],"collection":[{"href":"https:\/\/wp.plasnor.com\/de\/wp-json\/wp\/v2\/pages"}],"about":[{"href":"https:\/\/wp.plasnor.com\/de\/wp-json\/wp\/v2\/types\/page"}],"author":[{"embeddable":true,"href":"https:\/\/wp.plasnor.com\/de\/wp-json\/wp\/v2\/users\/1"}],"replies":[{"embeddable":true,"href":"https:\/\/wp.plasnor.com\/de\/wp-json\/wp\/v2\/comments?post=17107"}],"version-history":[{"count":0,"href":"https:\/\/wp.plasnor.com\/de\/wp-json\/wp\/v2\/pages\/17107\/revisions"}],"wp:attachment":[{"href":"https:\/\/wp.plasnor.com\/de\/wp-json\/wp\/v2\/media?parent=17107"}],"wp:term":[{"taxonomy":"category","embeddable":true,"href":"https:\/\/wp.plasnor.com\/de\/wp-json\/wp\/v2\/categories?post=17107"},{"taxonomy":"post_tag","embeddable":true,"href":"https:\/\/wp.plasnor.com\/de\/wp-json\/wp\/v2\/tags?post=17107"}],"curies":[{"name":"wp","href":"https:\/\/api.w.org\/{rel}","templated":true}]}}