{"id":17077,"date":"2023-04-20T20:31:08","date_gmt":"2023-04-20T18:31:08","guid":{"rendered":"https:\/\/www.plasnor.com\/query\/"},"modified":"2023-05-04T08:11:46","modified_gmt":"2023-05-04T06:11:46","slug":"anfrage","status":"publish","type":"page","link":"https:\/\/wp.plasnor.com\/de\/extrusion\/anfrage\/","title":{"rendered":"Anfrage \u2013 Extrusion"},"content":{"rendered":"<p>If you want more information about extrusion, or if you want to make an inquiry, fill out the following questionnaire.<\/p>\n\n<div class=\"wpcf7 no-js\" id=\"wpcf7-f17390-o1\" lang=\"es-ES\" dir=\"ltr\">\n<div class=\"screen-reader-response\"><p role=\"status\" aria-live=\"polite\" aria-atomic=\"true\"><\/p> <ul><\/ul><\/div>\n<form action=\"\/de\/wp-json\/wp\/v2\/pages\/17077#wpcf7-f17390-o1\" method=\"post\" class=\"wpcf7-form init wpcf7-acceptance-as-validation\" aria-label=\"Formulario de contacto\" novalidate=\"novalidate\" data-status=\"init\">\n<div style=\"display: none;\">\n<input type=\"hidden\" name=\"_wpcf7\" value=\"17390\" \/>\n<input type=\"hidden\" name=\"_wpcf7_version\" value=\"5.9.3\" \/>\n<input type=\"hidden\" name=\"_wpcf7_locale\" value=\"es_ES\" \/>\n<input type=\"hidden\" name=\"_wpcf7_unit_tag\" value=\"wpcf7-f17390-o1\" \/>\n<input type=\"hidden\" name=\"_wpcf7_container_post\" value=\"0\" \/>\n<input type=\"hidden\" name=\"_wpcf7_posted_data_hash\" value=\"\" \/>\n<input type=\"hidden\" name=\"_wpcf7_recaptcha_response\" value=\"\" \/>\n<\/div>\n<div id=\"responsive-form\" class=\"clearfix\">\n\t<div class=\"form-row\">\n\t\t<div class=\"column-half\">\n\t\t\t<p>Name (*)<br \/>\n<span class=\"wpcf7-form-control-wrap\" data-name=\"your-name\"><input size=\"40\" class=\"wpcf7-form-control wpcf7-text wpcf7-validates-as-required\" aria-required=\"true\" aria-invalid=\"false\" value=\"\" type=\"text\" name=\"your-name\" \/><\/span>\n\t\t\t<\/p>\n\t\t<\/div>\n\t\t<div class=\"column-half\">\n\t\t\t<p>Firma (*)<br \/>\n<span class=\"wpcf7-form-control-wrap\" data-name=\"empresa\"><input size=\"40\" class=\"wpcf7-form-control wpcf7-text wpcf7-validates-as-required\" aria-required=\"true\" aria-invalid=\"false\" value=\"\" type=\"text\" name=\"empresa\" \/><\/span>\n\t\t\t<\/p>\n\t\t<\/div>\n\t<\/div>\n\t<div class=\"form-row\">\n\t\t<div class=\"column-half\">\n\t\t\t<p>Email (*)<br \/>\n<span class=\"wpcf7-form-control-wrap\" data-name=\"your-email\"><input size=\"40\" class=\"wpcf7-form-control wpcf7-email wpcf7-validates-as-required wpcf7-text wpcf7-validates-as-email\" aria-required=\"true\" aria-invalid=\"false\" value=\"\" type=\"email\" name=\"your-email\" \/><\/span>\n\t\t\t<\/p>\n\t\t<\/div>\n\t\t<div class=\"column-half\">\n\t\t\t<p>Phone<br \/>\n<span class=\"wpcf7-form-control-wrap\" data-name=\"your-tel\"><input size=\"40\" class=\"wpcf7-form-control wpcf7-tel wpcf7-text wpcf7-validates-as-tel\" aria-invalid=\"false\" value=\"\" type=\"tel\" name=\"your-tel\" \/><\/span>\n\t\t\t<\/p>\n\t\t<\/div>\n\t<\/div>\n\t<div class=\"form-row\">\n\t\t<div class=\"column-full\">\n\t\t\t<p>Anfrage<br \/>\n<span class=\"wpcf7-form-control-wrap\" data-name=\"your-message\"><textarea cols=\"40\" rows=\"4\" class=\"wpcf7-form-control wpcf7-textarea\" aria-invalid=\"false\" name=\"your-message\"><\/textarea><\/span>\n\t\t\t<\/p>\n\t\t<\/div>\n\t<\/div>\n\t<div class=\"form-row\">\n\t\t<div class=\"column-full\">\n\t\t\t<p><span class=\"wpcf7-form-control-wrap\" data-name=\"acceptance-687\"><span class=\"wpcf7-form-control wpcf7-acceptance\"><span class=\"wpcf7-list-item\"><input type=\"checkbox\" name=\"acceptance-687\" value=\"1\" aria-invalid=\"false\" \/><\/span><\/span><\/span> (*) I accept the <a href=\"\/de\/datenschutzerklaerung\/\" target=\"_blank\" rel=\"nofollow\"><u>Privacy Policy.<\/u><\/a>\n\t\t\t<\/p>\n\t\t\t<p>(*) Compulsory fields\n\t\t\t<\/p>\n\t\t<\/div>\n\t<\/div>\n\t<div class=\"form-row\">\n\t\t<div class=\"column-full\">\n\t\t\t<p><input class=\"wpcf7-form-control wpcf7-submit has-spinner\" type=\"submit\" value=\"Schicken\" \/>\n\t\t\t<\/p>\n\t\t<\/div>\n\t<\/div>\n\t<div class=\"form-row\">\n\t\t<div class=\"column-full\">\n\t\t\t<p>PLASNOR S.L., como responsable del tratamiento, le informa que sus datos son recabados con la finalidad de: Recoger los datos de car\u00e1cter personal que sean obtenidos a trav\u00e9s de los formularios de contacto disponibles en la p\u00e1gina web de la empresa para el contacto con el solicitante y env\u00edo de boletines publicitarios. La base jur\u00eddica para el tratamiento es el consentimiento del interesado. Sus datos no se ceder\u00e1n a terceros salvo obligaci\u00f3n legal. Cualquier persona tiene derecho a solicitar el acceso, rectificaci\u00f3n, supresi\u00f3n, limitaci\u00f3n del tratamiento, oposici\u00f3n o derecho a la portabilidad de sus datos personales, escribi\u00e9ndonos a la direcci\u00f3n de nuestras oficinas, o enviando un correo electr\u00f3nico a manduaga@plasnor.com, indicando el derecho que desea ejercer. Puede obtener informaci\u00f3n adicional en nuestra <a href=\"\/politica-de-privacidad\/\">pol\u00edtica de privacidad.<\/a>\n\t\t\t<\/p>\n\t\t<\/div>\n\t<\/div>\n<\/div><p style=\"display: none !important;\" class=\"akismet-fields-container\" data-prefix=\"_wpcf7_ak_\"><label>&#916;<textarea name=\"_wpcf7_ak_hp_textarea\" cols=\"45\" rows=\"8\" maxlength=\"100\"><\/textarea><\/label><input type=\"hidden\" id=\"ak_js_1\" name=\"_wpcf7_ak_js\" value=\"183\"\/><script>document.getElementById( \"ak_js_1\" ).setAttribute( \"value\", ( new Date() ).getTime() );<\/script><\/p><div class=\"wpcf7-response-output\" aria-hidden=\"true\"><\/div>\n<\/form>\n<\/div>\n\n","protected":false},"excerpt":{"rendered":"<p>If you want more information about extrusion, or if you want to make an inquiry, fill out the &#8230; <a title=\"Anfrage \u2013 Extrusion\" class=\"read-more\" href=\"https:\/\/wp.plasnor.com\/de\/extrusion\/anfrage\/\" aria-label=\"Mehr Informationen \u00fcber Anfrage \u2013 Extrusion\">[ + info ]<\/a><\/p>\n","protected":false},"author":1,"featured_media":0,"parent":17105,"menu_order":0,"comment_status":"closed","ping_status":"closed","template":"","meta":{"footnotes":""},"yoast_head":"<!-- This site is optimized with the Yoast SEO plugin v22.4 - https:\/\/yoast.com\/wordpress\/plugins\/seo\/ -->\n<title>Anfrage \u2013 Extrusion - Plasnor<\/title>\n<meta name=\"robots\" content=\"index, follow, max-snippet:-1, max-image-preview:large, max-video-preview:-1\" \/>\n<link rel=\"canonical\" href=\"https:\/\/wp.plasnor.com\/es\/extrusion\/consulta\/\" \/>\n<meta property=\"og:locale\" content=\"de_DE\" \/>\n<meta property=\"og:type\" content=\"article\" \/>\n<meta property=\"og:title\" content=\"Anfrage \u2013 Extrusion - Plasnor\" \/>\n<meta property=\"og:description\" content=\"If you want more information about extrusion, or if you want to make an inquiry, fill out the ... [ + info ]\" \/>\n<meta property=\"og:url\" content=\"https:\/\/wp.plasnor.com\/es\/extrusion\/consulta\/\" \/>\n<meta property=\"og:site_name\" content=\"Plasnor\" \/>\n<meta property=\"article:modified_time\" content=\"2023-05-04T06:11:46+00:00\" \/>\n<meta property=\"og:image\" content=\"https:\/\/wp.plasnor.com\/wp-content\/uploads\/2023\/04\/logotipo-plasnor.jpg\" \/>\n\t<meta property=\"og:image:width\" content=\"300\" \/>\n\t<meta property=\"og:image:height\" content=\"91\" \/>\n\t<meta property=\"og:image:type\" content=\"image\/jpeg\" \/>\n<meta name=\"twitter:card\" content=\"summary_large_image\" \/>\n<script type=\"application\/ld+json\" class=\"yoast-schema-graph\">{\"@context\":\"https:\/\/schema.org\",\"@graph\":[{\"@type\":\"WebPage\",\"@id\":\"https:\/\/wp.plasnor.com\/es\/extrusion\/consulta\/\",\"url\":\"https:\/\/wp.plasnor.com\/es\/extrusion\/consulta\/\",\"name\":\"Anfrage \u2013 Extrusion - Plasnor\",\"isPartOf\":{\"@id\":\"https:\/\/wp.plasnor.com\/es\/#website\"},\"datePublished\":\"2023-04-20T18:31:08+00:00\",\"dateModified\":\"2023-05-04T06:11:46+00:00\",\"breadcrumb\":{\"@id\":\"https:\/\/wp.plasnor.com\/es\/extrusion\/consulta\/#breadcrumb\"},\"inLanguage\":\"de-DE\",\"potentialAction\":[{\"@type\":\"ReadAction\",\"target\":[\"https:\/\/wp.plasnor.com\/es\/extrusion\/consulta\/\"]}]},{\"@type\":\"BreadcrumbList\",\"@id\":\"https:\/\/wp.plasnor.com\/es\/extrusion\/consulta\/#breadcrumb\",\"itemListElement\":[{\"@type\":\"ListItem\",\"position\":1,\"name\":\"Home\",\"item\":\"https:\/\/wp.plasnor.com\/de\/inicio\/\"},{\"@type\":\"ListItem\",\"position\":2,\"name\":\"Extrusion\",\"item\":\"https:\/\/wp.plasnor.com\/es\/extrusion\/\"},{\"@type\":\"ListItem\",\"position\":3,\"name\":\"Anfrage \u2013 Extrusion\"}]},{\"@type\":\"WebSite\",\"@id\":\"https:\/\/wp.plasnor.com\/es\/#website\",\"url\":\"https:\/\/wp.plasnor.com\/es\/\",\"name\":\"Plasnor\",\"description\":\"Especialistas en extrusi\u00f3n y termoconformado\",\"publisher\":{\"@id\":\"https:\/\/wp.plasnor.com\/es\/#organization\"},\"alternateName\":\"Plasnor\",\"potentialAction\":[{\"@type\":\"SearchAction\",\"target\":{\"@type\":\"EntryPoint\",\"urlTemplate\":\"https:\/\/wp.plasnor.com\/es\/?s={search_term_string}\"},\"query-input\":\"required name=search_term_string\"}],\"inLanguage\":\"de-DE\"},{\"@type\":\"Organization\",\"@id\":\"https:\/\/wp.plasnor.com\/es\/#organization\",\"name\":\"Plasnor\",\"alternateName\":\"Plasnor\",\"url\":\"https:\/\/wp.plasnor.com\/es\/\",\"logo\":{\"@type\":\"ImageObject\",\"inLanguage\":\"de-DE\",\"@id\":\"https:\/\/wp.plasnor.com\/es\/#\/schema\/logo\/image\/\",\"url\":\"https:\/\/www.plasnor.com\/wp-content\/uploads\/2023\/04\/logotipo-plasnor.jpg\",\"contentUrl\":\"https:\/\/www.plasnor.com\/wp-content\/uploads\/2023\/04\/logotipo-plasnor.jpg\",\"width\":300,\"height\":91,\"caption\":\"Plasnor\"},\"image\":{\"@id\":\"https:\/\/wp.plasnor.com\/es\/#\/schema\/logo\/image\/\"},\"sameAs\":[\"https:\/\/www.linkedin.com\/company\/plasnor-s.a.\"]}]}<\/script>\n<!-- \/ Yoast SEO plugin. -->","yoast_head_json":{"title":"Anfrage \u2013 Extrusion - Plasnor","robots":{"index":"index","follow":"follow","max-snippet":"max-snippet:-1","max-image-preview":"max-image-preview:large","max-video-preview":"max-video-preview:-1"},"canonical":"https:\/\/wp.plasnor.com\/es\/extrusion\/consulta\/","og_locale":"de_DE","og_type":"article","og_title":"Anfrage \u2013 Extrusion - Plasnor","og_description":"If you want more information about extrusion, or if you want to make an inquiry, fill out the ... [ + info ]","og_url":"https:\/\/wp.plasnor.com\/es\/extrusion\/consulta\/","og_site_name":"Plasnor","article_modified_time":"2023-05-04T06:11:46+00:00","og_image":[{"width":300,"height":91,"url":"https:\/\/wp.plasnor.com\/wp-content\/uploads\/2023\/04\/logotipo-plasnor.jpg","type":"image\/jpeg"}],"twitter_card":"summary_large_image","schema":{"@context":"https:\/\/schema.org","@graph":[{"@type":"WebPage","@id":"https:\/\/wp.plasnor.com\/es\/extrusion\/consulta\/","url":"https:\/\/wp.plasnor.com\/es\/extrusion\/consulta\/","name":"Anfrage \u2013 Extrusion - Plasnor","isPartOf":{"@id":"https:\/\/wp.plasnor.com\/es\/#website"},"datePublished":"2023-04-20T18:31:08+00:00","dateModified":"2023-05-04T06:11:46+00:00","breadcrumb":{"@id":"https:\/\/wp.plasnor.com\/es\/extrusion\/consulta\/#breadcrumb"},"inLanguage":"de-DE","potentialAction":[{"@type":"ReadAction","target":["https:\/\/wp.plasnor.com\/es\/extrusion\/consulta\/"]}]},{"@type":"BreadcrumbList","@id":"https:\/\/wp.plasnor.com\/es\/extrusion\/consulta\/#breadcrumb","itemListElement":[{"@type":"ListItem","position":1,"name":"Home","item":"https:\/\/wp.plasnor.com\/de\/inicio\/"},{"@type":"ListItem","position":2,"name":"Extrusion","item":"https:\/\/wp.plasnor.com\/es\/extrusion\/"},{"@type":"ListItem","position":3,"name":"Anfrage \u2013 Extrusion"}]},{"@type":"WebSite","@id":"https:\/\/wp.plasnor.com\/es\/#website","url":"https:\/\/wp.plasnor.com\/es\/","name":"Plasnor","description":"Especialistas en extrusi\u00f3n y termoconformado","publisher":{"@id":"https:\/\/wp.plasnor.com\/es\/#organization"},"alternateName":"Plasnor","potentialAction":[{"@type":"SearchAction","target":{"@type":"EntryPoint","urlTemplate":"https:\/\/wp.plasnor.com\/es\/?s={search_term_string}"},"query-input":"required name=search_term_string"}],"inLanguage":"de-DE"},{"@type":"Organization","@id":"https:\/\/wp.plasnor.com\/es\/#organization","name":"Plasnor","alternateName":"Plasnor","url":"https:\/\/wp.plasnor.com\/es\/","logo":{"@type":"ImageObject","inLanguage":"de-DE","@id":"https:\/\/wp.plasnor.com\/es\/#\/schema\/logo\/image\/","url":"https:\/\/www.plasnor.com\/wp-content\/uploads\/2023\/04\/logotipo-plasnor.jpg","contentUrl":"https:\/\/www.plasnor.com\/wp-content\/uploads\/2023\/04\/logotipo-plasnor.jpg","width":300,"height":91,"caption":"Plasnor"},"image":{"@id":"https:\/\/wp.plasnor.com\/es\/#\/schema\/logo\/image\/"},"sameAs":["https:\/\/www.linkedin.com\/company\/plasnor-s.a."]}]}},"_links":{"self":[{"href":"https:\/\/wp.plasnor.com\/de\/wp-json\/wp\/v2\/pages\/17077"}],"collection":[{"href":"https:\/\/wp.plasnor.com\/de\/wp-json\/wp\/v2\/pages"}],"about":[{"href":"https:\/\/wp.plasnor.com\/de\/wp-json\/wp\/v2\/types\/page"}],"author":[{"embeddable":true,"href":"https:\/\/wp.plasnor.com\/de\/wp-json\/wp\/v2\/users\/1"}],"replies":[{"embeddable":true,"href":"https:\/\/wp.plasnor.com\/de\/wp-json\/wp\/v2\/comments?post=17077"}],"version-history":[{"count":0,"href":"https:\/\/wp.plasnor.com\/de\/wp-json\/wp\/v2\/pages\/17077\/revisions"}],"up":[{"embeddable":true,"href":"https:\/\/wp.plasnor.com\/de\/wp-json\/wp\/v2\/pages\/17105"}],"wp:attachment":[{"href":"https:\/\/wp.plasnor.com\/de\/wp-json\/wp\/v2\/media?parent=17077"}],"curies":[{"name":"wp","href":"https:\/\/api.w.org\/{rel}","templated":true}]}}