{"id":17055,"date":"2023-04-24T09:44:15","date_gmt":"2023-04-24T07:44:15","guid":{"rendered":"https:\/\/www.plasnor.com\/railway\/"},"modified":"2023-05-04T09:03:09","modified_gmt":"2023-05-04T07:03:09","slug":"eisenbahn","status":"publish","type":"page","link":"https:\/\/wp.plasnor.com\/de\/thermoformen\/sektoren-und-anwendungen\/eisenbahn\/","title":{"rendered":"Eisenbahn"},"content":{"rendered":"<p>Wir verf\u00fcgen \u00fcber Spezialmaterialien f\u00fcr die Bahnindustrie, die den geltenden Brandschutzvorschriften des jeweiligen Landes entsprechen. Es k\u00f6nnen von zu Faserbaugruppen geh\u00f6rige Kleinteile bis zu gr\u00f6\u00dferen Innenteilen gefertigt werden.<\/p>\n<p><img loading=\"lazy\" decoding=\"async\" class=\"alignnone wp-image-14958 size-full\" src=\"https:\/\/www.plasnor.com\/wp-content\/uploads\/2023\/04\/02-plasnor-sector-railway.jpg\" alt=\"\" width=\"449\" height=\"300\" srcset=\"https:\/\/wp.plasnor.com\/wp-content\/uploads\/2023\/04\/02-plasnor-sector-railway.jpg 449w, https:\/\/wp.plasnor.com\/wp-content\/uploads\/2023\/04\/02-plasnor-sector-railway-300x200.jpg 300w\" sizes=\"(max-width: 449px) 100vw, 449px\" \/><\/p>\n","protected":false},"excerpt":{"rendered":"<p>Wir verf\u00fcgen \u00fcber Spezialmaterialien f\u00fcr die Bahnindustrie, die den geltenden Brandschutzvorschriften des jeweiligen Landes entsprechen. Es k\u00f6nnen von &#8230; <a title=\"Eisenbahn\" class=\"read-more\" href=\"https:\/\/wp.plasnor.com\/de\/thermoformen\/sektoren-und-anwendungen\/eisenbahn\/\" aria-label=\"Mehr Informationen \u00fcber Eisenbahn\">[ + info ]<\/a><\/p>\n","protected":false},"author":1,"featured_media":0,"parent":17059,"menu_order":0,"comment_status":"closed","ping_status":"closed","template":"","meta":{"footnotes":""},"categories":[469],"tags":[],"yoast_head":"<!-- This site is optimized with the Yoast SEO plugin v22.4 - https:\/\/yoast.com\/wordpress\/plugins\/seo\/ -->\n<title>Eisenbahn - Plasnor<\/title>\n<meta name=\"robots\" content=\"index, follow, max-snippet:-1, max-image-preview:large, max-video-preview:-1\" \/>\n<link rel=\"canonical\" href=\"https:\/\/wp.plasnor.com\/es\/termoconformado\/sectores-y-aplicaciones\/ferrocarril\/\" \/>\n<meta property=\"og:locale\" content=\"de_DE\" \/>\n<meta property=\"og:type\" content=\"article\" \/>\n<meta property=\"og:title\" content=\"Eisenbahn - Plasnor\" \/>\n<meta property=\"og:description\" content=\"Wir verf\u00fcgen \u00fcber Spezialmaterialien f\u00fcr die Bahnindustrie, die den geltenden Brandschutzvorschriften des jeweiligen Landes entsprechen. Es k\u00f6nnen von ... [ + info ]\" \/>\n<meta property=\"og:url\" content=\"https:\/\/wp.plasnor.com\/es\/termoconformado\/sectores-y-aplicaciones\/ferrocarril\/\" \/>\n<meta property=\"og:site_name\" content=\"Plasnor\" \/>\n<meta property=\"article:modified_time\" content=\"2023-05-04T07:03:09+00:00\" \/>\n<meta property=\"og:image\" content=\"https:\/\/www.plasnor.com\/wp-content\/uploads\/2023\/04\/02-plasnor-sector-railway.jpg\" \/>\n<meta name=\"twitter:card\" content=\"summary_large_image\" \/>\n<script type=\"application\/ld+json\" class=\"yoast-schema-graph\">{\"@context\":\"https:\/\/schema.org\",\"@graph\":[{\"@type\":\"WebPage\",\"@id\":\"https:\/\/wp.plasnor.com\/es\/termoconformado\/sectores-y-aplicaciones\/ferrocarril\/\",\"url\":\"https:\/\/wp.plasnor.com\/es\/termoconformado\/sectores-y-aplicaciones\/ferrocarril\/\",\"name\":\"Eisenbahn - Plasnor\",\"isPartOf\":{\"@id\":\"https:\/\/wp.plasnor.com\/es\/#website\"},\"primaryImageOfPage\":{\"@id\":\"https:\/\/wp.plasnor.com\/es\/termoconformado\/sectores-y-aplicaciones\/ferrocarril\/#primaryimage\"},\"image\":{\"@id\":\"https:\/\/wp.plasnor.com\/es\/termoconformado\/sectores-y-aplicaciones\/ferrocarril\/#primaryimage\"},\"thumbnailUrl\":\"https:\/\/www.plasnor.com\/wp-content\/uploads\/2023\/04\/02-plasnor-sector-railway.jpg\",\"datePublished\":\"2023-04-24T07:44:15+00:00\",\"dateModified\":\"2023-05-04T07:03:09+00:00\",\"breadcrumb\":{\"@id\":\"https:\/\/wp.plasnor.com\/es\/termoconformado\/sectores-y-aplicaciones\/ferrocarril\/#breadcrumb\"},\"inLanguage\":\"de-DE\",\"potentialAction\":[{\"@type\":\"ReadAction\",\"target\":[\"https:\/\/wp.plasnor.com\/es\/termoconformado\/sectores-y-aplicaciones\/ferrocarril\/\"]}]},{\"@type\":\"ImageObject\",\"inLanguage\":\"de-DE\",\"@id\":\"https:\/\/wp.plasnor.com\/es\/termoconformado\/sectores-y-aplicaciones\/ferrocarril\/#primaryimage\",\"url\":\"https:\/\/www.plasnor.com\/wp-content\/uploads\/2023\/04\/02-plasnor-sector-railway.jpg\",\"contentUrl\":\"https:\/\/www.plasnor.com\/wp-content\/uploads\/2023\/04\/02-plasnor-sector-railway.jpg\"},{\"@type\":\"BreadcrumbList\",\"@id\":\"https:\/\/wp.plasnor.com\/es\/termoconformado\/sectores-y-aplicaciones\/ferrocarril\/#breadcrumb\",\"itemListElement\":[{\"@type\":\"ListItem\",\"position\":1,\"name\":\"Home\",\"item\":\"https:\/\/wp.plasnor.com\/de\/inicio\/\"},{\"@type\":\"ListItem\",\"position\":2,\"name\":\"Thermoformen\",\"item\":\"https:\/\/wp.plasnor.com\/es\/termoconformado\/\"},{\"@type\":\"ListItem\",\"position\":3,\"name\":\"Sektoren und Anwendungen\",\"item\":\"https:\/\/wp.plasnor.com\/es\/termoconformado\/sectores-y-aplicaciones\/\"},{\"@type\":\"ListItem\",\"position\":4,\"name\":\"Eisenbahn\"}]},{\"@type\":\"WebSite\",\"@id\":\"https:\/\/wp.plasnor.com\/es\/#website\",\"url\":\"https:\/\/wp.plasnor.com\/es\/\",\"name\":\"Plasnor\",\"description\":\"Especialistas en extrusi\u00f3n y termoconformado\",\"publisher\":{\"@id\":\"https:\/\/wp.plasnor.com\/es\/#organization\"},\"alternateName\":\"Plasnor\",\"potentialAction\":[{\"@type\":\"SearchAction\",\"target\":{\"@type\":\"EntryPoint\",\"urlTemplate\":\"https:\/\/wp.plasnor.com\/es\/?s={search_term_string}\"},\"query-input\":\"required name=search_term_string\"}],\"inLanguage\":\"de-DE\"},{\"@type\":\"Organization\",\"@id\":\"https:\/\/wp.plasnor.com\/es\/#organization\",\"name\":\"Plasnor\",\"alternateName\":\"Plasnor\",\"url\":\"https:\/\/wp.plasnor.com\/es\/\",\"logo\":{\"@type\":\"ImageObject\",\"inLanguage\":\"de-DE\",\"@id\":\"https:\/\/wp.plasnor.com\/es\/#\/schema\/logo\/image\/\",\"url\":\"https:\/\/www.plasnor.com\/wp-content\/uploads\/2023\/04\/logotipo-plasnor.jpg\",\"contentUrl\":\"https:\/\/www.plasnor.com\/wp-content\/uploads\/2023\/04\/logotipo-plasnor.jpg\",\"width\":300,\"height\":91,\"caption\":\"Plasnor\"},\"image\":{\"@id\":\"https:\/\/wp.plasnor.com\/es\/#\/schema\/logo\/image\/\"},\"sameAs\":[\"https:\/\/www.linkedin.com\/company\/plasnor-s.a.\"]}]}<\/script>\n<!-- \/ Yoast SEO plugin. -->","yoast_head_json":{"title":"Eisenbahn - Plasnor","robots":{"index":"index","follow":"follow","max-snippet":"max-snippet:-1","max-image-preview":"max-image-preview:large","max-video-preview":"max-video-preview:-1"},"canonical":"https:\/\/wp.plasnor.com\/es\/termoconformado\/sectores-y-aplicaciones\/ferrocarril\/","og_locale":"de_DE","og_type":"article","og_title":"Eisenbahn - Plasnor","og_description":"Wir verf\u00fcgen \u00fcber Spezialmaterialien f\u00fcr die Bahnindustrie, die den geltenden Brandschutzvorschriften des jeweiligen Landes entsprechen. Es k\u00f6nnen von ... [ + info ]","og_url":"https:\/\/wp.plasnor.com\/es\/termoconformado\/sectores-y-aplicaciones\/ferrocarril\/","og_site_name":"Plasnor","article_modified_time":"2023-05-04T07:03:09+00:00","og_image":[{"url":"https:\/\/www.plasnor.com\/wp-content\/uploads\/2023\/04\/02-plasnor-sector-railway.jpg"}],"twitter_card":"summary_large_image","schema":{"@context":"https:\/\/schema.org","@graph":[{"@type":"WebPage","@id":"https:\/\/wp.plasnor.com\/es\/termoconformado\/sectores-y-aplicaciones\/ferrocarril\/","url":"https:\/\/wp.plasnor.com\/es\/termoconformado\/sectores-y-aplicaciones\/ferrocarril\/","name":"Eisenbahn - Plasnor","isPartOf":{"@id":"https:\/\/wp.plasnor.com\/es\/#website"},"primaryImageOfPage":{"@id":"https:\/\/wp.plasnor.com\/es\/termoconformado\/sectores-y-aplicaciones\/ferrocarril\/#primaryimage"},"image":{"@id":"https:\/\/wp.plasnor.com\/es\/termoconformado\/sectores-y-aplicaciones\/ferrocarril\/#primaryimage"},"thumbnailUrl":"https:\/\/www.plasnor.com\/wp-content\/uploads\/2023\/04\/02-plasnor-sector-railway.jpg","datePublished":"2023-04-24T07:44:15+00:00","dateModified":"2023-05-04T07:03:09+00:00","breadcrumb":{"@id":"https:\/\/wp.plasnor.com\/es\/termoconformado\/sectores-y-aplicaciones\/ferrocarril\/#breadcrumb"},"inLanguage":"de-DE","potentialAction":[{"@type":"ReadAction","target":["https:\/\/wp.plasnor.com\/es\/termoconformado\/sectores-y-aplicaciones\/ferrocarril\/"]}]},{"@type":"ImageObject","inLanguage":"de-DE","@id":"https:\/\/wp.plasnor.com\/es\/termoconformado\/sectores-y-aplicaciones\/ferrocarril\/#primaryimage","url":"https:\/\/www.plasnor.com\/wp-content\/uploads\/2023\/04\/02-plasnor-sector-railway.jpg","contentUrl":"https:\/\/www.plasnor.com\/wp-content\/uploads\/2023\/04\/02-plasnor-sector-railway.jpg"},{"@type":"BreadcrumbList","@id":"https:\/\/wp.plasnor.com\/es\/termoconformado\/sectores-y-aplicaciones\/ferrocarril\/#breadcrumb","itemListElement":[{"@type":"ListItem","position":1,"name":"Home","item":"https:\/\/wp.plasnor.com\/de\/inicio\/"},{"@type":"ListItem","position":2,"name":"Thermoformen","item":"https:\/\/wp.plasnor.com\/es\/termoconformado\/"},{"@type":"ListItem","position":3,"name":"Sektoren und Anwendungen","item":"https:\/\/wp.plasnor.com\/es\/termoconformado\/sectores-y-aplicaciones\/"},{"@type":"ListItem","position":4,"name":"Eisenbahn"}]},{"@type":"WebSite","@id":"https:\/\/wp.plasnor.com\/es\/#website","url":"https:\/\/wp.plasnor.com\/es\/","name":"Plasnor","description":"Especialistas en extrusi\u00f3n y termoconformado","publisher":{"@id":"https:\/\/wp.plasnor.com\/es\/#organization"},"alternateName":"Plasnor","potentialAction":[{"@type":"SearchAction","target":{"@type":"EntryPoint","urlTemplate":"https:\/\/wp.plasnor.com\/es\/?s={search_term_string}"},"query-input":"required name=search_term_string"}],"inLanguage":"de-DE"},{"@type":"Organization","@id":"https:\/\/wp.plasnor.com\/es\/#organization","name":"Plasnor","alternateName":"Plasnor","url":"https:\/\/wp.plasnor.com\/es\/","logo":{"@type":"ImageObject","inLanguage":"de-DE","@id":"https:\/\/wp.plasnor.com\/es\/#\/schema\/logo\/image\/","url":"https:\/\/www.plasnor.com\/wp-content\/uploads\/2023\/04\/logotipo-plasnor.jpg","contentUrl":"https:\/\/www.plasnor.com\/wp-content\/uploads\/2023\/04\/logotipo-plasnor.jpg","width":300,"height":91,"caption":"Plasnor"},"image":{"@id":"https:\/\/wp.plasnor.com\/es\/#\/schema\/logo\/image\/"},"sameAs":["https:\/\/www.linkedin.com\/company\/plasnor-s.a."]}]}},"_links":{"self":[{"href":"https:\/\/wp.plasnor.com\/de\/wp-json\/wp\/v2\/pages\/17055"}],"collection":[{"href":"https:\/\/wp.plasnor.com\/de\/wp-json\/wp\/v2\/pages"}],"about":[{"href":"https:\/\/wp.plasnor.com\/de\/wp-json\/wp\/v2\/types\/page"}],"author":[{"embeddable":true,"href":"https:\/\/wp.plasnor.com\/de\/wp-json\/wp\/v2\/users\/1"}],"replies":[{"embeddable":true,"href":"https:\/\/wp.plasnor.com\/de\/wp-json\/wp\/v2\/comments?post=17055"}],"version-history":[{"count":0,"href":"https:\/\/wp.plasnor.com\/de\/wp-json\/wp\/v2\/pages\/17055\/revisions"}],"up":[{"embeddable":true,"href":"https:\/\/wp.plasnor.com\/de\/wp-json\/wp\/v2\/pages\/17059"}],"wp:attachment":[{"href":"https:\/\/wp.plasnor.com\/de\/wp-json\/wp\/v2\/media?parent=17055"}],"wp:term":[{"taxonomy":"category","embeddable":true,"href":"https:\/\/wp.plasnor.com\/de\/wp-json\/wp\/v2\/categories?post=17055"},{"taxonomy":"post_tag","embeddable":true,"href":"https:\/\/wp.plasnor.com\/de\/wp-json\/wp\/v2\/tags?post=17055"}],"curies":[{"name":"wp","href":"https:\/\/api.w.org\/{rel}","templated":true}]}}