{"id":17031,"date":"2023-04-24T11:29:43","date_gmt":"2023-04-24T09:29:43","guid":{"rendered":"https:\/\/www.plasnor.com\/other\/"},"modified":"2023-05-03T20:36:33","modified_gmt":"2023-05-03T18:36:33","slug":"sonstige","status":"publish","type":"page","link":"https:\/\/wp.plasnor.com\/de\/thermoformen\/produktionsverfahren-und-ergaenzende-dienstleistungen\/sonstige\/","title":{"rendered":"Sonstige, produktionsverfahren und dienstleistungen"},"content":{"rendered":"<h3 class=\"red\">Montage<\/h3>\n<ul>\n<li>Ultraschallschwei\u00dfen<\/li>\n<li>Montage unterschiedlicher Teile: Herstellung von Baugruppen und Unterbaugruppen.<\/li>\n<li>Einbau verschiedenster Eins\u00e4tze (aus Metall, Kunststoff, etc.)<\/li>\n<li>Montage\/Zusammenbaufertige Teile.<\/li>\n<\/ul>\n<p>Wir schaffen Mehrwert f\u00fcr Ihr Produkt. Wir f\u00fchren verschiedenste Montage- und Schwei\u00dfarbeiten durch und \u00fcbergeben unseren Kunden ein montagefertiges Teil.<\/p>\n<h3 class=\"red\">PU-Einspritzung<\/h3>\n<p>Wir erg\u00e4nzen die Thermoformteile mit Montageprozessen und Polyurethan-Einspritzungen (isolierend, integral, flexibel, etc.)<\/p>\n<h3 class=\"red\">Schl\u00fcsselfertige Projekte<\/h3>\n<p>Wir bieten unseren Kunden die M\u00f6glichkeit an, alle eigenen Materialien sowie von Drittanbietern zu bearbeiten, von der Annahme und der Montage bis zur Auslieferung an den Endkunden:<\/p>\n<ul>\n<li>Annahme und Qualit\u00e4tskontrolle der kundeneigenen mechanischen und elektronischen Komponenten.<\/li>\n<li>Herstellung der Kunststoffteile und Durchf\u00fchrung der anschlie\u00dfenden Montage der Komponenten.<\/li>\n<li>Durchf\u00fchrung der Ausgangsqualit\u00e4tskontrolle und Direktversand an den Endkunden.<\/li>\n<\/ul>\n<p><img loading=\"lazy\" decoding=\"async\" class=\"alignnone wp-image-14999\" src=\"https:\/\/www.plasnor.com\/wp-content\/uploads\/2023\/04\/plasnor-montaje.jpg\" alt=\"\" width=\"600\" height=\"400\" srcset=\"https:\/\/wp.plasnor.com\/wp-content\/uploads\/2023\/04\/plasnor-montaje.jpg 1000w, https:\/\/wp.plasnor.com\/wp-content\/uploads\/2023\/04\/plasnor-montaje-300x200.jpg 300w, https:\/\/wp.plasnor.com\/wp-content\/uploads\/2023\/04\/plasnor-montaje-768x512.jpg 768w, https:\/\/wp.plasnor.com\/wp-content\/uploads\/2023\/04\/plasnor-montaje-720x480.jpg 720w\" sizes=\"(max-width: 600px) 100vw, 600px\" \/><\/p>\n","protected":false},"excerpt":{"rendered":"<p>Montage Ultraschallschwei\u00dfen Montage unterschiedlicher Teile: Herstellung von Baugruppen und Unterbaugruppen. Einbau verschiedenster Eins\u00e4tze (aus Metall, Kunststoff, etc.) Montage\/Zusammenbaufertige &#8230; <a title=\"Sonstige, produktionsverfahren und dienstleistungen\" class=\"read-more\" href=\"https:\/\/wp.plasnor.com\/de\/thermoformen\/produktionsverfahren-und-ergaenzende-dienstleistungen\/sonstige\/\" aria-label=\"Mehr Informationen \u00fcber Sonstige, produktionsverfahren und dienstleistungen\">[ + info ]<\/a><\/p>\n","protected":false},"author":1,"featured_media":0,"parent":17043,"menu_order":0,"comment_status":"closed","ping_status":"closed","template":"","meta":{"footnotes":""},"categories":[469],"tags":[],"yoast_head":"<!-- This site is optimized with the Yoast SEO plugin v22.4 - https:\/\/yoast.com\/wordpress\/plugins\/seo\/ -->\n<title>Sonstige, produktionsverfahren und dienstleistungen - Plasnor<\/title>\n<meta name=\"robots\" content=\"index, follow, max-snippet:-1, max-image-preview:large, max-video-preview:-1\" \/>\n<link rel=\"canonical\" href=\"https:\/\/wp.plasnor.com\/es\/termoconformado\/procesos-productivos-y-servicios-complementarios\/otros\/\" \/>\n<meta property=\"og:locale\" content=\"de_DE\" \/>\n<meta property=\"og:type\" content=\"article\" \/>\n<meta property=\"og:title\" content=\"Sonstige, produktionsverfahren und dienstleistungen - Plasnor\" \/>\n<meta property=\"og:description\" content=\"Montage Ultraschallschwei\u00dfen Montage unterschiedlicher Teile: Herstellung von Baugruppen und Unterbaugruppen. Einbau verschiedenster Eins\u00e4tze (aus Metall, Kunststoff, etc.) Montage\/Zusammenbaufertige ... [ + info ]\" \/>\n<meta property=\"og:url\" content=\"https:\/\/wp.plasnor.com\/es\/termoconformado\/procesos-productivos-y-servicios-complementarios\/otros\/\" \/>\n<meta property=\"og:site_name\" content=\"Plasnor\" \/>\n<meta property=\"article:modified_time\" content=\"2023-05-03T18:36:33+00:00\" \/>\n<meta property=\"og:image\" content=\"https:\/\/www.plasnor.com\/wp-content\/uploads\/2023\/04\/plasnor-montaje.jpg\" \/>\n<meta name=\"twitter:card\" content=\"summary_large_image\" \/>\n<script type=\"application\/ld+json\" class=\"yoast-schema-graph\">{\"@context\":\"https:\/\/schema.org\",\"@graph\":[{\"@type\":\"WebPage\",\"@id\":\"https:\/\/wp.plasnor.com\/es\/termoconformado\/procesos-productivos-y-servicios-complementarios\/otros\/\",\"url\":\"https:\/\/wp.plasnor.com\/es\/termoconformado\/procesos-productivos-y-servicios-complementarios\/otros\/\",\"name\":\"Sonstige, produktionsverfahren und dienstleistungen - Plasnor\",\"isPartOf\":{\"@id\":\"https:\/\/wp.plasnor.com\/es\/#website\"},\"primaryImageOfPage\":{\"@id\":\"https:\/\/wp.plasnor.com\/es\/termoconformado\/procesos-productivos-y-servicios-complementarios\/otros\/#primaryimage\"},\"image\":{\"@id\":\"https:\/\/wp.plasnor.com\/es\/termoconformado\/procesos-productivos-y-servicios-complementarios\/otros\/#primaryimage\"},\"thumbnailUrl\":\"https:\/\/www.plasnor.com\/wp-content\/uploads\/2023\/04\/plasnor-montaje.jpg\",\"datePublished\":\"2023-04-24T09:29:43+00:00\",\"dateModified\":\"2023-05-03T18:36:33+00:00\",\"breadcrumb\":{\"@id\":\"https:\/\/wp.plasnor.com\/es\/termoconformado\/procesos-productivos-y-servicios-complementarios\/otros\/#breadcrumb\"},\"inLanguage\":\"de-DE\",\"potentialAction\":[{\"@type\":\"ReadAction\",\"target\":[\"https:\/\/wp.plasnor.com\/es\/termoconformado\/procesos-productivos-y-servicios-complementarios\/otros\/\"]}]},{\"@type\":\"ImageObject\",\"inLanguage\":\"de-DE\",\"@id\":\"https:\/\/wp.plasnor.com\/es\/termoconformado\/procesos-productivos-y-servicios-complementarios\/otros\/#primaryimage\",\"url\":\"https:\/\/www.plasnor.com\/wp-content\/uploads\/2023\/04\/plasnor-montaje.jpg\",\"contentUrl\":\"https:\/\/www.plasnor.com\/wp-content\/uploads\/2023\/04\/plasnor-montaje.jpg\"},{\"@type\":\"BreadcrumbList\",\"@id\":\"https:\/\/wp.plasnor.com\/es\/termoconformado\/procesos-productivos-y-servicios-complementarios\/otros\/#breadcrumb\",\"itemListElement\":[{\"@type\":\"ListItem\",\"position\":1,\"name\":\"Home\",\"item\":\"https:\/\/wp.plasnor.com\/de\/inicio\/\"},{\"@type\":\"ListItem\",\"position\":2,\"name\":\"Thermoformen\",\"item\":\"https:\/\/wp.plasnor.com\/es\/termoconformado\/\"},{\"@type\":\"ListItem\",\"position\":3,\"name\":\"Produktionsverfahren und erg\u00e4nzende Dienstleistungen\",\"item\":\"https:\/\/wp.plasnor.com\/es\/termoconformado\/procesos-productivos-y-servicios-complementarios\/\"},{\"@type\":\"ListItem\",\"position\":4,\"name\":\"Sonstige, produktionsverfahren und dienstleistungen\"}]},{\"@type\":\"WebSite\",\"@id\":\"https:\/\/wp.plasnor.com\/es\/#website\",\"url\":\"https:\/\/wp.plasnor.com\/es\/\",\"name\":\"Plasnor\",\"description\":\"Especialistas en extrusi\u00f3n y termoconformado\",\"publisher\":{\"@id\":\"https:\/\/wp.plasnor.com\/es\/#organization\"},\"alternateName\":\"Plasnor\",\"potentialAction\":[{\"@type\":\"SearchAction\",\"target\":{\"@type\":\"EntryPoint\",\"urlTemplate\":\"https:\/\/wp.plasnor.com\/es\/?s={search_term_string}\"},\"query-input\":\"required name=search_term_string\"}],\"inLanguage\":\"de-DE\"},{\"@type\":\"Organization\",\"@id\":\"https:\/\/wp.plasnor.com\/es\/#organization\",\"name\":\"Plasnor\",\"alternateName\":\"Plasnor\",\"url\":\"https:\/\/wp.plasnor.com\/es\/\",\"logo\":{\"@type\":\"ImageObject\",\"inLanguage\":\"de-DE\",\"@id\":\"https:\/\/wp.plasnor.com\/es\/#\/schema\/logo\/image\/\",\"url\":\"https:\/\/www.plasnor.com\/wp-content\/uploads\/2023\/04\/logotipo-plasnor.jpg\",\"contentUrl\":\"https:\/\/www.plasnor.com\/wp-content\/uploads\/2023\/04\/logotipo-plasnor.jpg\",\"width\":300,\"height\":91,\"caption\":\"Plasnor\"},\"image\":{\"@id\":\"https:\/\/wp.plasnor.com\/es\/#\/schema\/logo\/image\/\"},\"sameAs\":[\"https:\/\/www.linkedin.com\/company\/plasnor-s.a.\"]}]}<\/script>\n<!-- \/ Yoast SEO plugin. -->","yoast_head_json":{"title":"Sonstige, produktionsverfahren und dienstleistungen - Plasnor","robots":{"index":"index","follow":"follow","max-snippet":"max-snippet:-1","max-image-preview":"max-image-preview:large","max-video-preview":"max-video-preview:-1"},"canonical":"https:\/\/wp.plasnor.com\/es\/termoconformado\/procesos-productivos-y-servicios-complementarios\/otros\/","og_locale":"de_DE","og_type":"article","og_title":"Sonstige, produktionsverfahren und dienstleistungen - Plasnor","og_description":"Montage Ultraschallschwei\u00dfen Montage unterschiedlicher Teile: Herstellung von Baugruppen und Unterbaugruppen. Einbau verschiedenster Eins\u00e4tze (aus Metall, Kunststoff, etc.) Montage\/Zusammenbaufertige ... [ + info ]","og_url":"https:\/\/wp.plasnor.com\/es\/termoconformado\/procesos-productivos-y-servicios-complementarios\/otros\/","og_site_name":"Plasnor","article_modified_time":"2023-05-03T18:36:33+00:00","og_image":[{"url":"https:\/\/www.plasnor.com\/wp-content\/uploads\/2023\/04\/plasnor-montaje.jpg"}],"twitter_card":"summary_large_image","schema":{"@context":"https:\/\/schema.org","@graph":[{"@type":"WebPage","@id":"https:\/\/wp.plasnor.com\/es\/termoconformado\/procesos-productivos-y-servicios-complementarios\/otros\/","url":"https:\/\/wp.plasnor.com\/es\/termoconformado\/procesos-productivos-y-servicios-complementarios\/otros\/","name":"Sonstige, produktionsverfahren und dienstleistungen - Plasnor","isPartOf":{"@id":"https:\/\/wp.plasnor.com\/es\/#website"},"primaryImageOfPage":{"@id":"https:\/\/wp.plasnor.com\/es\/termoconformado\/procesos-productivos-y-servicios-complementarios\/otros\/#primaryimage"},"image":{"@id":"https:\/\/wp.plasnor.com\/es\/termoconformado\/procesos-productivos-y-servicios-complementarios\/otros\/#primaryimage"},"thumbnailUrl":"https:\/\/www.plasnor.com\/wp-content\/uploads\/2023\/04\/plasnor-montaje.jpg","datePublished":"2023-04-24T09:29:43+00:00","dateModified":"2023-05-03T18:36:33+00:00","breadcrumb":{"@id":"https:\/\/wp.plasnor.com\/es\/termoconformado\/procesos-productivos-y-servicios-complementarios\/otros\/#breadcrumb"},"inLanguage":"de-DE","potentialAction":[{"@type":"ReadAction","target":["https:\/\/wp.plasnor.com\/es\/termoconformado\/procesos-productivos-y-servicios-complementarios\/otros\/"]}]},{"@type":"ImageObject","inLanguage":"de-DE","@id":"https:\/\/wp.plasnor.com\/es\/termoconformado\/procesos-productivos-y-servicios-complementarios\/otros\/#primaryimage","url":"https:\/\/www.plasnor.com\/wp-content\/uploads\/2023\/04\/plasnor-montaje.jpg","contentUrl":"https:\/\/www.plasnor.com\/wp-content\/uploads\/2023\/04\/plasnor-montaje.jpg"},{"@type":"BreadcrumbList","@id":"https:\/\/wp.plasnor.com\/es\/termoconformado\/procesos-productivos-y-servicios-complementarios\/otros\/#breadcrumb","itemListElement":[{"@type":"ListItem","position":1,"name":"Home","item":"https:\/\/wp.plasnor.com\/de\/inicio\/"},{"@type":"ListItem","position":2,"name":"Thermoformen","item":"https:\/\/wp.plasnor.com\/es\/termoconformado\/"},{"@type":"ListItem","position":3,"name":"Produktionsverfahren und erg\u00e4nzende Dienstleistungen","item":"https:\/\/wp.plasnor.com\/es\/termoconformado\/procesos-productivos-y-servicios-complementarios\/"},{"@type":"ListItem","position":4,"name":"Sonstige, produktionsverfahren und dienstleistungen"}]},{"@type":"WebSite","@id":"https:\/\/wp.plasnor.com\/es\/#website","url":"https:\/\/wp.plasnor.com\/es\/","name":"Plasnor","description":"Especialistas en extrusi\u00f3n y termoconformado","publisher":{"@id":"https:\/\/wp.plasnor.com\/es\/#organization"},"alternateName":"Plasnor","potentialAction":[{"@type":"SearchAction","target":{"@type":"EntryPoint","urlTemplate":"https:\/\/wp.plasnor.com\/es\/?s={search_term_string}"},"query-input":"required name=search_term_string"}],"inLanguage":"de-DE"},{"@type":"Organization","@id":"https:\/\/wp.plasnor.com\/es\/#organization","name":"Plasnor","alternateName":"Plasnor","url":"https:\/\/wp.plasnor.com\/es\/","logo":{"@type":"ImageObject","inLanguage":"de-DE","@id":"https:\/\/wp.plasnor.com\/es\/#\/schema\/logo\/image\/","url":"https:\/\/www.plasnor.com\/wp-content\/uploads\/2023\/04\/logotipo-plasnor.jpg","contentUrl":"https:\/\/www.plasnor.com\/wp-content\/uploads\/2023\/04\/logotipo-plasnor.jpg","width":300,"height":91,"caption":"Plasnor"},"image":{"@id":"https:\/\/wp.plasnor.com\/es\/#\/schema\/logo\/image\/"},"sameAs":["https:\/\/www.linkedin.com\/company\/plasnor-s.a."]}]}},"_links":{"self":[{"href":"https:\/\/wp.plasnor.com\/de\/wp-json\/wp\/v2\/pages\/17031"}],"collection":[{"href":"https:\/\/wp.plasnor.com\/de\/wp-json\/wp\/v2\/pages"}],"about":[{"href":"https:\/\/wp.plasnor.com\/de\/wp-json\/wp\/v2\/types\/page"}],"author":[{"embeddable":true,"href":"https:\/\/wp.plasnor.com\/de\/wp-json\/wp\/v2\/users\/1"}],"replies":[{"embeddable":true,"href":"https:\/\/wp.plasnor.com\/de\/wp-json\/wp\/v2\/comments?post=17031"}],"version-history":[{"count":0,"href":"https:\/\/wp.plasnor.com\/de\/wp-json\/wp\/v2\/pages\/17031\/revisions"}],"up":[{"embeddable":true,"href":"https:\/\/wp.plasnor.com\/de\/wp-json\/wp\/v2\/pages\/17043"}],"wp:attachment":[{"href":"https:\/\/wp.plasnor.com\/de\/wp-json\/wp\/v2\/media?parent=17031"}],"wp:term":[{"taxonomy":"category","embeddable":true,"href":"https:\/\/wp.plasnor.com\/de\/wp-json\/wp\/v2\/categories?post=17031"},{"taxonomy":"post_tag","embeddable":true,"href":"https:\/\/wp.plasnor.com\/de\/wp-json\/wp\/v2\/tags?post=17031"}],"curies":[{"name":"wp","href":"https:\/\/api.w.org\/{rel}","templated":true}]}}