{"id":17025,"date":"2023-04-24T11:45:45","date_gmt":"2023-04-24T09:45:45","guid":{"rendered":"https:\/\/www.plasnor.com\/description-of-the-productive-process\/"},"modified":"2023-05-03T20:53:53","modified_gmt":"2023-05-03T18:53:53","slug":"beschreibung-des-produktionsprozesses","status":"publish","type":"page","link":"https:\/\/wp.plasnor.com\/de\/thermoformen\/beschreibung-des-produktionsprozesses\/","title":{"rendered":"Beschreibung des produktionsprozesses"},"content":{"rendered":"<h1 class=\"red \">TECHNIK DES THERMOFORMENS<\/h1>\n<h3 class=\"red\">BESCHREIBUNG DES PRODUKTIONSPROZESSES<\/h3>\n<h5>Materialien<\/h5>\n<p>Die Mehrzahl der Thermoplaste k\u00f6nnen in Folienform verwendet werden (Platten oder Rolle).<\/p>\n<h5>Werkzeuge (Formen)<\/h5>\n<p>Sie k\u00f6nnen aus den folgenden Materialien bestehen:<\/p>\n<ul>\n<li>Aluminium: unbegrenzte Lebensdauer. F\u00fcr gro\u00dfe Serien. Erlaubt ein gutes Finish der Teile.<\/li>\n<li>Harz: Prototypenphase . Kleine Serien.<\/li>\n<li>Holz: Derzeit praktisch nicht mehr gebr\u00e4uchlich. Muster oder kleine Serien.<\/li>\n<\/ul>\n<p><img loading=\"lazy\" decoding=\"async\" class=\"alignnone wp-image-15017 size-full\" src=\"https:\/\/www.plasnor.com\/wp-content\/uploads\/2023\/04\/tec1.jpg\" alt=\"\" width=\"227\" height=\"159\" \/><\/p>\n<figure><\/figure>\n<h3><\/h3>\n<h5>Thermoformverfahren<\/h5>\n<p>Besteht aus den folgenden Schritten:<\/p>\n<ul>\n<li>Extrusion der Platte<\/li>\n<li>Einsetzen der Platte auf die Form<\/li>\n<li>Erw\u00e4rmung<\/li>\n<li>Formen durch Erzeugen von Vakuum<\/li>\n<\/ul>\n<p><img loading=\"lazy\" decoding=\"async\" class=\"wp-image-15033 size-full alignnone\" src=\"https:\/\/www.plasnor.com\/wp-content\/uploads\/2023\/04\/tec2.jpg\" alt=\"\" width=\"447\" height=\"86\" srcset=\"https:\/\/wp.plasnor.com\/wp-content\/uploads\/2023\/04\/tec2.jpg 447w, https:\/\/wp.plasnor.com\/wp-content\/uploads\/2023\/04\/tec2-300x58.jpg 300w\" sizes=\"(max-width: 447px) 100vw, 447px\" \/><\/p>\n<h3><\/h3>\n<h5>PROZESSPHASEN<\/h5>\n<ul class=\"procesos\">\n<li><strong> Vorbereitung <\/strong>\n<ul>\n<li>Die Form wird in die Thermoformmaschine eingesetzt.<\/li>\n<\/ul>\n<\/li>\n<\/ul>\n<p style=\"padding-left: 80px;\"><img loading=\"lazy\" decoding=\"async\" class=\"wp-image-15037 size-full alignnone\" src=\"https:\/\/www.plasnor.com\/wp-content\/uploads\/2023\/04\/tec3.jpg\" alt=\"\" width=\"165\" height=\"110\" \/><\/p>\n<ul>\n<li><strong>Einsetzen <\/strong>\n<ul>\n<li>Die Kunststoffplatte wird erhitzt, bis sie weich wird.<\/li>\n<\/ul>\n<\/li>\n<\/ul>\n<p style=\"padding-left: 80px;\"><img loading=\"lazy\" decoding=\"async\" class=\"alignnone size-full wp-image-15041\" src=\"https:\/\/www.plasnor.com\/wp-content\/uploads\/2023\/04\/tec4.jpg\" alt=\"\" width=\"165\" height=\"110\" \/><\/p>\n<ul>\n<li><strong>Erw\u00e4rmung <\/strong>\n<ul>\n<li>Die Kunststoffplatte wird erhitzt, bis sie weich wird.<\/li>\n<\/ul>\n<\/li>\n<\/ul>\n<p style=\"padding-left: 80px;\"><img loading=\"lazy\" decoding=\"async\" class=\"alignnone size-full wp-image-15045\" src=\"https:\/\/www.plasnor.com\/wp-content\/uploads\/2023\/04\/tec5.jpg\" alt=\"\" width=\"165\" height=\"110\" \/> <img loading=\"lazy\" decoding=\"async\" class=\"alignnone size-full wp-image-15049\" src=\"https:\/\/www.plasnor.com\/wp-content\/uploads\/2023\/04\/tec6.jpg\" alt=\"\" width=\"165\" height=\"110\" \/><\/p>\n<ul>\n<li><strong>Formen <\/strong>\n<ul>\n<li>Ein Vakuum wird erzeugt, wodurch die gesamte Luft unter der Folie abgezogen wird. Der atmosph\u00e4rische Druck auf den Kunststoff passt ihn in die Form ein.<\/li>\n<\/ul>\n<\/li>\n<\/ul>\n<p style=\"padding-left: 80px;\"><img loading=\"lazy\" decoding=\"async\" class=\"alignnone size-full wp-image-15021\" src=\"https:\/\/www.plasnor.com\/wp-content\/uploads\/2023\/04\/tec7.jpg\" alt=\"\" width=\"165\" height=\"110\" \/><\/p>\n<ul>\n<li><strong>K\u00fchlung <\/strong>\n<ul>\n<li>Der Kunststoff wird durch einen internen K\u00fchlkreislauf der Form und Ventilatoren gek\u00fchlt. Sobald er ausreichend abgek\u00fchlt ist, wird das Vakuum abgeschaltet.<\/li>\n<\/ul>\n<\/li>\n<\/ul>\n<p style=\"padding-left: 80px;\"><img loading=\"lazy\" decoding=\"async\" class=\"alignnone size-full wp-image-15025\" src=\"https:\/\/www.plasnor.com\/wp-content\/uploads\/2023\/04\/tec8.jpg\" alt=\"\" width=\"165\" height=\"110\" \/><\/p>\n<ul>\n<li><strong>Entformen <\/strong>\n<ul>\n<li>Der Kunststoff wird aus der Formmaschine entfernt. Die Platte hat nun die gew\u00fcnschte Form.<\/li>\n<li>\u00dcbersch\u00fcssiger Kunststoff wird entfernt, sodass nur das saubere Teil bleibt.<\/li>\n<\/ul>\n<\/li>\n<\/ul>\n<p style=\"padding-left: 80px;\"><img loading=\"lazy\" decoding=\"async\" class=\"alignnone size-full wp-image-15029\" src=\"https:\/\/www.plasnor.com\/wp-content\/uploads\/2023\/04\/tec9.jpg\" alt=\"\" width=\"166\" height=\"196\" \/><\/p>\n<p>&nbsp;<\/p>\n","protected":false},"excerpt":{"rendered":"<p>TECHNIK DES THERMOFORMENS BESCHREIBUNG DES PRODUKTIONSPROZESSES Materialien Die Mehrzahl der Thermoplaste k\u00f6nnen in Folienform verwendet werden (Platten oder &#8230; <a title=\"Beschreibung des produktionsprozesses\" class=\"read-more\" href=\"https:\/\/wp.plasnor.com\/de\/thermoformen\/beschreibung-des-produktionsprozesses\/\" aria-label=\"Mehr Informationen \u00fcber Beschreibung des produktionsprozesses\">[ + info ]<\/a><\/p>\n","protected":false},"author":1,"featured_media":0,"parent":17101,"menu_order":0,"comment_status":"closed","ping_status":"closed","template":"","meta":{"footnotes":""},"categories":[469],"tags":[],"yoast_head":"<!-- This site is optimized with the Yoast SEO plugin v22.4 - https:\/\/yoast.com\/wordpress\/plugins\/seo\/ -->\n<title>Beschreibung des produktionsprozesses - Plasnor<\/title>\n<meta name=\"robots\" content=\"index, follow, max-snippet:-1, max-image-preview:large, max-video-preview:-1\" \/>\n<link rel=\"canonical\" href=\"https:\/\/wp.plasnor.com\/es\/termoconformado\/descripcion-del-proceso-productivo\/\" \/>\n<meta property=\"og:locale\" content=\"de_DE\" \/>\n<meta property=\"og:type\" content=\"article\" \/>\n<meta property=\"og:title\" content=\"Beschreibung des produktionsprozesses - Plasnor\" \/>\n<meta property=\"og:description\" content=\"TECHNIK DES THERMOFORMENS BESCHREIBUNG DES PRODUKTIONSPROZESSES Materialien Die Mehrzahl der Thermoplaste k\u00f6nnen in Folienform verwendet werden (Platten oder ... [ + info ]\" \/>\n<meta property=\"og:url\" content=\"https:\/\/wp.plasnor.com\/es\/termoconformado\/descripcion-del-proceso-productivo\/\" \/>\n<meta property=\"og:site_name\" content=\"Plasnor\" \/>\n<meta property=\"article:modified_time\" content=\"2023-05-03T18:53:53+00:00\" \/>\n<meta property=\"og:image\" content=\"https:\/\/www.plasnor.com\/wp-content\/uploads\/2023\/04\/tec1.jpg\" \/>\n<meta name=\"twitter:card\" content=\"summary_large_image\" \/>\n<script type=\"application\/ld+json\" class=\"yoast-schema-graph\">{\"@context\":\"https:\/\/schema.org\",\"@graph\":[{\"@type\":\"WebPage\",\"@id\":\"https:\/\/wp.plasnor.com\/es\/termoconformado\/descripcion-del-proceso-productivo\/\",\"url\":\"https:\/\/wp.plasnor.com\/es\/termoconformado\/descripcion-del-proceso-productivo\/\",\"name\":\"Beschreibung des produktionsprozesses - Plasnor\",\"isPartOf\":{\"@id\":\"https:\/\/wp.plasnor.com\/es\/#website\"},\"primaryImageOfPage\":{\"@id\":\"https:\/\/wp.plasnor.com\/es\/termoconformado\/descripcion-del-proceso-productivo\/#primaryimage\"},\"image\":{\"@id\":\"https:\/\/wp.plasnor.com\/es\/termoconformado\/descripcion-del-proceso-productivo\/#primaryimage\"},\"thumbnailUrl\":\"https:\/\/www.plasnor.com\/wp-content\/uploads\/2023\/04\/tec1.jpg\",\"datePublished\":\"2023-04-24T09:45:45+00:00\",\"dateModified\":\"2023-05-03T18:53:53+00:00\",\"breadcrumb\":{\"@id\":\"https:\/\/wp.plasnor.com\/es\/termoconformado\/descripcion-del-proceso-productivo\/#breadcrumb\"},\"inLanguage\":\"de-DE\",\"potentialAction\":[{\"@type\":\"ReadAction\",\"target\":[\"https:\/\/wp.plasnor.com\/es\/termoconformado\/descripcion-del-proceso-productivo\/\"]}]},{\"@type\":\"ImageObject\",\"inLanguage\":\"de-DE\",\"@id\":\"https:\/\/wp.plasnor.com\/es\/termoconformado\/descripcion-del-proceso-productivo\/#primaryimage\",\"url\":\"https:\/\/www.plasnor.com\/wp-content\/uploads\/2023\/04\/tec1.jpg\",\"contentUrl\":\"https:\/\/www.plasnor.com\/wp-content\/uploads\/2023\/04\/tec1.jpg\"},{\"@type\":\"BreadcrumbList\",\"@id\":\"https:\/\/wp.plasnor.com\/es\/termoconformado\/descripcion-del-proceso-productivo\/#breadcrumb\",\"itemListElement\":[{\"@type\":\"ListItem\",\"position\":1,\"name\":\"Home\",\"item\":\"https:\/\/wp.plasnor.com\/de\/inicio\/\"},{\"@type\":\"ListItem\",\"position\":2,\"name\":\"Thermoformen\",\"item\":\"https:\/\/wp.plasnor.com\/es\/termoconformado\/\"},{\"@type\":\"ListItem\",\"position\":3,\"name\":\"Beschreibung des produktionsprozesses\"}]},{\"@type\":\"WebSite\",\"@id\":\"https:\/\/wp.plasnor.com\/es\/#website\",\"url\":\"https:\/\/wp.plasnor.com\/es\/\",\"name\":\"Plasnor\",\"description\":\"Especialistas en extrusi\u00f3n y termoconformado\",\"publisher\":{\"@id\":\"https:\/\/wp.plasnor.com\/es\/#organization\"},\"alternateName\":\"Plasnor\",\"potentialAction\":[{\"@type\":\"SearchAction\",\"target\":{\"@type\":\"EntryPoint\",\"urlTemplate\":\"https:\/\/wp.plasnor.com\/es\/?s={search_term_string}\"},\"query-input\":\"required name=search_term_string\"}],\"inLanguage\":\"de-DE\"},{\"@type\":\"Organization\",\"@id\":\"https:\/\/wp.plasnor.com\/es\/#organization\",\"name\":\"Plasnor\",\"alternateName\":\"Plasnor\",\"url\":\"https:\/\/wp.plasnor.com\/es\/\",\"logo\":{\"@type\":\"ImageObject\",\"inLanguage\":\"de-DE\",\"@id\":\"https:\/\/wp.plasnor.com\/es\/#\/schema\/logo\/image\/\",\"url\":\"https:\/\/www.plasnor.com\/wp-content\/uploads\/2023\/04\/logotipo-plasnor.jpg\",\"contentUrl\":\"https:\/\/www.plasnor.com\/wp-content\/uploads\/2023\/04\/logotipo-plasnor.jpg\",\"width\":300,\"height\":91,\"caption\":\"Plasnor\"},\"image\":{\"@id\":\"https:\/\/wp.plasnor.com\/es\/#\/schema\/logo\/image\/\"},\"sameAs\":[\"https:\/\/www.linkedin.com\/company\/plasnor-s.a.\"]}]}<\/script>\n<!-- \/ Yoast SEO plugin. -->","yoast_head_json":{"title":"Beschreibung des produktionsprozesses - Plasnor","robots":{"index":"index","follow":"follow","max-snippet":"max-snippet:-1","max-image-preview":"max-image-preview:large","max-video-preview":"max-video-preview:-1"},"canonical":"https:\/\/wp.plasnor.com\/es\/termoconformado\/descripcion-del-proceso-productivo\/","og_locale":"de_DE","og_type":"article","og_title":"Beschreibung des produktionsprozesses - Plasnor","og_description":"TECHNIK DES THERMOFORMENS BESCHREIBUNG DES PRODUKTIONSPROZESSES Materialien Die Mehrzahl der Thermoplaste k\u00f6nnen in Folienform verwendet werden (Platten oder ... [ + info ]","og_url":"https:\/\/wp.plasnor.com\/es\/termoconformado\/descripcion-del-proceso-productivo\/","og_site_name":"Plasnor","article_modified_time":"2023-05-03T18:53:53+00:00","og_image":[{"url":"https:\/\/www.plasnor.com\/wp-content\/uploads\/2023\/04\/tec1.jpg"}],"twitter_card":"summary_large_image","schema":{"@context":"https:\/\/schema.org","@graph":[{"@type":"WebPage","@id":"https:\/\/wp.plasnor.com\/es\/termoconformado\/descripcion-del-proceso-productivo\/","url":"https:\/\/wp.plasnor.com\/es\/termoconformado\/descripcion-del-proceso-productivo\/","name":"Beschreibung des produktionsprozesses - Plasnor","isPartOf":{"@id":"https:\/\/wp.plasnor.com\/es\/#website"},"primaryImageOfPage":{"@id":"https:\/\/wp.plasnor.com\/es\/termoconformado\/descripcion-del-proceso-productivo\/#primaryimage"},"image":{"@id":"https:\/\/wp.plasnor.com\/es\/termoconformado\/descripcion-del-proceso-productivo\/#primaryimage"},"thumbnailUrl":"https:\/\/www.plasnor.com\/wp-content\/uploads\/2023\/04\/tec1.jpg","datePublished":"2023-04-24T09:45:45+00:00","dateModified":"2023-05-03T18:53:53+00:00","breadcrumb":{"@id":"https:\/\/wp.plasnor.com\/es\/termoconformado\/descripcion-del-proceso-productivo\/#breadcrumb"},"inLanguage":"de-DE","potentialAction":[{"@type":"ReadAction","target":["https:\/\/wp.plasnor.com\/es\/termoconformado\/descripcion-del-proceso-productivo\/"]}]},{"@type":"ImageObject","inLanguage":"de-DE","@id":"https:\/\/wp.plasnor.com\/es\/termoconformado\/descripcion-del-proceso-productivo\/#primaryimage","url":"https:\/\/www.plasnor.com\/wp-content\/uploads\/2023\/04\/tec1.jpg","contentUrl":"https:\/\/www.plasnor.com\/wp-content\/uploads\/2023\/04\/tec1.jpg"},{"@type":"BreadcrumbList","@id":"https:\/\/wp.plasnor.com\/es\/termoconformado\/descripcion-del-proceso-productivo\/#breadcrumb","itemListElement":[{"@type":"ListItem","position":1,"name":"Home","item":"https:\/\/wp.plasnor.com\/de\/inicio\/"},{"@type":"ListItem","position":2,"name":"Thermoformen","item":"https:\/\/wp.plasnor.com\/es\/termoconformado\/"},{"@type":"ListItem","position":3,"name":"Beschreibung des produktionsprozesses"}]},{"@type":"WebSite","@id":"https:\/\/wp.plasnor.com\/es\/#website","url":"https:\/\/wp.plasnor.com\/es\/","name":"Plasnor","description":"Especialistas en extrusi\u00f3n y termoconformado","publisher":{"@id":"https:\/\/wp.plasnor.com\/es\/#organization"},"alternateName":"Plasnor","potentialAction":[{"@type":"SearchAction","target":{"@type":"EntryPoint","urlTemplate":"https:\/\/wp.plasnor.com\/es\/?s={search_term_string}"},"query-input":"required name=search_term_string"}],"inLanguage":"de-DE"},{"@type":"Organization","@id":"https:\/\/wp.plasnor.com\/es\/#organization","name":"Plasnor","alternateName":"Plasnor","url":"https:\/\/wp.plasnor.com\/es\/","logo":{"@type":"ImageObject","inLanguage":"de-DE","@id":"https:\/\/wp.plasnor.com\/es\/#\/schema\/logo\/image\/","url":"https:\/\/www.plasnor.com\/wp-content\/uploads\/2023\/04\/logotipo-plasnor.jpg","contentUrl":"https:\/\/www.plasnor.com\/wp-content\/uploads\/2023\/04\/logotipo-plasnor.jpg","width":300,"height":91,"caption":"Plasnor"},"image":{"@id":"https:\/\/wp.plasnor.com\/es\/#\/schema\/logo\/image\/"},"sameAs":["https:\/\/www.linkedin.com\/company\/plasnor-s.a."]}]}},"_links":{"self":[{"href":"https:\/\/wp.plasnor.com\/de\/wp-json\/wp\/v2\/pages\/17025"}],"collection":[{"href":"https:\/\/wp.plasnor.com\/de\/wp-json\/wp\/v2\/pages"}],"about":[{"href":"https:\/\/wp.plasnor.com\/de\/wp-json\/wp\/v2\/types\/page"}],"author":[{"embeddable":true,"href":"https:\/\/wp.plasnor.com\/de\/wp-json\/wp\/v2\/users\/1"}],"replies":[{"embeddable":true,"href":"https:\/\/wp.plasnor.com\/de\/wp-json\/wp\/v2\/comments?post=17025"}],"version-history":[{"count":0,"href":"https:\/\/wp.plasnor.com\/de\/wp-json\/wp\/v2\/pages\/17025\/revisions"}],"up":[{"embeddable":true,"href":"https:\/\/wp.plasnor.com\/de\/wp-json\/wp\/v2\/pages\/17101"}],"wp:attachment":[{"href":"https:\/\/wp.plasnor.com\/de\/wp-json\/wp\/v2\/media?parent=17025"}],"wp:term":[{"taxonomy":"category","embeddable":true,"href":"https:\/\/wp.plasnor.com\/de\/wp-json\/wp\/v2\/categories?post=17025"},{"taxonomy":"post_tag","embeddable":true,"href":"https:\/\/wp.plasnor.com\/de\/wp-json\/wp\/v2\/tags?post=17025"}],"curies":[{"name":"wp","href":"https:\/\/api.w.org\/{rel}","templated":true}]}}